{"id":1190,"date":"2026-01-28T20:59:12","date_gmt":"2026-01-28T17:59:12","guid":{"rendered":"https:\/\/22bet.team\/hr\/?page_id=1190"},"modified":"2026-02-25T14:39:03","modified_gmt":"2026-02-25T11:39:03","slug":"boxing","status":"publish","type":"page","link":"https:\/\/22bet.team\/hr\/boxing\/","title":{"rendered":"Boks"},"content":{"rendered":"","protected":false},"excerpt":{"rendered":"","protected":false},"author":1,"featured_media":0,"parent":0,"menu_order":0,"comment_status":"closed","ping_status":"closed","template":"","meta":{"_acf_changed":false,"footnotes":""},"class_list":["post-1190","page","type-page","status-publish","hentry"],"acf":[],"yoast_head":"<!-- This site is optimized with the Yoast SEO plugin v26.1.1 - https:\/\/yoast.com\/wordpress\/plugins\/seo\/ -->\n<title>Kladite se na boksa\u010dke me\u010deve na 22Bet s visokim koeficijentima.<\/title>\n<meta name=\"description\" content=\"Kladite se na boks s 22Betom! Otkrijte visoke kvote, najbolje turnire i jedinstvene bonuse. Pridru\u017eite nam se i po\u010dnite pobje\u0111ivati s okladama na boks!\" \/>\n<meta name=\"robots\" content=\"index, follow, max-snippet:-1, max-image-preview:large, max-video-preview:-1\" \/>\n<link rel=\"canonical\" href=\"https:\/\/22bet.team\/hr\/boxing\/\" \/>\n<meta property=\"og:locale\" content=\"hr_HR\" \/>\n<meta property=\"og:type\" content=\"article\" \/>\n<meta property=\"og:title\" content=\"Kladite se na boksa\u010dke me\u010deve na 22Bet s visokim koeficijentima.\" \/>\n<meta property=\"og:description\" content=\"Kladite se na boks s 22Betom! Otkrijte visoke kvote, najbolje turnire i jedinstvene bonuse. Pridru\u017eite nam se i po\u010dnite pobje\u0111ivati s okladama na boks!\" \/>\n<meta property=\"og:url\" content=\"https:\/\/22bet.team\/hr\/boxing\/\" \/>\n<meta property=\"og:site_name\" content=\"22Bet Team hr\" \/>\n<meta property=\"article:modified_time\" content=\"2026-02-25T11:39:03+00:00\" \/>\n<meta name=\"twitter:card\" content=\"summary_large_image\" \/>\n<script type=\"application\/ld+json\" class=\"yoast-schema-graph\">{\"@context\":\"https:\/\/schema.org\",\"@graph\":[{\"@type\":\"WebPage\",\"@id\":\"https:\/\/22bet.team\/hr\/boxing\/\",\"url\":\"https:\/\/22bet.team\/hr\/boxing\/\",\"name\":\"Kladite se na boksa\u010dke me\u010deve na 22Bet s visokim koeficijentima.\",\"isPartOf\":{\"@id\":\"https:\/\/22bet.team\/hr\/#website\"},\"datePublished\":\"2026-01-28T17:59:12+00:00\",\"dateModified\":\"2026-02-25T11:39:03+00:00\",\"description\":\"Kladite se na boks s 22Betom! Otkrijte visoke kvote, najbolje turnire i jedinstvene bonuse. Pridru\u017eite nam se i po\u010dnite pobje\u0111ivati s okladama na boks!\",\"breadcrumb\":{\"@id\":\"https:\/\/22bet.team\/hr\/boxing\/#breadcrumb\"},\"inLanguage\":\"hr\",\"potentialAction\":[{\"@type\":\"ReadAction\",\"target\":[\"https:\/\/22bet.team\/hr\/boxing\/\"]}]},{\"@type\":\"BreadcrumbList\",\"@id\":\"https:\/\/22bet.team\/hr\/boxing\/#breadcrumb\",\"itemListElement\":[{\"@type\":\"ListItem\",\"position\":1,\"name\":\"Home\",\"item\":\"https:\/\/22bet.team\/hr\/\"},{\"@type\":\"ListItem\",\"position\":2,\"name\":\"Boks\"}]},{\"@type\":\"WebSite\",\"@id\":\"https:\/\/22bet.team\/hr\/#website\",\"url\":\"https:\/\/22bet.team\/hr\/\",\"name\":\"22Bet Team hr\",\"description\":\"\",\"potentialAction\":[{\"@type\":\"SearchAction\",\"target\":{\"@type\":\"EntryPoint\",\"urlTemplate\":\"https:\/\/22bet.team\/hr\/?s={search_term_string}\"},\"query-input\":{\"@type\":\"PropertyValueSpecification\",\"valueRequired\":true,\"valueName\":\"search_term_string\"}}],\"inLanguage\":\"hr\"}]}<\/script>\n<!-- \/ Yoast SEO plugin. -->","yoast_head_json":{"title":"Kladite se na boksa\u010dke me\u010deve na 22Bet s visokim koeficijentima.","description":"Kladite se na boks s 22Betom! Otkrijte visoke kvote, najbolje turnire i jedinstvene bonuse. Pridru\u017eite nam se i po\u010dnite pobje\u0111ivati s okladama na boks!","robots":{"index":"index","follow":"follow","max-snippet":"max-snippet:-1","max-image-preview":"max-image-preview:large","max-video-preview":"max-video-preview:-1"},"canonical":"https:\/\/22bet.team\/hr\/boxing\/","og_locale":"hr_HR","og_type":"article","og_title":"Kladite se na boksa\u010dke me\u010deve na 22Bet s visokim koeficijentima.","og_description":"Kladite se na boks s 22Betom! Otkrijte visoke kvote, najbolje turnire i jedinstvene bonuse. Pridru\u017eite nam se i po\u010dnite pobje\u0111ivati s okladama na boks!","og_url":"https:\/\/22bet.team\/hr\/boxing\/","og_site_name":"22Bet Team hr","article_modified_time":"2026-02-25T11:39:03+00:00","twitter_card":"summary_large_image","schema":{"@context":"https:\/\/schema.org","@graph":[{"@type":"WebPage","@id":"https:\/\/22bet.team\/hr\/boxing\/","url":"https:\/\/22bet.team\/hr\/boxing\/","name":"Kladite se na boksa\u010dke me\u010deve na 22Bet s visokim koeficijentima.","isPartOf":{"@id":"https:\/\/22bet.team\/hr\/#website"},"datePublished":"2026-01-28T17:59:12+00:00","dateModified":"2026-02-25T11:39:03+00:00","description":"Kladite se na boks s 22Betom! Otkrijte visoke kvote, najbolje turnire i jedinstvene bonuse. Pridru\u017eite nam se i po\u010dnite pobje\u0111ivati s okladama na boks!","breadcrumb":{"@id":"https:\/\/22bet.team\/hr\/boxing\/#breadcrumb"},"inLanguage":"hr","potentialAction":[{"@type":"ReadAction","target":["https:\/\/22bet.team\/hr\/boxing\/"]}]},{"@type":"BreadcrumbList","@id":"https:\/\/22bet.team\/hr\/boxing\/#breadcrumb","itemListElement":[{"@type":"ListItem","position":1,"name":"Home","item":"https:\/\/22bet.team\/hr\/"},{"@type":"ListItem","position":2,"name":"Boks"}]},{"@type":"WebSite","@id":"https:\/\/22bet.team\/hr\/#website","url":"https:\/\/22bet.team\/hr\/","name":"22Bet Team hr","description":"","potentialAction":[{"@type":"SearchAction","target":{"@type":"EntryPoint","urlTemplate":"https:\/\/22bet.team\/hr\/?s={search_term_string}"},"query-input":{"@type":"PropertyValueSpecification","valueRequired":true,"valueName":"search_term_string"}}],"inLanguage":"hr"}]}},"_links":{"self":[{"href":"https:\/\/22bet.team\/hr\/wp-json\/wp\/v2\/pages\/1190","targetHints":{"allow":["GET"]}}],"collection":[{"href":"https:\/\/22bet.team\/hr\/wp-json\/wp\/v2\/pages"}],"about":[{"href":"https:\/\/22bet.team\/hr\/wp-json\/wp\/v2\/types\/page"}],"author":[{"embeddable":true,"href":"https:\/\/22bet.team\/hr\/wp-json\/wp\/v2\/users\/1"}],"replies":[{"embeddable":true,"href":"https:\/\/22bet.team\/hr\/wp-json\/wp\/v2\/comments?post=1190"}],"version-history":[{"count":4,"href":"https:\/\/22bet.team\/hr\/wp-json\/wp\/v2\/pages\/1190\/revisions"}],"predecessor-version":[{"id":1236,"href":"https:\/\/22bet.team\/hr\/wp-json\/wp\/v2\/pages\/1190\/revisions\/1236"}],"wp:attachment":[{"href":"https:\/\/22bet.team\/hr\/wp-json\/wp\/v2\/media?parent=1190"}],"curies":[{"name":"wp","href":"https:\/\/api.w.org\/{rel}","templated":true}]}}