{"id":2,"date":"2025-08-22T14:28:47","date_gmt":"2025-08-22T11:28:47","guid":{"rendered":"https:\/\/22bet.team\/hr\/?page_id=2"},"modified":"2026-03-07T20:24:29","modified_gmt":"2026-03-07T17:24:29","slug":"home","status":"publish","type":"page","link":"https:\/\/22bet.team\/hr\/","title":{"rendered":"Po\u010detna"},"content":{"rendered":"","protected":false},"excerpt":{"rendered":"","protected":false},"author":1,"featured_media":1156,"parent":0,"menu_order":0,"comment_status":"closed","ping_status":"closed","template":"","meta":{"_acf_changed":false,"footnotes":""},"class_list":["post-2","page","type-page","status-publish","has-post-thumbnail","hentry"],"acf":[],"yoast_head":"<!-- This site is optimized with the Yoast SEO plugin v26.1.1 - https:\/\/yoast.com\/wordpress\/plugins\/seo\/ -->\n<title>22Bet Kladionica i Kazino | Najbolje sportske kvote, igre i bonusi<\/title>\n<meta name=\"description\" content=\"22Bet - vrhunska online platforma za kla\u0111enje koja nudi \u0161irok raspon sportskih opcija za kla\u0111enje i izvanredno kasino iskustvo. Otkrijte izda\u0161ne bonuse, zna\u010dajke kla\u0111enja u\u017eivo i konkurentne kvote za nove i iskusne igra\u010de.\" \/>\n<meta name=\"robots\" content=\"index, follow, max-snippet:-1, max-image-preview:large, max-video-preview:-1\" \/>\n<link rel=\"canonical\" href=\"http:\/\/22bet.team\/hr\/\" \/>\n<meta property=\"og:locale\" content=\"hr_HR\" \/>\n<meta property=\"og:type\" content=\"article\" \/>\n<meta property=\"og:title\" content=\"22Bet Kladionica i Kazino | Najbolje sportske kvote, igre i bonusi\" \/>\n<meta property=\"og:description\" content=\"22Bet - vrhunska online platforma za kla\u0111enje koja nudi \u0161irok raspon sportskih opcija za kla\u0111enje i izvanredno kasino iskustvo. Otkrijte izda\u0161ne bonuse, zna\u010dajke kla\u0111enja u\u017eivo i konkurentne kvote za nove i iskusne igra\u010de.\" \/>\n<meta property=\"og:url\" content=\"http:\/\/22bet.team\/hr\/\" \/>\n<meta property=\"og:site_name\" content=\"22Bet Team hr\" \/>\n<meta property=\"article:modified_time\" content=\"2026-03-07T17:24:29+00:00\" \/>\n<meta property=\"og:image\" content=\"http:\/\/22bet.team\/hr\/wp-content\/uploads\/sites\/29\/22bet-team-001-1-1.webp\" \/>\n\t<meta property=\"og:image:width\" content=\"600\" \/>\n\t<meta property=\"og:image:height\" content=\"420\" \/>\n\t<meta property=\"og:image:type\" content=\"image\/webp\" \/>\n<meta name=\"twitter:card\" content=\"summary_large_image\" \/>\n<meta name=\"twitter:label1\" content=\"Procijenjeno vrijeme \u010ditanja\" \/>\n\t<meta name=\"twitter:data1\" content=\"1 minuta\" \/>\n<script type=\"application\/ld+json\" class=\"yoast-schema-graph\">{\"@context\":\"https:\/\/schema.org\",\"@graph\":[{\"@type\":\"WebPage\",\"@id\":\"http:\/\/22bet.team\/hr\/\",\"url\":\"http:\/\/22bet.team\/hr\/\",\"name\":\"22Bet Kladionica i Kazino | Najbolje sportske kvote, igre i bonusi\",\"isPartOf\":{\"@id\":\"http:\/\/22bet.team\/hr\/#website\"},\"primaryImageOfPage\":{\"@id\":\"http:\/\/22bet.team\/hr\/#primaryimage\"},\"image\":{\"@id\":\"http:\/\/22bet.team\/hr\/#primaryimage\"},\"thumbnailUrl\":\"https:\/\/22bet.team\/hr\/wp-content\/uploads\/sites\/29\/22bet-team-001-1-1.webp\",\"datePublished\":\"2025-08-22T11:28:47+00:00\",\"dateModified\":\"2026-03-07T17:24:29+00:00\",\"description\":\"22Bet - vrhunska online platforma za kla\u0111enje koja nudi \u0161irok raspon sportskih opcija za kla\u0111enje i izvanredno kasino iskustvo. Otkrijte izda\u0161ne bonuse, zna\u010dajke kla\u0111enja u\u017eivo i konkurentne kvote za nove i iskusne igra\u010de.\",\"breadcrumb\":{\"@id\":\"http:\/\/22bet.team\/hr\/#breadcrumb\"},\"inLanguage\":\"hr\",\"potentialAction\":[{\"@type\":\"ReadAction\",\"target\":[\"http:\/\/22bet.team\/hr\/\"]}]},{\"@type\":\"ImageObject\",\"inLanguage\":\"hr\",\"@id\":\"http:\/\/22bet.team\/hr\/#primaryimage\",\"url\":\"https:\/\/22bet.team\/hr\/wp-content\/uploads\/sites\/29\/22bet-team-001-1-1.webp\",\"contentUrl\":\"https:\/\/22bet.team\/hr\/wp-content\/uploads\/sites\/29\/22bet-team-001-1-1.webp\",\"width\":600,\"height\":420},{\"@type\":\"BreadcrumbList\",\"@id\":\"http:\/\/22bet.team\/hr\/#breadcrumb\",\"itemListElement\":[{\"@type\":\"ListItem\",\"position\":1,\"name\":\"Home\",\"item\":\"http:\/\/22bet.team\/hr\/\"},{\"@type\":\"ListItem\",\"position\":2,\"name\":\"Po\u010detna\"}]},{\"@type\":\"WebSite\",\"@id\":\"http:\/\/22bet.team\/hr\/#website\",\"url\":\"http:\/\/22bet.team\/hr\/\",\"name\":\"22Bet Team hr\",\"description\":\"\",\"potentialAction\":[{\"@type\":\"SearchAction\",\"target\":{\"@type\":\"EntryPoint\",\"urlTemplate\":\"http:\/\/22bet.team\/hr\/?s={search_term_string}\"},\"query-input\":{\"@type\":\"PropertyValueSpecification\",\"valueRequired\":true,\"valueName\":\"search_term_string\"}}],\"inLanguage\":\"hr\"}]}<\/script>\n<!-- \/ Yoast SEO plugin. -->","yoast_head_json":{"title":"22Bet Kladionica i Kazino | Najbolje sportske kvote, igre i bonusi","description":"22Bet - vrhunska online platforma za kla\u0111enje koja nudi \u0161irok raspon sportskih opcija za kla\u0111enje i izvanredno kasino iskustvo. Otkrijte izda\u0161ne bonuse, zna\u010dajke kla\u0111enja u\u017eivo i konkurentne kvote za nove i iskusne igra\u010de.","robots":{"index":"index","follow":"follow","max-snippet":"max-snippet:-1","max-image-preview":"max-image-preview:large","max-video-preview":"max-video-preview:-1"},"canonical":"http:\/\/22bet.team\/hr\/","og_locale":"hr_HR","og_type":"article","og_title":"22Bet Kladionica i Kazino | Najbolje sportske kvote, igre i bonusi","og_description":"22Bet - vrhunska online platforma za kla\u0111enje koja nudi \u0161irok raspon sportskih opcija za kla\u0111enje i izvanredno kasino iskustvo. Otkrijte izda\u0161ne bonuse, zna\u010dajke kla\u0111enja u\u017eivo i konkurentne kvote za nove i iskusne igra\u010de.","og_url":"http:\/\/22bet.team\/hr\/","og_site_name":"22Bet Team hr","article_modified_time":"2026-03-07T17:24:29+00:00","og_image":[{"width":600,"height":420,"url":"http:\/\/22bet.team\/hr\/wp-content\/uploads\/sites\/29\/22bet-team-001-1-1.webp","type":"image\/webp"}],"twitter_card":"summary_large_image","twitter_misc":{"Procijenjeno vrijeme \u010ditanja":"1 minuta"},"schema":{"@context":"https:\/\/schema.org","@graph":[{"@type":"WebPage","@id":"http:\/\/22bet.team\/hr\/","url":"http:\/\/22bet.team\/hr\/","name":"22Bet Kladionica i Kazino | Najbolje sportske kvote, igre i bonusi","isPartOf":{"@id":"http:\/\/22bet.team\/hr\/#website"},"primaryImageOfPage":{"@id":"http:\/\/22bet.team\/hr\/#primaryimage"},"image":{"@id":"http:\/\/22bet.team\/hr\/#primaryimage"},"thumbnailUrl":"https:\/\/22bet.team\/hr\/wp-content\/uploads\/sites\/29\/22bet-team-001-1-1.webp","datePublished":"2025-08-22T11:28:47+00:00","dateModified":"2026-03-07T17:24:29+00:00","description":"22Bet - vrhunska online platforma za kla\u0111enje koja nudi \u0161irok raspon sportskih opcija za kla\u0111enje i izvanredno kasino iskustvo. Otkrijte izda\u0161ne bonuse, zna\u010dajke kla\u0111enja u\u017eivo i konkurentne kvote za nove i iskusne igra\u010de.","breadcrumb":{"@id":"http:\/\/22bet.team\/hr\/#breadcrumb"},"inLanguage":"hr","potentialAction":[{"@type":"ReadAction","target":["http:\/\/22bet.team\/hr\/"]}]},{"@type":"ImageObject","inLanguage":"hr","@id":"http:\/\/22bet.team\/hr\/#primaryimage","url":"https:\/\/22bet.team\/hr\/wp-content\/uploads\/sites\/29\/22bet-team-001-1-1.webp","contentUrl":"https:\/\/22bet.team\/hr\/wp-content\/uploads\/sites\/29\/22bet-team-001-1-1.webp","width":600,"height":420},{"@type":"BreadcrumbList","@id":"http:\/\/22bet.team\/hr\/#breadcrumb","itemListElement":[{"@type":"ListItem","position":1,"name":"Home","item":"http:\/\/22bet.team\/hr\/"},{"@type":"ListItem","position":2,"name":"Po\u010detna"}]},{"@type":"WebSite","@id":"http:\/\/22bet.team\/hr\/#website","url":"http:\/\/22bet.team\/hr\/","name":"22Bet Team hr","description":"","potentialAction":[{"@type":"SearchAction","target":{"@type":"EntryPoint","urlTemplate":"http:\/\/22bet.team\/hr\/?s={search_term_string}"},"query-input":{"@type":"PropertyValueSpecification","valueRequired":true,"valueName":"search_term_string"}}],"inLanguage":"hr"}]}},"_links":{"self":[{"href":"https:\/\/22bet.team\/hr\/wp-json\/wp\/v2\/pages\/2","targetHints":{"allow":["GET"]}}],"collection":[{"href":"https:\/\/22bet.team\/hr\/wp-json\/wp\/v2\/pages"}],"about":[{"href":"https:\/\/22bet.team\/hr\/wp-json\/wp\/v2\/types\/page"}],"author":[{"embeddable":true,"href":"https:\/\/22bet.team\/hr\/wp-json\/wp\/v2\/users\/1"}],"replies":[{"embeddable":true,"href":"https:\/\/22bet.team\/hr\/wp-json\/wp\/v2\/comments?post=2"}],"version-history":[{"count":5,"href":"https:\/\/22bet.team\/hr\/wp-json\/wp\/v2\/pages\/2\/revisions"}],"predecessor-version":[{"id":1259,"href":"https:\/\/22bet.team\/hr\/wp-json\/wp\/v2\/pages\/2\/revisions\/1259"}],"wp:featuredmedia":[{"embeddable":true,"href":"https:\/\/22bet.team\/hr\/wp-json\/wp\/v2\/media\/1156"}],"wp:attachment":[{"href":"https:\/\/22bet.team\/hr\/wp-json\/wp\/v2\/media?parent=2"}],"curies":[{"name":"wp","href":"https:\/\/api.w.org\/{rel}","templated":true}]}}