{"id":987,"date":"2025-11-20T10:37:40","date_gmt":"2025-11-20T07:37:40","guid":{"rendered":"https:\/\/22bet.team\/hr\/?page_id=987"},"modified":"2026-02-25T15:25:57","modified_gmt":"2026-02-25T12:25:57","slug":"casino","status":"publish","type":"page","link":"https:\/\/22bet.team\/hr\/casino\/","title":{"rendered":"Kazino"},"content":{"rendered":"","protected":false},"excerpt":{"rendered":"","protected":false},"author":1,"featured_media":0,"parent":0,"menu_order":0,"comment_status":"closed","ping_status":"closed","template":"","meta":{"_acf_changed":false,"footnotes":""},"class_list":["post-987","page","type-page","status-publish","hentry"],"acf":[],"yoast_head":"<!-- This site is optimized with the Yoast SEO plugin v26.1.1 - https:\/\/yoast.com\/wordpress\/plugins\/seo\/ -->\n<title>22Bet Casino \u2705 Najbolje igre, bonusi, igre u\u017eivo<\/title>\n<meta name=\"description\" content=\"Uronite u svijet kockanja s 22Bet Casinom! U\u017eivajte u uzbudljivim slotovima, veli\u010danstvenim igrama u\u017eivo i velikodu\u0161nim bonusima do 1.500 eura. Pridru\u017eite se 22Betu i u\u017eivajte u neusporedivom iskustvu igranja u sigurnom i licenciranom okru\u017eenju.\" \/>\n<meta name=\"robots\" content=\"index, follow, max-snippet:-1, max-image-preview:large, max-video-preview:-1\" \/>\n<link rel=\"canonical\" href=\"https:\/\/22bet.team\/hr\/casino\/\" \/>\n<meta property=\"og:locale\" content=\"hr_HR\" \/>\n<meta property=\"og:type\" content=\"article\" \/>\n<meta property=\"og:title\" content=\"22Bet Casino \u2705 Najbolje igre, bonusi, igre u\u017eivo\" \/>\n<meta property=\"og:description\" content=\"Uronite u svijet kockanja s 22Bet Casinom! U\u017eivajte u uzbudljivim slotovima, veli\u010danstvenim igrama u\u017eivo i velikodu\u0161nim bonusima do 1.500 eura. Pridru\u017eite se 22Betu i u\u017eivajte u neusporedivom iskustvu igranja u sigurnom i licenciranom okru\u017eenju.\" \/>\n<meta property=\"og:url\" content=\"https:\/\/22bet.team\/hr\/casino\/\" \/>\n<meta property=\"og:site_name\" content=\"22Bet Team hr\" \/>\n<meta property=\"article:modified_time\" content=\"2026-02-25T12:25:57+00:00\" \/>\n<meta name=\"twitter:card\" content=\"summary_large_image\" \/>\n<script type=\"application\/ld+json\" class=\"yoast-schema-graph\">{\"@context\":\"https:\/\/schema.org\",\"@graph\":[{\"@type\":\"WebPage\",\"@id\":\"https:\/\/22bet.team\/hr\/casino\/\",\"url\":\"https:\/\/22bet.team\/hr\/casino\/\",\"name\":\"22Bet Casino \u2705 Najbolje igre, bonusi, igre u\u017eivo\",\"isPartOf\":{\"@id\":\"http:\/\/22bet.team\/hr\/#website\"},\"datePublished\":\"2025-11-20T07:37:40+00:00\",\"dateModified\":\"2026-02-25T12:25:57+00:00\",\"description\":\"Uronite u svijet kockanja s 22Bet Casinom! U\u017eivajte u uzbudljivim slotovima, veli\u010danstvenim igrama u\u017eivo i velikodu\u0161nim bonusima do 1.500 eura. Pridru\u017eite se 22Betu i u\u017eivajte u neusporedivom iskustvu igranja u sigurnom i licenciranom okru\u017eenju.\",\"breadcrumb\":{\"@id\":\"https:\/\/22bet.team\/hr\/casino\/#breadcrumb\"},\"inLanguage\":\"hr\",\"potentialAction\":[{\"@type\":\"ReadAction\",\"target\":[\"https:\/\/22bet.team\/hr\/casino\/\"]}]},{\"@type\":\"BreadcrumbList\",\"@id\":\"https:\/\/22bet.team\/hr\/casino\/#breadcrumb\",\"itemListElement\":[{\"@type\":\"ListItem\",\"position\":1,\"name\":\"Home\",\"item\":\"http:\/\/22bet.team\/hr\/\"},{\"@type\":\"ListItem\",\"position\":2,\"name\":\"Kazino\"}]},{\"@type\":\"WebSite\",\"@id\":\"http:\/\/22bet.team\/hr\/#website\",\"url\":\"http:\/\/22bet.team\/hr\/\",\"name\":\"22Bet Team hr\",\"description\":\"\",\"potentialAction\":[{\"@type\":\"SearchAction\",\"target\":{\"@type\":\"EntryPoint\",\"urlTemplate\":\"http:\/\/22bet.team\/hr\/?s={search_term_string}\"},\"query-input\":{\"@type\":\"PropertyValueSpecification\",\"valueRequired\":true,\"valueName\":\"search_term_string\"}}],\"inLanguage\":\"hr\"}]}<\/script>\n<!-- \/ Yoast SEO plugin. -->","yoast_head_json":{"title":"22Bet Casino \u2705 Najbolje igre, bonusi, igre u\u017eivo","description":"Uronite u svijet kockanja s 22Bet Casinom! U\u017eivajte u uzbudljivim slotovima, veli\u010danstvenim igrama u\u017eivo i velikodu\u0161nim bonusima do 1.500 eura. Pridru\u017eite se 22Betu i u\u017eivajte u neusporedivom iskustvu igranja u sigurnom i licenciranom okru\u017eenju.","robots":{"index":"index","follow":"follow","max-snippet":"max-snippet:-1","max-image-preview":"max-image-preview:large","max-video-preview":"max-video-preview:-1"},"canonical":"https:\/\/22bet.team\/hr\/casino\/","og_locale":"hr_HR","og_type":"article","og_title":"22Bet Casino \u2705 Najbolje igre, bonusi, igre u\u017eivo","og_description":"Uronite u svijet kockanja s 22Bet Casinom! U\u017eivajte u uzbudljivim slotovima, veli\u010danstvenim igrama u\u017eivo i velikodu\u0161nim bonusima do 1.500 eura. Pridru\u017eite se 22Betu i u\u017eivajte u neusporedivom iskustvu igranja u sigurnom i licenciranom okru\u017eenju.","og_url":"https:\/\/22bet.team\/hr\/casino\/","og_site_name":"22Bet Team hr","article_modified_time":"2026-02-25T12:25:57+00:00","twitter_card":"summary_large_image","schema":{"@context":"https:\/\/schema.org","@graph":[{"@type":"WebPage","@id":"https:\/\/22bet.team\/hr\/casino\/","url":"https:\/\/22bet.team\/hr\/casino\/","name":"22Bet Casino \u2705 Najbolje igre, bonusi, igre u\u017eivo","isPartOf":{"@id":"http:\/\/22bet.team\/hr\/#website"},"datePublished":"2025-11-20T07:37:40+00:00","dateModified":"2026-02-25T12:25:57+00:00","description":"Uronite u svijet kockanja s 22Bet Casinom! U\u017eivajte u uzbudljivim slotovima, veli\u010danstvenim igrama u\u017eivo i velikodu\u0161nim bonusima do 1.500 eura. Pridru\u017eite se 22Betu i u\u017eivajte u neusporedivom iskustvu igranja u sigurnom i licenciranom okru\u017eenju.","breadcrumb":{"@id":"https:\/\/22bet.team\/hr\/casino\/#breadcrumb"},"inLanguage":"hr","potentialAction":[{"@type":"ReadAction","target":["https:\/\/22bet.team\/hr\/casino\/"]}]},{"@type":"BreadcrumbList","@id":"https:\/\/22bet.team\/hr\/casino\/#breadcrumb","itemListElement":[{"@type":"ListItem","position":1,"name":"Home","item":"http:\/\/22bet.team\/hr\/"},{"@type":"ListItem","position":2,"name":"Kazino"}]},{"@type":"WebSite","@id":"http:\/\/22bet.team\/hr\/#website","url":"http:\/\/22bet.team\/hr\/","name":"22Bet Team hr","description":"","potentialAction":[{"@type":"SearchAction","target":{"@type":"EntryPoint","urlTemplate":"http:\/\/22bet.team\/hr\/?s={search_term_string}"},"query-input":{"@type":"PropertyValueSpecification","valueRequired":true,"valueName":"search_term_string"}}],"inLanguage":"hr"}]}},"_links":{"self":[{"href":"https:\/\/22bet.team\/hr\/wp-json\/wp\/v2\/pages\/987","targetHints":{"allow":["GET"]}}],"collection":[{"href":"https:\/\/22bet.team\/hr\/wp-json\/wp\/v2\/pages"}],"about":[{"href":"https:\/\/22bet.team\/hr\/wp-json\/wp\/v2\/types\/page"}],"author":[{"embeddable":true,"href":"https:\/\/22bet.team\/hr\/wp-json\/wp\/v2\/users\/1"}],"replies":[{"embeddable":true,"href":"https:\/\/22bet.team\/hr\/wp-json\/wp\/v2\/comments?post=987"}],"version-history":[{"count":5,"href":"https:\/\/22bet.team\/hr\/wp-json\/wp\/v2\/pages\/987\/revisions"}],"predecessor-version":[{"id":1239,"href":"https:\/\/22bet.team\/hr\/wp-json\/wp\/v2\/pages\/987\/revisions\/1239"}],"wp:attachment":[{"href":"https:\/\/22bet.team\/hr\/wp-json\/wp\/v2\/media?parent=987"}],"curies":[{"name":"wp","href":"https:\/\/api.w.org\/{rel}","templated":true}]}}