{"id":1021,"date":"2025-11-24T16:18:29","date_gmt":"2025-11-24T13:18:29","guid":{"rendered":"https:\/\/22bet.team\/hu\/?page_id=1021"},"modified":"2025-12-22T20:39:16","modified_gmt":"2025-12-22T17:39:16","slug":"bonus","status":"publish","type":"page","link":"https:\/\/22bet.team\/hu\/bonus\/","title":{"rendered":"B\u00f3nusz"},"content":{"rendered":"","protected":false},"excerpt":{"rendered":"","protected":false},"author":1,"featured_media":0,"parent":0,"menu_order":0,"comment_status":"closed","ping_status":"closed","template":"","meta":{"_acf_changed":false,"footnotes":""},"class_list":["post-1021","page","type-page","status-publish","hentry"],"acf":[],"yoast_head":"<!-- This site is optimized with the Yoast SEO plugin v26.1.1 - https:\/\/yoast.com\/wordpress\/plugins\/seo\/ -->\n<title>22Bet b\u00f3nuszok \ud83c\udf81 49 100 HUF \u00fcdv\u00f6zl\u0151 aj\u00e1nlatok<\/title>\n<meta name=\"description\" content=\"22Bet b\u00f3nuszok \u2014 \u00fcdv\u00f6zl\u0151 b\u00f3nusz ak\u00e1r 49 100 HUF sportfogad\u00e1shoz \u00e9s ak\u00e1r 121 200 HUF a kaszin\u00f3hoz, p\u00e9nteki reload, cashback, b\u00f3nusz sikertelen fogad\u00e1ssorozatok eset\u00e9n \u00e9s m\u00e9g sok m\u00e1s. Elemezz\u00fck a szab\u00e1lyokat, a megforgat\u00e1si k\u00f6vetelm\u00e9nyeket \u00e9s a felt\u00e9teleket.\" \/>\n<meta name=\"robots\" content=\"index, follow, max-snippet:-1, max-image-preview:large, max-video-preview:-1\" \/>\n<link rel=\"canonical\" href=\"https:\/\/22bet.team\/hu\/bonus\/\" \/>\n<meta property=\"og:locale\" content=\"hu_HU\" \/>\n<meta property=\"og:type\" content=\"article\" \/>\n<meta property=\"og:title\" content=\"22Bet b\u00f3nuszok \ud83c\udf81 49 100 HUF \u00fcdv\u00f6zl\u0151 aj\u00e1nlatok\" \/>\n<meta property=\"og:description\" content=\"22Bet b\u00f3nuszok \u2014 \u00fcdv\u00f6zl\u0151 b\u00f3nusz ak\u00e1r 49 100 HUF sportfogad\u00e1shoz \u00e9s ak\u00e1r 121 200 HUF a kaszin\u00f3hoz, p\u00e9nteki reload, cashback, b\u00f3nusz sikertelen fogad\u00e1ssorozatok eset\u00e9n \u00e9s m\u00e9g sok m\u00e1s. Elemezz\u00fck a szab\u00e1lyokat, a megforgat\u00e1si k\u00f6vetelm\u00e9nyeket \u00e9s a felt\u00e9teleket.\" \/>\n<meta property=\"og:url\" content=\"https:\/\/22bet.team\/hu\/bonus\/\" \/>\n<meta property=\"og:site_name\" content=\"22bet Team HU\" \/>\n<meta property=\"article:modified_time\" content=\"2025-12-22T17:39:16+00:00\" \/>\n<meta name=\"twitter:card\" content=\"summary_large_image\" \/>\n<script type=\"application\/ld+json\" class=\"yoast-schema-graph\">{\"@context\":\"https:\/\/schema.org\",\"@graph\":[{\"@type\":\"WebPage\",\"@id\":\"https:\/\/22bet.team\/hu\/bonus\/\",\"url\":\"https:\/\/22bet.team\/hu\/bonus\/\",\"name\":\"22Bet b\u00f3nuszok \ud83c\udf81 49 100 HUF \u00fcdv\u00f6zl\u0151 aj\u00e1nlatok\",\"isPartOf\":{\"@id\":\"https:\/\/22bet.team\/hu\/#website\"},\"datePublished\":\"2025-11-24T13:18:29+00:00\",\"dateModified\":\"2025-12-22T17:39:16+00:00\",\"description\":\"22Bet b\u00f3nuszok \u2014 \u00fcdv\u00f6zl\u0151 b\u00f3nusz ak\u00e1r 49 100 HUF sportfogad\u00e1shoz \u00e9s ak\u00e1r 121 200 HUF a kaszin\u00f3hoz, p\u00e9nteki reload, cashback, b\u00f3nusz sikertelen fogad\u00e1ssorozatok eset\u00e9n \u00e9s m\u00e9g sok m\u00e1s. Elemezz\u00fck a szab\u00e1lyokat, a megforgat\u00e1si k\u00f6vetelm\u00e9nyeket \u00e9s a felt\u00e9teleket.\",\"breadcrumb\":{\"@id\":\"https:\/\/22bet.team\/hu\/bonus\/#breadcrumb\"},\"inLanguage\":\"hu\",\"potentialAction\":[{\"@type\":\"ReadAction\",\"target\":[\"https:\/\/22bet.team\/hu\/bonus\/\"]}]},{\"@type\":\"BreadcrumbList\",\"@id\":\"https:\/\/22bet.team\/hu\/bonus\/#breadcrumb\",\"itemListElement\":[{\"@type\":\"ListItem\",\"position\":1,\"name\":\"Home\",\"item\":\"https:\/\/22bet.team\/hu\/\"},{\"@type\":\"ListItem\",\"position\":2,\"name\":\"B\u00f3nusz\"}]},{\"@type\":\"WebSite\",\"@id\":\"https:\/\/22bet.team\/hu\/#website\",\"url\":\"https:\/\/22bet.team\/hu\/\",\"name\":\"22bet Team HU\",\"description\":\"\",\"potentialAction\":[{\"@type\":\"SearchAction\",\"target\":{\"@type\":\"EntryPoint\",\"urlTemplate\":\"https:\/\/22bet.team\/hu\/?s={search_term_string}\"},\"query-input\":{\"@type\":\"PropertyValueSpecification\",\"valueRequired\":true,\"valueName\":\"search_term_string\"}}],\"inLanguage\":\"hu\"}]}<\/script>\n<!-- \/ Yoast SEO plugin. -->","yoast_head_json":{"title":"22Bet b\u00f3nuszok \ud83c\udf81 49 100 HUF \u00fcdv\u00f6zl\u0151 aj\u00e1nlatok","description":"22Bet b\u00f3nuszok \u2014 \u00fcdv\u00f6zl\u0151 b\u00f3nusz ak\u00e1r 49 100 HUF sportfogad\u00e1shoz \u00e9s ak\u00e1r 121 200 HUF a kaszin\u00f3hoz, p\u00e9nteki reload, cashback, b\u00f3nusz sikertelen fogad\u00e1ssorozatok eset\u00e9n \u00e9s m\u00e9g sok m\u00e1s. Elemezz\u00fck a szab\u00e1lyokat, a megforgat\u00e1si k\u00f6vetelm\u00e9nyeket \u00e9s a felt\u00e9teleket.","robots":{"index":"index","follow":"follow","max-snippet":"max-snippet:-1","max-image-preview":"max-image-preview:large","max-video-preview":"max-video-preview:-1"},"canonical":"https:\/\/22bet.team\/hu\/bonus\/","og_locale":"hu_HU","og_type":"article","og_title":"22Bet b\u00f3nuszok \ud83c\udf81 49 100 HUF \u00fcdv\u00f6zl\u0151 aj\u00e1nlatok","og_description":"22Bet b\u00f3nuszok \u2014 \u00fcdv\u00f6zl\u0151 b\u00f3nusz ak\u00e1r 49 100 HUF sportfogad\u00e1shoz \u00e9s ak\u00e1r 121 200 HUF a kaszin\u00f3hoz, p\u00e9nteki reload, cashback, b\u00f3nusz sikertelen fogad\u00e1ssorozatok eset\u00e9n \u00e9s m\u00e9g sok m\u00e1s. Elemezz\u00fck a szab\u00e1lyokat, a megforgat\u00e1si k\u00f6vetelm\u00e9nyeket \u00e9s a felt\u00e9teleket.","og_url":"https:\/\/22bet.team\/hu\/bonus\/","og_site_name":"22bet Team HU","article_modified_time":"2025-12-22T17:39:16+00:00","twitter_card":"summary_large_image","schema":{"@context":"https:\/\/schema.org","@graph":[{"@type":"WebPage","@id":"https:\/\/22bet.team\/hu\/bonus\/","url":"https:\/\/22bet.team\/hu\/bonus\/","name":"22Bet b\u00f3nuszok \ud83c\udf81 49 100 HUF \u00fcdv\u00f6zl\u0151 aj\u00e1nlatok","isPartOf":{"@id":"https:\/\/22bet.team\/hu\/#website"},"datePublished":"2025-11-24T13:18:29+00:00","dateModified":"2025-12-22T17:39:16+00:00","description":"22Bet b\u00f3nuszok \u2014 \u00fcdv\u00f6zl\u0151 b\u00f3nusz ak\u00e1r 49 100 HUF sportfogad\u00e1shoz \u00e9s ak\u00e1r 121 200 HUF a kaszin\u00f3hoz, p\u00e9nteki reload, cashback, b\u00f3nusz sikertelen fogad\u00e1ssorozatok eset\u00e9n \u00e9s m\u00e9g sok m\u00e1s. Elemezz\u00fck a szab\u00e1lyokat, a megforgat\u00e1si k\u00f6vetelm\u00e9nyeket \u00e9s a felt\u00e9teleket.","breadcrumb":{"@id":"https:\/\/22bet.team\/hu\/bonus\/#breadcrumb"},"inLanguage":"hu","potentialAction":[{"@type":"ReadAction","target":["https:\/\/22bet.team\/hu\/bonus\/"]}]},{"@type":"BreadcrumbList","@id":"https:\/\/22bet.team\/hu\/bonus\/#breadcrumb","itemListElement":[{"@type":"ListItem","position":1,"name":"Home","item":"https:\/\/22bet.team\/hu\/"},{"@type":"ListItem","position":2,"name":"B\u00f3nusz"}]},{"@type":"WebSite","@id":"https:\/\/22bet.team\/hu\/#website","url":"https:\/\/22bet.team\/hu\/","name":"22bet Team HU","description":"","potentialAction":[{"@type":"SearchAction","target":{"@type":"EntryPoint","urlTemplate":"https:\/\/22bet.team\/hu\/?s={search_term_string}"},"query-input":{"@type":"PropertyValueSpecification","valueRequired":true,"valueName":"search_term_string"}}],"inLanguage":"hu"}]}},"_links":{"self":[{"href":"https:\/\/22bet.team\/hu\/wp-json\/wp\/v2\/pages\/1021","targetHints":{"allow":["GET"]}}],"collection":[{"href":"https:\/\/22bet.team\/hu\/wp-json\/wp\/v2\/pages"}],"about":[{"href":"https:\/\/22bet.team\/hu\/wp-json\/wp\/v2\/types\/page"}],"author":[{"embeddable":true,"href":"https:\/\/22bet.team\/hu\/wp-json\/wp\/v2\/users\/1"}],"replies":[{"embeddable":true,"href":"https:\/\/22bet.team\/hu\/wp-json\/wp\/v2\/comments?post=1021"}],"version-history":[{"count":11,"href":"https:\/\/22bet.team\/hu\/wp-json\/wp\/v2\/pages\/1021\/revisions"}],"predecessor-version":[{"id":1186,"href":"https:\/\/22bet.team\/hu\/wp-json\/wp\/v2\/pages\/1021\/revisions\/1186"}],"wp:attachment":[{"href":"https:\/\/22bet.team\/hu\/wp-json\/wp\/v2\/media?parent=1021"}],"curies":[{"name":"wp","href":"https:\/\/api.w.org\/{rel}","templated":true}]}}