{"id":1094,"date":"2025-12-02T17:34:13","date_gmt":"2025-12-02T14:34:13","guid":{"rendered":"https:\/\/22bet.team\/hu\/?page_id=1094"},"modified":"2025-12-22T20:36:02","modified_gmt":"2025-12-22T17:36:02","slug":"registration","status":"publish","type":"page","link":"https:\/\/22bet.team\/hu\/registration\/","title":{"rendered":"Regisztr\u00e1ci\u00f3"},"content":{"rendered":"","protected":false},"excerpt":{"rendered":"","protected":false},"author":1,"featured_media":0,"parent":0,"menu_order":0,"comment_status":"closed","ping_status":"closed","template":"","meta":{"_acf_changed":false,"footnotes":""},"class_list":["post-1094","page","type-page","status-publish","hentry"],"acf":[],"yoast_head":"<!-- This site is optimized with the Yoast SEO plugin v26.1.1 - https:\/\/yoast.com\/wordpress\/plugins\/seo\/ -->\n<title>22Bet \ud83c\udfc6 100% b\u00f3nusz 47 200 HUF \u00e9rt\u00e9kig az els\u0151 befizet\u00e9sre<\/title>\n<meta name=\"description\" content=\"Hogyan regisztr\u00e1lhatok a 22Bet-n\u00e9l \u00e9s hogyan kaphatok \u00fcdv\u00f6zl\u0151 b\u00f3nuszt? L\u00e9p\u00e9sr\u0151l l\u00e9p\u00e9sre \u2705 gyors regisztr\u00e1ci\u00f3 telefonsz\u00e1mmal, k\u00f6z\u00f6ss\u00e9gi m\u00e9di\u00e1n vagy e-mailen kereszt\u00fcl. Bejelentkez\u00e9s a szem\u00e9lyes fi\u00f3kba, ellen\u0151rz\u00e9s \u00e9s a b\u00f3nusz felt\u00e9telei 2026.\" \/>\n<meta name=\"robots\" content=\"index, follow, max-snippet:-1, max-image-preview:large, max-video-preview:-1\" \/>\n<link rel=\"canonical\" href=\"https:\/\/22bet.team\/hu\/registration\/\" \/>\n<meta property=\"og:locale\" content=\"hu_HU\" \/>\n<meta property=\"og:type\" content=\"article\" \/>\n<meta property=\"og:title\" content=\"22Bet \ud83c\udfc6 100% b\u00f3nusz 47 200 HUF \u00e9rt\u00e9kig az els\u0151 befizet\u00e9sre\" \/>\n<meta property=\"og:description\" content=\"Hogyan regisztr\u00e1lhatok a 22Bet-n\u00e9l \u00e9s hogyan kaphatok \u00fcdv\u00f6zl\u0151 b\u00f3nuszt? L\u00e9p\u00e9sr\u0151l l\u00e9p\u00e9sre \u2705 gyors regisztr\u00e1ci\u00f3 telefonsz\u00e1mmal, k\u00f6z\u00f6ss\u00e9gi m\u00e9di\u00e1n vagy e-mailen kereszt\u00fcl. Bejelentkez\u00e9s a szem\u00e9lyes fi\u00f3kba, ellen\u0151rz\u00e9s \u00e9s a b\u00f3nusz felt\u00e9telei 2026.\" \/>\n<meta property=\"og:url\" content=\"https:\/\/22bet.team\/hu\/registration\/\" \/>\n<meta property=\"og:site_name\" content=\"22bet Team HU\" \/>\n<meta property=\"article:modified_time\" content=\"2025-12-22T17:36:02+00:00\" \/>\n<meta name=\"twitter:card\" content=\"summary_large_image\" \/>\n<script type=\"application\/ld+json\" class=\"yoast-schema-graph\">{\"@context\":\"https:\/\/schema.org\",\"@graph\":[{\"@type\":\"WebPage\",\"@id\":\"https:\/\/22bet.team\/hu\/registration\/\",\"url\":\"https:\/\/22bet.team\/hu\/registration\/\",\"name\":\"22Bet \ud83c\udfc6 100% b\u00f3nusz 47 200 HUF \u00e9rt\u00e9kig az els\u0151 befizet\u00e9sre\",\"isPartOf\":{\"@id\":\"https:\/\/22bet.team\/hu\/#website\"},\"datePublished\":\"2025-12-02T14:34:13+00:00\",\"dateModified\":\"2025-12-22T17:36:02+00:00\",\"description\":\"Hogyan regisztr\u00e1lhatok a 22Bet-n\u00e9l \u00e9s hogyan kaphatok \u00fcdv\u00f6zl\u0151 b\u00f3nuszt? L\u00e9p\u00e9sr\u0151l l\u00e9p\u00e9sre \u2705 gyors regisztr\u00e1ci\u00f3 telefonsz\u00e1mmal, k\u00f6z\u00f6ss\u00e9gi m\u00e9di\u00e1n vagy e-mailen kereszt\u00fcl. Bejelentkez\u00e9s a szem\u00e9lyes fi\u00f3kba, ellen\u0151rz\u00e9s \u00e9s a b\u00f3nusz felt\u00e9telei 2026.\",\"breadcrumb\":{\"@id\":\"https:\/\/22bet.team\/hu\/registration\/#breadcrumb\"},\"inLanguage\":\"hu\",\"potentialAction\":[{\"@type\":\"ReadAction\",\"target\":[\"https:\/\/22bet.team\/hu\/registration\/\"]}]},{\"@type\":\"BreadcrumbList\",\"@id\":\"https:\/\/22bet.team\/hu\/registration\/#breadcrumb\",\"itemListElement\":[{\"@type\":\"ListItem\",\"position\":1,\"name\":\"Home\",\"item\":\"https:\/\/22bet.team\/hu\/\"},{\"@type\":\"ListItem\",\"position\":2,\"name\":\"Regisztr\u00e1ci\u00f3\"}]},{\"@type\":\"WebSite\",\"@id\":\"https:\/\/22bet.team\/hu\/#website\",\"url\":\"https:\/\/22bet.team\/hu\/\",\"name\":\"22bet Team HU\",\"description\":\"\",\"potentialAction\":[{\"@type\":\"SearchAction\",\"target\":{\"@type\":\"EntryPoint\",\"urlTemplate\":\"https:\/\/22bet.team\/hu\/?s={search_term_string}\"},\"query-input\":{\"@type\":\"PropertyValueSpecification\",\"valueRequired\":true,\"valueName\":\"search_term_string\"}}],\"inLanguage\":\"hu\"}]}<\/script>\n<!-- \/ Yoast SEO plugin. -->","yoast_head_json":{"title":"22Bet \ud83c\udfc6 100% b\u00f3nusz 47 200 HUF \u00e9rt\u00e9kig az els\u0151 befizet\u00e9sre","description":"Hogyan regisztr\u00e1lhatok a 22Bet-n\u00e9l \u00e9s hogyan kaphatok \u00fcdv\u00f6zl\u0151 b\u00f3nuszt? L\u00e9p\u00e9sr\u0151l l\u00e9p\u00e9sre \u2705 gyors regisztr\u00e1ci\u00f3 telefonsz\u00e1mmal, k\u00f6z\u00f6ss\u00e9gi m\u00e9di\u00e1n vagy e-mailen kereszt\u00fcl. Bejelentkez\u00e9s a szem\u00e9lyes fi\u00f3kba, ellen\u0151rz\u00e9s \u00e9s a b\u00f3nusz felt\u00e9telei 2026.","robots":{"index":"index","follow":"follow","max-snippet":"max-snippet:-1","max-image-preview":"max-image-preview:large","max-video-preview":"max-video-preview:-1"},"canonical":"https:\/\/22bet.team\/hu\/registration\/","og_locale":"hu_HU","og_type":"article","og_title":"22Bet \ud83c\udfc6 100% b\u00f3nusz 47 200 HUF \u00e9rt\u00e9kig az els\u0151 befizet\u00e9sre","og_description":"Hogyan regisztr\u00e1lhatok a 22Bet-n\u00e9l \u00e9s hogyan kaphatok \u00fcdv\u00f6zl\u0151 b\u00f3nuszt? L\u00e9p\u00e9sr\u0151l l\u00e9p\u00e9sre \u2705 gyors regisztr\u00e1ci\u00f3 telefonsz\u00e1mmal, k\u00f6z\u00f6ss\u00e9gi m\u00e9di\u00e1n vagy e-mailen kereszt\u00fcl. Bejelentkez\u00e9s a szem\u00e9lyes fi\u00f3kba, ellen\u0151rz\u00e9s \u00e9s a b\u00f3nusz felt\u00e9telei 2026.","og_url":"https:\/\/22bet.team\/hu\/registration\/","og_site_name":"22bet Team HU","article_modified_time":"2025-12-22T17:36:02+00:00","twitter_card":"summary_large_image","schema":{"@context":"https:\/\/schema.org","@graph":[{"@type":"WebPage","@id":"https:\/\/22bet.team\/hu\/registration\/","url":"https:\/\/22bet.team\/hu\/registration\/","name":"22Bet \ud83c\udfc6 100% b\u00f3nusz 47 200 HUF \u00e9rt\u00e9kig az els\u0151 befizet\u00e9sre","isPartOf":{"@id":"https:\/\/22bet.team\/hu\/#website"},"datePublished":"2025-12-02T14:34:13+00:00","dateModified":"2025-12-22T17:36:02+00:00","description":"Hogyan regisztr\u00e1lhatok a 22Bet-n\u00e9l \u00e9s hogyan kaphatok \u00fcdv\u00f6zl\u0151 b\u00f3nuszt? L\u00e9p\u00e9sr\u0151l l\u00e9p\u00e9sre \u2705 gyors regisztr\u00e1ci\u00f3 telefonsz\u00e1mmal, k\u00f6z\u00f6ss\u00e9gi m\u00e9di\u00e1n vagy e-mailen kereszt\u00fcl. Bejelentkez\u00e9s a szem\u00e9lyes fi\u00f3kba, ellen\u0151rz\u00e9s \u00e9s a b\u00f3nusz felt\u00e9telei 2026.","breadcrumb":{"@id":"https:\/\/22bet.team\/hu\/registration\/#breadcrumb"},"inLanguage":"hu","potentialAction":[{"@type":"ReadAction","target":["https:\/\/22bet.team\/hu\/registration\/"]}]},{"@type":"BreadcrumbList","@id":"https:\/\/22bet.team\/hu\/registration\/#breadcrumb","itemListElement":[{"@type":"ListItem","position":1,"name":"Home","item":"https:\/\/22bet.team\/hu\/"},{"@type":"ListItem","position":2,"name":"Regisztr\u00e1ci\u00f3"}]},{"@type":"WebSite","@id":"https:\/\/22bet.team\/hu\/#website","url":"https:\/\/22bet.team\/hu\/","name":"22bet Team HU","description":"","potentialAction":[{"@type":"SearchAction","target":{"@type":"EntryPoint","urlTemplate":"https:\/\/22bet.team\/hu\/?s={search_term_string}"},"query-input":{"@type":"PropertyValueSpecification","valueRequired":true,"valueName":"search_term_string"}}],"inLanguage":"hu"}]}},"_links":{"self":[{"href":"https:\/\/22bet.team\/hu\/wp-json\/wp\/v2\/pages\/1094","targetHints":{"allow":["GET"]}}],"collection":[{"href":"https:\/\/22bet.team\/hu\/wp-json\/wp\/v2\/pages"}],"about":[{"href":"https:\/\/22bet.team\/hu\/wp-json\/wp\/v2\/types\/page"}],"author":[{"embeddable":true,"href":"https:\/\/22bet.team\/hu\/wp-json\/wp\/v2\/users\/1"}],"replies":[{"embeddable":true,"href":"https:\/\/22bet.team\/hu\/wp-json\/wp\/v2\/comments?post=1094"}],"version-history":[{"count":7,"href":"https:\/\/22bet.team\/hu\/wp-json\/wp\/v2\/pages\/1094\/revisions"}],"predecessor-version":[{"id":1177,"href":"https:\/\/22bet.team\/hu\/wp-json\/wp\/v2\/pages\/1094\/revisions\/1177"}],"wp:attachment":[{"href":"https:\/\/22bet.team\/hu\/wp-json\/wp\/v2\/media?parent=1094"}],"curies":[{"name":"wp","href":"https:\/\/api.w.org\/{rel}","templated":true}]}}