{"id":961,"date":"2025-11-19T09:25:55","date_gmt":"2025-11-19T06:25:55","guid":{"rendered":"https:\/\/22bet.team\/hu\/?page_id=961"},"modified":"2025-12-22T20:27:01","modified_gmt":"2025-12-22T17:27:01","slug":"apk","status":"publish","type":"page","link":"https:\/\/22bet.team\/hu\/apk\/","title":{"rendered":"Apk"},"content":{"rendered":"","protected":false},"excerpt":{"rendered":"","protected":false},"author":1,"featured_media":0,"parent":0,"menu_order":0,"comment_status":"closed","ping_status":"closed","template":"","meta":{"_acf_changed":false,"footnotes":""},"class_list":["post-961","page","type-page","status-publish","hentry"],"acf":[],"yoast_head":"<!-- This site is optimized with the Yoast SEO plugin v26.1.1 - https:\/\/yoast.com\/wordpress\/plugins\/seo\/ -->\n<title>APK 22Bet \u1409 Gyors alkalmaz\u00e1s sportfogad\u00e1shoz \u00e9s kaszin\u00f3hoz<\/title>\n<meta name=\"description\" content=\"T\u00f6ltsd le a 22Bet APK alkalmaz\u00e1st sportfogad\u00e1shoz \u00e9s szerencsej\u00e1t\u00e9khoz. Hozz\u00e1f\u00e9r\u00e9s t\u00f6bb mint 20 sport\u00e1ghoz, magas oddsokhoz \u00e9s egyedi b\u00f3nuszokhoz \u00faj felhaszn\u00e1l\u00f3k sz\u00e1m\u00e1ra. J\u00e1tssz \u00e9s nyerj k\u00f6zvetlen\u00fcl az Android k\u00e9sz\u00fcl\u00e9keden!\" \/>\n<meta name=\"robots\" content=\"index, follow, max-snippet:-1, max-image-preview:large, max-video-preview:-1\" \/>\n<link rel=\"canonical\" href=\"https:\/\/22bet.team\/hu\/apk\/\" \/>\n<meta property=\"og:locale\" content=\"hu_HU\" \/>\n<meta property=\"og:type\" content=\"article\" \/>\n<meta property=\"og:title\" content=\"APK 22Bet \u1409 Gyors alkalmaz\u00e1s sportfogad\u00e1shoz \u00e9s kaszin\u00f3hoz\" \/>\n<meta property=\"og:description\" content=\"T\u00f6ltsd le a 22Bet APK alkalmaz\u00e1st sportfogad\u00e1shoz \u00e9s szerencsej\u00e1t\u00e9khoz. Hozz\u00e1f\u00e9r\u00e9s t\u00f6bb mint 20 sport\u00e1ghoz, magas oddsokhoz \u00e9s egyedi b\u00f3nuszokhoz \u00faj felhaszn\u00e1l\u00f3k sz\u00e1m\u00e1ra. J\u00e1tssz \u00e9s nyerj k\u00f6zvetlen\u00fcl az Android k\u00e9sz\u00fcl\u00e9keden!\" \/>\n<meta property=\"og:url\" content=\"https:\/\/22bet.team\/hu\/apk\/\" \/>\n<meta property=\"og:site_name\" content=\"22bet Team HU\" \/>\n<meta property=\"article:modified_time\" content=\"2025-12-22T17:27:01+00:00\" \/>\n<meta name=\"twitter:card\" content=\"summary_large_image\" \/>\n<script type=\"application\/ld+json\" class=\"yoast-schema-graph\">{\"@context\":\"https:\/\/schema.org\",\"@graph\":[{\"@type\":\"WebPage\",\"@id\":\"https:\/\/22bet.team\/hu\/apk\/\",\"url\":\"https:\/\/22bet.team\/hu\/apk\/\",\"name\":\"APK 22Bet \u1409 Gyors alkalmaz\u00e1s sportfogad\u00e1shoz \u00e9s kaszin\u00f3hoz\",\"isPartOf\":{\"@id\":\"https:\/\/22bet.team\/hu\/#website\"},\"datePublished\":\"2025-11-19T06:25:55+00:00\",\"dateModified\":\"2025-12-22T17:27:01+00:00\",\"description\":\"T\u00f6ltsd le a 22Bet APK alkalmaz\u00e1st sportfogad\u00e1shoz \u00e9s szerencsej\u00e1t\u00e9khoz. Hozz\u00e1f\u00e9r\u00e9s t\u00f6bb mint 20 sport\u00e1ghoz, magas oddsokhoz \u00e9s egyedi b\u00f3nuszokhoz \u00faj felhaszn\u00e1l\u00f3k sz\u00e1m\u00e1ra. J\u00e1tssz \u00e9s nyerj k\u00f6zvetlen\u00fcl az Android k\u00e9sz\u00fcl\u00e9keden!\",\"breadcrumb\":{\"@id\":\"https:\/\/22bet.team\/hu\/apk\/#breadcrumb\"},\"inLanguage\":\"hu\",\"potentialAction\":[{\"@type\":\"ReadAction\",\"target\":[\"https:\/\/22bet.team\/hu\/apk\/\"]}]},{\"@type\":\"BreadcrumbList\",\"@id\":\"https:\/\/22bet.team\/hu\/apk\/#breadcrumb\",\"itemListElement\":[{\"@type\":\"ListItem\",\"position\":1,\"name\":\"Home\",\"item\":\"https:\/\/22bet.team\/hu\/\"},{\"@type\":\"ListItem\",\"position\":2,\"name\":\"Apk\"}]},{\"@type\":\"WebSite\",\"@id\":\"https:\/\/22bet.team\/hu\/#website\",\"url\":\"https:\/\/22bet.team\/hu\/\",\"name\":\"22bet Team HU\",\"description\":\"\",\"potentialAction\":[{\"@type\":\"SearchAction\",\"target\":{\"@type\":\"EntryPoint\",\"urlTemplate\":\"https:\/\/22bet.team\/hu\/?s={search_term_string}\"},\"query-input\":{\"@type\":\"PropertyValueSpecification\",\"valueRequired\":true,\"valueName\":\"search_term_string\"}}],\"inLanguage\":\"hu\"}]}<\/script>\n<!-- \/ Yoast SEO plugin. -->","yoast_head_json":{"title":"APK 22Bet \u1409 Gyors alkalmaz\u00e1s sportfogad\u00e1shoz \u00e9s kaszin\u00f3hoz","description":"T\u00f6ltsd le a 22Bet APK alkalmaz\u00e1st sportfogad\u00e1shoz \u00e9s szerencsej\u00e1t\u00e9khoz. Hozz\u00e1f\u00e9r\u00e9s t\u00f6bb mint 20 sport\u00e1ghoz, magas oddsokhoz \u00e9s egyedi b\u00f3nuszokhoz \u00faj felhaszn\u00e1l\u00f3k sz\u00e1m\u00e1ra. J\u00e1tssz \u00e9s nyerj k\u00f6zvetlen\u00fcl az Android k\u00e9sz\u00fcl\u00e9keden!","robots":{"index":"index","follow":"follow","max-snippet":"max-snippet:-1","max-image-preview":"max-image-preview:large","max-video-preview":"max-video-preview:-1"},"canonical":"https:\/\/22bet.team\/hu\/apk\/","og_locale":"hu_HU","og_type":"article","og_title":"APK 22Bet \u1409 Gyors alkalmaz\u00e1s sportfogad\u00e1shoz \u00e9s kaszin\u00f3hoz","og_description":"T\u00f6ltsd le a 22Bet APK alkalmaz\u00e1st sportfogad\u00e1shoz \u00e9s szerencsej\u00e1t\u00e9khoz. Hozz\u00e1f\u00e9r\u00e9s t\u00f6bb mint 20 sport\u00e1ghoz, magas oddsokhoz \u00e9s egyedi b\u00f3nuszokhoz \u00faj felhaszn\u00e1l\u00f3k sz\u00e1m\u00e1ra. J\u00e1tssz \u00e9s nyerj k\u00f6zvetlen\u00fcl az Android k\u00e9sz\u00fcl\u00e9keden!","og_url":"https:\/\/22bet.team\/hu\/apk\/","og_site_name":"22bet Team HU","article_modified_time":"2025-12-22T17:27:01+00:00","twitter_card":"summary_large_image","schema":{"@context":"https:\/\/schema.org","@graph":[{"@type":"WebPage","@id":"https:\/\/22bet.team\/hu\/apk\/","url":"https:\/\/22bet.team\/hu\/apk\/","name":"APK 22Bet \u1409 Gyors alkalmaz\u00e1s sportfogad\u00e1shoz \u00e9s kaszin\u00f3hoz","isPartOf":{"@id":"https:\/\/22bet.team\/hu\/#website"},"datePublished":"2025-11-19T06:25:55+00:00","dateModified":"2025-12-22T17:27:01+00:00","description":"T\u00f6ltsd le a 22Bet APK alkalmaz\u00e1st sportfogad\u00e1shoz \u00e9s szerencsej\u00e1t\u00e9khoz. Hozz\u00e1f\u00e9r\u00e9s t\u00f6bb mint 20 sport\u00e1ghoz, magas oddsokhoz \u00e9s egyedi b\u00f3nuszokhoz \u00faj felhaszn\u00e1l\u00f3k sz\u00e1m\u00e1ra. J\u00e1tssz \u00e9s nyerj k\u00f6zvetlen\u00fcl az Android k\u00e9sz\u00fcl\u00e9keden!","breadcrumb":{"@id":"https:\/\/22bet.team\/hu\/apk\/#breadcrumb"},"inLanguage":"hu","potentialAction":[{"@type":"ReadAction","target":["https:\/\/22bet.team\/hu\/apk\/"]}]},{"@type":"BreadcrumbList","@id":"https:\/\/22bet.team\/hu\/apk\/#breadcrumb","itemListElement":[{"@type":"ListItem","position":1,"name":"Home","item":"https:\/\/22bet.team\/hu\/"},{"@type":"ListItem","position":2,"name":"Apk"}]},{"@type":"WebSite","@id":"https:\/\/22bet.team\/hu\/#website","url":"https:\/\/22bet.team\/hu\/","name":"22bet Team HU","description":"","potentialAction":[{"@type":"SearchAction","target":{"@type":"EntryPoint","urlTemplate":"https:\/\/22bet.team\/hu\/?s={search_term_string}"},"query-input":{"@type":"PropertyValueSpecification","valueRequired":true,"valueName":"search_term_string"}}],"inLanguage":"hu"}]}},"_links":{"self":[{"href":"https:\/\/22bet.team\/hu\/wp-json\/wp\/v2\/pages\/961","targetHints":{"allow":["GET"]}}],"collection":[{"href":"https:\/\/22bet.team\/hu\/wp-json\/wp\/v2\/pages"}],"about":[{"href":"https:\/\/22bet.team\/hu\/wp-json\/wp\/v2\/types\/page"}],"author":[{"embeddable":true,"href":"https:\/\/22bet.team\/hu\/wp-json\/wp\/v2\/users\/1"}],"replies":[{"embeddable":true,"href":"https:\/\/22bet.team\/hu\/wp-json\/wp\/v2\/comments?post=961"}],"version-history":[{"count":12,"href":"https:\/\/22bet.team\/hu\/wp-json\/wp\/v2\/pages\/961\/revisions"}],"predecessor-version":[{"id":1180,"href":"https:\/\/22bet.team\/hu\/wp-json\/wp\/v2\/pages\/961\/revisions\/1180"}],"wp:attachment":[{"href":"https:\/\/22bet.team\/hu\/wp-json\/wp\/v2\/media?parent=961"}],"curies":[{"name":"wp","href":"https:\/\/api.w.org\/{rel}","templated":true}]}}