{"id":987,"date":"2025-11-20T10:37:40","date_gmt":"2025-11-20T07:37:40","guid":{"rendered":"https:\/\/22bet.team\/hu\/?page_id=987"},"modified":"2025-12-22T20:34:19","modified_gmt":"2025-12-22T17:34:19","slug":"casino","status":"publish","type":"page","link":"https:\/\/22bet.team\/hu\/casino\/","title":{"rendered":"Kaszin\u00f3"},"content":{"rendered":"","protected":false},"excerpt":{"rendered":"","protected":false},"author":1,"featured_media":0,"parent":0,"menu_order":0,"comment_status":"closed","ping_status":"closed","template":"","meta":{"_acf_changed":false,"footnotes":""},"class_list":["post-987","page","type-page","status-publish","hentry"],"acf":[],"yoast_head":"<!-- This site is optimized with the Yoast SEO plugin v26.1.1 - https:\/\/yoast.com\/wordpress\/plugins\/seo\/ -->\n<title>22Bet Casino \ud83d\udcb0 A legjobb j\u00e1t\u00e9kok, b\u00f3nuszok \u00e9s \u00e9l\u0151 kaszin\u00f3<\/title>\n<meta name=\"description\" content=\"Mer\u00fclj\u00f6n el a szerencsej\u00e1t\u00e9kok vil\u00e1g\u00e1ban a 22Bet Casino seg\u00edts\u00e9g\u00e9vel! \u00c9lvezze az izgalmas nyer\u0151g\u00e9peket, a leny\u0171g\u00f6z\u0151 \u00e9l\u0151 j\u00e1t\u00e9kokat \u00e9s a b\u0151kez\u0171 b\u00f3nuszokat ak\u00e1r 566 200 HUF \u00e9rt\u00e9kig. Csatlakozzon a 22Bet-hez, \u00e9s \u00e9lvezze a p\u00e1ratlan j\u00e1t\u00e9k\u00e9lm\u00e9nyt biztons\u00e1gos \u00e9s enged\u00e9lyezett k\u00f6rnyezetben.\" \/>\n<meta name=\"robots\" content=\"index, follow, max-snippet:-1, max-image-preview:large, max-video-preview:-1\" \/>\n<link rel=\"canonical\" href=\"https:\/\/22bet.team\/hu\/casino\/\" \/>\n<meta property=\"og:locale\" content=\"hu_HU\" \/>\n<meta property=\"og:type\" content=\"article\" \/>\n<meta property=\"og:title\" content=\"22Bet Casino \ud83d\udcb0 A legjobb j\u00e1t\u00e9kok, b\u00f3nuszok \u00e9s \u00e9l\u0151 kaszin\u00f3\" \/>\n<meta property=\"og:description\" content=\"Mer\u00fclj\u00f6n el a szerencsej\u00e1t\u00e9kok vil\u00e1g\u00e1ban a 22Bet Casino seg\u00edts\u00e9g\u00e9vel! \u00c9lvezze az izgalmas nyer\u0151g\u00e9peket, a leny\u0171g\u00f6z\u0151 \u00e9l\u0151 j\u00e1t\u00e9kokat \u00e9s a b\u0151kez\u0171 b\u00f3nuszokat ak\u00e1r 566 200 HUF \u00e9rt\u00e9kig. Csatlakozzon a 22Bet-hez, \u00e9s \u00e9lvezze a p\u00e1ratlan j\u00e1t\u00e9k\u00e9lm\u00e9nyt biztons\u00e1gos \u00e9s enged\u00e9lyezett k\u00f6rnyezetben.\" \/>\n<meta property=\"og:url\" content=\"https:\/\/22bet.team\/hu\/casino\/\" \/>\n<meta property=\"og:site_name\" content=\"22bet Team HU\" \/>\n<meta property=\"article:modified_time\" content=\"2025-12-22T17:34:19+00:00\" \/>\n<meta name=\"twitter:card\" content=\"summary_large_image\" \/>\n<script type=\"application\/ld+json\" class=\"yoast-schema-graph\">{\"@context\":\"https:\/\/schema.org\",\"@graph\":[{\"@type\":\"WebPage\",\"@id\":\"https:\/\/22bet.team\/hu\/casino\/\",\"url\":\"https:\/\/22bet.team\/hu\/casino\/\",\"name\":\"22Bet Casino \ud83d\udcb0 A legjobb j\u00e1t\u00e9kok, b\u00f3nuszok \u00e9s \u00e9l\u0151 kaszin\u00f3\",\"isPartOf\":{\"@id\":\"https:\/\/22bet.team\/hu\/#website\"},\"datePublished\":\"2025-11-20T07:37:40+00:00\",\"dateModified\":\"2025-12-22T17:34:19+00:00\",\"description\":\"Mer\u00fclj\u00f6n el a szerencsej\u00e1t\u00e9kok vil\u00e1g\u00e1ban a 22Bet Casino seg\u00edts\u00e9g\u00e9vel! \u00c9lvezze az izgalmas nyer\u0151g\u00e9peket, a leny\u0171g\u00f6z\u0151 \u00e9l\u0151 j\u00e1t\u00e9kokat \u00e9s a b\u0151kez\u0171 b\u00f3nuszokat ak\u00e1r 566 200 HUF \u00e9rt\u00e9kig. Csatlakozzon a 22Bet-hez, \u00e9s \u00e9lvezze a p\u00e1ratlan j\u00e1t\u00e9k\u00e9lm\u00e9nyt biztons\u00e1gos \u00e9s enged\u00e9lyezett k\u00f6rnyezetben.\",\"breadcrumb\":{\"@id\":\"https:\/\/22bet.team\/hu\/casino\/#breadcrumb\"},\"inLanguage\":\"hu\",\"potentialAction\":[{\"@type\":\"ReadAction\",\"target\":[\"https:\/\/22bet.team\/hu\/casino\/\"]}]},{\"@type\":\"BreadcrumbList\",\"@id\":\"https:\/\/22bet.team\/hu\/casino\/#breadcrumb\",\"itemListElement\":[{\"@type\":\"ListItem\",\"position\":1,\"name\":\"Home\",\"item\":\"https:\/\/22bet.team\/hu\/\"},{\"@type\":\"ListItem\",\"position\":2,\"name\":\"Kaszin\u00f3\"}]},{\"@type\":\"WebSite\",\"@id\":\"https:\/\/22bet.team\/hu\/#website\",\"url\":\"https:\/\/22bet.team\/hu\/\",\"name\":\"22bet Team HU\",\"description\":\"\",\"potentialAction\":[{\"@type\":\"SearchAction\",\"target\":{\"@type\":\"EntryPoint\",\"urlTemplate\":\"https:\/\/22bet.team\/hu\/?s={search_term_string}\"},\"query-input\":{\"@type\":\"PropertyValueSpecification\",\"valueRequired\":true,\"valueName\":\"search_term_string\"}}],\"inLanguage\":\"hu\"}]}<\/script>\n<!-- \/ Yoast SEO plugin. -->","yoast_head_json":{"title":"22Bet Casino \ud83d\udcb0 A legjobb j\u00e1t\u00e9kok, b\u00f3nuszok \u00e9s \u00e9l\u0151 kaszin\u00f3","description":"Mer\u00fclj\u00f6n el a szerencsej\u00e1t\u00e9kok vil\u00e1g\u00e1ban a 22Bet Casino seg\u00edts\u00e9g\u00e9vel! \u00c9lvezze az izgalmas nyer\u0151g\u00e9peket, a leny\u0171g\u00f6z\u0151 \u00e9l\u0151 j\u00e1t\u00e9kokat \u00e9s a b\u0151kez\u0171 b\u00f3nuszokat ak\u00e1r 566 200 HUF \u00e9rt\u00e9kig. Csatlakozzon a 22Bet-hez, \u00e9s \u00e9lvezze a p\u00e1ratlan j\u00e1t\u00e9k\u00e9lm\u00e9nyt biztons\u00e1gos \u00e9s enged\u00e9lyezett k\u00f6rnyezetben.","robots":{"index":"index","follow":"follow","max-snippet":"max-snippet:-1","max-image-preview":"max-image-preview:large","max-video-preview":"max-video-preview:-1"},"canonical":"https:\/\/22bet.team\/hu\/casino\/","og_locale":"hu_HU","og_type":"article","og_title":"22Bet Casino \ud83d\udcb0 A legjobb j\u00e1t\u00e9kok, b\u00f3nuszok \u00e9s \u00e9l\u0151 kaszin\u00f3","og_description":"Mer\u00fclj\u00f6n el a szerencsej\u00e1t\u00e9kok vil\u00e1g\u00e1ban a 22Bet Casino seg\u00edts\u00e9g\u00e9vel! \u00c9lvezze az izgalmas nyer\u0151g\u00e9peket, a leny\u0171g\u00f6z\u0151 \u00e9l\u0151 j\u00e1t\u00e9kokat \u00e9s a b\u0151kez\u0171 b\u00f3nuszokat ak\u00e1r 566 200 HUF \u00e9rt\u00e9kig. Csatlakozzon a 22Bet-hez, \u00e9s \u00e9lvezze a p\u00e1ratlan j\u00e1t\u00e9k\u00e9lm\u00e9nyt biztons\u00e1gos \u00e9s enged\u00e9lyezett k\u00f6rnyezetben.","og_url":"https:\/\/22bet.team\/hu\/casino\/","og_site_name":"22bet Team HU","article_modified_time":"2025-12-22T17:34:19+00:00","twitter_card":"summary_large_image","schema":{"@context":"https:\/\/schema.org","@graph":[{"@type":"WebPage","@id":"https:\/\/22bet.team\/hu\/casino\/","url":"https:\/\/22bet.team\/hu\/casino\/","name":"22Bet Casino \ud83d\udcb0 A legjobb j\u00e1t\u00e9kok, b\u00f3nuszok \u00e9s \u00e9l\u0151 kaszin\u00f3","isPartOf":{"@id":"https:\/\/22bet.team\/hu\/#website"},"datePublished":"2025-11-20T07:37:40+00:00","dateModified":"2025-12-22T17:34:19+00:00","description":"Mer\u00fclj\u00f6n el a szerencsej\u00e1t\u00e9kok vil\u00e1g\u00e1ban a 22Bet Casino seg\u00edts\u00e9g\u00e9vel! \u00c9lvezze az izgalmas nyer\u0151g\u00e9peket, a leny\u0171g\u00f6z\u0151 \u00e9l\u0151 j\u00e1t\u00e9kokat \u00e9s a b\u0151kez\u0171 b\u00f3nuszokat ak\u00e1r 566 200 HUF \u00e9rt\u00e9kig. Csatlakozzon a 22Bet-hez, \u00e9s \u00e9lvezze a p\u00e1ratlan j\u00e1t\u00e9k\u00e9lm\u00e9nyt biztons\u00e1gos \u00e9s enged\u00e9lyezett k\u00f6rnyezetben.","breadcrumb":{"@id":"https:\/\/22bet.team\/hu\/casino\/#breadcrumb"},"inLanguage":"hu","potentialAction":[{"@type":"ReadAction","target":["https:\/\/22bet.team\/hu\/casino\/"]}]},{"@type":"BreadcrumbList","@id":"https:\/\/22bet.team\/hu\/casino\/#breadcrumb","itemListElement":[{"@type":"ListItem","position":1,"name":"Home","item":"https:\/\/22bet.team\/hu\/"},{"@type":"ListItem","position":2,"name":"Kaszin\u00f3"}]},{"@type":"WebSite","@id":"https:\/\/22bet.team\/hu\/#website","url":"https:\/\/22bet.team\/hu\/","name":"22bet Team HU","description":"","potentialAction":[{"@type":"SearchAction","target":{"@type":"EntryPoint","urlTemplate":"https:\/\/22bet.team\/hu\/?s={search_term_string}"},"query-input":{"@type":"PropertyValueSpecification","valueRequired":true,"valueName":"search_term_string"}}],"inLanguage":"hu"}]}},"_links":{"self":[{"href":"https:\/\/22bet.team\/hu\/wp-json\/wp\/v2\/pages\/987","targetHints":{"allow":["GET"]}}],"collection":[{"href":"https:\/\/22bet.team\/hu\/wp-json\/wp\/v2\/pages"}],"about":[{"href":"https:\/\/22bet.team\/hu\/wp-json\/wp\/v2\/types\/page"}],"author":[{"embeddable":true,"href":"https:\/\/22bet.team\/hu\/wp-json\/wp\/v2\/users\/1"}],"replies":[{"embeddable":true,"href":"https:\/\/22bet.team\/hu\/wp-json\/wp\/v2\/comments?post=987"}],"version-history":[{"count":11,"href":"https:\/\/22bet.team\/hu\/wp-json\/wp\/v2\/pages\/987\/revisions"}],"predecessor-version":[{"id":1181,"href":"https:\/\/22bet.team\/hu\/wp-json\/wp\/v2\/pages\/987\/revisions\/1181"}],"wp:attachment":[{"href":"https:\/\/22bet.team\/hu\/wp-json\/wp\/v2\/media?parent=987"}],"curies":[{"name":"wp","href":"https:\/\/api.w.org\/{rel}","templated":true}]}}