{"id":987,"date":"2025-11-20T10:37:40","date_gmt":"2025-11-20T07:37:40","guid":{"rendered":"https:\/\/22bet.team\/mx\/?page_id=987"},"modified":"2026-04-24T16:42:11","modified_gmt":"2026-04-24T13:42:11","slug":"casino","status":"publish","type":"page","link":"https:\/\/22bet.team\/mx\/casino\/","title":{"rendered":"Casino"},"content":{"rendered":"","protected":false},"excerpt":{"rendered":"","protected":false},"author":1,"featured_media":0,"parent":0,"menu_order":0,"comment_status":"closed","ping_status":"closed","template":"","meta":{"_acf_changed":false,"footnotes":""},"class_list":["post-987","page","type-page","status-publish","hentry"],"acf":[],"yoast_head":"<!-- This site is optimized with the Yoast SEO plugin v26.1.1 - https:\/\/yoast.com\/wordpress\/plugins\/seo\/ -->\n<title>22Bet Mexico Casino | Los mejores juegos, bonos y juegos en vivo<\/title>\n<meta name=\"description\" content=\"\u00a1Sum\u00e9rgete en el mundo del juego con 22Bet Casino! Disfruta de emocionantes tragamonedas, magn\u00edficos juegos en vivo y generosos bonos de hasta 26 000 MXN. \u00danete a 22Bet y disfruta de una experiencia de juego sin igual en un entorno seguro y con licencia.\" \/>\n<meta name=\"robots\" content=\"noindex, follow, max-snippet:-1, max-image-preview:large, max-video-preview:-1\" \/>\n<meta property=\"og:locale\" content=\"es_MX\" \/>\n<meta property=\"og:type\" content=\"article\" \/>\n<meta property=\"og:title\" content=\"22Bet Mexico Casino | Los mejores juegos, bonos y juegos en vivo\" \/>\n<meta property=\"og:description\" content=\"\u00a1Sum\u00e9rgete en el mundo del juego con 22Bet Casino! Disfruta de emocionantes tragamonedas, magn\u00edficos juegos en vivo y generosos bonos de hasta 26 000 MXN. \u00danete a 22Bet y disfruta de una experiencia de juego sin igual en un entorno seguro y con licencia.\" \/>\n<meta property=\"og:url\" content=\"https:\/\/22bet.team\/mx\/casino\/\" \/>\n<meta property=\"og:site_name\" content=\"22Bet Team MX\" \/>\n<meta property=\"article:modified_time\" content=\"2026-04-24T13:42:11+00:00\" \/>\n<meta name=\"twitter:card\" content=\"summary_large_image\" \/>\n<script type=\"application\/ld+json\" class=\"yoast-schema-graph\">{\"@context\":\"https:\/\/schema.org\",\"@graph\":[{\"@type\":\"WebPage\",\"@id\":\"https:\/\/22bet.team\/mx\/casino\/\",\"url\":\"https:\/\/22bet.team\/mx\/casino\/\",\"name\":\"22Bet Mexico Casino | Los mejores juegos, bonos y juegos en vivo\",\"isPartOf\":{\"@id\":\"https:\/\/22bet.team\/mx\/#website\"},\"datePublished\":\"2025-11-20T07:37:40+00:00\",\"dateModified\":\"2026-04-24T13:42:11+00:00\",\"description\":\"\u00a1Sum\u00e9rgete en el mundo del juego con 22Bet Casino! Disfruta de emocionantes tragamonedas, magn\u00edficos juegos en vivo y generosos bonos de hasta 26 000 MXN. \u00danete a 22Bet y disfruta de una experiencia de juego sin igual en un entorno seguro y con licencia.\",\"breadcrumb\":{\"@id\":\"https:\/\/22bet.team\/mx\/casino\/#breadcrumb\"},\"inLanguage\":\"es\",\"potentialAction\":[{\"@type\":\"ReadAction\",\"target\":[\"https:\/\/22bet.team\/mx\/casino\/\"]}]},{\"@type\":\"BreadcrumbList\",\"@id\":\"https:\/\/22bet.team\/mx\/casino\/#breadcrumb\",\"itemListElement\":[{\"@type\":\"ListItem\",\"position\":1,\"name\":\"Home\",\"item\":\"https:\/\/22bet.team\/mx\/\"},{\"@type\":\"ListItem\",\"position\":2,\"name\":\"Casino\"}]},{\"@type\":\"WebSite\",\"@id\":\"https:\/\/22bet.team\/mx\/#website\",\"url\":\"https:\/\/22bet.team\/mx\/\",\"name\":\"22Bet Team MX\",\"description\":\"\",\"potentialAction\":[{\"@type\":\"SearchAction\",\"target\":{\"@type\":\"EntryPoint\",\"urlTemplate\":\"https:\/\/22bet.team\/mx\/?s={search_term_string}\"},\"query-input\":{\"@type\":\"PropertyValueSpecification\",\"valueRequired\":true,\"valueName\":\"search_term_string\"}}],\"inLanguage\":\"es\"}]}<\/script>\n<!-- \/ Yoast SEO plugin. -->","yoast_head_json":{"title":"22Bet Mexico Casino | Los mejores juegos, bonos y juegos en vivo","description":"\u00a1Sum\u00e9rgete en el mundo del juego con 22Bet Casino! Disfruta de emocionantes tragamonedas, magn\u00edficos juegos en vivo y generosos bonos de hasta 26 000 MXN. \u00danete a 22Bet y disfruta de una experiencia de juego sin igual en un entorno seguro y con licencia.","robots":{"index":"noindex","follow":"follow","max-snippet":"max-snippet:-1","max-image-preview":"max-image-preview:large","max-video-preview":"max-video-preview:-1"},"og_locale":"es_MX","og_type":"article","og_title":"22Bet Mexico Casino | Los mejores juegos, bonos y juegos en vivo","og_description":"\u00a1Sum\u00e9rgete en el mundo del juego con 22Bet Casino! Disfruta de emocionantes tragamonedas, magn\u00edficos juegos en vivo y generosos bonos de hasta 26 000 MXN. \u00danete a 22Bet y disfruta de una experiencia de juego sin igual en un entorno seguro y con licencia.","og_url":"https:\/\/22bet.team\/mx\/casino\/","og_site_name":"22Bet Team MX","article_modified_time":"2026-04-24T13:42:11+00:00","twitter_card":"summary_large_image","schema":{"@context":"https:\/\/schema.org","@graph":[{"@type":"WebPage","@id":"https:\/\/22bet.team\/mx\/casino\/","url":"https:\/\/22bet.team\/mx\/casino\/","name":"22Bet Mexico Casino | Los mejores juegos, bonos y juegos en vivo","isPartOf":{"@id":"https:\/\/22bet.team\/mx\/#website"},"datePublished":"2025-11-20T07:37:40+00:00","dateModified":"2026-04-24T13:42:11+00:00","description":"\u00a1Sum\u00e9rgete en el mundo del juego con 22Bet Casino! Disfruta de emocionantes tragamonedas, magn\u00edficos juegos en vivo y generosos bonos de hasta 26 000 MXN. \u00danete a 22Bet y disfruta de una experiencia de juego sin igual en un entorno seguro y con licencia.","breadcrumb":{"@id":"https:\/\/22bet.team\/mx\/casino\/#breadcrumb"},"inLanguage":"es","potentialAction":[{"@type":"ReadAction","target":["https:\/\/22bet.team\/mx\/casino\/"]}]},{"@type":"BreadcrumbList","@id":"https:\/\/22bet.team\/mx\/casino\/#breadcrumb","itemListElement":[{"@type":"ListItem","position":1,"name":"Home","item":"https:\/\/22bet.team\/mx\/"},{"@type":"ListItem","position":2,"name":"Casino"}]},{"@type":"WebSite","@id":"https:\/\/22bet.team\/mx\/#website","url":"https:\/\/22bet.team\/mx\/","name":"22Bet Team MX","description":"","potentialAction":[{"@type":"SearchAction","target":{"@type":"EntryPoint","urlTemplate":"https:\/\/22bet.team\/mx\/?s={search_term_string}"},"query-input":{"@type":"PropertyValueSpecification","valueRequired":true,"valueName":"search_term_string"}}],"inLanguage":"es"}]}},"_links":{"self":[{"href":"https:\/\/22bet.team\/mx\/wp-json\/wp\/v2\/pages\/987","targetHints":{"allow":["GET"]}}],"collection":[{"href":"https:\/\/22bet.team\/mx\/wp-json\/wp\/v2\/pages"}],"about":[{"href":"https:\/\/22bet.team\/mx\/wp-json\/wp\/v2\/types\/page"}],"author":[{"embeddable":true,"href":"https:\/\/22bet.team\/mx\/wp-json\/wp\/v2\/users\/1"}],"replies":[{"embeddable":true,"href":"https:\/\/22bet.team\/mx\/wp-json\/wp\/v2\/comments?post=987"}],"version-history":[{"count":5,"href":"https:\/\/22bet.team\/mx\/wp-json\/wp\/v2\/pages\/987\/revisions"}],"predecessor-version":[{"id":1243,"href":"https:\/\/22bet.team\/mx\/wp-json\/wp\/v2\/pages\/987\/revisions\/1243"}],"wp:attachment":[{"href":"https:\/\/22bet.team\/mx\/wp-json\/wp\/v2\/media?parent=987"}],"curies":[{"name":"wp","href":"https:\/\/api.w.org\/{rel}","templated":true}]}}