{"id":1122,"date":"2025-12-03T16:37:12","date_gmt":"2025-12-03T13:37:12","guid":{"rendered":"https:\/\/22bet.team\/no\/?page_id=1122"},"modified":"2026-04-05T13:35:30","modified_gmt":"2026-04-05T10:35:30","slug":"affiliate","status":"publish","type":"page","link":"https:\/\/22bet.team\/no\/affiliate\/","title":{"rendered":"Partner"},"content":{"rendered":"","protected":false},"excerpt":{"rendered":"","protected":false},"author":1,"featured_media":0,"parent":0,"menu_order":0,"comment_status":"closed","ping_status":"closed","template":"","meta":{"_acf_changed":false,"footnotes":""},"class_list":["post-1122","page","type-page","status-publish","hentry"],"acf":[],"yoast_head":"<!-- This site is optimized with the Yoast SEO plugin v26.1.1 - https:\/\/yoast.com\/wordpress\/plugins\/seo\/ -->\n<title>22Bet-partnerprogram \u1409 Tjen opptil 50 % i omsetningsandel (RevShare) og CPA<\/title>\n<meta name=\"description\" content=\"Bli 22Bet-partner og f\u00e5 opptil 50 % provisjon eller h\u00f8ye CPA-utbetalinger. Det offisielle 22Bet Partners-partnerprogrammet: m\u00e5nedlige utbetalinger fra 1000 NOK, tilpassede vilk\u00e5r. Registrer deg n\u00e5!\" \/>\n<meta name=\"robots\" content=\"index, follow, max-snippet:-1, max-image-preview:large, max-video-preview:-1\" \/>\n<link rel=\"canonical\" href=\"https:\/\/22bet.team\/no\/affiliate\/\" \/>\n<meta property=\"og:locale\" content=\"nb_NO\" \/>\n<meta property=\"og:type\" content=\"article\" \/>\n<meta property=\"og:title\" content=\"22Bet-partnerprogram \u1409 Tjen opptil 50 % i omsetningsandel (RevShare) og CPA\" \/>\n<meta property=\"og:description\" content=\"Bli 22Bet-partner og f\u00e5 opptil 50 % provisjon eller h\u00f8ye CPA-utbetalinger. Det offisielle 22Bet Partners-partnerprogrammet: m\u00e5nedlige utbetalinger fra 1000 NOK, tilpassede vilk\u00e5r. Registrer deg n\u00e5!\" \/>\n<meta property=\"og:url\" content=\"https:\/\/22bet.team\/no\/affiliate\/\" \/>\n<meta property=\"og:site_name\" content=\"22Bet Team no\" \/>\n<meta property=\"article:modified_time\" content=\"2026-04-05T10:35:30+00:00\" \/>\n<meta name=\"twitter:card\" content=\"summary_large_image\" \/>\n<script type=\"application\/ld+json\" class=\"yoast-schema-graph\">{\"@context\":\"https:\/\/schema.org\",\"@graph\":[{\"@type\":\"WebPage\",\"@id\":\"https:\/\/22bet.team\/no\/affiliate\/\",\"url\":\"https:\/\/22bet.team\/no\/affiliate\/\",\"name\":\"22Bet-partnerprogram \u1409 Tjen opptil 50 % i omsetningsandel (RevShare) og CPA\",\"isPartOf\":{\"@id\":\"http:\/\/22bet.team\/no\/#website\"},\"datePublished\":\"2025-12-03T13:37:12+00:00\",\"dateModified\":\"2026-04-05T10:35:30+00:00\",\"description\":\"Bli 22Bet-partner og f\u00e5 opptil 50 % provisjon eller h\u00f8ye CPA-utbetalinger. Det offisielle 22Bet Partners-partnerprogrammet: m\u00e5nedlige utbetalinger fra 1000 NOK, tilpassede vilk\u00e5r. Registrer deg n\u00e5!\",\"breadcrumb\":{\"@id\":\"https:\/\/22bet.team\/no\/affiliate\/#breadcrumb\"},\"inLanguage\":\"nb-NO\",\"potentialAction\":[{\"@type\":\"ReadAction\",\"target\":[\"https:\/\/22bet.team\/no\/affiliate\/\"]}]},{\"@type\":\"BreadcrumbList\",\"@id\":\"https:\/\/22bet.team\/no\/affiliate\/#breadcrumb\",\"itemListElement\":[{\"@type\":\"ListItem\",\"position\":1,\"name\":\"Home\",\"item\":\"http:\/\/22bet.team\/no\/\"},{\"@type\":\"ListItem\",\"position\":2,\"name\":\"Partner\"}]},{\"@type\":\"WebSite\",\"@id\":\"http:\/\/22bet.team\/no\/#website\",\"url\":\"http:\/\/22bet.team\/no\/\",\"name\":\"22Bet Team no\",\"description\":\"\",\"potentialAction\":[{\"@type\":\"SearchAction\",\"target\":{\"@type\":\"EntryPoint\",\"urlTemplate\":\"http:\/\/22bet.team\/no\/?s={search_term_string}\"},\"query-input\":{\"@type\":\"PropertyValueSpecification\",\"valueRequired\":true,\"valueName\":\"search_term_string\"}}],\"inLanguage\":\"nb-NO\"}]}<\/script>\n<!-- \/ Yoast SEO plugin. -->","yoast_head_json":{"title":"22Bet-partnerprogram \u1409 Tjen opptil 50 % i omsetningsandel (RevShare) og CPA","description":"Bli 22Bet-partner og f\u00e5 opptil 50 % provisjon eller h\u00f8ye CPA-utbetalinger. Det offisielle 22Bet Partners-partnerprogrammet: m\u00e5nedlige utbetalinger fra 1000 NOK, tilpassede vilk\u00e5r. Registrer deg n\u00e5!","robots":{"index":"index","follow":"follow","max-snippet":"max-snippet:-1","max-image-preview":"max-image-preview:large","max-video-preview":"max-video-preview:-1"},"canonical":"https:\/\/22bet.team\/no\/affiliate\/","og_locale":"nb_NO","og_type":"article","og_title":"22Bet-partnerprogram \u1409 Tjen opptil 50 % i omsetningsandel (RevShare) og CPA","og_description":"Bli 22Bet-partner og f\u00e5 opptil 50 % provisjon eller h\u00f8ye CPA-utbetalinger. Det offisielle 22Bet Partners-partnerprogrammet: m\u00e5nedlige utbetalinger fra 1000 NOK, tilpassede vilk\u00e5r. Registrer deg n\u00e5!","og_url":"https:\/\/22bet.team\/no\/affiliate\/","og_site_name":"22Bet Team no","article_modified_time":"2026-04-05T10:35:30+00:00","twitter_card":"summary_large_image","schema":{"@context":"https:\/\/schema.org","@graph":[{"@type":"WebPage","@id":"https:\/\/22bet.team\/no\/affiliate\/","url":"https:\/\/22bet.team\/no\/affiliate\/","name":"22Bet-partnerprogram \u1409 Tjen opptil 50 % i omsetningsandel (RevShare) og CPA","isPartOf":{"@id":"http:\/\/22bet.team\/no\/#website"},"datePublished":"2025-12-03T13:37:12+00:00","dateModified":"2026-04-05T10:35:30+00:00","description":"Bli 22Bet-partner og f\u00e5 opptil 50 % provisjon eller h\u00f8ye CPA-utbetalinger. Det offisielle 22Bet Partners-partnerprogrammet: m\u00e5nedlige utbetalinger fra 1000 NOK, tilpassede vilk\u00e5r. Registrer deg n\u00e5!","breadcrumb":{"@id":"https:\/\/22bet.team\/no\/affiliate\/#breadcrumb"},"inLanguage":"nb-NO","potentialAction":[{"@type":"ReadAction","target":["https:\/\/22bet.team\/no\/affiliate\/"]}]},{"@type":"BreadcrumbList","@id":"https:\/\/22bet.team\/no\/affiliate\/#breadcrumb","itemListElement":[{"@type":"ListItem","position":1,"name":"Home","item":"http:\/\/22bet.team\/no\/"},{"@type":"ListItem","position":2,"name":"Partner"}]},{"@type":"WebSite","@id":"http:\/\/22bet.team\/no\/#website","url":"http:\/\/22bet.team\/no\/","name":"22Bet Team no","description":"","potentialAction":[{"@type":"SearchAction","target":{"@type":"EntryPoint","urlTemplate":"http:\/\/22bet.team\/no\/?s={search_term_string}"},"query-input":{"@type":"PropertyValueSpecification","valueRequired":true,"valueName":"search_term_string"}}],"inLanguage":"nb-NO"}]}},"_links":{"self":[{"href":"https:\/\/22bet.team\/no\/wp-json\/wp\/v2\/pages\/1122","targetHints":{"allow":["GET"]}}],"collection":[{"href":"https:\/\/22bet.team\/no\/wp-json\/wp\/v2\/pages"}],"about":[{"href":"https:\/\/22bet.team\/no\/wp-json\/wp\/v2\/types\/page"}],"author":[{"embeddable":true,"href":"https:\/\/22bet.team\/no\/wp-json\/wp\/v2\/users\/1"}],"replies":[{"embeddable":true,"href":"https:\/\/22bet.team\/no\/wp-json\/wp\/v2\/comments?post=1122"}],"version-history":[{"count":5,"href":"https:\/\/22bet.team\/no\/wp-json\/wp\/v2\/pages\/1122\/revisions"}],"predecessor-version":[{"id":1270,"href":"https:\/\/22bet.team\/no\/wp-json\/wp\/v2\/pages\/1122\/revisions\/1270"}],"wp:attachment":[{"href":"https:\/\/22bet.team\/no\/wp-json\/wp\/v2\/media?parent=1122"}],"curies":[{"name":"wp","href":"https:\/\/api.w.org\/{rel}","templated":true}]}}