{"id":1162,"date":"2026-01-28T17:24:28","date_gmt":"2026-01-28T14:24:28","guid":{"rendered":"https:\/\/22bet.team\/no\/?page_id=1162"},"modified":"2026-03-31T14:10:56","modified_gmt":"2026-03-31T11:10:56","slug":"sport-betting","status":"publish","type":"page","link":"https:\/\/22bet.team\/no\/sport-betting\/","title":{"rendered":"Sport"},"content":{"rendered":"","protected":false},"excerpt":{"rendered":"","protected":false},"author":1,"featured_media":0,"parent":0,"menu_order":0,"comment_status":"closed","ping_status":"closed","template":"","meta":{"_acf_changed":false,"footnotes":""},"class_list":["post-1162","page","type-page","status-publish","hentry"],"acf":[],"yoast_head":"<!-- This site is optimized with the Yoast SEO plugin v26.1.1 - https:\/\/yoast.com\/wordpress\/plugins\/seo\/ -->\n<title>22Bet sportsbetting | H\u00f8ye odds og bonuser<\/title>\n<meta name=\"description\" content=\"Oppdag verdenen av sportsbetting med 22Bet! H\u00f8ye odds, et bredt utvalg av arrangementer og kundeservice d\u00f8gnet rundt. Begynn \u00e5 vinne n\u00e5!\" \/>\n<meta name=\"robots\" content=\"index, follow, max-snippet:-1, max-image-preview:large, max-video-preview:-1\" \/>\n<link rel=\"canonical\" href=\"https:\/\/22bet.team\/no\/sport-betting\/\" \/>\n<meta property=\"og:locale\" content=\"nb_NO\" \/>\n<meta property=\"og:type\" content=\"article\" \/>\n<meta property=\"og:title\" content=\"22Bet sportsbetting | H\u00f8ye odds og bonuser\" \/>\n<meta property=\"og:description\" content=\"Oppdag verdenen av sportsbetting med 22Bet! H\u00f8ye odds, et bredt utvalg av arrangementer og kundeservice d\u00f8gnet rundt. Begynn \u00e5 vinne n\u00e5!\" \/>\n<meta property=\"og:url\" content=\"https:\/\/22bet.team\/no\/sport-betting\/\" \/>\n<meta property=\"og:site_name\" content=\"22Bet Team no\" \/>\n<meta property=\"article:modified_time\" content=\"2026-03-31T11:10:56+00:00\" \/>\n<meta name=\"twitter:card\" content=\"summary_large_image\" \/>\n<script type=\"application\/ld+json\" class=\"yoast-schema-graph\">{\"@context\":\"https:\/\/schema.org\",\"@graph\":[{\"@type\":\"WebPage\",\"@id\":\"https:\/\/22bet.team\/no\/sport-betting\/\",\"url\":\"https:\/\/22bet.team\/no\/sport-betting\/\",\"name\":\"22Bet sportsbetting | H\u00f8ye odds og bonuser\",\"isPartOf\":{\"@id\":\"http:\/\/22bet.team\/no\/#website\"},\"datePublished\":\"2026-01-28T14:24:28+00:00\",\"dateModified\":\"2026-03-31T11:10:56+00:00\",\"description\":\"Oppdag verdenen av sportsbetting med 22Bet! H\u00f8ye odds, et bredt utvalg av arrangementer og kundeservice d\u00f8gnet rundt. Begynn \u00e5 vinne n\u00e5!\",\"breadcrumb\":{\"@id\":\"https:\/\/22bet.team\/no\/sport-betting\/#breadcrumb\"},\"inLanguage\":\"nb-NO\",\"potentialAction\":[{\"@type\":\"ReadAction\",\"target\":[\"https:\/\/22bet.team\/no\/sport-betting\/\"]}]},{\"@type\":\"BreadcrumbList\",\"@id\":\"https:\/\/22bet.team\/no\/sport-betting\/#breadcrumb\",\"itemListElement\":[{\"@type\":\"ListItem\",\"position\":1,\"name\":\"Home\",\"item\":\"http:\/\/22bet.team\/no\/\"},{\"@type\":\"ListItem\",\"position\":2,\"name\":\"Sport\"}]},{\"@type\":\"WebSite\",\"@id\":\"http:\/\/22bet.team\/no\/#website\",\"url\":\"http:\/\/22bet.team\/no\/\",\"name\":\"22Bet Team no\",\"description\":\"\",\"potentialAction\":[{\"@type\":\"SearchAction\",\"target\":{\"@type\":\"EntryPoint\",\"urlTemplate\":\"http:\/\/22bet.team\/no\/?s={search_term_string}\"},\"query-input\":{\"@type\":\"PropertyValueSpecification\",\"valueRequired\":true,\"valueName\":\"search_term_string\"}}],\"inLanguage\":\"nb-NO\"}]}<\/script>\n<!-- \/ Yoast SEO plugin. -->","yoast_head_json":{"title":"22Bet sportsbetting | H\u00f8ye odds og bonuser","description":"Oppdag verdenen av sportsbetting med 22Bet! H\u00f8ye odds, et bredt utvalg av arrangementer og kundeservice d\u00f8gnet rundt. Begynn \u00e5 vinne n\u00e5!","robots":{"index":"index","follow":"follow","max-snippet":"max-snippet:-1","max-image-preview":"max-image-preview:large","max-video-preview":"max-video-preview:-1"},"canonical":"https:\/\/22bet.team\/no\/sport-betting\/","og_locale":"nb_NO","og_type":"article","og_title":"22Bet sportsbetting | H\u00f8ye odds og bonuser","og_description":"Oppdag verdenen av sportsbetting med 22Bet! H\u00f8ye odds, et bredt utvalg av arrangementer og kundeservice d\u00f8gnet rundt. Begynn \u00e5 vinne n\u00e5!","og_url":"https:\/\/22bet.team\/no\/sport-betting\/","og_site_name":"22Bet Team no","article_modified_time":"2026-03-31T11:10:56+00:00","twitter_card":"summary_large_image","schema":{"@context":"https:\/\/schema.org","@graph":[{"@type":"WebPage","@id":"https:\/\/22bet.team\/no\/sport-betting\/","url":"https:\/\/22bet.team\/no\/sport-betting\/","name":"22Bet sportsbetting | H\u00f8ye odds og bonuser","isPartOf":{"@id":"http:\/\/22bet.team\/no\/#website"},"datePublished":"2026-01-28T14:24:28+00:00","dateModified":"2026-03-31T11:10:56+00:00","description":"Oppdag verdenen av sportsbetting med 22Bet! H\u00f8ye odds, et bredt utvalg av arrangementer og kundeservice d\u00f8gnet rundt. Begynn \u00e5 vinne n\u00e5!","breadcrumb":{"@id":"https:\/\/22bet.team\/no\/sport-betting\/#breadcrumb"},"inLanguage":"nb-NO","potentialAction":[{"@type":"ReadAction","target":["https:\/\/22bet.team\/no\/sport-betting\/"]}]},{"@type":"BreadcrumbList","@id":"https:\/\/22bet.team\/no\/sport-betting\/#breadcrumb","itemListElement":[{"@type":"ListItem","position":1,"name":"Home","item":"http:\/\/22bet.team\/no\/"},{"@type":"ListItem","position":2,"name":"Sport"}]},{"@type":"WebSite","@id":"http:\/\/22bet.team\/no\/#website","url":"http:\/\/22bet.team\/no\/","name":"22Bet Team no","description":"","potentialAction":[{"@type":"SearchAction","target":{"@type":"EntryPoint","urlTemplate":"http:\/\/22bet.team\/no\/?s={search_term_string}"},"query-input":{"@type":"PropertyValueSpecification","valueRequired":true,"valueName":"search_term_string"}}],"inLanguage":"nb-NO"}]}},"_links":{"self":[{"href":"https:\/\/22bet.team\/no\/wp-json\/wp\/v2\/pages\/1162","targetHints":{"allow":["GET"]}}],"collection":[{"href":"https:\/\/22bet.team\/no\/wp-json\/wp\/v2\/pages"}],"about":[{"href":"https:\/\/22bet.team\/no\/wp-json\/wp\/v2\/types\/page"}],"author":[{"embeddable":true,"href":"https:\/\/22bet.team\/no\/wp-json\/wp\/v2\/users\/1"}],"replies":[{"embeddable":true,"href":"https:\/\/22bet.team\/no\/wp-json\/wp\/v2\/comments?post=1162"}],"version-history":[{"count":4,"href":"https:\/\/22bet.team\/no\/wp-json\/wp\/v2\/pages\/1162\/revisions"}],"predecessor-version":[{"id":1263,"href":"https:\/\/22bet.team\/no\/wp-json\/wp\/v2\/pages\/1162\/revisions\/1263"}],"wp:attachment":[{"href":"https:\/\/22bet.team\/no\/wp-json\/wp\/v2\/media?parent=1162"}],"curies":[{"name":"wp","href":"https:\/\/api.w.org\/{rel}","templated":true}]}}