{"id":1177,"date":"2026-01-28T18:35:04","date_gmt":"2026-01-28T15:35:04","guid":{"rendered":"https:\/\/22bet.team\/no\/?page_id=1177"},"modified":"2026-03-30T14:23:17","modified_gmt":"2026-03-30T11:23:17","slug":"hockey","status":"publish","type":"page","link":"https:\/\/22bet.team\/no\/hockey\/","title":{"rendered":"Ishockey"},"content":{"rendered":"","protected":false},"excerpt":{"rendered":"","protected":false},"author":1,"featured_media":0,"parent":0,"menu_order":0,"comment_status":"closed","ping_status":"closed","template":"","meta":{"_acf_changed":false,"footnotes":""},"class_list":["post-1177","page","type-page","status-publish","hentry"],"acf":[],"yoast_head":"<!-- This site is optimized with the Yoast SEO plugin v26.1.1 - https:\/\/yoast.com\/wordpress\/plugins\/seo\/ -->\n<title>22Bet Ishockey-spill \u1409 Beste odds og live-spill<\/title>\n<meta name=\"description\" content=\"Hockeybetting hos 22Bet! En lisensiert bookmaker som tilbyr et bredt utvalg av idretter, h\u00f8ye odds og lukrative bonuser. Bli med oss og f\u00e5 tilgang til et stort utvalg av spill og sikre betalingsm\u00e5ter, inkludert kryptovaluta.\" \/>\n<meta name=\"robots\" content=\"index, follow, max-snippet:-1, max-image-preview:large, max-video-preview:-1\" \/>\n<link rel=\"canonical\" href=\"https:\/\/22bet.team\/no\/hockey\/\" \/>\n<meta property=\"og:locale\" content=\"nb_NO\" \/>\n<meta property=\"og:type\" content=\"article\" \/>\n<meta property=\"og:title\" content=\"22Bet Ishockey-spill \u1409 Beste odds og live-spill\" \/>\n<meta property=\"og:description\" content=\"Hockeybetting hos 22Bet! En lisensiert bookmaker som tilbyr et bredt utvalg av idretter, h\u00f8ye odds og lukrative bonuser. Bli med oss og f\u00e5 tilgang til et stort utvalg av spill og sikre betalingsm\u00e5ter, inkludert kryptovaluta.\" \/>\n<meta property=\"og:url\" content=\"https:\/\/22bet.team\/no\/hockey\/\" \/>\n<meta property=\"og:site_name\" content=\"22Bet Team no\" \/>\n<meta property=\"article:modified_time\" content=\"2026-03-30T11:23:17+00:00\" \/>\n<meta name=\"twitter:card\" content=\"summary_large_image\" \/>\n<script type=\"application\/ld+json\" class=\"yoast-schema-graph\">{\"@context\":\"https:\/\/schema.org\",\"@graph\":[{\"@type\":\"WebPage\",\"@id\":\"https:\/\/22bet.team\/no\/hockey\/\",\"url\":\"https:\/\/22bet.team\/no\/hockey\/\",\"name\":\"22Bet Ishockey-spill \u1409 Beste odds og live-spill\",\"isPartOf\":{\"@id\":\"http:\/\/22bet.team\/no\/#website\"},\"datePublished\":\"2026-01-28T15:35:04+00:00\",\"dateModified\":\"2026-03-30T11:23:17+00:00\",\"description\":\"Hockeybetting hos 22Bet! En lisensiert bookmaker som tilbyr et bredt utvalg av idretter, h\u00f8ye odds og lukrative bonuser. Bli med oss og f\u00e5 tilgang til et stort utvalg av spill og sikre betalingsm\u00e5ter, inkludert kryptovaluta.\",\"breadcrumb\":{\"@id\":\"https:\/\/22bet.team\/no\/hockey\/#breadcrumb\"},\"inLanguage\":\"nb-NO\",\"potentialAction\":[{\"@type\":\"ReadAction\",\"target\":[\"https:\/\/22bet.team\/no\/hockey\/\"]}]},{\"@type\":\"BreadcrumbList\",\"@id\":\"https:\/\/22bet.team\/no\/hockey\/#breadcrumb\",\"itemListElement\":[{\"@type\":\"ListItem\",\"position\":1,\"name\":\"Home\",\"item\":\"http:\/\/22bet.team\/no\/\"},{\"@type\":\"ListItem\",\"position\":2,\"name\":\"Ishockey\"}]},{\"@type\":\"WebSite\",\"@id\":\"http:\/\/22bet.team\/no\/#website\",\"url\":\"http:\/\/22bet.team\/no\/\",\"name\":\"22Bet Team no\",\"description\":\"\",\"potentialAction\":[{\"@type\":\"SearchAction\",\"target\":{\"@type\":\"EntryPoint\",\"urlTemplate\":\"http:\/\/22bet.team\/no\/?s={search_term_string}\"},\"query-input\":{\"@type\":\"PropertyValueSpecification\",\"valueRequired\":true,\"valueName\":\"search_term_string\"}}],\"inLanguage\":\"nb-NO\"}]}<\/script>\n<!-- \/ Yoast SEO plugin. -->","yoast_head_json":{"title":"22Bet Ishockey-spill \u1409 Beste odds og live-spill","description":"Hockeybetting hos 22Bet! En lisensiert bookmaker som tilbyr et bredt utvalg av idretter, h\u00f8ye odds og lukrative bonuser. Bli med oss og f\u00e5 tilgang til et stort utvalg av spill og sikre betalingsm\u00e5ter, inkludert kryptovaluta.","robots":{"index":"index","follow":"follow","max-snippet":"max-snippet:-1","max-image-preview":"max-image-preview:large","max-video-preview":"max-video-preview:-1"},"canonical":"https:\/\/22bet.team\/no\/hockey\/","og_locale":"nb_NO","og_type":"article","og_title":"22Bet Ishockey-spill \u1409 Beste odds og live-spill","og_description":"Hockeybetting hos 22Bet! En lisensiert bookmaker som tilbyr et bredt utvalg av idretter, h\u00f8ye odds og lukrative bonuser. Bli med oss og f\u00e5 tilgang til et stort utvalg av spill og sikre betalingsm\u00e5ter, inkludert kryptovaluta.","og_url":"https:\/\/22bet.team\/no\/hockey\/","og_site_name":"22Bet Team no","article_modified_time":"2026-03-30T11:23:17+00:00","twitter_card":"summary_large_image","schema":{"@context":"https:\/\/schema.org","@graph":[{"@type":"WebPage","@id":"https:\/\/22bet.team\/no\/hockey\/","url":"https:\/\/22bet.team\/no\/hockey\/","name":"22Bet Ishockey-spill \u1409 Beste odds og live-spill","isPartOf":{"@id":"http:\/\/22bet.team\/no\/#website"},"datePublished":"2026-01-28T15:35:04+00:00","dateModified":"2026-03-30T11:23:17+00:00","description":"Hockeybetting hos 22Bet! En lisensiert bookmaker som tilbyr et bredt utvalg av idretter, h\u00f8ye odds og lukrative bonuser. Bli med oss og f\u00e5 tilgang til et stort utvalg av spill og sikre betalingsm\u00e5ter, inkludert kryptovaluta.","breadcrumb":{"@id":"https:\/\/22bet.team\/no\/hockey\/#breadcrumb"},"inLanguage":"nb-NO","potentialAction":[{"@type":"ReadAction","target":["https:\/\/22bet.team\/no\/hockey\/"]}]},{"@type":"BreadcrumbList","@id":"https:\/\/22bet.team\/no\/hockey\/#breadcrumb","itemListElement":[{"@type":"ListItem","position":1,"name":"Home","item":"http:\/\/22bet.team\/no\/"},{"@type":"ListItem","position":2,"name":"Ishockey"}]},{"@type":"WebSite","@id":"http:\/\/22bet.team\/no\/#website","url":"http:\/\/22bet.team\/no\/","name":"22Bet Team no","description":"","potentialAction":[{"@type":"SearchAction","target":{"@type":"EntryPoint","urlTemplate":"http:\/\/22bet.team\/no\/?s={search_term_string}"},"query-input":{"@type":"PropertyValueSpecification","valueRequired":true,"valueName":"search_term_string"}}],"inLanguage":"nb-NO"}]}},"_links":{"self":[{"href":"https:\/\/22bet.team\/no\/wp-json\/wp\/v2\/pages\/1177","targetHints":{"allow":["GET"]}}],"collection":[{"href":"https:\/\/22bet.team\/no\/wp-json\/wp\/v2\/pages"}],"about":[{"href":"https:\/\/22bet.team\/no\/wp-json\/wp\/v2\/types\/page"}],"author":[{"embeddable":true,"href":"https:\/\/22bet.team\/no\/wp-json\/wp\/v2\/users\/1"}],"replies":[{"embeddable":true,"href":"https:\/\/22bet.team\/no\/wp-json\/wp\/v2\/comments?post=1177"}],"version-history":[{"count":5,"href":"https:\/\/22bet.team\/no\/wp-json\/wp\/v2\/pages\/1177\/revisions"}],"predecessor-version":[{"id":1254,"href":"https:\/\/22bet.team\/no\/wp-json\/wp\/v2\/pages\/1177\/revisions\/1254"}],"wp:attachment":[{"href":"https:\/\/22bet.team\/no\/wp-json\/wp\/v2\/media?parent=1177"}],"curies":[{"name":"wp","href":"https:\/\/api.w.org\/{rel}","templated":true}]}}