{"id":961,"date":"2025-11-19T09:25:55","date_gmt":"2025-11-19T06:25:55","guid":{"rendered":"https:\/\/22bet.team\/peru\/?page_id=961"},"modified":"2026-05-12T11:01:16","modified_gmt":"2026-05-12T08:01:16","slug":"apk","status":"publish","type":"page","link":"https:\/\/22bet.team\/peru\/apk\/","title":{"rendered":"APK"},"content":{"rendered":"","protected":false},"excerpt":{"rendered":"","protected":false},"author":1,"featured_media":0,"parent":0,"menu_order":0,"comment_status":"closed","ping_status":"closed","template":"","meta":{"_acf_changed":false,"footnotes":""},"class_list":["post-961","page","type-page","status-publish","hentry"],"acf":[],"yoast_head":"<!-- This site is optimized with the Yoast SEO plugin v26.1.1 - https:\/\/yoast.com\/wordpress\/plugins\/seo\/ -->\n<title>Descargar APK de 22Bet Per\u00fa \u1409 Aplicaci\u00f3n r\u00e1pida para apostar<\/title>\n<meta name=\"description\" content=\"Descarga la aplicaci\u00f3n 22Bet APK para hacer apuestas deportivas y jugar. Disfruta de m\u00e1s de 20 deportes, cuotas elevadas y bonos exclusivos para nuevos usuarios. \u00a1Juega y gana directamente desde tu Android!\" \/>\n<meta name=\"robots\" content=\"noindex, follow, max-snippet:-1, max-image-preview:large, max-video-preview:-1\" \/>\n<meta property=\"og:locale\" content=\"es_ES\" \/>\n<meta property=\"og:type\" content=\"article\" \/>\n<meta property=\"og:title\" content=\"Descargar APK de 22Bet Per\u00fa \u1409 Aplicaci\u00f3n r\u00e1pida para apostar\" \/>\n<meta property=\"og:description\" content=\"Descarga la aplicaci\u00f3n 22Bet APK para hacer apuestas deportivas y jugar. Disfruta de m\u00e1s de 20 deportes, cuotas elevadas y bonos exclusivos para nuevos usuarios. \u00a1Juega y gana directamente desde tu Android!\" \/>\n<meta property=\"og:url\" content=\"https:\/\/22bet.team\/peru\/apk\/\" \/>\n<meta property=\"og:site_name\" content=\"22Bet Team PE\" \/>\n<meta property=\"article:modified_time\" content=\"2026-05-12T08:01:16+00:00\" \/>\n<meta name=\"twitter:card\" content=\"summary_large_image\" \/>\n<script type=\"application\/ld+json\" class=\"yoast-schema-graph\">{\"@context\":\"https:\/\/schema.org\",\"@graph\":[{\"@type\":\"WebPage\",\"@id\":\"https:\/\/22bet.team\/peru\/apk\/\",\"url\":\"https:\/\/22bet.team\/peru\/apk\/\",\"name\":\"Descargar APK de 22Bet Per\u00fa \u1409 Aplicaci\u00f3n r\u00e1pida para apostar\",\"isPartOf\":{\"@id\":\"https:\/\/22bet.team\/peru\/#website\"},\"datePublished\":\"2025-11-19T06:25:55+00:00\",\"dateModified\":\"2026-05-12T08:01:16+00:00\",\"description\":\"Descarga la aplicaci\u00f3n 22Bet APK para hacer apuestas deportivas y jugar. Disfruta de m\u00e1s de 20 deportes, cuotas elevadas y bonos exclusivos para nuevos usuarios. \u00a1Juega y gana directamente desde tu Android!\",\"breadcrumb\":{\"@id\":\"https:\/\/22bet.team\/peru\/apk\/#breadcrumb\"},\"inLanguage\":\"es-PE\",\"potentialAction\":[{\"@type\":\"ReadAction\",\"target\":[\"https:\/\/22bet.team\/peru\/apk\/\"]}]},{\"@type\":\"BreadcrumbList\",\"@id\":\"https:\/\/22bet.team\/peru\/apk\/#breadcrumb\",\"itemListElement\":[{\"@type\":\"ListItem\",\"position\":1,\"name\":\"Home\",\"item\":\"https:\/\/22bet.team\/peru\/\"},{\"@type\":\"ListItem\",\"position\":2,\"name\":\"APK\"}]},{\"@type\":\"WebSite\",\"@id\":\"https:\/\/22bet.team\/peru\/#website\",\"url\":\"https:\/\/22bet.team\/peru\/\",\"name\":\"22Bet Team PE\",\"description\":\"\",\"potentialAction\":[{\"@type\":\"SearchAction\",\"target\":{\"@type\":\"EntryPoint\",\"urlTemplate\":\"https:\/\/22bet.team\/peru\/?s={search_term_string}\"},\"query-input\":{\"@type\":\"PropertyValueSpecification\",\"valueRequired\":true,\"valueName\":\"search_term_string\"}}],\"inLanguage\":\"es-PE\"}]}<\/script>\n<!-- \/ Yoast SEO plugin. -->","yoast_head_json":{"title":"Descargar APK de 22Bet Per\u00fa \u1409 Aplicaci\u00f3n r\u00e1pida para apostar","description":"Descarga la aplicaci\u00f3n 22Bet APK para hacer apuestas deportivas y jugar. Disfruta de m\u00e1s de 20 deportes, cuotas elevadas y bonos exclusivos para nuevos usuarios. \u00a1Juega y gana directamente desde tu Android!","robots":{"index":"noindex","follow":"follow","max-snippet":"max-snippet:-1","max-image-preview":"max-image-preview:large","max-video-preview":"max-video-preview:-1"},"og_locale":"es_ES","og_type":"article","og_title":"Descargar APK de 22Bet Per\u00fa \u1409 Aplicaci\u00f3n r\u00e1pida para apostar","og_description":"Descarga la aplicaci\u00f3n 22Bet APK para hacer apuestas deportivas y jugar. Disfruta de m\u00e1s de 20 deportes, cuotas elevadas y bonos exclusivos para nuevos usuarios. \u00a1Juega y gana directamente desde tu Android!","og_url":"https:\/\/22bet.team\/peru\/apk\/","og_site_name":"22Bet Team PE","article_modified_time":"2026-05-12T08:01:16+00:00","twitter_card":"summary_large_image","schema":{"@context":"https:\/\/schema.org","@graph":[{"@type":"WebPage","@id":"https:\/\/22bet.team\/peru\/apk\/","url":"https:\/\/22bet.team\/peru\/apk\/","name":"Descargar APK de 22Bet Per\u00fa \u1409 Aplicaci\u00f3n r\u00e1pida para apostar","isPartOf":{"@id":"https:\/\/22bet.team\/peru\/#website"},"datePublished":"2025-11-19T06:25:55+00:00","dateModified":"2026-05-12T08:01:16+00:00","description":"Descarga la aplicaci\u00f3n 22Bet APK para hacer apuestas deportivas y jugar. Disfruta de m\u00e1s de 20 deportes, cuotas elevadas y bonos exclusivos para nuevos usuarios. \u00a1Juega y gana directamente desde tu Android!","breadcrumb":{"@id":"https:\/\/22bet.team\/peru\/apk\/#breadcrumb"},"inLanguage":"es-PE","potentialAction":[{"@type":"ReadAction","target":["https:\/\/22bet.team\/peru\/apk\/"]}]},{"@type":"BreadcrumbList","@id":"https:\/\/22bet.team\/peru\/apk\/#breadcrumb","itemListElement":[{"@type":"ListItem","position":1,"name":"Home","item":"https:\/\/22bet.team\/peru\/"},{"@type":"ListItem","position":2,"name":"APK"}]},{"@type":"WebSite","@id":"https:\/\/22bet.team\/peru\/#website","url":"https:\/\/22bet.team\/peru\/","name":"22Bet Team PE","description":"","potentialAction":[{"@type":"SearchAction","target":{"@type":"EntryPoint","urlTemplate":"https:\/\/22bet.team\/peru\/?s={search_term_string}"},"query-input":{"@type":"PropertyValueSpecification","valueRequired":true,"valueName":"search_term_string"}}],"inLanguage":"es-PE"}]}},"_links":{"self":[{"href":"https:\/\/22bet.team\/peru\/wp-json\/wp\/v2\/pages\/961","targetHints":{"allow":["GET"]}}],"collection":[{"href":"https:\/\/22bet.team\/peru\/wp-json\/wp\/v2\/pages"}],"about":[{"href":"https:\/\/22bet.team\/peru\/wp-json\/wp\/v2\/types\/page"}],"author":[{"embeddable":true,"href":"https:\/\/22bet.team\/peru\/wp-json\/wp\/v2\/users\/1"}],"replies":[{"embeddable":true,"href":"https:\/\/22bet.team\/peru\/wp-json\/wp\/v2\/comments?post=961"}],"version-history":[{"count":5,"href":"https:\/\/22bet.team\/peru\/wp-json\/wp\/v2\/pages\/961\/revisions"}],"predecessor-version":[{"id":1246,"href":"https:\/\/22bet.team\/peru\/wp-json\/wp\/v2\/pages\/961\/revisions\/1246"}],"wp:attachment":[{"href":"https:\/\/22bet.team\/peru\/wp-json\/wp\/v2\/media?parent=961"}],"curies":[{"name":"wp","href":"https:\/\/api.w.org\/{rel}","templated":true}]}}