{"id":1021,"date":"2025-11-24T16:18:29","date_gmt":"2025-11-24T13:18:29","guid":{"rendered":"https:\/\/22bet.team\/pl\/?page_id=1021"},"modified":"2025-12-14T13:59:39","modified_gmt":"2025-12-14T10:59:39","slug":"bonus","status":"publish","type":"page","link":"https:\/\/22bet.team\/pl\/bonus\/","title":{"rendered":"Bonus"},"content":{"rendered":"","protected":false},"excerpt":{"rendered":"","protected":false},"author":1,"featured_media":0,"parent":0,"menu_order":0,"comment_status":"closed","ping_status":"closed","template":"","meta":{"_acf_changed":false,"footnotes":""},"class_list":["post-1021","page","type-page","status-publish","hentry"],"acf":[],"yoast_head":"<!-- This site is optimized with the Yoast SEO plugin v26.1.1 - https:\/\/yoast.com\/wordpress\/plugins\/seo\/ -->\n<title>Bonusy 22Bet \u1409 Oferty powitalne 500 z\u0142 i promocje specjalne<\/title>\n<meta name=\"description\" content=\"Bonusy 22Bet \u2014 bonus powitalny do 500 PLN na zak\u0142ady i do 1000 PLN na kasyno, pi\u0105tkowy reload, cashback, bonus za seri\u0119 nieudanych zak\u0142ad\u00f3w i wiele wi\u0119cej. Analizujemy zasady, warunki obrotu i wymagania dotycz\u0105ce zak\u0142ad\u00f3w.\" \/>\n<meta name=\"robots\" content=\"index, follow, max-snippet:-1, max-image-preview:large, max-video-preview:-1\" \/>\n<link rel=\"canonical\" href=\"https:\/\/22bet.team\/pl\/bonus\/\" \/>\n<meta property=\"og:locale\" content=\"pl_PL\" \/>\n<meta property=\"og:type\" content=\"article\" \/>\n<meta property=\"og:title\" content=\"Bonusy 22Bet \u1409 Oferty powitalne 500 z\u0142 i promocje specjalne\" \/>\n<meta property=\"og:description\" content=\"Bonusy 22Bet \u2014 bonus powitalny do 500 PLN na zak\u0142ady i do 1000 PLN na kasyno, pi\u0105tkowy reload, cashback, bonus za seri\u0119 nieudanych zak\u0142ad\u00f3w i wiele wi\u0119cej. Analizujemy zasady, warunki obrotu i wymagania dotycz\u0105ce zak\u0142ad\u00f3w.\" \/>\n<meta property=\"og:url\" content=\"https:\/\/22bet.team\/pl\/bonus\/\" \/>\n<meta property=\"og:site_name\" content=\"22Bet Team pl\" \/>\n<meta property=\"article:modified_time\" content=\"2025-12-14T10:59:39+00:00\" \/>\n<meta name=\"twitter:card\" content=\"summary_large_image\" \/>\n<script type=\"application\/ld+json\" class=\"yoast-schema-graph\">{\"@context\":\"https:\/\/schema.org\",\"@graph\":[{\"@type\":\"WebPage\",\"@id\":\"https:\/\/22bet.team\/pl\/bonus\/\",\"url\":\"https:\/\/22bet.team\/pl\/bonus\/\",\"name\":\"Bonusy 22Bet \u1409 Oferty powitalne 500 z\u0142 i promocje specjalne\",\"isPartOf\":{\"@id\":\"https:\/\/22bet.team\/pl\/#website\"},\"datePublished\":\"2025-11-24T13:18:29+00:00\",\"dateModified\":\"2025-12-14T10:59:39+00:00\",\"description\":\"Bonusy 22Bet \u2014 bonus powitalny do 500 PLN na zak\u0142ady i do 1000 PLN na kasyno, pi\u0105tkowy reload, cashback, bonus za seri\u0119 nieudanych zak\u0142ad\u00f3w i wiele wi\u0119cej. Analizujemy zasady, warunki obrotu i wymagania dotycz\u0105ce zak\u0142ad\u00f3w.\",\"breadcrumb\":{\"@id\":\"https:\/\/22bet.team\/pl\/bonus\/#breadcrumb\"},\"inLanguage\":\"pl-PL\",\"potentialAction\":[{\"@type\":\"ReadAction\",\"target\":[\"https:\/\/22bet.team\/pl\/bonus\/\"]}]},{\"@type\":\"BreadcrumbList\",\"@id\":\"https:\/\/22bet.team\/pl\/bonus\/#breadcrumb\",\"itemListElement\":[{\"@type\":\"ListItem\",\"position\":1,\"name\":\"Home\",\"item\":\"https:\/\/22bet.team\/pl\/\"},{\"@type\":\"ListItem\",\"position\":2,\"name\":\"Bonus\"}]},{\"@type\":\"WebSite\",\"@id\":\"https:\/\/22bet.team\/pl\/#website\",\"url\":\"https:\/\/22bet.team\/pl\/\",\"name\":\"22Bet Team pl\",\"description\":\"\",\"potentialAction\":[{\"@type\":\"SearchAction\",\"target\":{\"@type\":\"EntryPoint\",\"urlTemplate\":\"https:\/\/22bet.team\/pl\/?s={search_term_string}\"},\"query-input\":{\"@type\":\"PropertyValueSpecification\",\"valueRequired\":true,\"valueName\":\"search_term_string\"}}],\"inLanguage\":\"pl-PL\"}]}<\/script>\n<!-- \/ Yoast SEO plugin. -->","yoast_head_json":{"title":"Bonusy 22Bet \u1409 Oferty powitalne 500 z\u0142 i promocje specjalne","description":"Bonusy 22Bet \u2014 bonus powitalny do 500 PLN na zak\u0142ady i do 1000 PLN na kasyno, pi\u0105tkowy reload, cashback, bonus za seri\u0119 nieudanych zak\u0142ad\u00f3w i wiele wi\u0119cej. Analizujemy zasady, warunki obrotu i wymagania dotycz\u0105ce zak\u0142ad\u00f3w.","robots":{"index":"index","follow":"follow","max-snippet":"max-snippet:-1","max-image-preview":"max-image-preview:large","max-video-preview":"max-video-preview:-1"},"canonical":"https:\/\/22bet.team\/pl\/bonus\/","og_locale":"pl_PL","og_type":"article","og_title":"Bonusy 22Bet \u1409 Oferty powitalne 500 z\u0142 i promocje specjalne","og_description":"Bonusy 22Bet \u2014 bonus powitalny do 500 PLN na zak\u0142ady i do 1000 PLN na kasyno, pi\u0105tkowy reload, cashback, bonus za seri\u0119 nieudanych zak\u0142ad\u00f3w i wiele wi\u0119cej. Analizujemy zasady, warunki obrotu i wymagania dotycz\u0105ce zak\u0142ad\u00f3w.","og_url":"https:\/\/22bet.team\/pl\/bonus\/","og_site_name":"22Bet Team pl","article_modified_time":"2025-12-14T10:59:39+00:00","twitter_card":"summary_large_image","schema":{"@context":"https:\/\/schema.org","@graph":[{"@type":"WebPage","@id":"https:\/\/22bet.team\/pl\/bonus\/","url":"https:\/\/22bet.team\/pl\/bonus\/","name":"Bonusy 22Bet \u1409 Oferty powitalne 500 z\u0142 i promocje specjalne","isPartOf":{"@id":"https:\/\/22bet.team\/pl\/#website"},"datePublished":"2025-11-24T13:18:29+00:00","dateModified":"2025-12-14T10:59:39+00:00","description":"Bonusy 22Bet \u2014 bonus powitalny do 500 PLN na zak\u0142ady i do 1000 PLN na kasyno, pi\u0105tkowy reload, cashback, bonus za seri\u0119 nieudanych zak\u0142ad\u00f3w i wiele wi\u0119cej. Analizujemy zasady, warunki obrotu i wymagania dotycz\u0105ce zak\u0142ad\u00f3w.","breadcrumb":{"@id":"https:\/\/22bet.team\/pl\/bonus\/#breadcrumb"},"inLanguage":"pl-PL","potentialAction":[{"@type":"ReadAction","target":["https:\/\/22bet.team\/pl\/bonus\/"]}]},{"@type":"BreadcrumbList","@id":"https:\/\/22bet.team\/pl\/bonus\/#breadcrumb","itemListElement":[{"@type":"ListItem","position":1,"name":"Home","item":"https:\/\/22bet.team\/pl\/"},{"@type":"ListItem","position":2,"name":"Bonus"}]},{"@type":"WebSite","@id":"https:\/\/22bet.team\/pl\/#website","url":"https:\/\/22bet.team\/pl\/","name":"22Bet Team pl","description":"","potentialAction":[{"@type":"SearchAction","target":{"@type":"EntryPoint","urlTemplate":"https:\/\/22bet.team\/pl\/?s={search_term_string}"},"query-input":{"@type":"PropertyValueSpecification","valueRequired":true,"valueName":"search_term_string"}}],"inLanguage":"pl-PL"}]}},"_links":{"self":[{"href":"https:\/\/22bet.team\/pl\/wp-json\/wp\/v2\/pages\/1021","targetHints":{"allow":["GET"]}}],"collection":[{"href":"https:\/\/22bet.team\/pl\/wp-json\/wp\/v2\/pages"}],"about":[{"href":"https:\/\/22bet.team\/pl\/wp-json\/wp\/v2\/types\/page"}],"author":[{"embeddable":true,"href":"https:\/\/22bet.team\/pl\/wp-json\/wp\/v2\/users\/1"}],"replies":[{"embeddable":true,"href":"https:\/\/22bet.team\/pl\/wp-json\/wp\/v2\/comments?post=1021"}],"version-history":[{"count":9,"href":"https:\/\/22bet.team\/pl\/wp-json\/wp\/v2\/pages\/1021\/revisions"}],"predecessor-version":[{"id":1175,"href":"https:\/\/22bet.team\/pl\/wp-json\/wp\/v2\/pages\/1021\/revisions\/1175"}],"wp:attachment":[{"href":"https:\/\/22bet.team\/pl\/wp-json\/wp\/v2\/media?parent=1021"}],"curies":[{"name":"wp","href":"https:\/\/api.w.org\/{rel}","templated":true}]}}