{"id":1044,"date":"2025-11-25T09:38:51","date_gmt":"2025-11-25T06:38:51","guid":{"rendered":"https:\/\/22bet.team\/pl\/?page_id=1044"},"modified":"2025-12-20T10:29:55","modified_gmt":"2025-12-20T07:29:55","slug":"promo-code","status":"publish","type":"page","link":"https:\/\/22bet.team\/pl\/promo-code\/","title":{"rendered":"Kod promocyjny"},"content":{"rendered":"","protected":false},"excerpt":{"rendered":"","protected":false},"author":1,"featured_media":0,"parent":0,"menu_order":0,"comment_status":"closed","ping_status":"closed","template":"","meta":{"_acf_changed":false,"footnotes":""},"class_list":["post-1044","page","type-page","status-publish","hentry"],"acf":[],"yoast_head":"<!-- This site is optimized with the Yoast SEO plugin v26.1.1 - https:\/\/yoast.com\/wordpress\/plugins\/seo\/ -->\n<title>Kod promocyjny 22Bet \u1409 Jak otrzyma\u0107 100% bonus do 6000 PLN<\/title>\n<meta name=\"description\" content=\"Zdob\u0105d\u017a bonus do 6000 PLN z kodem promocyjnym 22Bet! Jeste\u015b nowym graczem? Zdob\u0105d\u017a 30 darmowych spin\u00f3w bez konieczno\u015bci wp\u0142acania depozytu i uzyskaj dost\u0119p do wyj\u0105tkowych ofert. Dowiedz si\u0119, jak zarejestrowa\u0107 si\u0119 i aktywowa\u0107 swoje bonusy.\" \/>\n<meta name=\"robots\" content=\"index, follow, max-snippet:-1, max-image-preview:large, max-video-preview:-1\" \/>\n<link rel=\"canonical\" href=\"https:\/\/22bet.team\/pl\/promo-code\/\" \/>\n<meta property=\"og:locale\" content=\"pl_PL\" \/>\n<meta property=\"og:type\" content=\"article\" \/>\n<meta property=\"og:title\" content=\"Kod promocyjny 22Bet \u1409 Jak otrzyma\u0107 100% bonus do 6000 PLN\" \/>\n<meta property=\"og:description\" content=\"Zdob\u0105d\u017a bonus do 6000 PLN z kodem promocyjnym 22Bet! Jeste\u015b nowym graczem? Zdob\u0105d\u017a 30 darmowych spin\u00f3w bez konieczno\u015bci wp\u0142acania depozytu i uzyskaj dost\u0119p do wyj\u0105tkowych ofert. Dowiedz si\u0119, jak zarejestrowa\u0107 si\u0119 i aktywowa\u0107 swoje bonusy.\" \/>\n<meta property=\"og:url\" content=\"https:\/\/22bet.team\/pl\/promo-code\/\" \/>\n<meta property=\"og:site_name\" content=\"22Bet Team pl\" \/>\n<meta property=\"article:modified_time\" content=\"2025-12-20T07:29:55+00:00\" \/>\n<meta name=\"twitter:card\" content=\"summary_large_image\" \/>\n<script type=\"application\/ld+json\" class=\"yoast-schema-graph\">{\"@context\":\"https:\/\/schema.org\",\"@graph\":[{\"@type\":\"WebPage\",\"@id\":\"https:\/\/22bet.team\/pl\/promo-code\/\",\"url\":\"https:\/\/22bet.team\/pl\/promo-code\/\",\"name\":\"Kod promocyjny 22Bet \u1409 Jak otrzyma\u0107 100% bonus do 6000 PLN\",\"isPartOf\":{\"@id\":\"https:\/\/22bet.team\/pl\/#website\"},\"datePublished\":\"2025-11-25T06:38:51+00:00\",\"dateModified\":\"2025-12-20T07:29:55+00:00\",\"description\":\"Zdob\u0105d\u017a bonus do 6000 PLN z kodem promocyjnym 22Bet! Jeste\u015b nowym graczem? Zdob\u0105d\u017a 30 darmowych spin\u00f3w bez konieczno\u015bci wp\u0142acania depozytu i uzyskaj dost\u0119p do wyj\u0105tkowych ofert. Dowiedz si\u0119, jak zarejestrowa\u0107 si\u0119 i aktywowa\u0107 swoje bonusy.\",\"breadcrumb\":{\"@id\":\"https:\/\/22bet.team\/pl\/promo-code\/#breadcrumb\"},\"inLanguage\":\"pl-PL\",\"potentialAction\":[{\"@type\":\"ReadAction\",\"target\":[\"https:\/\/22bet.team\/pl\/promo-code\/\"]}]},{\"@type\":\"BreadcrumbList\",\"@id\":\"https:\/\/22bet.team\/pl\/promo-code\/#breadcrumb\",\"itemListElement\":[{\"@type\":\"ListItem\",\"position\":1,\"name\":\"Home\",\"item\":\"https:\/\/22bet.team\/pl\/\"},{\"@type\":\"ListItem\",\"position\":2,\"name\":\"Kod promocyjny\"}]},{\"@type\":\"WebSite\",\"@id\":\"https:\/\/22bet.team\/pl\/#website\",\"url\":\"https:\/\/22bet.team\/pl\/\",\"name\":\"22Bet Team pl\",\"description\":\"\",\"potentialAction\":[{\"@type\":\"SearchAction\",\"target\":{\"@type\":\"EntryPoint\",\"urlTemplate\":\"https:\/\/22bet.team\/pl\/?s={search_term_string}\"},\"query-input\":{\"@type\":\"PropertyValueSpecification\",\"valueRequired\":true,\"valueName\":\"search_term_string\"}}],\"inLanguage\":\"pl-PL\"}]}<\/script>\n<!-- \/ Yoast SEO plugin. -->","yoast_head_json":{"title":"Kod promocyjny 22Bet \u1409 Jak otrzyma\u0107 100% bonus do 6000 PLN","description":"Zdob\u0105d\u017a bonus do 6000 PLN z kodem promocyjnym 22Bet! Jeste\u015b nowym graczem? Zdob\u0105d\u017a 30 darmowych spin\u00f3w bez konieczno\u015bci wp\u0142acania depozytu i uzyskaj dost\u0119p do wyj\u0105tkowych ofert. Dowiedz si\u0119, jak zarejestrowa\u0107 si\u0119 i aktywowa\u0107 swoje bonusy.","robots":{"index":"index","follow":"follow","max-snippet":"max-snippet:-1","max-image-preview":"max-image-preview:large","max-video-preview":"max-video-preview:-1"},"canonical":"https:\/\/22bet.team\/pl\/promo-code\/","og_locale":"pl_PL","og_type":"article","og_title":"Kod promocyjny 22Bet \u1409 Jak otrzyma\u0107 100% bonus do 6000 PLN","og_description":"Zdob\u0105d\u017a bonus do 6000 PLN z kodem promocyjnym 22Bet! Jeste\u015b nowym graczem? Zdob\u0105d\u017a 30 darmowych spin\u00f3w bez konieczno\u015bci wp\u0142acania depozytu i uzyskaj dost\u0119p do wyj\u0105tkowych ofert. Dowiedz si\u0119, jak zarejestrowa\u0107 si\u0119 i aktywowa\u0107 swoje bonusy.","og_url":"https:\/\/22bet.team\/pl\/promo-code\/","og_site_name":"22Bet Team pl","article_modified_time":"2025-12-20T07:29:55+00:00","twitter_card":"summary_large_image","schema":{"@context":"https:\/\/schema.org","@graph":[{"@type":"WebPage","@id":"https:\/\/22bet.team\/pl\/promo-code\/","url":"https:\/\/22bet.team\/pl\/promo-code\/","name":"Kod promocyjny 22Bet \u1409 Jak otrzyma\u0107 100% bonus do 6000 PLN","isPartOf":{"@id":"https:\/\/22bet.team\/pl\/#website"},"datePublished":"2025-11-25T06:38:51+00:00","dateModified":"2025-12-20T07:29:55+00:00","description":"Zdob\u0105d\u017a bonus do 6000 PLN z kodem promocyjnym 22Bet! Jeste\u015b nowym graczem? Zdob\u0105d\u017a 30 darmowych spin\u00f3w bez konieczno\u015bci wp\u0142acania depozytu i uzyskaj dost\u0119p do wyj\u0105tkowych ofert. Dowiedz si\u0119, jak zarejestrowa\u0107 si\u0119 i aktywowa\u0107 swoje bonusy.","breadcrumb":{"@id":"https:\/\/22bet.team\/pl\/promo-code\/#breadcrumb"},"inLanguage":"pl-PL","potentialAction":[{"@type":"ReadAction","target":["https:\/\/22bet.team\/pl\/promo-code\/"]}]},{"@type":"BreadcrumbList","@id":"https:\/\/22bet.team\/pl\/promo-code\/#breadcrumb","itemListElement":[{"@type":"ListItem","position":1,"name":"Home","item":"https:\/\/22bet.team\/pl\/"},{"@type":"ListItem","position":2,"name":"Kod promocyjny"}]},{"@type":"WebSite","@id":"https:\/\/22bet.team\/pl\/#website","url":"https:\/\/22bet.team\/pl\/","name":"22Bet Team pl","description":"","potentialAction":[{"@type":"SearchAction","target":{"@type":"EntryPoint","urlTemplate":"https:\/\/22bet.team\/pl\/?s={search_term_string}"},"query-input":{"@type":"PropertyValueSpecification","valueRequired":true,"valueName":"search_term_string"}}],"inLanguage":"pl-PL"}]}},"_links":{"self":[{"href":"https:\/\/22bet.team\/pl\/wp-json\/wp\/v2\/pages\/1044","targetHints":{"allow":["GET"]}}],"collection":[{"href":"https:\/\/22bet.team\/pl\/wp-json\/wp\/v2\/pages"}],"about":[{"href":"https:\/\/22bet.team\/pl\/wp-json\/wp\/v2\/types\/page"}],"author":[{"embeddable":true,"href":"https:\/\/22bet.team\/pl\/wp-json\/wp\/v2\/users\/1"}],"replies":[{"embeddable":true,"href":"https:\/\/22bet.team\/pl\/wp-json\/wp\/v2\/comments?post=1044"}],"version-history":[{"count":9,"href":"https:\/\/22bet.team\/pl\/wp-json\/wp\/v2\/pages\/1044\/revisions"}],"predecessor-version":[{"id":1182,"href":"https:\/\/22bet.team\/pl\/wp-json\/wp\/v2\/pages\/1044\/revisions\/1182"}],"wp:attachment":[{"href":"https:\/\/22bet.team\/pl\/wp-json\/wp\/v2\/media?parent=1044"}],"curies":[{"name":"wp","href":"https:\/\/api.w.org\/{rel}","templated":true}]}}