{"id":1094,"date":"2025-12-02T17:34:13","date_gmt":"2025-12-02T14:34:13","guid":{"rendered":"https:\/\/22bet.team\/pl\/?page_id=1094"},"modified":"2025-12-14T14:04:26","modified_gmt":"2025-12-14T11:04:26","slug":"registration","status":"publish","type":"page","link":"https:\/\/22bet.team\/pl\/registration\/","title":{"rendered":"Rejestracja"},"content":{"rendered":"<ol>\n<li><\/li>\n<\/ol>\n","protected":false},"excerpt":{"rendered":"","protected":false},"author":1,"featured_media":0,"parent":0,"menu_order":0,"comment_status":"closed","ping_status":"closed","template":"","meta":{"_acf_changed":false,"footnotes":""},"class_list":["post-1094","page","type-page","status-publish","hentry"],"acf":[],"yoast_head":"<!-- This site is optimized with the Yoast SEO plugin v26.1.1 - https:\/\/yoast.com\/wordpress\/plugins\/seo\/ -->\n<title>Register at 22Bet \u1409 100% bonus up to 500 PLN on first deposit<\/title>\n<meta name=\"description\" content=\"Jak zarejestrowa\u0107 si\u0119 w serwisie 22Bet i otrzyma\u0107 bonus powitalny? Instrukcje krok po kroku: szybka rejestracja za pomoc\u0105 numeru telefonu, medi\u00f3w spo\u0142eczno\u015bciowych lub adresu e-mail. Logowanie na konto osobiste, weryfikacja i warunki bonusu. Bie\u017c\u0105cy rok.\" \/>\n<meta name=\"robots\" content=\"index, follow, max-snippet:-1, max-image-preview:large, max-video-preview:-1\" \/>\n<link rel=\"canonical\" href=\"https:\/\/22bet.team\/pl\/registration\/\" \/>\n<meta property=\"og:locale\" content=\"pl_PL\" \/>\n<meta property=\"og:type\" content=\"article\" \/>\n<meta property=\"og:title\" content=\"Register at 22Bet \u1409 100% bonus up to 500 PLN on first deposit\" \/>\n<meta property=\"og:description\" content=\"Jak zarejestrowa\u0107 si\u0119 w serwisie 22Bet i otrzyma\u0107 bonus powitalny? Instrukcje krok po kroku: szybka rejestracja za pomoc\u0105 numeru telefonu, medi\u00f3w spo\u0142eczno\u015bciowych lub adresu e-mail. Logowanie na konto osobiste, weryfikacja i warunki bonusu. Bie\u017c\u0105cy rok.\" \/>\n<meta property=\"og:url\" content=\"https:\/\/22bet.team\/pl\/registration\/\" \/>\n<meta property=\"og:site_name\" content=\"22Bet Team pl\" \/>\n<meta property=\"article:modified_time\" content=\"2025-12-14T11:04:26+00:00\" \/>\n<meta name=\"twitter:card\" content=\"summary_large_image\" \/>\n<script type=\"application\/ld+json\" class=\"yoast-schema-graph\">{\"@context\":\"https:\/\/schema.org\",\"@graph\":[{\"@type\":\"WebPage\",\"@id\":\"https:\/\/22bet.team\/pl\/registration\/\",\"url\":\"https:\/\/22bet.team\/pl\/registration\/\",\"name\":\"Register at 22Bet \u1409 100% bonus up to 500 PLN on first deposit\",\"isPartOf\":{\"@id\":\"https:\/\/22bet.team\/pl\/#website\"},\"datePublished\":\"2025-12-02T14:34:13+00:00\",\"dateModified\":\"2025-12-14T11:04:26+00:00\",\"description\":\"Jak zarejestrowa\u0107 si\u0119 w serwisie 22Bet i otrzyma\u0107 bonus powitalny? Instrukcje krok po kroku: szybka rejestracja za pomoc\u0105 numeru telefonu, medi\u00f3w spo\u0142eczno\u015bciowych lub adresu e-mail. Logowanie na konto osobiste, weryfikacja i warunki bonusu. Bie\u017c\u0105cy rok.\",\"breadcrumb\":{\"@id\":\"https:\/\/22bet.team\/pl\/registration\/#breadcrumb\"},\"inLanguage\":\"pl-PL\",\"potentialAction\":[{\"@type\":\"ReadAction\",\"target\":[\"https:\/\/22bet.team\/pl\/registration\/\"]}]},{\"@type\":\"BreadcrumbList\",\"@id\":\"https:\/\/22bet.team\/pl\/registration\/#breadcrumb\",\"itemListElement\":[{\"@type\":\"ListItem\",\"position\":1,\"name\":\"Home\",\"item\":\"https:\/\/22bet.team\/pl\/\"},{\"@type\":\"ListItem\",\"position\":2,\"name\":\"Rejestracja\"}]},{\"@type\":\"WebSite\",\"@id\":\"https:\/\/22bet.team\/pl\/#website\",\"url\":\"https:\/\/22bet.team\/pl\/\",\"name\":\"22Bet Team pl\",\"description\":\"\",\"potentialAction\":[{\"@type\":\"SearchAction\",\"target\":{\"@type\":\"EntryPoint\",\"urlTemplate\":\"https:\/\/22bet.team\/pl\/?s={search_term_string}\"},\"query-input\":{\"@type\":\"PropertyValueSpecification\",\"valueRequired\":true,\"valueName\":\"search_term_string\"}}],\"inLanguage\":\"pl-PL\"}]}<\/script>\n<!-- \/ Yoast SEO plugin. -->","yoast_head_json":{"title":"Register at 22Bet \u1409 100% bonus up to 500 PLN on first deposit","description":"Jak zarejestrowa\u0107 si\u0119 w serwisie 22Bet i otrzyma\u0107 bonus powitalny? Instrukcje krok po kroku: szybka rejestracja za pomoc\u0105 numeru telefonu, medi\u00f3w spo\u0142eczno\u015bciowych lub adresu e-mail. Logowanie na konto osobiste, weryfikacja i warunki bonusu. Bie\u017c\u0105cy rok.","robots":{"index":"index","follow":"follow","max-snippet":"max-snippet:-1","max-image-preview":"max-image-preview:large","max-video-preview":"max-video-preview:-1"},"canonical":"https:\/\/22bet.team\/pl\/registration\/","og_locale":"pl_PL","og_type":"article","og_title":"Register at 22Bet \u1409 100% bonus up to 500 PLN on first deposit","og_description":"Jak zarejestrowa\u0107 si\u0119 w serwisie 22Bet i otrzyma\u0107 bonus powitalny? Instrukcje krok po kroku: szybka rejestracja za pomoc\u0105 numeru telefonu, medi\u00f3w spo\u0142eczno\u015bciowych lub adresu e-mail. Logowanie na konto osobiste, weryfikacja i warunki bonusu. Bie\u017c\u0105cy rok.","og_url":"https:\/\/22bet.team\/pl\/registration\/","og_site_name":"22Bet Team pl","article_modified_time":"2025-12-14T11:04:26+00:00","twitter_card":"summary_large_image","schema":{"@context":"https:\/\/schema.org","@graph":[{"@type":"WebPage","@id":"https:\/\/22bet.team\/pl\/registration\/","url":"https:\/\/22bet.team\/pl\/registration\/","name":"Register at 22Bet \u1409 100% bonus up to 500 PLN on first deposit","isPartOf":{"@id":"https:\/\/22bet.team\/pl\/#website"},"datePublished":"2025-12-02T14:34:13+00:00","dateModified":"2025-12-14T11:04:26+00:00","description":"Jak zarejestrowa\u0107 si\u0119 w serwisie 22Bet i otrzyma\u0107 bonus powitalny? Instrukcje krok po kroku: szybka rejestracja za pomoc\u0105 numeru telefonu, medi\u00f3w spo\u0142eczno\u015bciowych lub adresu e-mail. Logowanie na konto osobiste, weryfikacja i warunki bonusu. Bie\u017c\u0105cy rok.","breadcrumb":{"@id":"https:\/\/22bet.team\/pl\/registration\/#breadcrumb"},"inLanguage":"pl-PL","potentialAction":[{"@type":"ReadAction","target":["https:\/\/22bet.team\/pl\/registration\/"]}]},{"@type":"BreadcrumbList","@id":"https:\/\/22bet.team\/pl\/registration\/#breadcrumb","itemListElement":[{"@type":"ListItem","position":1,"name":"Home","item":"https:\/\/22bet.team\/pl\/"},{"@type":"ListItem","position":2,"name":"Rejestracja"}]},{"@type":"WebSite","@id":"https:\/\/22bet.team\/pl\/#website","url":"https:\/\/22bet.team\/pl\/","name":"22Bet Team pl","description":"","potentialAction":[{"@type":"SearchAction","target":{"@type":"EntryPoint","urlTemplate":"https:\/\/22bet.team\/pl\/?s={search_term_string}"},"query-input":{"@type":"PropertyValueSpecification","valueRequired":true,"valueName":"search_term_string"}}],"inLanguage":"pl-PL"}]}},"_links":{"self":[{"href":"https:\/\/22bet.team\/pl\/wp-json\/wp\/v2\/pages\/1094","targetHints":{"allow":["GET"]}}],"collection":[{"href":"https:\/\/22bet.team\/pl\/wp-json\/wp\/v2\/pages"}],"about":[{"href":"https:\/\/22bet.team\/pl\/wp-json\/wp\/v2\/types\/page"}],"author":[{"embeddable":true,"href":"https:\/\/22bet.team\/pl\/wp-json\/wp\/v2\/users\/1"}],"replies":[{"embeddable":true,"href":"https:\/\/22bet.team\/pl\/wp-json\/wp\/v2\/comments?post=1094"}],"version-history":[{"count":8,"href":"https:\/\/22bet.team\/pl\/wp-json\/wp\/v2\/pages\/1094\/revisions"}],"predecessor-version":[{"id":1177,"href":"https:\/\/22bet.team\/pl\/wp-json\/wp\/v2\/pages\/1094\/revisions\/1177"}],"wp:attachment":[{"href":"https:\/\/22bet.team\/pl\/wp-json\/wp\/v2\/media?parent=1094"}],"curies":[{"name":"wp","href":"https:\/\/api.w.org\/{rel}","templated":true}]}}