{"id":2,"date":"2025-08-22T14:28:47","date_gmt":"2025-08-22T11:28:47","guid":{"rendered":"https:\/\/22bet.team\/pl\/?page_id=2"},"modified":"2025-12-20T10:29:01","modified_gmt":"2025-12-20T07:29:01","slug":"home","status":"publish","type":"page","link":"https:\/\/22bet.team\/pl\/","title":{"rendered":"Strona g\u0142\u00f3wna"},"content":{"rendered":"","protected":false},"excerpt":{"rendered":"","protected":false},"author":1,"featured_media":0,"parent":0,"menu_order":0,"comment_status":"closed","ping_status":"closed","template":"","meta":{"_acf_changed":false,"footnotes":""},"class_list":["post-2","page","type-page","status-publish","hentry"],"acf":[],"yoast_head":"<!-- This site is optimized with the Yoast SEO plugin v26.1.1 - https:\/\/yoast.com\/wordpress\/plugins\/seo\/ -->\n<title>22Bet Zak\u0142ady Sportowe i Kasyno | Kursy sportowe, Gry, Bonusy<\/title>\n<meta name=\"description\" content=\"22Bet \u2013 czo\u0142owa platforma bukmacherska online oferuj\u0105ca szeroki wyb\u00f3r zak\u0142ad\u00f3w sportowych i wyj\u0105tkowe wra\u017cenia kasynowe. Odkryj hojne bonusy, funkcje zak\u0142ad\u00f3w na \u017cywo i konkurencyjne kursy zar\u00f3wno dla nowych, jak i do\u015bwiadczonych graczy.\" \/>\n<meta name=\"robots\" content=\"index, follow, max-snippet:-1, max-image-preview:large, max-video-preview:-1\" \/>\n<link rel=\"canonical\" href=\"https:\/\/22bet.team\/pl\/\" \/>\n<meta property=\"og:locale\" content=\"pl_PL\" \/>\n<meta property=\"og:type\" content=\"article\" \/>\n<meta property=\"og:title\" content=\"22Bet Zak\u0142ady Sportowe i Kasyno | Kursy sportowe, Gry, Bonusy\" \/>\n<meta property=\"og:description\" content=\"22Bet \u2013 czo\u0142owa platforma bukmacherska online oferuj\u0105ca szeroki wyb\u00f3r zak\u0142ad\u00f3w sportowych i wyj\u0105tkowe wra\u017cenia kasynowe. Odkryj hojne bonusy, funkcje zak\u0142ad\u00f3w na \u017cywo i konkurencyjne kursy zar\u00f3wno dla nowych, jak i do\u015bwiadczonych graczy.\" \/>\n<meta property=\"og:url\" content=\"https:\/\/22bet.team\/pl\/\" \/>\n<meta property=\"og:site_name\" content=\"22Bet Team pl\" \/>\n<meta property=\"article:modified_time\" content=\"2025-12-20T07:29:01+00:00\" \/>\n<meta name=\"twitter:card\" content=\"summary_large_image\" \/>\n<script type=\"application\/ld+json\" class=\"yoast-schema-graph\">{\"@context\":\"https:\/\/schema.org\",\"@graph\":[{\"@type\":\"WebPage\",\"@id\":\"https:\/\/22bet.team\/pl\/\",\"url\":\"https:\/\/22bet.team\/pl\/\",\"name\":\"22Bet Zak\u0142ady Sportowe i Kasyno | Kursy sportowe, Gry, Bonusy\",\"isPartOf\":{\"@id\":\"https:\/\/22bet.team\/pl\/#website\"},\"datePublished\":\"2025-08-22T11:28:47+00:00\",\"dateModified\":\"2025-12-20T07:29:01+00:00\",\"description\":\"22Bet \u2013 czo\u0142owa platforma bukmacherska online oferuj\u0105ca szeroki wyb\u00f3r zak\u0142ad\u00f3w sportowych i wyj\u0105tkowe wra\u017cenia kasynowe. Odkryj hojne bonusy, funkcje zak\u0142ad\u00f3w na \u017cywo i konkurencyjne kursy zar\u00f3wno dla nowych, jak i do\u015bwiadczonych graczy.\",\"breadcrumb\":{\"@id\":\"https:\/\/22bet.team\/pl\/#breadcrumb\"},\"inLanguage\":\"pl-PL\",\"potentialAction\":[{\"@type\":\"ReadAction\",\"target\":[\"https:\/\/22bet.team\/pl\/\"]}]},{\"@type\":\"BreadcrumbList\",\"@id\":\"https:\/\/22bet.team\/pl\/#breadcrumb\",\"itemListElement\":[{\"@type\":\"ListItem\",\"position\":1,\"name\":\"Home\",\"item\":\"https:\/\/22bet.team\/pl\/\"},{\"@type\":\"ListItem\",\"position\":2,\"name\":\"Strona g\u0142\u00f3wna\"}]},{\"@type\":\"WebSite\",\"@id\":\"https:\/\/22bet.team\/pl\/#website\",\"url\":\"https:\/\/22bet.team\/pl\/\",\"name\":\"22Bet Team pl\",\"description\":\"\",\"potentialAction\":[{\"@type\":\"SearchAction\",\"target\":{\"@type\":\"EntryPoint\",\"urlTemplate\":\"https:\/\/22bet.team\/pl\/?s={search_term_string}\"},\"query-input\":{\"@type\":\"PropertyValueSpecification\",\"valueRequired\":true,\"valueName\":\"search_term_string\"}}],\"inLanguage\":\"pl-PL\"}]}<\/script>\n<!-- \/ Yoast SEO plugin. -->","yoast_head_json":{"title":"22Bet Zak\u0142ady Sportowe i Kasyno | Kursy sportowe, Gry, Bonusy","description":"22Bet \u2013 czo\u0142owa platforma bukmacherska online oferuj\u0105ca szeroki wyb\u00f3r zak\u0142ad\u00f3w sportowych i wyj\u0105tkowe wra\u017cenia kasynowe. Odkryj hojne bonusy, funkcje zak\u0142ad\u00f3w na \u017cywo i konkurencyjne kursy zar\u00f3wno dla nowych, jak i do\u015bwiadczonych graczy.","robots":{"index":"index","follow":"follow","max-snippet":"max-snippet:-1","max-image-preview":"max-image-preview:large","max-video-preview":"max-video-preview:-1"},"canonical":"https:\/\/22bet.team\/pl\/","og_locale":"pl_PL","og_type":"article","og_title":"22Bet Zak\u0142ady Sportowe i Kasyno | Kursy sportowe, Gry, Bonusy","og_description":"22Bet \u2013 czo\u0142owa platforma bukmacherska online oferuj\u0105ca szeroki wyb\u00f3r zak\u0142ad\u00f3w sportowych i wyj\u0105tkowe wra\u017cenia kasynowe. Odkryj hojne bonusy, funkcje zak\u0142ad\u00f3w na \u017cywo i konkurencyjne kursy zar\u00f3wno dla nowych, jak i do\u015bwiadczonych graczy.","og_url":"https:\/\/22bet.team\/pl\/","og_site_name":"22Bet Team pl","article_modified_time":"2025-12-20T07:29:01+00:00","twitter_card":"summary_large_image","schema":{"@context":"https:\/\/schema.org","@graph":[{"@type":"WebPage","@id":"https:\/\/22bet.team\/pl\/","url":"https:\/\/22bet.team\/pl\/","name":"22Bet Zak\u0142ady Sportowe i Kasyno | Kursy sportowe, Gry, Bonusy","isPartOf":{"@id":"https:\/\/22bet.team\/pl\/#website"},"datePublished":"2025-08-22T11:28:47+00:00","dateModified":"2025-12-20T07:29:01+00:00","description":"22Bet \u2013 czo\u0142owa platforma bukmacherska online oferuj\u0105ca szeroki wyb\u00f3r zak\u0142ad\u00f3w sportowych i wyj\u0105tkowe wra\u017cenia kasynowe. Odkryj hojne bonusy, funkcje zak\u0142ad\u00f3w na \u017cywo i konkurencyjne kursy zar\u00f3wno dla nowych, jak i do\u015bwiadczonych graczy.","breadcrumb":{"@id":"https:\/\/22bet.team\/pl\/#breadcrumb"},"inLanguage":"pl-PL","potentialAction":[{"@type":"ReadAction","target":["https:\/\/22bet.team\/pl\/"]}]},{"@type":"BreadcrumbList","@id":"https:\/\/22bet.team\/pl\/#breadcrumb","itemListElement":[{"@type":"ListItem","position":1,"name":"Home","item":"https:\/\/22bet.team\/pl\/"},{"@type":"ListItem","position":2,"name":"Strona g\u0142\u00f3wna"}]},{"@type":"WebSite","@id":"https:\/\/22bet.team\/pl\/#website","url":"https:\/\/22bet.team\/pl\/","name":"22Bet Team pl","description":"","potentialAction":[{"@type":"SearchAction","target":{"@type":"EntryPoint","urlTemplate":"https:\/\/22bet.team\/pl\/?s={search_term_string}"},"query-input":{"@type":"PropertyValueSpecification","valueRequired":true,"valueName":"search_term_string"}}],"inLanguage":"pl-PL"}]}},"_links":{"self":[{"href":"https:\/\/22bet.team\/pl\/wp-json\/wp\/v2\/pages\/2","targetHints":{"allow":["GET"]}}],"collection":[{"href":"https:\/\/22bet.team\/pl\/wp-json\/wp\/v2\/pages"}],"about":[{"href":"https:\/\/22bet.team\/pl\/wp-json\/wp\/v2\/types\/page"}],"author":[{"embeddable":true,"href":"https:\/\/22bet.team\/pl\/wp-json\/wp\/v2\/users\/1"}],"replies":[{"embeddable":true,"href":"https:\/\/22bet.team\/pl\/wp-json\/wp\/v2\/comments?post=2"}],"version-history":[{"count":84,"href":"https:\/\/22bet.team\/pl\/wp-json\/wp\/v2\/pages\/2\/revisions"}],"predecessor-version":[{"id":1181,"href":"https:\/\/22bet.team\/pl\/wp-json\/wp\/v2\/pages\/2\/revisions\/1181"}],"wp:attachment":[{"href":"https:\/\/22bet.team\/pl\/wp-json\/wp\/v2\/media?parent=2"}],"curies":[{"name":"wp","href":"https:\/\/api.w.org\/{rel}","templated":true}]}}