{"id":830,"date":"2025-11-14T09:42:58","date_gmt":"2025-11-14T06:42:58","guid":{"rendered":"https:\/\/22bet.team\/pl\/?page_id=830"},"modified":"2025-12-13T23:29:44","modified_gmt":"2025-12-13T20:29:44","slug":"app","status":"publish","type":"page","link":"https:\/\/22bet.team\/pl\/app\/","title":{"rendered":"Aplikacja"},"content":{"rendered":"","protected":false},"excerpt":{"rendered":"","protected":false},"author":1,"featured_media":0,"parent":0,"menu_order":0,"comment_status":"closed","ping_status":"closed","template":"","meta":{"_acf_changed":false,"footnotes":""},"class_list":["post-830","page","type-page","status-publish","hentry"],"acf":[],"yoast_head":"<!-- This site is optimized with the Yoast SEO plugin v26.1.1 - https:\/\/yoast.com\/wordpress\/plugins\/seo\/ -->\n<title>Aplikacja 22Bet \u2b07\ufe0f Mobilny zak\u0142ad sportowy i kasyno<\/title>\n<meta name=\"description\" content=\"Aplikacja 22Bet \u2014 pobierz j\u0105 na Androida i iOS i uzyskaj natychmiastowy dost\u0119p do zak\u0142ad\u00f3w na \u017cywo, kasyna, bonus\u00f3w i szybkich p\u0142atno\u015bci. Nowoczesny, wygodny i bezpieczny interfejs mobilny.\" \/>\n<meta name=\"robots\" content=\"index, follow, max-snippet:-1, max-image-preview:large, max-video-preview:-1\" \/>\n<link rel=\"canonical\" href=\"https:\/\/22bet.team\/pl\/app\/\" \/>\n<meta property=\"og:locale\" content=\"pl_PL\" \/>\n<meta property=\"og:type\" content=\"article\" \/>\n<meta property=\"og:title\" content=\"Aplikacja 22Bet \u2b07\ufe0f Mobilny zak\u0142ad sportowy i kasyno\" \/>\n<meta property=\"og:description\" content=\"Aplikacja 22Bet \u2014 pobierz j\u0105 na Androida i iOS i uzyskaj natychmiastowy dost\u0119p do zak\u0142ad\u00f3w na \u017cywo, kasyna, bonus\u00f3w i szybkich p\u0142atno\u015bci. Nowoczesny, wygodny i bezpieczny interfejs mobilny.\" \/>\n<meta property=\"og:url\" content=\"https:\/\/22bet.team\/pl\/app\/\" \/>\n<meta property=\"og:site_name\" content=\"22Bet Team pl\" \/>\n<meta property=\"article:modified_time\" content=\"2025-12-13T20:29:44+00:00\" \/>\n<meta name=\"twitter:card\" content=\"summary_large_image\" \/>\n<script type=\"application\/ld+json\" class=\"yoast-schema-graph\">{\"@context\":\"https:\/\/schema.org\",\"@graph\":[{\"@type\":\"WebPage\",\"@id\":\"https:\/\/22bet.team\/pl\/app\/\",\"url\":\"https:\/\/22bet.team\/pl\/app\/\",\"name\":\"Aplikacja 22Bet \u2b07\ufe0f Mobilny zak\u0142ad sportowy i kasyno\",\"isPartOf\":{\"@id\":\"https:\/\/22bet.team\/pl\/#website\"},\"datePublished\":\"2025-11-14T06:42:58+00:00\",\"dateModified\":\"2025-12-13T20:29:44+00:00\",\"description\":\"Aplikacja 22Bet \u2014 pobierz j\u0105 na Androida i iOS i uzyskaj natychmiastowy dost\u0119p do zak\u0142ad\u00f3w na \u017cywo, kasyna, bonus\u00f3w i szybkich p\u0142atno\u015bci. Nowoczesny, wygodny i bezpieczny interfejs mobilny.\",\"breadcrumb\":{\"@id\":\"https:\/\/22bet.team\/pl\/app\/#breadcrumb\"},\"inLanguage\":\"pl-PL\",\"potentialAction\":[{\"@type\":\"ReadAction\",\"target\":[\"https:\/\/22bet.team\/pl\/app\/\"]}]},{\"@type\":\"BreadcrumbList\",\"@id\":\"https:\/\/22bet.team\/pl\/app\/#breadcrumb\",\"itemListElement\":[{\"@type\":\"ListItem\",\"position\":1,\"name\":\"Home\",\"item\":\"https:\/\/22bet.team\/pl\/\"},{\"@type\":\"ListItem\",\"position\":2,\"name\":\"Aplikacja\"}]},{\"@type\":\"WebSite\",\"@id\":\"https:\/\/22bet.team\/pl\/#website\",\"url\":\"https:\/\/22bet.team\/pl\/\",\"name\":\"22Bet Team pl\",\"description\":\"\",\"potentialAction\":[{\"@type\":\"SearchAction\",\"target\":{\"@type\":\"EntryPoint\",\"urlTemplate\":\"https:\/\/22bet.team\/pl\/?s={search_term_string}\"},\"query-input\":{\"@type\":\"PropertyValueSpecification\",\"valueRequired\":true,\"valueName\":\"search_term_string\"}}],\"inLanguage\":\"pl-PL\"}]}<\/script>\n<!-- \/ Yoast SEO plugin. -->","yoast_head_json":{"title":"Aplikacja 22Bet \u2b07\ufe0f Mobilny zak\u0142ad sportowy i kasyno","description":"Aplikacja 22Bet \u2014 pobierz j\u0105 na Androida i iOS i uzyskaj natychmiastowy dost\u0119p do zak\u0142ad\u00f3w na \u017cywo, kasyna, bonus\u00f3w i szybkich p\u0142atno\u015bci. Nowoczesny, wygodny i bezpieczny interfejs mobilny.","robots":{"index":"index","follow":"follow","max-snippet":"max-snippet:-1","max-image-preview":"max-image-preview:large","max-video-preview":"max-video-preview:-1"},"canonical":"https:\/\/22bet.team\/pl\/app\/","og_locale":"pl_PL","og_type":"article","og_title":"Aplikacja 22Bet \u2b07\ufe0f Mobilny zak\u0142ad sportowy i kasyno","og_description":"Aplikacja 22Bet \u2014 pobierz j\u0105 na Androida i iOS i uzyskaj natychmiastowy dost\u0119p do zak\u0142ad\u00f3w na \u017cywo, kasyna, bonus\u00f3w i szybkich p\u0142atno\u015bci. Nowoczesny, wygodny i bezpieczny interfejs mobilny.","og_url":"https:\/\/22bet.team\/pl\/app\/","og_site_name":"22Bet Team pl","article_modified_time":"2025-12-13T20:29:44+00:00","twitter_card":"summary_large_image","schema":{"@context":"https:\/\/schema.org","@graph":[{"@type":"WebPage","@id":"https:\/\/22bet.team\/pl\/app\/","url":"https:\/\/22bet.team\/pl\/app\/","name":"Aplikacja 22Bet \u2b07\ufe0f Mobilny zak\u0142ad sportowy i kasyno","isPartOf":{"@id":"https:\/\/22bet.team\/pl\/#website"},"datePublished":"2025-11-14T06:42:58+00:00","dateModified":"2025-12-13T20:29:44+00:00","description":"Aplikacja 22Bet \u2014 pobierz j\u0105 na Androida i iOS i uzyskaj natychmiastowy dost\u0119p do zak\u0142ad\u00f3w na \u017cywo, kasyna, bonus\u00f3w i szybkich p\u0142atno\u015bci. Nowoczesny, wygodny i bezpieczny interfejs mobilny.","breadcrumb":{"@id":"https:\/\/22bet.team\/pl\/app\/#breadcrumb"},"inLanguage":"pl-PL","potentialAction":[{"@type":"ReadAction","target":["https:\/\/22bet.team\/pl\/app\/"]}]},{"@type":"BreadcrumbList","@id":"https:\/\/22bet.team\/pl\/app\/#breadcrumb","itemListElement":[{"@type":"ListItem","position":1,"name":"Home","item":"https:\/\/22bet.team\/pl\/"},{"@type":"ListItem","position":2,"name":"Aplikacja"}]},{"@type":"WebSite","@id":"https:\/\/22bet.team\/pl\/#website","url":"https:\/\/22bet.team\/pl\/","name":"22Bet Team pl","description":"","potentialAction":[{"@type":"SearchAction","target":{"@type":"EntryPoint","urlTemplate":"https:\/\/22bet.team\/pl\/?s={search_term_string}"},"query-input":{"@type":"PropertyValueSpecification","valueRequired":true,"valueName":"search_term_string"}}],"inLanguage":"pl-PL"}]}},"_links":{"self":[{"href":"https:\/\/22bet.team\/pl\/wp-json\/wp\/v2\/pages\/830","targetHints":{"allow":["GET"]}}],"collection":[{"href":"https:\/\/22bet.team\/pl\/wp-json\/wp\/v2\/pages"}],"about":[{"href":"https:\/\/22bet.team\/pl\/wp-json\/wp\/v2\/types\/page"}],"author":[{"embeddable":true,"href":"https:\/\/22bet.team\/pl\/wp-json\/wp\/v2\/users\/1"}],"replies":[{"embeddable":true,"href":"https:\/\/22bet.team\/pl\/wp-json\/wp\/v2\/comments?post=830"}],"version-history":[{"count":15,"href":"https:\/\/22bet.team\/pl\/wp-json\/wp\/v2\/pages\/830\/revisions"}],"predecessor-version":[{"id":1163,"href":"https:\/\/22bet.team\/pl\/wp-json\/wp\/v2\/pages\/830\/revisions\/1163"}],"wp:attachment":[{"href":"https:\/\/22bet.team\/pl\/wp-json\/wp\/v2\/media?parent=830"}],"curies":[{"name":"wp","href":"https:\/\/api.w.org\/{rel}","templated":true}]}}