{"id":961,"date":"2025-11-19T09:25:55","date_gmt":"2025-11-19T06:25:55","guid":{"rendered":"https:\/\/22bet.team\/pl\/?page_id=961"},"modified":"2025-12-13T23:15:44","modified_gmt":"2025-12-13T20:15:44","slug":"apk","status":"publish","type":"page","link":"https:\/\/22bet.team\/pl\/apk\/","title":{"rendered":"Apk"},"content":{"rendered":"","protected":false},"excerpt":{"rendered":"","protected":false},"author":1,"featured_media":0,"parent":0,"menu_order":0,"comment_status":"closed","ping_status":"closed","template":"","meta":{"_acf_changed":false,"footnotes":""},"class_list":["post-961","page","type-page","status-publish","hentry"],"acf":[],"yoast_head":"<!-- This site is optimized with the Yoast SEO plugin v26.1.1 - https:\/\/yoast.com\/wordpress\/plugins\/seo\/ -->\n<title>Pobierz 22Bet APK \u1409 Aplikacja do zak\u0142ad\u00f3w sportowych i kasyna<\/title>\n<meta name=\"description\" content=\"Pobierz aplikacj\u0119 22Bet APK do zak\u0142ad\u00f3w sportowych i gier hazardowych. Uzyskaj dost\u0119p do ponad 20 dyscyplin sportowych, wysokich kurs\u00f3w i wyj\u0105tkowych bonus\u00f3w dla nowych u\u017cytkownik\u00f3w. Graj i wygrywaj bezpo\u015brednio na swoim urz\u0105dzeniu z systemem Android!\" \/>\n<meta name=\"robots\" content=\"index, follow, max-snippet:-1, max-image-preview:large, max-video-preview:-1\" \/>\n<link rel=\"canonical\" href=\"https:\/\/22bet.team\/pl\/apk\/\" \/>\n<meta property=\"og:locale\" content=\"pl_PL\" \/>\n<meta property=\"og:type\" content=\"article\" \/>\n<meta property=\"og:title\" content=\"Pobierz 22Bet APK \u1409 Aplikacja do zak\u0142ad\u00f3w sportowych i kasyna\" \/>\n<meta property=\"og:description\" content=\"Pobierz aplikacj\u0119 22Bet APK do zak\u0142ad\u00f3w sportowych i gier hazardowych. Uzyskaj dost\u0119p do ponad 20 dyscyplin sportowych, wysokich kurs\u00f3w i wyj\u0105tkowych bonus\u00f3w dla nowych u\u017cytkownik\u00f3w. Graj i wygrywaj bezpo\u015brednio na swoim urz\u0105dzeniu z systemem Android!\" \/>\n<meta property=\"og:url\" content=\"https:\/\/22bet.team\/pl\/apk\/\" \/>\n<meta property=\"og:site_name\" content=\"22Bet Team pl\" \/>\n<meta property=\"article:modified_time\" content=\"2025-12-13T20:15:44+00:00\" \/>\n<meta name=\"twitter:card\" content=\"summary_large_image\" \/>\n<script type=\"application\/ld+json\" class=\"yoast-schema-graph\">{\"@context\":\"https:\/\/schema.org\",\"@graph\":[{\"@type\":\"WebPage\",\"@id\":\"https:\/\/22bet.team\/pl\/apk\/\",\"url\":\"https:\/\/22bet.team\/pl\/apk\/\",\"name\":\"Pobierz 22Bet APK \u1409 Aplikacja do zak\u0142ad\u00f3w sportowych i kasyna\",\"isPartOf\":{\"@id\":\"https:\/\/22bet.team\/pl\/#website\"},\"datePublished\":\"2025-11-19T06:25:55+00:00\",\"dateModified\":\"2025-12-13T20:15:44+00:00\",\"description\":\"Pobierz aplikacj\u0119 22Bet APK do zak\u0142ad\u00f3w sportowych i gier hazardowych. Uzyskaj dost\u0119p do ponad 20 dyscyplin sportowych, wysokich kurs\u00f3w i wyj\u0105tkowych bonus\u00f3w dla nowych u\u017cytkownik\u00f3w. Graj i wygrywaj bezpo\u015brednio na swoim urz\u0105dzeniu z systemem Android!\",\"breadcrumb\":{\"@id\":\"https:\/\/22bet.team\/pl\/apk\/#breadcrumb\"},\"inLanguage\":\"pl-PL\",\"potentialAction\":[{\"@type\":\"ReadAction\",\"target\":[\"https:\/\/22bet.team\/pl\/apk\/\"]}]},{\"@type\":\"BreadcrumbList\",\"@id\":\"https:\/\/22bet.team\/pl\/apk\/#breadcrumb\",\"itemListElement\":[{\"@type\":\"ListItem\",\"position\":1,\"name\":\"Home\",\"item\":\"https:\/\/22bet.team\/pl\/\"},{\"@type\":\"ListItem\",\"position\":2,\"name\":\"Apk\"}]},{\"@type\":\"WebSite\",\"@id\":\"https:\/\/22bet.team\/pl\/#website\",\"url\":\"https:\/\/22bet.team\/pl\/\",\"name\":\"22Bet Team pl\",\"description\":\"\",\"potentialAction\":[{\"@type\":\"SearchAction\",\"target\":{\"@type\":\"EntryPoint\",\"urlTemplate\":\"https:\/\/22bet.team\/pl\/?s={search_term_string}\"},\"query-input\":{\"@type\":\"PropertyValueSpecification\",\"valueRequired\":true,\"valueName\":\"search_term_string\"}}],\"inLanguage\":\"pl-PL\"}]}<\/script>\n<!-- \/ Yoast SEO plugin. -->","yoast_head_json":{"title":"Pobierz 22Bet APK \u1409 Aplikacja do zak\u0142ad\u00f3w sportowych i kasyna","description":"Pobierz aplikacj\u0119 22Bet APK do zak\u0142ad\u00f3w sportowych i gier hazardowych. Uzyskaj dost\u0119p do ponad 20 dyscyplin sportowych, wysokich kurs\u00f3w i wyj\u0105tkowych bonus\u00f3w dla nowych u\u017cytkownik\u00f3w. Graj i wygrywaj bezpo\u015brednio na swoim urz\u0105dzeniu z systemem Android!","robots":{"index":"index","follow":"follow","max-snippet":"max-snippet:-1","max-image-preview":"max-image-preview:large","max-video-preview":"max-video-preview:-1"},"canonical":"https:\/\/22bet.team\/pl\/apk\/","og_locale":"pl_PL","og_type":"article","og_title":"Pobierz 22Bet APK \u1409 Aplikacja do zak\u0142ad\u00f3w sportowych i kasyna","og_description":"Pobierz aplikacj\u0119 22Bet APK do zak\u0142ad\u00f3w sportowych i gier hazardowych. Uzyskaj dost\u0119p do ponad 20 dyscyplin sportowych, wysokich kurs\u00f3w i wyj\u0105tkowych bonus\u00f3w dla nowych u\u017cytkownik\u00f3w. Graj i wygrywaj bezpo\u015brednio na swoim urz\u0105dzeniu z systemem Android!","og_url":"https:\/\/22bet.team\/pl\/apk\/","og_site_name":"22Bet Team pl","article_modified_time":"2025-12-13T20:15:44+00:00","twitter_card":"summary_large_image","schema":{"@context":"https:\/\/schema.org","@graph":[{"@type":"WebPage","@id":"https:\/\/22bet.team\/pl\/apk\/","url":"https:\/\/22bet.team\/pl\/apk\/","name":"Pobierz 22Bet APK \u1409 Aplikacja do zak\u0142ad\u00f3w sportowych i kasyna","isPartOf":{"@id":"https:\/\/22bet.team\/pl\/#website"},"datePublished":"2025-11-19T06:25:55+00:00","dateModified":"2025-12-13T20:15:44+00:00","description":"Pobierz aplikacj\u0119 22Bet APK do zak\u0142ad\u00f3w sportowych i gier hazardowych. Uzyskaj dost\u0119p do ponad 20 dyscyplin sportowych, wysokich kurs\u00f3w i wyj\u0105tkowych bonus\u00f3w dla nowych u\u017cytkownik\u00f3w. Graj i wygrywaj bezpo\u015brednio na swoim urz\u0105dzeniu z systemem Android!","breadcrumb":{"@id":"https:\/\/22bet.team\/pl\/apk\/#breadcrumb"},"inLanguage":"pl-PL","potentialAction":[{"@type":"ReadAction","target":["https:\/\/22bet.team\/pl\/apk\/"]}]},{"@type":"BreadcrumbList","@id":"https:\/\/22bet.team\/pl\/apk\/#breadcrumb","itemListElement":[{"@type":"ListItem","position":1,"name":"Home","item":"https:\/\/22bet.team\/pl\/"},{"@type":"ListItem","position":2,"name":"Apk"}]},{"@type":"WebSite","@id":"https:\/\/22bet.team\/pl\/#website","url":"https:\/\/22bet.team\/pl\/","name":"22Bet Team pl","description":"","potentialAction":[{"@type":"SearchAction","target":{"@type":"EntryPoint","urlTemplate":"https:\/\/22bet.team\/pl\/?s={search_term_string}"},"query-input":{"@type":"PropertyValueSpecification","valueRequired":true,"valueName":"search_term_string"}}],"inLanguage":"pl-PL"}]}},"_links":{"self":[{"href":"https:\/\/22bet.team\/pl\/wp-json\/wp\/v2\/pages\/961","targetHints":{"allow":["GET"]}}],"collection":[{"href":"https:\/\/22bet.team\/pl\/wp-json\/wp\/v2\/pages"}],"about":[{"href":"https:\/\/22bet.team\/pl\/wp-json\/wp\/v2\/types\/page"}],"author":[{"embeddable":true,"href":"https:\/\/22bet.team\/pl\/wp-json\/wp\/v2\/users\/1"}],"replies":[{"embeddable":true,"href":"https:\/\/22bet.team\/pl\/wp-json\/wp\/v2\/comments?post=961"}],"version-history":[{"count":9,"href":"https:\/\/22bet.team\/pl\/wp-json\/wp\/v2\/pages\/961\/revisions"}],"predecessor-version":[{"id":1161,"href":"https:\/\/22bet.team\/pl\/wp-json\/wp\/v2\/pages\/961\/revisions\/1161"}],"wp:attachment":[{"href":"https:\/\/22bet.team\/pl\/wp-json\/wp\/v2\/media?parent=961"}],"curies":[{"name":"wp","href":"https:\/\/api.w.org\/{rel}","templated":true}]}}