{"id":987,"date":"2025-11-20T10:37:40","date_gmt":"2025-11-20T07:37:40","guid":{"rendered":"https:\/\/22bet.team\/pl\/?page_id=987"},"modified":"2025-12-14T21:14:21","modified_gmt":"2025-12-14T18:14:21","slug":"casino","status":"publish","type":"page","link":"https:\/\/22bet.team\/pl\/casino\/","title":{"rendered":"Kasyno"},"content":{"rendered":"","protected":false},"excerpt":{"rendered":"","protected":false},"author":1,"featured_media":0,"parent":0,"menu_order":0,"comment_status":"closed","ping_status":"closed","template":"","meta":{"_acf_changed":false,"footnotes":""},"class_list":["post-987","page","type-page","status-publish","hentry"],"acf":[],"yoast_head":"<!-- This site is optimized with the Yoast SEO plugin v26.1.1 - https:\/\/yoast.com\/wordpress\/plugins\/seo\/ -->\n<title>Kasyno 22Bet | Najlepsze gry, bonusy, gry na \u017cywo<\/title>\n<meta name=\"description\" content=\"Zanurz si\u0119 w \u015bwiecie hazardu z kasynem 22Bet! Ciesz si\u0119 ekscytuj\u0105cymi automatami, wspania\u0142ymi grami na \u017cywo i hojnymi bonusami do 6000 PLN. Do\u0142\u0105cz do 22Bet i ciesz si\u0119 niezr\u00f3wnanymi wra\u017ceniami z gry w bezpiecznym i licencjonowanym \u015brodowisku.\" \/>\n<meta name=\"robots\" content=\"index, follow, max-snippet:-1, max-image-preview:large, max-video-preview:-1\" \/>\n<link rel=\"canonical\" href=\"https:\/\/22bet.team\/pl\/casino\/\" \/>\n<meta property=\"og:locale\" content=\"pl_PL\" \/>\n<meta property=\"og:type\" content=\"article\" \/>\n<meta property=\"og:title\" content=\"Kasyno 22Bet | Najlepsze gry, bonusy, gry na \u017cywo\" \/>\n<meta property=\"og:description\" content=\"Zanurz si\u0119 w \u015bwiecie hazardu z kasynem 22Bet! Ciesz si\u0119 ekscytuj\u0105cymi automatami, wspania\u0142ymi grami na \u017cywo i hojnymi bonusami do 6000 PLN. Do\u0142\u0105cz do 22Bet i ciesz si\u0119 niezr\u00f3wnanymi wra\u017ceniami z gry w bezpiecznym i licencjonowanym \u015brodowisku.\" \/>\n<meta property=\"og:url\" content=\"https:\/\/22bet.team\/pl\/casino\/\" \/>\n<meta property=\"og:site_name\" content=\"22Bet Team pl\" \/>\n<meta property=\"article:modified_time\" content=\"2025-12-14T18:14:21+00:00\" \/>\n<meta name=\"twitter:card\" content=\"summary_large_image\" \/>\n<script type=\"application\/ld+json\" class=\"yoast-schema-graph\">{\"@context\":\"https:\/\/schema.org\",\"@graph\":[{\"@type\":\"WebPage\",\"@id\":\"https:\/\/22bet.team\/pl\/casino\/\",\"url\":\"https:\/\/22bet.team\/pl\/casino\/\",\"name\":\"Kasyno 22Bet | Najlepsze gry, bonusy, gry na \u017cywo\",\"isPartOf\":{\"@id\":\"https:\/\/22bet.team\/pl\/#website\"},\"datePublished\":\"2025-11-20T07:37:40+00:00\",\"dateModified\":\"2025-12-14T18:14:21+00:00\",\"description\":\"Zanurz si\u0119 w \u015bwiecie hazardu z kasynem 22Bet! Ciesz si\u0119 ekscytuj\u0105cymi automatami, wspania\u0142ymi grami na \u017cywo i hojnymi bonusami do 6000 PLN. Do\u0142\u0105cz do 22Bet i ciesz si\u0119 niezr\u00f3wnanymi wra\u017ceniami z gry w bezpiecznym i licencjonowanym \u015brodowisku.\",\"breadcrumb\":{\"@id\":\"https:\/\/22bet.team\/pl\/casino\/#breadcrumb\"},\"inLanguage\":\"pl-PL\",\"potentialAction\":[{\"@type\":\"ReadAction\",\"target\":[\"https:\/\/22bet.team\/pl\/casino\/\"]}]},{\"@type\":\"BreadcrumbList\",\"@id\":\"https:\/\/22bet.team\/pl\/casino\/#breadcrumb\",\"itemListElement\":[{\"@type\":\"ListItem\",\"position\":1,\"name\":\"Home\",\"item\":\"https:\/\/22bet.team\/pl\/\"},{\"@type\":\"ListItem\",\"position\":2,\"name\":\"Kasyno\"}]},{\"@type\":\"WebSite\",\"@id\":\"https:\/\/22bet.team\/pl\/#website\",\"url\":\"https:\/\/22bet.team\/pl\/\",\"name\":\"22Bet Team pl\",\"description\":\"\",\"potentialAction\":[{\"@type\":\"SearchAction\",\"target\":{\"@type\":\"EntryPoint\",\"urlTemplate\":\"https:\/\/22bet.team\/pl\/?s={search_term_string}\"},\"query-input\":{\"@type\":\"PropertyValueSpecification\",\"valueRequired\":true,\"valueName\":\"search_term_string\"}}],\"inLanguage\":\"pl-PL\"}]}<\/script>\n<!-- \/ Yoast SEO plugin. -->","yoast_head_json":{"title":"Kasyno 22Bet | Najlepsze gry, bonusy, gry na \u017cywo","description":"Zanurz si\u0119 w \u015bwiecie hazardu z kasynem 22Bet! Ciesz si\u0119 ekscytuj\u0105cymi automatami, wspania\u0142ymi grami na \u017cywo i hojnymi bonusami do 6000 PLN. Do\u0142\u0105cz do 22Bet i ciesz si\u0119 niezr\u00f3wnanymi wra\u017ceniami z gry w bezpiecznym i licencjonowanym \u015brodowisku.","robots":{"index":"index","follow":"follow","max-snippet":"max-snippet:-1","max-image-preview":"max-image-preview:large","max-video-preview":"max-video-preview:-1"},"canonical":"https:\/\/22bet.team\/pl\/casino\/","og_locale":"pl_PL","og_type":"article","og_title":"Kasyno 22Bet | Najlepsze gry, bonusy, gry na \u017cywo","og_description":"Zanurz si\u0119 w \u015bwiecie hazardu z kasynem 22Bet! Ciesz si\u0119 ekscytuj\u0105cymi automatami, wspania\u0142ymi grami na \u017cywo i hojnymi bonusami do 6000 PLN. Do\u0142\u0105cz do 22Bet i ciesz si\u0119 niezr\u00f3wnanymi wra\u017ceniami z gry w bezpiecznym i licencjonowanym \u015brodowisku.","og_url":"https:\/\/22bet.team\/pl\/casino\/","og_site_name":"22Bet Team pl","article_modified_time":"2025-12-14T18:14:21+00:00","twitter_card":"summary_large_image","schema":{"@context":"https:\/\/schema.org","@graph":[{"@type":"WebPage","@id":"https:\/\/22bet.team\/pl\/casino\/","url":"https:\/\/22bet.team\/pl\/casino\/","name":"Kasyno 22Bet | Najlepsze gry, bonusy, gry na \u017cywo","isPartOf":{"@id":"https:\/\/22bet.team\/pl\/#website"},"datePublished":"2025-11-20T07:37:40+00:00","dateModified":"2025-12-14T18:14:21+00:00","description":"Zanurz si\u0119 w \u015bwiecie hazardu z kasynem 22Bet! Ciesz si\u0119 ekscytuj\u0105cymi automatami, wspania\u0142ymi grami na \u017cywo i hojnymi bonusami do 6000 PLN. Do\u0142\u0105cz do 22Bet i ciesz si\u0119 niezr\u00f3wnanymi wra\u017ceniami z gry w bezpiecznym i licencjonowanym \u015brodowisku.","breadcrumb":{"@id":"https:\/\/22bet.team\/pl\/casino\/#breadcrumb"},"inLanguage":"pl-PL","potentialAction":[{"@type":"ReadAction","target":["https:\/\/22bet.team\/pl\/casino\/"]}]},{"@type":"BreadcrumbList","@id":"https:\/\/22bet.team\/pl\/casino\/#breadcrumb","itemListElement":[{"@type":"ListItem","position":1,"name":"Home","item":"https:\/\/22bet.team\/pl\/"},{"@type":"ListItem","position":2,"name":"Kasyno"}]},{"@type":"WebSite","@id":"https:\/\/22bet.team\/pl\/#website","url":"https:\/\/22bet.team\/pl\/","name":"22Bet Team pl","description":"","potentialAction":[{"@type":"SearchAction","target":{"@type":"EntryPoint","urlTemplate":"https:\/\/22bet.team\/pl\/?s={search_term_string}"},"query-input":{"@type":"PropertyValueSpecification","valueRequired":true,"valueName":"search_term_string"}}],"inLanguage":"pl-PL"}]}},"_links":{"self":[{"href":"https:\/\/22bet.team\/pl\/wp-json\/wp\/v2\/pages\/987","targetHints":{"allow":["GET"]}}],"collection":[{"href":"https:\/\/22bet.team\/pl\/wp-json\/wp\/v2\/pages"}],"about":[{"href":"https:\/\/22bet.team\/pl\/wp-json\/wp\/v2\/types\/page"}],"author":[{"embeddable":true,"href":"https:\/\/22bet.team\/pl\/wp-json\/wp\/v2\/users\/1"}],"replies":[{"embeddable":true,"href":"https:\/\/22bet.team\/pl\/wp-json\/wp\/v2\/comments?post=987"}],"version-history":[{"count":11,"href":"https:\/\/22bet.team\/pl\/wp-json\/wp\/v2\/pages\/987\/revisions"}],"predecessor-version":[{"id":1180,"href":"https:\/\/22bet.team\/pl\/wp-json\/wp\/v2\/pages\/987\/revisions\/1180"}],"wp:attachment":[{"href":"https:\/\/22bet.team\/pl\/wp-json\/wp\/v2\/media?parent=987"}],"curies":[{"name":"wp","href":"https:\/\/api.w.org\/{rel}","templated":true}]}}