{"id":1021,"date":"2025-11-24T16:18:29","date_gmt":"2025-11-24T13:18:29","guid":{"rendered":"https:\/\/22bet.team\/pt\/?page_id=1021"},"modified":"2025-12-13T15:08:29","modified_gmt":"2025-12-13T12:08:29","slug":"bonus","status":"publish","type":"page","link":"https:\/\/22bet.team\/pt\/bonus\/","title":{"rendered":"B\u00f3nus"},"content":{"rendered":"","protected":false},"excerpt":{"rendered":"","protected":false},"author":1,"featured_media":0,"parent":0,"menu_order":0,"comment_status":"closed","ping_status":"closed","template":"","meta":{"_acf_changed":false,"footnotes":""},"class_list":["post-1021","page","type-page","status-publish","hentry"],"acf":[],"yoast_head":"<!-- This site is optimized with the Yoast SEO plugin v26.1.1 - https:\/\/yoast.com\/wordpress\/plugins\/seo\/ -->\n<title>B\u00f3nus 22Bet \u1409 Ofertas de boas-vindas de 122\u20ac<\/title>\n<meta name=\"description\" content=\"B\u00f3nus da 22Bet \u2014 b\u00f3nus de boas-vindas at\u00e9 \u20ac122 para apostas e at\u00e9 \u20ac300 para o casino, recarga \u00e0s sextas-feiras, reembolso, b\u00f3nus por uma s\u00e9rie de apostas sem sucesso e muito mais. Analisamos as regras, as apostas e as condi\u00e7\u00f5es de aposta.\" \/>\n<meta name=\"robots\" content=\"index, follow, max-snippet:-1, max-image-preview:large, max-video-preview:-1\" \/>\n<link rel=\"canonical\" href=\"https:\/\/22bet.team\/pt\/bonus\/\" \/>\n<meta property=\"og:locale\" content=\"pt_PT\" \/>\n<meta property=\"og:type\" content=\"article\" \/>\n<meta property=\"og:title\" content=\"B\u00f3nus 22Bet \u1409 Ofertas de boas-vindas de 122\u20ac\" \/>\n<meta property=\"og:description\" content=\"B\u00f3nus da 22Bet \u2014 b\u00f3nus de boas-vindas at\u00e9 \u20ac122 para apostas e at\u00e9 \u20ac300 para o casino, recarga \u00e0s sextas-feiras, reembolso, b\u00f3nus por uma s\u00e9rie de apostas sem sucesso e muito mais. Analisamos as regras, as apostas e as condi\u00e7\u00f5es de aposta.\" \/>\n<meta property=\"og:url\" content=\"https:\/\/22bet.team\/pt\/bonus\/\" \/>\n<meta property=\"og:site_name\" content=\"22bet Team pt\" \/>\n<meta property=\"article:modified_time\" content=\"2025-12-13T12:08:29+00:00\" \/>\n<meta name=\"twitter:card\" content=\"summary_large_image\" \/>\n<script type=\"application\/ld+json\" class=\"yoast-schema-graph\">{\"@context\":\"https:\/\/schema.org\",\"@graph\":[{\"@type\":\"WebPage\",\"@id\":\"https:\/\/22bet.team\/pt\/bonus\/\",\"url\":\"https:\/\/22bet.team\/pt\/bonus\/\",\"name\":\"B\u00f3nus 22Bet \u1409 Ofertas de boas-vindas de 122\u20ac\",\"isPartOf\":{\"@id\":\"https:\/\/22bet.team\/pt\/#website\"},\"datePublished\":\"2025-11-24T13:18:29+00:00\",\"dateModified\":\"2025-12-13T12:08:29+00:00\",\"description\":\"B\u00f3nus da 22Bet \u2014 b\u00f3nus de boas-vindas at\u00e9 \u20ac122 para apostas e at\u00e9 \u20ac300 para o casino, recarga \u00e0s sextas-feiras, reembolso, b\u00f3nus por uma s\u00e9rie de apostas sem sucesso e muito mais. Analisamos as regras, as apostas e as condi\u00e7\u00f5es de aposta.\",\"breadcrumb\":{\"@id\":\"https:\/\/22bet.team\/pt\/bonus\/#breadcrumb\"},\"inLanguage\":\"pt-PT\",\"potentialAction\":[{\"@type\":\"ReadAction\",\"target\":[\"https:\/\/22bet.team\/pt\/bonus\/\"]}]},{\"@type\":\"BreadcrumbList\",\"@id\":\"https:\/\/22bet.team\/pt\/bonus\/#breadcrumb\",\"itemListElement\":[{\"@type\":\"ListItem\",\"position\":1,\"name\":\"Home\",\"item\":\"http:\/\/22bet.team\/pt\/\"},{\"@type\":\"ListItem\",\"position\":2,\"name\":\"B\u00f3nus\"}]},{\"@type\":\"WebSite\",\"@id\":\"https:\/\/22bet.team\/pt\/#website\",\"url\":\"https:\/\/22bet.team\/pt\/\",\"name\":\"22bet Team pt\",\"description\":\"\",\"potentialAction\":[{\"@type\":\"SearchAction\",\"target\":{\"@type\":\"EntryPoint\",\"urlTemplate\":\"https:\/\/22bet.team\/pt\/?s={search_term_string}\"},\"query-input\":{\"@type\":\"PropertyValueSpecification\",\"valueRequired\":true,\"valueName\":\"search_term_string\"}}],\"inLanguage\":\"pt-PT\"}]}<\/script>\n<!-- \/ Yoast SEO plugin. -->","yoast_head_json":{"title":"B\u00f3nus 22Bet \u1409 Ofertas de boas-vindas de 122\u20ac","description":"B\u00f3nus da 22Bet \u2014 b\u00f3nus de boas-vindas at\u00e9 \u20ac122 para apostas e at\u00e9 \u20ac300 para o casino, recarga \u00e0s sextas-feiras, reembolso, b\u00f3nus por uma s\u00e9rie de apostas sem sucesso e muito mais. Analisamos as regras, as apostas e as condi\u00e7\u00f5es de aposta.","robots":{"index":"index","follow":"follow","max-snippet":"max-snippet:-1","max-image-preview":"max-image-preview:large","max-video-preview":"max-video-preview:-1"},"canonical":"https:\/\/22bet.team\/pt\/bonus\/","og_locale":"pt_PT","og_type":"article","og_title":"B\u00f3nus 22Bet \u1409 Ofertas de boas-vindas de 122\u20ac","og_description":"B\u00f3nus da 22Bet \u2014 b\u00f3nus de boas-vindas at\u00e9 \u20ac122 para apostas e at\u00e9 \u20ac300 para o casino, recarga \u00e0s sextas-feiras, reembolso, b\u00f3nus por uma s\u00e9rie de apostas sem sucesso e muito mais. Analisamos as regras, as apostas e as condi\u00e7\u00f5es de aposta.","og_url":"https:\/\/22bet.team\/pt\/bonus\/","og_site_name":"22bet Team pt","article_modified_time":"2025-12-13T12:08:29+00:00","twitter_card":"summary_large_image","schema":{"@context":"https:\/\/schema.org","@graph":[{"@type":"WebPage","@id":"https:\/\/22bet.team\/pt\/bonus\/","url":"https:\/\/22bet.team\/pt\/bonus\/","name":"B\u00f3nus 22Bet \u1409 Ofertas de boas-vindas de 122\u20ac","isPartOf":{"@id":"https:\/\/22bet.team\/pt\/#website"},"datePublished":"2025-11-24T13:18:29+00:00","dateModified":"2025-12-13T12:08:29+00:00","description":"B\u00f3nus da 22Bet \u2014 b\u00f3nus de boas-vindas at\u00e9 \u20ac122 para apostas e at\u00e9 \u20ac300 para o casino, recarga \u00e0s sextas-feiras, reembolso, b\u00f3nus por uma s\u00e9rie de apostas sem sucesso e muito mais. Analisamos as regras, as apostas e as condi\u00e7\u00f5es de aposta.","breadcrumb":{"@id":"https:\/\/22bet.team\/pt\/bonus\/#breadcrumb"},"inLanguage":"pt-PT","potentialAction":[{"@type":"ReadAction","target":["https:\/\/22bet.team\/pt\/bonus\/"]}]},{"@type":"BreadcrumbList","@id":"https:\/\/22bet.team\/pt\/bonus\/#breadcrumb","itemListElement":[{"@type":"ListItem","position":1,"name":"Home","item":"http:\/\/22bet.team\/pt\/"},{"@type":"ListItem","position":2,"name":"B\u00f3nus"}]},{"@type":"WebSite","@id":"https:\/\/22bet.team\/pt\/#website","url":"https:\/\/22bet.team\/pt\/","name":"22bet Team pt","description":"","potentialAction":[{"@type":"SearchAction","target":{"@type":"EntryPoint","urlTemplate":"https:\/\/22bet.team\/pt\/?s={search_term_string}"},"query-input":{"@type":"PropertyValueSpecification","valueRequired":true,"valueName":"search_term_string"}}],"inLanguage":"pt-PT"}]}},"_links":{"self":[{"href":"https:\/\/22bet.team\/pt\/wp-json\/wp\/v2\/pages\/1021","targetHints":{"allow":["GET"]}}],"collection":[{"href":"https:\/\/22bet.team\/pt\/wp-json\/wp\/v2\/pages"}],"about":[{"href":"https:\/\/22bet.team\/pt\/wp-json\/wp\/v2\/types\/page"}],"author":[{"embeddable":true,"href":"https:\/\/22bet.team\/pt\/wp-json\/wp\/v2\/users\/1"}],"replies":[{"embeddable":true,"href":"https:\/\/22bet.team\/pt\/wp-json\/wp\/v2\/comments?post=1021"}],"version-history":[{"count":9,"href":"https:\/\/22bet.team\/pt\/wp-json\/wp\/v2\/pages\/1021\/revisions"}],"predecessor-version":[{"id":1163,"href":"https:\/\/22bet.team\/pt\/wp-json\/wp\/v2\/pages\/1021\/revisions\/1163"}],"wp:attachment":[{"href":"https:\/\/22bet.team\/pt\/wp-json\/wp\/v2\/media?parent=1021"}],"curies":[{"name":"wp","href":"https:\/\/api.w.org\/{rel}","templated":true}]}}