{"id":1063,"date":"2025-12-01T12:37:13","date_gmt":"2025-12-01T09:37:13","guid":{"rendered":"https:\/\/22bet.team\/pt\/?page_id=1063"},"modified":"2025-12-13T16:26:55","modified_gmt":"2025-12-13T13:26:55","slug":"login","status":"publish","type":"page","link":"https:\/\/22bet.team\/pt\/login\/","title":{"rendered":"Entrar"},"content":{"rendered":"","protected":false},"excerpt":{"rendered":"","protected":false},"author":1,"featured_media":0,"parent":0,"menu_order":0,"comment_status":"closed","ping_status":"closed","template":"","meta":{"_acf_changed":false,"footnotes":""},"class_list":["post-1063","page","type-page","status-publish","hentry"],"acf":[],"yoast_head":"<!-- This site is optimized with the Yoast SEO plugin v26.1.1 - https:\/\/yoast.com\/wordpress\/plugins\/seo\/ -->\n<title>22Bet Login \u1409 Conta pessoal, site oficial e registo<\/title>\n<meta name=\"description\" content=\"Iniciar sess\u00e3o na sua conta pessoal 22Bet: aceda \u00e0 sua conta atrav\u00e9s do site oficial e do espelho funcional. Instru\u00e7\u00f5es passo a passo para autoriza\u00e7\u00e3o, recupera\u00e7\u00e3o de palavra-passe e registo com um b\u00f3nus de 100%. Descubra como iniciar sess\u00e3o atrav\u00e9s da aplica\u00e7\u00e3o m\u00f3vel.\" \/>\n<meta name=\"robots\" content=\"index, follow, max-snippet:-1, max-image-preview:large, max-video-preview:-1\" \/>\n<link rel=\"canonical\" href=\"https:\/\/22bet.team\/pt\/login\/\" \/>\n<meta property=\"og:locale\" content=\"pt_PT\" \/>\n<meta property=\"og:type\" content=\"article\" \/>\n<meta property=\"og:title\" content=\"22Bet Login \u1409 Conta pessoal, site oficial e registo\" \/>\n<meta property=\"og:description\" content=\"Iniciar sess\u00e3o na sua conta pessoal 22Bet: aceda \u00e0 sua conta atrav\u00e9s do site oficial e do espelho funcional. Instru\u00e7\u00f5es passo a passo para autoriza\u00e7\u00e3o, recupera\u00e7\u00e3o de palavra-passe e registo com um b\u00f3nus de 100%. Descubra como iniciar sess\u00e3o atrav\u00e9s da aplica\u00e7\u00e3o m\u00f3vel.\" \/>\n<meta property=\"og:url\" content=\"https:\/\/22bet.team\/pt\/login\/\" \/>\n<meta property=\"og:site_name\" content=\"22bet Team pt\" \/>\n<meta property=\"article:modified_time\" content=\"2025-12-13T13:26:55+00:00\" \/>\n<meta name=\"twitter:card\" content=\"summary_large_image\" \/>\n<script type=\"application\/ld+json\" class=\"yoast-schema-graph\">{\"@context\":\"https:\/\/schema.org\",\"@graph\":[{\"@type\":\"WebPage\",\"@id\":\"https:\/\/22bet.team\/pt\/login\/\",\"url\":\"https:\/\/22bet.team\/pt\/login\/\",\"name\":\"22Bet Login \u1409 Conta pessoal, site oficial e registo\",\"isPartOf\":{\"@id\":\"https:\/\/22bet.team\/pt\/#website\"},\"datePublished\":\"2025-12-01T09:37:13+00:00\",\"dateModified\":\"2025-12-13T13:26:55+00:00\",\"description\":\"Iniciar sess\u00e3o na sua conta pessoal 22Bet: aceda \u00e0 sua conta atrav\u00e9s do site oficial e do espelho funcional. Instru\u00e7\u00f5es passo a passo para autoriza\u00e7\u00e3o, recupera\u00e7\u00e3o de palavra-passe e registo com um b\u00f3nus de 100%. Descubra como iniciar sess\u00e3o atrav\u00e9s da aplica\u00e7\u00e3o m\u00f3vel.\",\"breadcrumb\":{\"@id\":\"https:\/\/22bet.team\/pt\/login\/#breadcrumb\"},\"inLanguage\":\"pt-PT\",\"potentialAction\":[{\"@type\":\"ReadAction\",\"target\":[\"https:\/\/22bet.team\/pt\/login\/\"]}]},{\"@type\":\"BreadcrumbList\",\"@id\":\"https:\/\/22bet.team\/pt\/login\/#breadcrumb\",\"itemListElement\":[{\"@type\":\"ListItem\",\"position\":1,\"name\":\"Home\",\"item\":\"http:\/\/22bet.team\/pt\/\"},{\"@type\":\"ListItem\",\"position\":2,\"name\":\"Entrar\"}]},{\"@type\":\"WebSite\",\"@id\":\"https:\/\/22bet.team\/pt\/#website\",\"url\":\"https:\/\/22bet.team\/pt\/\",\"name\":\"22bet Team pt\",\"description\":\"\",\"potentialAction\":[{\"@type\":\"SearchAction\",\"target\":{\"@type\":\"EntryPoint\",\"urlTemplate\":\"https:\/\/22bet.team\/pt\/?s={search_term_string}\"},\"query-input\":{\"@type\":\"PropertyValueSpecification\",\"valueRequired\":true,\"valueName\":\"search_term_string\"}}],\"inLanguage\":\"pt-PT\"}]}<\/script>\n<!-- \/ Yoast SEO plugin. -->","yoast_head_json":{"title":"22Bet Login \u1409 Conta pessoal, site oficial e registo","description":"Iniciar sess\u00e3o na sua conta pessoal 22Bet: aceda \u00e0 sua conta atrav\u00e9s do site oficial e do espelho funcional. Instru\u00e7\u00f5es passo a passo para autoriza\u00e7\u00e3o, recupera\u00e7\u00e3o de palavra-passe e registo com um b\u00f3nus de 100%. Descubra como iniciar sess\u00e3o atrav\u00e9s da aplica\u00e7\u00e3o m\u00f3vel.","robots":{"index":"index","follow":"follow","max-snippet":"max-snippet:-1","max-image-preview":"max-image-preview:large","max-video-preview":"max-video-preview:-1"},"canonical":"https:\/\/22bet.team\/pt\/login\/","og_locale":"pt_PT","og_type":"article","og_title":"22Bet Login \u1409 Conta pessoal, site oficial e registo","og_description":"Iniciar sess\u00e3o na sua conta pessoal 22Bet: aceda \u00e0 sua conta atrav\u00e9s do site oficial e do espelho funcional. Instru\u00e7\u00f5es passo a passo para autoriza\u00e7\u00e3o, recupera\u00e7\u00e3o de palavra-passe e registo com um b\u00f3nus de 100%. Descubra como iniciar sess\u00e3o atrav\u00e9s da aplica\u00e7\u00e3o m\u00f3vel.","og_url":"https:\/\/22bet.team\/pt\/login\/","og_site_name":"22bet Team pt","article_modified_time":"2025-12-13T13:26:55+00:00","twitter_card":"summary_large_image","schema":{"@context":"https:\/\/schema.org","@graph":[{"@type":"WebPage","@id":"https:\/\/22bet.team\/pt\/login\/","url":"https:\/\/22bet.team\/pt\/login\/","name":"22Bet Login \u1409 Conta pessoal, site oficial e registo","isPartOf":{"@id":"https:\/\/22bet.team\/pt\/#website"},"datePublished":"2025-12-01T09:37:13+00:00","dateModified":"2025-12-13T13:26:55+00:00","description":"Iniciar sess\u00e3o na sua conta pessoal 22Bet: aceda \u00e0 sua conta atrav\u00e9s do site oficial e do espelho funcional. Instru\u00e7\u00f5es passo a passo para autoriza\u00e7\u00e3o, recupera\u00e7\u00e3o de palavra-passe e registo com um b\u00f3nus de 100%. Descubra como iniciar sess\u00e3o atrav\u00e9s da aplica\u00e7\u00e3o m\u00f3vel.","breadcrumb":{"@id":"https:\/\/22bet.team\/pt\/login\/#breadcrumb"},"inLanguage":"pt-PT","potentialAction":[{"@type":"ReadAction","target":["https:\/\/22bet.team\/pt\/login\/"]}]},{"@type":"BreadcrumbList","@id":"https:\/\/22bet.team\/pt\/login\/#breadcrumb","itemListElement":[{"@type":"ListItem","position":1,"name":"Home","item":"http:\/\/22bet.team\/pt\/"},{"@type":"ListItem","position":2,"name":"Entrar"}]},{"@type":"WebSite","@id":"https:\/\/22bet.team\/pt\/#website","url":"https:\/\/22bet.team\/pt\/","name":"22bet Team pt","description":"","potentialAction":[{"@type":"SearchAction","target":{"@type":"EntryPoint","urlTemplate":"https:\/\/22bet.team\/pt\/?s={search_term_string}"},"query-input":{"@type":"PropertyValueSpecification","valueRequired":true,"valueName":"search_term_string"}}],"inLanguage":"pt-PT"}]}},"_links":{"self":[{"href":"https:\/\/22bet.team\/pt\/wp-json\/wp\/v2\/pages\/1063","targetHints":{"allow":["GET"]}}],"collection":[{"href":"https:\/\/22bet.team\/pt\/wp-json\/wp\/v2\/pages"}],"about":[{"href":"https:\/\/22bet.team\/pt\/wp-json\/wp\/v2\/types\/page"}],"author":[{"embeddable":true,"href":"https:\/\/22bet.team\/pt\/wp-json\/wp\/v2\/users\/1"}],"replies":[{"embeddable":true,"href":"https:\/\/22bet.team\/pt\/wp-json\/wp\/v2\/comments?post=1063"}],"version-history":[{"count":11,"href":"https:\/\/22bet.team\/pt\/wp-json\/wp\/v2\/pages\/1063\/revisions"}],"predecessor-version":[{"id":1168,"href":"https:\/\/22bet.team\/pt\/wp-json\/wp\/v2\/pages\/1063\/revisions\/1168"}],"wp:attachment":[{"href":"https:\/\/22bet.team\/pt\/wp-json\/wp\/v2\/media?parent=1063"}],"curies":[{"name":"wp","href":"https:\/\/api.w.org\/{rel}","templated":true}]}}