{"id":2,"date":"2025-08-22T14:28:47","date_gmt":"2025-08-22T11:28:47","guid":{"rendered":"https:\/\/22bet.team\/pt\/?page_id=2"},"modified":"2025-12-16T21:59:55","modified_gmt":"2025-12-16T18:59:55","slug":"home","status":"publish","type":"page","link":"https:\/\/22bet.team\/pt\/","title":{"rendered":"P\u00e1gina inicial"},"content":{"rendered":"","protected":false},"excerpt":{"rendered":"","protected":false},"author":1,"featured_media":0,"parent":0,"menu_order":0,"comment_status":"closed","ping_status":"closed","template":"","meta":{"_acf_changed":false,"footnotes":""},"class_list":["post-2","page","type-page","status-publish","hentry"],"acf":[],"yoast_head":"<!-- This site is optimized with the Yoast SEO plugin v26.1.1 - https:\/\/yoast.com\/wordpress\/plugins\/seo\/ -->\n<title>22Bet Apostas e Casino | Melhores odds desportivas, jogos, b\u00f3nus<\/title>\n<meta name=\"description\" content=\"22Bet - plataforma de apostas online de primeira linha que oferece uma ampla variedade de op\u00e7\u00f5es de apostas desportivas e uma experi\u00eancia de casino excepcional. Descubra b\u00f3nus generosos, recursos de apostas ao vivo e odds competitivas para jogadores novos e experientes.\" \/>\n<meta name=\"robots\" content=\"index, follow, max-snippet:-1, max-image-preview:large, max-video-preview:-1\" \/>\n<link rel=\"canonical\" href=\"http:\/\/22bet.team\/pt\/\" \/>\n<meta property=\"og:locale\" content=\"pt_PT\" \/>\n<meta property=\"og:type\" content=\"article\" \/>\n<meta property=\"og:title\" content=\"22Bet Apostas e Casino | Melhores odds desportivas, jogos, b\u00f3nus\" \/>\n<meta property=\"og:description\" content=\"22Bet - plataforma de apostas online de primeira linha que oferece uma ampla variedade de op\u00e7\u00f5es de apostas desportivas e uma experi\u00eancia de casino excepcional. Descubra b\u00f3nus generosos, recursos de apostas ao vivo e odds competitivas para jogadores novos e experientes.\" \/>\n<meta property=\"og:url\" content=\"http:\/\/22bet.team\/pt\/\" \/>\n<meta property=\"og:site_name\" content=\"22bet Team pt\" \/>\n<meta property=\"article:modified_time\" content=\"2025-12-16T18:59:55+00:00\" \/>\n<meta name=\"twitter:card\" content=\"summary_large_image\" \/>\n<script type=\"application\/ld+json\" class=\"yoast-schema-graph\">{\"@context\":\"https:\/\/schema.org\",\"@graph\":[{\"@type\":\"WebPage\",\"@id\":\"http:\/\/22bet.team\/pt\/\",\"url\":\"http:\/\/22bet.team\/pt\/\",\"name\":\"22Bet Apostas e Casino | Melhores odds desportivas, jogos, b\u00f3nus\",\"isPartOf\":{\"@id\":\"https:\/\/22bet.team\/pt\/#website\"},\"datePublished\":\"2025-08-22T11:28:47+00:00\",\"dateModified\":\"2025-12-16T18:59:55+00:00\",\"description\":\"22Bet - plataforma de apostas online de primeira linha que oferece uma ampla variedade de op\u00e7\u00f5es de apostas desportivas e uma experi\u00eancia de casino excepcional. Descubra b\u00f3nus generosos, recursos de apostas ao vivo e odds competitivas para jogadores novos e experientes.\",\"breadcrumb\":{\"@id\":\"http:\/\/22bet.team\/pt\/#breadcrumb\"},\"inLanguage\":\"pt-PT\",\"potentialAction\":[{\"@type\":\"ReadAction\",\"target\":[\"http:\/\/22bet.team\/pt\/\"]}]},{\"@type\":\"BreadcrumbList\",\"@id\":\"http:\/\/22bet.team\/pt\/#breadcrumb\",\"itemListElement\":[{\"@type\":\"ListItem\",\"position\":1,\"name\":\"Home\",\"item\":\"http:\/\/22bet.team\/pt\/\"},{\"@type\":\"ListItem\",\"position\":2,\"name\":\"P\u00e1gina inicial\"}]},{\"@type\":\"WebSite\",\"@id\":\"https:\/\/22bet.team\/pt\/#website\",\"url\":\"https:\/\/22bet.team\/pt\/\",\"name\":\"22bet Team pt\",\"description\":\"\",\"potentialAction\":[{\"@type\":\"SearchAction\",\"target\":{\"@type\":\"EntryPoint\",\"urlTemplate\":\"https:\/\/22bet.team\/pt\/?s={search_term_string}\"},\"query-input\":{\"@type\":\"PropertyValueSpecification\",\"valueRequired\":true,\"valueName\":\"search_term_string\"}}],\"inLanguage\":\"pt-PT\"}]}<\/script>\n<!-- \/ Yoast SEO plugin. -->","yoast_head_json":{"title":"22Bet Apostas e Casino | Melhores odds desportivas, jogos, b\u00f3nus","description":"22Bet - plataforma de apostas online de primeira linha que oferece uma ampla variedade de op\u00e7\u00f5es de apostas desportivas e uma experi\u00eancia de casino excepcional. Descubra b\u00f3nus generosos, recursos de apostas ao vivo e odds competitivas para jogadores novos e experientes.","robots":{"index":"index","follow":"follow","max-snippet":"max-snippet:-1","max-image-preview":"max-image-preview:large","max-video-preview":"max-video-preview:-1"},"canonical":"http:\/\/22bet.team\/pt\/","og_locale":"pt_PT","og_type":"article","og_title":"22Bet Apostas e Casino | Melhores odds desportivas, jogos, b\u00f3nus","og_description":"22Bet - plataforma de apostas online de primeira linha que oferece uma ampla variedade de op\u00e7\u00f5es de apostas desportivas e uma experi\u00eancia de casino excepcional. Descubra b\u00f3nus generosos, recursos de apostas ao vivo e odds competitivas para jogadores novos e experientes.","og_url":"http:\/\/22bet.team\/pt\/","og_site_name":"22bet Team pt","article_modified_time":"2025-12-16T18:59:55+00:00","twitter_card":"summary_large_image","schema":{"@context":"https:\/\/schema.org","@graph":[{"@type":"WebPage","@id":"http:\/\/22bet.team\/pt\/","url":"http:\/\/22bet.team\/pt\/","name":"22Bet Apostas e Casino | Melhores odds desportivas, jogos, b\u00f3nus","isPartOf":{"@id":"https:\/\/22bet.team\/pt\/#website"},"datePublished":"2025-08-22T11:28:47+00:00","dateModified":"2025-12-16T18:59:55+00:00","description":"22Bet - plataforma de apostas online de primeira linha que oferece uma ampla variedade de op\u00e7\u00f5es de apostas desportivas e uma experi\u00eancia de casino excepcional. Descubra b\u00f3nus generosos, recursos de apostas ao vivo e odds competitivas para jogadores novos e experientes.","breadcrumb":{"@id":"http:\/\/22bet.team\/pt\/#breadcrumb"},"inLanguage":"pt-PT","potentialAction":[{"@type":"ReadAction","target":["http:\/\/22bet.team\/pt\/"]}]},{"@type":"BreadcrumbList","@id":"http:\/\/22bet.team\/pt\/#breadcrumb","itemListElement":[{"@type":"ListItem","position":1,"name":"Home","item":"http:\/\/22bet.team\/pt\/"},{"@type":"ListItem","position":2,"name":"P\u00e1gina inicial"}]},{"@type":"WebSite","@id":"https:\/\/22bet.team\/pt\/#website","url":"https:\/\/22bet.team\/pt\/","name":"22bet Team pt","description":"","potentialAction":[{"@type":"SearchAction","target":{"@type":"EntryPoint","urlTemplate":"https:\/\/22bet.team\/pt\/?s={search_term_string}"},"query-input":{"@type":"PropertyValueSpecification","valueRequired":true,"valueName":"search_term_string"}}],"inLanguage":"pt-PT"}]}},"_links":{"self":[{"href":"https:\/\/22bet.team\/pt\/wp-json\/wp\/v2\/pages\/2","targetHints":{"allow":["GET"]}}],"collection":[{"href":"https:\/\/22bet.team\/pt\/wp-json\/wp\/v2\/pages"}],"about":[{"href":"https:\/\/22bet.team\/pt\/wp-json\/wp\/v2\/types\/page"}],"author":[{"embeddable":true,"href":"https:\/\/22bet.team\/pt\/wp-json\/wp\/v2\/users\/1"}],"replies":[{"embeddable":true,"href":"https:\/\/22bet.team\/pt\/wp-json\/wp\/v2\/comments?post=2"}],"version-history":[{"count":84,"href":"https:\/\/22bet.team\/pt\/wp-json\/wp\/v2\/pages\/2\/revisions"}],"predecessor-version":[{"id":1174,"href":"https:\/\/22bet.team\/pt\/wp-json\/wp\/v2\/pages\/2\/revisions\/1174"}],"wp:attachment":[{"href":"https:\/\/22bet.team\/pt\/wp-json\/wp\/v2\/media?parent=2"}],"curies":[{"name":"wp","href":"https:\/\/api.w.org\/{rel}","templated":true}]}}