{"id":987,"date":"2025-11-20T10:37:40","date_gmt":"2025-11-20T07:37:40","guid":{"rendered":"https:\/\/22bet.team\/pt\/?page_id=987"},"modified":"2025-12-13T17:21:51","modified_gmt":"2025-12-13T14:21:51","slug":"casino","status":"publish","type":"page","link":"https:\/\/22bet.team\/pt\/casino\/","title":{"rendered":"Casino"},"content":{"rendered":"","protected":false},"excerpt":{"rendered":"","protected":false},"author":1,"featured_media":0,"parent":0,"menu_order":0,"comment_status":"closed","ping_status":"closed","template":"","meta":{"_acf_changed":false,"footnotes":""},"class_list":["post-987","page","type-page","status-publish","hentry"],"acf":[],"yoast_head":"<!-- This site is optimized with the Yoast SEO plugin v26.1.1 - https:\/\/yoast.com\/wordpress\/plugins\/seo\/ -->\n<title>22Bet Casino | Melhores jogos, b\u00f3nus, jogos ao vivo<\/title>\n<meta name=\"description\" content=\"Mergulhe no mundo dos jogos de azar com o 22Bet Casino! Desfrute de slots emocionantes, magn\u00edficos jogos ao vivo e b\u00f3nus generosos de at\u00e9 $ 1.500. Junte-se ao 22Bet e desfrute de uma experi\u00eancia de jogo incompar\u00e1vel num ambiente seguro e licenciado.\" \/>\n<meta name=\"robots\" content=\"index, follow, max-snippet:-1, max-image-preview:large, max-video-preview:-1\" \/>\n<link rel=\"canonical\" href=\"https:\/\/22bet.team\/pt\/casino\/\" \/>\n<meta property=\"og:locale\" content=\"pt_PT\" \/>\n<meta property=\"og:type\" content=\"article\" \/>\n<meta property=\"og:title\" content=\"22Bet Casino | Melhores jogos, b\u00f3nus, jogos ao vivo\" \/>\n<meta property=\"og:description\" content=\"Mergulhe no mundo dos jogos de azar com o 22Bet Casino! Desfrute de slots emocionantes, magn\u00edficos jogos ao vivo e b\u00f3nus generosos de at\u00e9 $ 1.500. Junte-se ao 22Bet e desfrute de uma experi\u00eancia de jogo incompar\u00e1vel num ambiente seguro e licenciado.\" \/>\n<meta property=\"og:url\" content=\"https:\/\/22bet.team\/pt\/casino\/\" \/>\n<meta property=\"og:site_name\" content=\"22bet Team pt\" \/>\n<meta property=\"article:modified_time\" content=\"2025-12-13T14:21:51+00:00\" \/>\n<meta name=\"twitter:card\" content=\"summary_large_image\" \/>\n<script type=\"application\/ld+json\" class=\"yoast-schema-graph\">{\"@context\":\"https:\/\/schema.org\",\"@graph\":[{\"@type\":\"WebPage\",\"@id\":\"https:\/\/22bet.team\/pt\/casino\/\",\"url\":\"https:\/\/22bet.team\/pt\/casino\/\",\"name\":\"22Bet Casino | Melhores jogos, b\u00f3nus, jogos ao vivo\",\"isPartOf\":{\"@id\":\"https:\/\/22bet.team\/pt\/#website\"},\"datePublished\":\"2025-11-20T07:37:40+00:00\",\"dateModified\":\"2025-12-13T14:21:51+00:00\",\"description\":\"Mergulhe no mundo dos jogos de azar com o 22Bet Casino! Desfrute de slots emocionantes, magn\u00edficos jogos ao vivo e b\u00f3nus generosos de at\u00e9 $ 1.500. Junte-se ao 22Bet e desfrute de uma experi\u00eancia de jogo incompar\u00e1vel num ambiente seguro e licenciado.\",\"breadcrumb\":{\"@id\":\"https:\/\/22bet.team\/pt\/casino\/#breadcrumb\"},\"inLanguage\":\"pt-PT\",\"potentialAction\":[{\"@type\":\"ReadAction\",\"target\":[\"https:\/\/22bet.team\/pt\/casino\/\"]}]},{\"@type\":\"BreadcrumbList\",\"@id\":\"https:\/\/22bet.team\/pt\/casino\/#breadcrumb\",\"itemListElement\":[{\"@type\":\"ListItem\",\"position\":1,\"name\":\"Home\",\"item\":\"http:\/\/22bet.team\/pt\/\"},{\"@type\":\"ListItem\",\"position\":2,\"name\":\"Casino\"}]},{\"@type\":\"WebSite\",\"@id\":\"https:\/\/22bet.team\/pt\/#website\",\"url\":\"https:\/\/22bet.team\/pt\/\",\"name\":\"22bet Team pt\",\"description\":\"\",\"potentialAction\":[{\"@type\":\"SearchAction\",\"target\":{\"@type\":\"EntryPoint\",\"urlTemplate\":\"https:\/\/22bet.team\/pt\/?s={search_term_string}\"},\"query-input\":{\"@type\":\"PropertyValueSpecification\",\"valueRequired\":true,\"valueName\":\"search_term_string\"}}],\"inLanguage\":\"pt-PT\"}]}<\/script>\n<!-- \/ Yoast SEO plugin. -->","yoast_head_json":{"title":"22Bet Casino | Melhores jogos, b\u00f3nus, jogos ao vivo","description":"Mergulhe no mundo dos jogos de azar com o 22Bet Casino! Desfrute de slots emocionantes, magn\u00edficos jogos ao vivo e b\u00f3nus generosos de at\u00e9 $ 1.500. Junte-se ao 22Bet e desfrute de uma experi\u00eancia de jogo incompar\u00e1vel num ambiente seguro e licenciado.","robots":{"index":"index","follow":"follow","max-snippet":"max-snippet:-1","max-image-preview":"max-image-preview:large","max-video-preview":"max-video-preview:-1"},"canonical":"https:\/\/22bet.team\/pt\/casino\/","og_locale":"pt_PT","og_type":"article","og_title":"22Bet Casino | Melhores jogos, b\u00f3nus, jogos ao vivo","og_description":"Mergulhe no mundo dos jogos de azar com o 22Bet Casino! Desfrute de slots emocionantes, magn\u00edficos jogos ao vivo e b\u00f3nus generosos de at\u00e9 $ 1.500. Junte-se ao 22Bet e desfrute de uma experi\u00eancia de jogo incompar\u00e1vel num ambiente seguro e licenciado.","og_url":"https:\/\/22bet.team\/pt\/casino\/","og_site_name":"22bet Team pt","article_modified_time":"2025-12-13T14:21:51+00:00","twitter_card":"summary_large_image","schema":{"@context":"https:\/\/schema.org","@graph":[{"@type":"WebPage","@id":"https:\/\/22bet.team\/pt\/casino\/","url":"https:\/\/22bet.team\/pt\/casino\/","name":"22Bet Casino | Melhores jogos, b\u00f3nus, jogos ao vivo","isPartOf":{"@id":"https:\/\/22bet.team\/pt\/#website"},"datePublished":"2025-11-20T07:37:40+00:00","dateModified":"2025-12-13T14:21:51+00:00","description":"Mergulhe no mundo dos jogos de azar com o 22Bet Casino! Desfrute de slots emocionantes, magn\u00edficos jogos ao vivo e b\u00f3nus generosos de at\u00e9 $ 1.500. Junte-se ao 22Bet e desfrute de uma experi\u00eancia de jogo incompar\u00e1vel num ambiente seguro e licenciado.","breadcrumb":{"@id":"https:\/\/22bet.team\/pt\/casino\/#breadcrumb"},"inLanguage":"pt-PT","potentialAction":[{"@type":"ReadAction","target":["https:\/\/22bet.team\/pt\/casino\/"]}]},{"@type":"BreadcrumbList","@id":"https:\/\/22bet.team\/pt\/casino\/#breadcrumb","itemListElement":[{"@type":"ListItem","position":1,"name":"Home","item":"http:\/\/22bet.team\/pt\/"},{"@type":"ListItem","position":2,"name":"Casino"}]},{"@type":"WebSite","@id":"https:\/\/22bet.team\/pt\/#website","url":"https:\/\/22bet.team\/pt\/","name":"22bet Team pt","description":"","potentialAction":[{"@type":"SearchAction","target":{"@type":"EntryPoint","urlTemplate":"https:\/\/22bet.team\/pt\/?s={search_term_string}"},"query-input":{"@type":"PropertyValueSpecification","valueRequired":true,"valueName":"search_term_string"}}],"inLanguage":"pt-PT"}]}},"_links":{"self":[{"href":"https:\/\/22bet.team\/pt\/wp-json\/wp\/v2\/pages\/987","targetHints":{"allow":["GET"]}}],"collection":[{"href":"https:\/\/22bet.team\/pt\/wp-json\/wp\/v2\/pages"}],"about":[{"href":"https:\/\/22bet.team\/pt\/wp-json\/wp\/v2\/types\/page"}],"author":[{"embeddable":true,"href":"https:\/\/22bet.team\/pt\/wp-json\/wp\/v2\/users\/1"}],"replies":[{"embeddable":true,"href":"https:\/\/22bet.team\/pt\/wp-json\/wp\/v2\/comments?post=987"}],"version-history":[{"count":10,"href":"https:\/\/22bet.team\/pt\/wp-json\/wp\/v2\/pages\/987\/revisions"}],"predecessor-version":[{"id":1173,"href":"https:\/\/22bet.team\/pt\/wp-json\/wp\/v2\/pages\/987\/revisions\/1173"}],"wp:attachment":[{"href":"https:\/\/22bet.team\/pt\/wp-json\/wp\/v2\/media?parent=987"}],"curies":[{"name":"wp","href":"https:\/\/api.w.org\/{rel}","templated":true}]}}