{"id":1021,"date":"2025-11-24T16:18:29","date_gmt":"2025-11-24T13:18:29","guid":{"rendered":"https:\/\/22bet.team\/ro\/?page_id=1021"},"modified":"2026-03-24T21:45:28","modified_gmt":"2026-03-24T18:45:28","slug":"bonus","status":"publish","type":"page","link":"https:\/\/22bet.team\/ro\/bonus\/","title":{"rendered":"Bonus"},"content":{"rendered":"","protected":false},"excerpt":{"rendered":"","protected":false},"author":1,"featured_media":0,"parent":0,"menu_order":0,"comment_status":"closed","ping_status":"closed","template":"","meta":{"_acf_changed":false,"footnotes":""},"class_list":["post-1021","page","type-page","status-publish","hentry"],"acf":[],"yoast_head":"<!-- This site is optimized with the Yoast SEO plugin v26.1.1 - https:\/\/yoast.com\/wordpress\/plugins\/seo\/ -->\n<title>Bonusuri 22Bet \u1409 Oferte de bun venit de 600 RON \u0219i promo\u021bii speciale<\/title>\n<meta name=\"description\" content=\"Bonusurile 22Bet \u2014 bonus de bun venit de p\u00e2n\u0103 la 600 RON pentru pariuri \u0219i de p\u00e2n\u0103 la 1 500 RON pentru cazinou, bonus de re\u00eenc\u0103rcare de vineri, rambursare, bonus pentru o serie de pariuri pierdute \u0219i multe altele. Analiz\u0103m regulile, miza \u0219i condi\u021biile de rulaj.\" \/>\n<meta name=\"robots\" content=\"index, follow, max-snippet:-1, max-image-preview:large, max-video-preview:-1\" \/>\n<link rel=\"canonical\" href=\"https:\/\/22bet.team\/ro\/bonus\/\" \/>\n<meta property=\"og:locale\" content=\"ro_RO\" \/>\n<meta property=\"og:type\" content=\"article\" \/>\n<meta property=\"og:title\" content=\"Bonusuri 22Bet \u1409 Oferte de bun venit de 600 RON \u0219i promo\u021bii speciale\" \/>\n<meta property=\"og:description\" content=\"Bonusurile 22Bet \u2014 bonus de bun venit de p\u00e2n\u0103 la 600 RON pentru pariuri \u0219i de p\u00e2n\u0103 la 1 500 RON pentru cazinou, bonus de re\u00eenc\u0103rcare de vineri, rambursare, bonus pentru o serie de pariuri pierdute \u0219i multe altele. Analiz\u0103m regulile, miza \u0219i condi\u021biile de rulaj.\" \/>\n<meta property=\"og:url\" content=\"https:\/\/22bet.team\/ro\/bonus\/\" \/>\n<meta property=\"og:site_name\" content=\"22Bet Team ro\" \/>\n<meta property=\"article:modified_time\" content=\"2026-03-24T18:45:28+00:00\" \/>\n<meta name=\"twitter:card\" content=\"summary_large_image\" \/>\n<script type=\"application\/ld+json\" class=\"yoast-schema-graph\">{\"@context\":\"https:\/\/schema.org\",\"@graph\":[{\"@type\":\"WebPage\",\"@id\":\"https:\/\/22bet.team\/ro\/bonus\/\",\"url\":\"https:\/\/22bet.team\/ro\/bonus\/\",\"name\":\"Bonusuri 22Bet \u1409 Oferte de bun venit de 600 RON \u0219i promo\u021bii speciale\",\"isPartOf\":{\"@id\":\"https:\/\/22bet.team\/ro\/#website\"},\"datePublished\":\"2025-11-24T13:18:29+00:00\",\"dateModified\":\"2026-03-24T18:45:28+00:00\",\"description\":\"Bonusurile 22Bet \u2014 bonus de bun venit de p\u00e2n\u0103 la 600 RON pentru pariuri \u0219i de p\u00e2n\u0103 la 1 500 RON pentru cazinou, bonus de re\u00eenc\u0103rcare de vineri, rambursare, bonus pentru o serie de pariuri pierdute \u0219i multe altele. Analiz\u0103m regulile, miza \u0219i condi\u021biile de rulaj.\",\"breadcrumb\":{\"@id\":\"https:\/\/22bet.team\/ro\/bonus\/#breadcrumb\"},\"inLanguage\":\"ro-RO\",\"potentialAction\":[{\"@type\":\"ReadAction\",\"target\":[\"https:\/\/22bet.team\/ro\/bonus\/\"]}]},{\"@type\":\"BreadcrumbList\",\"@id\":\"https:\/\/22bet.team\/ro\/bonus\/#breadcrumb\",\"itemListElement\":[{\"@type\":\"ListItem\",\"position\":1,\"name\":\"Home\",\"item\":\"https:\/\/22bet.team\/ro\/\"},{\"@type\":\"ListItem\",\"position\":2,\"name\":\"Bonus\"}]},{\"@type\":\"WebSite\",\"@id\":\"https:\/\/22bet.team\/ro\/#website\",\"url\":\"https:\/\/22bet.team\/ro\/\",\"name\":\"22Bet Team ro\",\"description\":\"\",\"potentialAction\":[{\"@type\":\"SearchAction\",\"target\":{\"@type\":\"EntryPoint\",\"urlTemplate\":\"https:\/\/22bet.team\/ro\/?s={search_term_string}\"},\"query-input\":{\"@type\":\"PropertyValueSpecification\",\"valueRequired\":true,\"valueName\":\"search_term_string\"}}],\"inLanguage\":\"ro-RO\"}]}<\/script>\n<!-- \/ Yoast SEO plugin. -->","yoast_head_json":{"title":"Bonusuri 22Bet \u1409 Oferte de bun venit de 600 RON \u0219i promo\u021bii speciale","description":"Bonusurile 22Bet \u2014 bonus de bun venit de p\u00e2n\u0103 la 600 RON pentru pariuri \u0219i de p\u00e2n\u0103 la 1 500 RON pentru cazinou, bonus de re\u00eenc\u0103rcare de vineri, rambursare, bonus pentru o serie de pariuri pierdute \u0219i multe altele. Analiz\u0103m regulile, miza \u0219i condi\u021biile de rulaj.","robots":{"index":"index","follow":"follow","max-snippet":"max-snippet:-1","max-image-preview":"max-image-preview:large","max-video-preview":"max-video-preview:-1"},"canonical":"https:\/\/22bet.team\/ro\/bonus\/","og_locale":"ro_RO","og_type":"article","og_title":"Bonusuri 22Bet \u1409 Oferte de bun venit de 600 RON \u0219i promo\u021bii speciale","og_description":"Bonusurile 22Bet \u2014 bonus de bun venit de p\u00e2n\u0103 la 600 RON pentru pariuri \u0219i de p\u00e2n\u0103 la 1 500 RON pentru cazinou, bonus de re\u00eenc\u0103rcare de vineri, rambursare, bonus pentru o serie de pariuri pierdute \u0219i multe altele. Analiz\u0103m regulile, miza \u0219i condi\u021biile de rulaj.","og_url":"https:\/\/22bet.team\/ro\/bonus\/","og_site_name":"22Bet Team ro","article_modified_time":"2026-03-24T18:45:28+00:00","twitter_card":"summary_large_image","schema":{"@context":"https:\/\/schema.org","@graph":[{"@type":"WebPage","@id":"https:\/\/22bet.team\/ro\/bonus\/","url":"https:\/\/22bet.team\/ro\/bonus\/","name":"Bonusuri 22Bet \u1409 Oferte de bun venit de 600 RON \u0219i promo\u021bii speciale","isPartOf":{"@id":"https:\/\/22bet.team\/ro\/#website"},"datePublished":"2025-11-24T13:18:29+00:00","dateModified":"2026-03-24T18:45:28+00:00","description":"Bonusurile 22Bet \u2014 bonus de bun venit de p\u00e2n\u0103 la 600 RON pentru pariuri \u0219i de p\u00e2n\u0103 la 1 500 RON pentru cazinou, bonus de re\u00eenc\u0103rcare de vineri, rambursare, bonus pentru o serie de pariuri pierdute \u0219i multe altele. Analiz\u0103m regulile, miza \u0219i condi\u021biile de rulaj.","breadcrumb":{"@id":"https:\/\/22bet.team\/ro\/bonus\/#breadcrumb"},"inLanguage":"ro-RO","potentialAction":[{"@type":"ReadAction","target":["https:\/\/22bet.team\/ro\/bonus\/"]}]},{"@type":"BreadcrumbList","@id":"https:\/\/22bet.team\/ro\/bonus\/#breadcrumb","itemListElement":[{"@type":"ListItem","position":1,"name":"Home","item":"https:\/\/22bet.team\/ro\/"},{"@type":"ListItem","position":2,"name":"Bonus"}]},{"@type":"WebSite","@id":"https:\/\/22bet.team\/ro\/#website","url":"https:\/\/22bet.team\/ro\/","name":"22Bet Team ro","description":"","potentialAction":[{"@type":"SearchAction","target":{"@type":"EntryPoint","urlTemplate":"https:\/\/22bet.team\/ro\/?s={search_term_string}"},"query-input":{"@type":"PropertyValueSpecification","valueRequired":true,"valueName":"search_term_string"}}],"inLanguage":"ro-RO"}]}},"_links":{"self":[{"href":"https:\/\/22bet.team\/ro\/wp-json\/wp\/v2\/pages\/1021","targetHints":{"allow":["GET"]}}],"collection":[{"href":"https:\/\/22bet.team\/ro\/wp-json\/wp\/v2\/pages"}],"about":[{"href":"https:\/\/22bet.team\/ro\/wp-json\/wp\/v2\/types\/page"}],"author":[{"embeddable":true,"href":"https:\/\/22bet.team\/ro\/wp-json\/wp\/v2\/users\/1"}],"replies":[{"embeddable":true,"href":"https:\/\/22bet.team\/ro\/wp-json\/wp\/v2\/comments?post=1021"}],"version-history":[{"count":5,"href":"https:\/\/22bet.team\/ro\/wp-json\/wp\/v2\/pages\/1021\/revisions"}],"predecessor-version":[{"id":1236,"href":"https:\/\/22bet.team\/ro\/wp-json\/wp\/v2\/pages\/1021\/revisions\/1236"}],"wp:attachment":[{"href":"https:\/\/22bet.team\/ro\/wp-json\/wp\/v2\/media?parent=1021"}],"curies":[{"name":"wp","href":"https:\/\/api.w.org\/{rel}","templated":true}]}}