{"id":1044,"date":"2025-11-25T09:38:51","date_gmt":"2025-11-25T06:38:51","guid":{"rendered":"https:\/\/22bet.team\/ro\/?page_id=1044"},"modified":"2026-03-25T20:45:14","modified_gmt":"2026-03-25T17:45:14","slug":"promo-code","status":"publish","type":"page","link":"https:\/\/22bet.team\/ro\/promo-code\/","title":{"rendered":"Cod promo\u021bional"},"content":{"rendered":"","protected":false},"excerpt":{"rendered":"","protected":false},"author":1,"featured_media":0,"parent":0,"menu_order":0,"comment_status":"closed","ping_status":"closed","template":"","meta":{"_acf_changed":false,"footnotes":""},"class_list":["post-1044","page","type-page","status-publish","hentry"],"acf":[],"yoast_head":"<!-- This site is optimized with the Yoast SEO plugin v26.1.1 - https:\/\/yoast.com\/wordpress\/plugins\/seo\/ -->\n<title>22Bet Cod promo\u021bional \u1409 Bonus de 100% p\u00e2n\u0103 la 8.000 RON<\/title>\n<meta name=\"description\" content=\"Prime\u0219te un bonus de p\u00e2n\u0103 la 8 000 RON cu codul promo\u021bional 22Bet! E\u0219ti juc\u0103tor nou? C\u00e2\u0219tig\u0103 30 de rotiri gratuite f\u0103r\u0103 a fi necesar\u0103 o depunere \u0219i beneficiaz\u0103 de oferte exclusive. Afl\u0103 cum s\u0103 te \u00eenregistrezi \u0219i s\u0103-\u021bi activezi bonusurile.\" \/>\n<meta name=\"robots\" content=\"index, follow, max-snippet:-1, max-image-preview:large, max-video-preview:-1\" \/>\n<link rel=\"canonical\" href=\"https:\/\/22bet.team\/ro\/promo-code\/\" \/>\n<meta property=\"og:locale\" content=\"ro_RO\" \/>\n<meta property=\"og:type\" content=\"article\" \/>\n<meta property=\"og:title\" content=\"22Bet Cod promo\u021bional \u1409 Bonus de 100% p\u00e2n\u0103 la 8.000 RON\" \/>\n<meta property=\"og:description\" content=\"Prime\u0219te un bonus de p\u00e2n\u0103 la 8 000 RON cu codul promo\u021bional 22Bet! E\u0219ti juc\u0103tor nou? C\u00e2\u0219tig\u0103 30 de rotiri gratuite f\u0103r\u0103 a fi necesar\u0103 o depunere \u0219i beneficiaz\u0103 de oferte exclusive. Afl\u0103 cum s\u0103 te \u00eenregistrezi \u0219i s\u0103-\u021bi activezi bonusurile.\" \/>\n<meta property=\"og:url\" content=\"https:\/\/22bet.team\/ro\/promo-code\/\" \/>\n<meta property=\"og:site_name\" content=\"22Bet Team ro\" \/>\n<meta property=\"article:modified_time\" content=\"2026-03-25T17:45:14+00:00\" \/>\n<meta name=\"twitter:card\" content=\"summary_large_image\" \/>\n<script type=\"application\/ld+json\" class=\"yoast-schema-graph\">{\"@context\":\"https:\/\/schema.org\",\"@graph\":[{\"@type\":\"WebPage\",\"@id\":\"https:\/\/22bet.team\/ro\/promo-code\/\",\"url\":\"https:\/\/22bet.team\/ro\/promo-code\/\",\"name\":\"22Bet Cod promo\u021bional \u1409 Bonus de 100% p\u00e2n\u0103 la 8.000 RON\",\"isPartOf\":{\"@id\":\"https:\/\/22bet.team\/ro\/#website\"},\"datePublished\":\"2025-11-25T06:38:51+00:00\",\"dateModified\":\"2026-03-25T17:45:14+00:00\",\"description\":\"Prime\u0219te un bonus de p\u00e2n\u0103 la 8 000 RON cu codul promo\u021bional 22Bet! E\u0219ti juc\u0103tor nou? C\u00e2\u0219tig\u0103 30 de rotiri gratuite f\u0103r\u0103 a fi necesar\u0103 o depunere \u0219i beneficiaz\u0103 de oferte exclusive. Afl\u0103 cum s\u0103 te \u00eenregistrezi \u0219i s\u0103-\u021bi activezi bonusurile.\",\"breadcrumb\":{\"@id\":\"https:\/\/22bet.team\/ro\/promo-code\/#breadcrumb\"},\"inLanguage\":\"ro-RO\",\"potentialAction\":[{\"@type\":\"ReadAction\",\"target\":[\"https:\/\/22bet.team\/ro\/promo-code\/\"]}]},{\"@type\":\"BreadcrumbList\",\"@id\":\"https:\/\/22bet.team\/ro\/promo-code\/#breadcrumb\",\"itemListElement\":[{\"@type\":\"ListItem\",\"position\":1,\"name\":\"Home\",\"item\":\"https:\/\/22bet.team\/ro\/\"},{\"@type\":\"ListItem\",\"position\":2,\"name\":\"Cod promo\u021bional\"}]},{\"@type\":\"WebSite\",\"@id\":\"https:\/\/22bet.team\/ro\/#website\",\"url\":\"https:\/\/22bet.team\/ro\/\",\"name\":\"22Bet Team ro\",\"description\":\"\",\"potentialAction\":[{\"@type\":\"SearchAction\",\"target\":{\"@type\":\"EntryPoint\",\"urlTemplate\":\"https:\/\/22bet.team\/ro\/?s={search_term_string}\"},\"query-input\":{\"@type\":\"PropertyValueSpecification\",\"valueRequired\":true,\"valueName\":\"search_term_string\"}}],\"inLanguage\":\"ro-RO\"}]}<\/script>\n<!-- \/ Yoast SEO plugin. -->","yoast_head_json":{"title":"22Bet Cod promo\u021bional \u1409 Bonus de 100% p\u00e2n\u0103 la 8.000 RON","description":"Prime\u0219te un bonus de p\u00e2n\u0103 la 8 000 RON cu codul promo\u021bional 22Bet! E\u0219ti juc\u0103tor nou? C\u00e2\u0219tig\u0103 30 de rotiri gratuite f\u0103r\u0103 a fi necesar\u0103 o depunere \u0219i beneficiaz\u0103 de oferte exclusive. Afl\u0103 cum s\u0103 te \u00eenregistrezi \u0219i s\u0103-\u021bi activezi bonusurile.","robots":{"index":"index","follow":"follow","max-snippet":"max-snippet:-1","max-image-preview":"max-image-preview:large","max-video-preview":"max-video-preview:-1"},"canonical":"https:\/\/22bet.team\/ro\/promo-code\/","og_locale":"ro_RO","og_type":"article","og_title":"22Bet Cod promo\u021bional \u1409 Bonus de 100% p\u00e2n\u0103 la 8.000 RON","og_description":"Prime\u0219te un bonus de p\u00e2n\u0103 la 8 000 RON cu codul promo\u021bional 22Bet! E\u0219ti juc\u0103tor nou? C\u00e2\u0219tig\u0103 30 de rotiri gratuite f\u0103r\u0103 a fi necesar\u0103 o depunere \u0219i beneficiaz\u0103 de oferte exclusive. Afl\u0103 cum s\u0103 te \u00eenregistrezi \u0219i s\u0103-\u021bi activezi bonusurile.","og_url":"https:\/\/22bet.team\/ro\/promo-code\/","og_site_name":"22Bet Team ro","article_modified_time":"2026-03-25T17:45:14+00:00","twitter_card":"summary_large_image","schema":{"@context":"https:\/\/schema.org","@graph":[{"@type":"WebPage","@id":"https:\/\/22bet.team\/ro\/promo-code\/","url":"https:\/\/22bet.team\/ro\/promo-code\/","name":"22Bet Cod promo\u021bional \u1409 Bonus de 100% p\u00e2n\u0103 la 8.000 RON","isPartOf":{"@id":"https:\/\/22bet.team\/ro\/#website"},"datePublished":"2025-11-25T06:38:51+00:00","dateModified":"2026-03-25T17:45:14+00:00","description":"Prime\u0219te un bonus de p\u00e2n\u0103 la 8 000 RON cu codul promo\u021bional 22Bet! E\u0219ti juc\u0103tor nou? C\u00e2\u0219tig\u0103 30 de rotiri gratuite f\u0103r\u0103 a fi necesar\u0103 o depunere \u0219i beneficiaz\u0103 de oferte exclusive. Afl\u0103 cum s\u0103 te \u00eenregistrezi \u0219i s\u0103-\u021bi activezi bonusurile.","breadcrumb":{"@id":"https:\/\/22bet.team\/ro\/promo-code\/#breadcrumb"},"inLanguage":"ro-RO","potentialAction":[{"@type":"ReadAction","target":["https:\/\/22bet.team\/ro\/promo-code\/"]}]},{"@type":"BreadcrumbList","@id":"https:\/\/22bet.team\/ro\/promo-code\/#breadcrumb","itemListElement":[{"@type":"ListItem","position":1,"name":"Home","item":"https:\/\/22bet.team\/ro\/"},{"@type":"ListItem","position":2,"name":"Cod promo\u021bional"}]},{"@type":"WebSite","@id":"https:\/\/22bet.team\/ro\/#website","url":"https:\/\/22bet.team\/ro\/","name":"22Bet Team ro","description":"","potentialAction":[{"@type":"SearchAction","target":{"@type":"EntryPoint","urlTemplate":"https:\/\/22bet.team\/ro\/?s={search_term_string}"},"query-input":{"@type":"PropertyValueSpecification","valueRequired":true,"valueName":"search_term_string"}}],"inLanguage":"ro-RO"}]}},"_links":{"self":[{"href":"https:\/\/22bet.team\/ro\/wp-json\/wp\/v2\/pages\/1044","targetHints":{"allow":["GET"]}}],"collection":[{"href":"https:\/\/22bet.team\/ro\/wp-json\/wp\/v2\/pages"}],"about":[{"href":"https:\/\/22bet.team\/ro\/wp-json\/wp\/v2\/types\/page"}],"author":[{"embeddable":true,"href":"https:\/\/22bet.team\/ro\/wp-json\/wp\/v2\/users\/1"}],"replies":[{"embeddable":true,"href":"https:\/\/22bet.team\/ro\/wp-json\/wp\/v2\/comments?post=1044"}],"version-history":[{"count":5,"href":"https:\/\/22bet.team\/ro\/wp-json\/wp\/v2\/pages\/1044\/revisions"}],"predecessor-version":[{"id":1264,"href":"https:\/\/22bet.team\/ro\/wp-json\/wp\/v2\/pages\/1044\/revisions\/1264"}],"wp:attachment":[{"href":"https:\/\/22bet.team\/ro\/wp-json\/wp\/v2\/media?parent=1044"}],"curies":[{"name":"wp","href":"https:\/\/api.w.org\/{rel}","templated":true}]}}