{"id":1094,"date":"2025-12-02T17:34:13","date_gmt":"2025-12-02T14:34:13","guid":{"rendered":"https:\/\/22bet.team\/ro\/?page_id=1094"},"modified":"2026-03-24T21:45:01","modified_gmt":"2026-03-24T18:45:01","slug":"registration","status":"publish","type":"page","link":"https:\/\/22bet.team\/ro\/registration\/","title":{"rendered":"\u00cenregistrare"},"content":{"rendered":"","protected":false},"excerpt":{"rendered":"","protected":false},"author":1,"featured_media":0,"parent":0,"menu_order":0,"comment_status":"closed","ping_status":"closed","template":"","meta":{"_acf_changed":false,"footnotes":""},"class_list":["post-1094","page","type-page","status-publish","hentry"],"acf":[],"yoast_head":"<!-- This site is optimized with the Yoast SEO plugin v26.1.1 - https:\/\/yoast.com\/wordpress\/plugins\/seo\/ -->\n<title>\u00censcrie-te la 22Bet \u1409 Bonus de 100% p\u00e2n\u0103 la 550 RON la prima depunere<\/title>\n<meta name=\"description\" content=\"Cum te \u00eenregistrezi pe 22Bet \u0219i cum prime\u0219ti un bonus de bun venit? Instruc\u021biuni pas cu pas: \u00eenregistrare rapid\u0103 prin num\u0103r de telefon, prin re\u021belele sociale sau prin e-mail. Conectarea la contul personal, verificarea \u0219i termenii \u0219i condi\u021biile bonusului Anul curent.\" \/>\n<meta name=\"robots\" content=\"index, follow, max-snippet:-1, max-image-preview:large, max-video-preview:-1\" \/>\n<link rel=\"canonical\" href=\"http:\/\/22bet.team\/ro\/registration\/\" \/>\n<meta property=\"og:locale\" content=\"ro_RO\" \/>\n<meta property=\"og:type\" content=\"article\" \/>\n<meta property=\"og:title\" content=\"\u00censcrie-te la 22Bet \u1409 Bonus de 100% p\u00e2n\u0103 la 550 RON la prima depunere\" \/>\n<meta property=\"og:description\" content=\"Cum te \u00eenregistrezi pe 22Bet \u0219i cum prime\u0219ti un bonus de bun venit? Instruc\u021biuni pas cu pas: \u00eenregistrare rapid\u0103 prin num\u0103r de telefon, prin re\u021belele sociale sau prin e-mail. Conectarea la contul personal, verificarea \u0219i termenii \u0219i condi\u021biile bonusului Anul curent.\" \/>\n<meta property=\"og:url\" content=\"http:\/\/22bet.team\/ro\/registration\/\" \/>\n<meta property=\"og:site_name\" content=\"22Bet Team ro\" \/>\n<meta property=\"article:modified_time\" content=\"2026-03-24T18:45:01+00:00\" \/>\n<meta name=\"twitter:card\" content=\"summary_large_image\" \/>\n<script type=\"application\/ld+json\" class=\"yoast-schema-graph\">{\"@context\":\"https:\/\/schema.org\",\"@graph\":[{\"@type\":\"WebPage\",\"@id\":\"http:\/\/22bet.team\/ro\/registration\/\",\"url\":\"http:\/\/22bet.team\/ro\/registration\/\",\"name\":\"\u00censcrie-te la 22Bet \u1409 Bonus de 100% p\u00e2n\u0103 la 550 RON la prima depunere\",\"isPartOf\":{\"@id\":\"https:\/\/22bet.team\/ro\/#website\"},\"datePublished\":\"2025-12-02T14:34:13+00:00\",\"dateModified\":\"2026-03-24T18:45:01+00:00\",\"description\":\"Cum te \u00eenregistrezi pe 22Bet \u0219i cum prime\u0219ti un bonus de bun venit? Instruc\u021biuni pas cu pas: \u00eenregistrare rapid\u0103 prin num\u0103r de telefon, prin re\u021belele sociale sau prin e-mail. Conectarea la contul personal, verificarea \u0219i termenii \u0219i condi\u021biile bonusului Anul curent.\",\"breadcrumb\":{\"@id\":\"http:\/\/22bet.team\/ro\/registration\/#breadcrumb\"},\"inLanguage\":\"ro-RO\",\"potentialAction\":[{\"@type\":\"ReadAction\",\"target\":[\"http:\/\/22bet.team\/ro\/registration\/\"]}]},{\"@type\":\"BreadcrumbList\",\"@id\":\"http:\/\/22bet.team\/ro\/registration\/#breadcrumb\",\"itemListElement\":[{\"@type\":\"ListItem\",\"position\":1,\"name\":\"Home\",\"item\":\"https:\/\/22bet.team\/ro\/\"},{\"@type\":\"ListItem\",\"position\":2,\"name\":\"\u00cenregistrare\"}]},{\"@type\":\"WebSite\",\"@id\":\"https:\/\/22bet.team\/ro\/#website\",\"url\":\"https:\/\/22bet.team\/ro\/\",\"name\":\"22Bet Team ro\",\"description\":\"\",\"potentialAction\":[{\"@type\":\"SearchAction\",\"target\":{\"@type\":\"EntryPoint\",\"urlTemplate\":\"https:\/\/22bet.team\/ro\/?s={search_term_string}\"},\"query-input\":{\"@type\":\"PropertyValueSpecification\",\"valueRequired\":true,\"valueName\":\"search_term_string\"}}],\"inLanguage\":\"ro-RO\"}]}<\/script>\n<!-- \/ Yoast SEO plugin. -->","yoast_head_json":{"title":"\u00censcrie-te la 22Bet \u1409 Bonus de 100% p\u00e2n\u0103 la 550 RON la prima depunere","description":"Cum te \u00eenregistrezi pe 22Bet \u0219i cum prime\u0219ti un bonus de bun venit? Instruc\u021biuni pas cu pas: \u00eenregistrare rapid\u0103 prin num\u0103r de telefon, prin re\u021belele sociale sau prin e-mail. Conectarea la contul personal, verificarea \u0219i termenii \u0219i condi\u021biile bonusului Anul curent.","robots":{"index":"index","follow":"follow","max-snippet":"max-snippet:-1","max-image-preview":"max-image-preview:large","max-video-preview":"max-video-preview:-1"},"canonical":"http:\/\/22bet.team\/ro\/registration\/","og_locale":"ro_RO","og_type":"article","og_title":"\u00censcrie-te la 22Bet \u1409 Bonus de 100% p\u00e2n\u0103 la 550 RON la prima depunere","og_description":"Cum te \u00eenregistrezi pe 22Bet \u0219i cum prime\u0219ti un bonus de bun venit? Instruc\u021biuni pas cu pas: \u00eenregistrare rapid\u0103 prin num\u0103r de telefon, prin re\u021belele sociale sau prin e-mail. Conectarea la contul personal, verificarea \u0219i termenii \u0219i condi\u021biile bonusului Anul curent.","og_url":"http:\/\/22bet.team\/ro\/registration\/","og_site_name":"22Bet Team ro","article_modified_time":"2026-03-24T18:45:01+00:00","twitter_card":"summary_large_image","schema":{"@context":"https:\/\/schema.org","@graph":[{"@type":"WebPage","@id":"http:\/\/22bet.team\/ro\/registration\/","url":"http:\/\/22bet.team\/ro\/registration\/","name":"\u00censcrie-te la 22Bet \u1409 Bonus de 100% p\u00e2n\u0103 la 550 RON la prima depunere","isPartOf":{"@id":"https:\/\/22bet.team\/ro\/#website"},"datePublished":"2025-12-02T14:34:13+00:00","dateModified":"2026-03-24T18:45:01+00:00","description":"Cum te \u00eenregistrezi pe 22Bet \u0219i cum prime\u0219ti un bonus de bun venit? Instruc\u021biuni pas cu pas: \u00eenregistrare rapid\u0103 prin num\u0103r de telefon, prin re\u021belele sociale sau prin e-mail. Conectarea la contul personal, verificarea \u0219i termenii \u0219i condi\u021biile bonusului Anul curent.","breadcrumb":{"@id":"http:\/\/22bet.team\/ro\/registration\/#breadcrumb"},"inLanguage":"ro-RO","potentialAction":[{"@type":"ReadAction","target":["http:\/\/22bet.team\/ro\/registration\/"]}]},{"@type":"BreadcrumbList","@id":"http:\/\/22bet.team\/ro\/registration\/#breadcrumb","itemListElement":[{"@type":"ListItem","position":1,"name":"Home","item":"https:\/\/22bet.team\/ro\/"},{"@type":"ListItem","position":2,"name":"\u00cenregistrare"}]},{"@type":"WebSite","@id":"https:\/\/22bet.team\/ro\/#website","url":"https:\/\/22bet.team\/ro\/","name":"22Bet Team ro","description":"","potentialAction":[{"@type":"SearchAction","target":{"@type":"EntryPoint","urlTemplate":"https:\/\/22bet.team\/ro\/?s={search_term_string}"},"query-input":{"@type":"PropertyValueSpecification","valueRequired":true,"valueName":"search_term_string"}}],"inLanguage":"ro-RO"}]}},"_links":{"self":[{"href":"https:\/\/22bet.team\/ro\/wp-json\/wp\/v2\/pages\/1094","targetHints":{"allow":["GET"]}}],"collection":[{"href":"https:\/\/22bet.team\/ro\/wp-json\/wp\/v2\/pages"}],"about":[{"href":"https:\/\/22bet.team\/ro\/wp-json\/wp\/v2\/types\/page"}],"author":[{"embeddable":true,"href":"https:\/\/22bet.team\/ro\/wp-json\/wp\/v2\/users\/1"}],"replies":[{"embeddable":true,"href":"https:\/\/22bet.team\/ro\/wp-json\/wp\/v2\/comments?post=1094"}],"version-history":[{"count":5,"href":"https:\/\/22bet.team\/ro\/wp-json\/wp\/v2\/pages\/1094\/revisions"}],"predecessor-version":[{"id":1253,"href":"https:\/\/22bet.team\/ro\/wp-json\/wp\/v2\/pages\/1094\/revisions\/1253"}],"wp:attachment":[{"href":"https:\/\/22bet.team\/ro\/wp-json\/wp\/v2\/media?parent=1094"}],"curies":[{"name":"wp","href":"https:\/\/api.w.org\/{rel}","templated":true}]}}