{"id":2,"date":"2025-08-22T14:28:47","date_gmt":"2025-08-22T11:28:47","guid":{"rendered":"https:\/\/22bet.team\/ro\/?page_id=2"},"modified":"2026-03-25T20:36:09","modified_gmt":"2026-03-25T17:36:09","slug":"home","status":"publish","type":"page","link":"https:\/\/22bet.team\/ro\/","title":{"rendered":"Acas\u0103"},"content":{"rendered":"","protected":false},"excerpt":{"rendered":"","protected":false},"author":1,"featured_media":1156,"parent":0,"menu_order":0,"comment_status":"closed","ping_status":"closed","template":"","meta":{"_acf_changed":false,"footnotes":""},"class_list":["post-2","page","type-page","status-publish","has-post-thumbnail","hentry"],"acf":[],"yoast_head":"<!-- This site is optimized with the Yoast SEO plugin v26.1.1 - https:\/\/yoast.com\/wordpress\/plugins\/seo\/ -->\n<title>22Bet Pariuri \u0219i Cazinou | Cele mai bune cote, jocuri, bonusuri<\/title>\n<meta name=\"description\" content=\"22Bet \u2013 o platform\u0103 de pariuri online de top, care ofer\u0103 o gam\u0103 larg\u0103 de op\u021biuni de pariuri sportive \u0219i o experien\u021b\u0103 de cazinou excep\u021bional\u0103. Descoper\u0103 bonusuri generoase, func\u021bii de pariuri live \u0219i cote competitive, at\u00e2t pentru juc\u0103torii noi, c\u00e2t \u0219i pentru cei experimenta\u021bi.\" \/>\n<meta name=\"robots\" content=\"index, follow, max-snippet:-1, max-image-preview:large, max-video-preview:-1\" \/>\n<link rel=\"canonical\" href=\"https:\/\/22bet.team\/ro\/\" \/>\n<meta property=\"og:locale\" content=\"ro_RO\" \/>\n<meta property=\"og:type\" content=\"article\" \/>\n<meta property=\"og:title\" content=\"22Bet Pariuri \u0219i Cazinou | Cele mai bune cote, jocuri, bonusuri\" \/>\n<meta property=\"og:description\" content=\"22Bet \u2013 o platform\u0103 de pariuri online de top, care ofer\u0103 o gam\u0103 larg\u0103 de op\u021biuni de pariuri sportive \u0219i o experien\u021b\u0103 de cazinou excep\u021bional\u0103. Descoper\u0103 bonusuri generoase, func\u021bii de pariuri live \u0219i cote competitive, at\u00e2t pentru juc\u0103torii noi, c\u00e2t \u0219i pentru cei experimenta\u021bi.\" \/>\n<meta property=\"og:url\" content=\"https:\/\/22bet.team\/ro\/\" \/>\n<meta property=\"og:site_name\" content=\"22Bet Team ro\" \/>\n<meta property=\"article:modified_time\" content=\"2026-03-25T17:36:09+00:00\" \/>\n<meta property=\"og:image\" content=\"https:\/\/22bet.team\/ro\/wp-content\/uploads\/sites\/37\/22bet-team-001-1-1.webp\" \/>\n\t<meta property=\"og:image:width\" content=\"600\" \/>\n\t<meta property=\"og:image:height\" content=\"420\" \/>\n\t<meta property=\"og:image:type\" content=\"image\/webp\" \/>\n<meta name=\"twitter:card\" content=\"summary_large_image\" \/>\n<meta name=\"twitter:label1\" content=\"Timp estimat pentru citire\" \/>\n\t<meta name=\"twitter:data1\" content=\"1 minut\" \/>\n<script type=\"application\/ld+json\" class=\"yoast-schema-graph\">{\"@context\":\"https:\/\/schema.org\",\"@graph\":[{\"@type\":\"WebPage\",\"@id\":\"https:\/\/22bet.team\/ro\/\",\"url\":\"https:\/\/22bet.team\/ro\/\",\"name\":\"22Bet Pariuri \u0219i Cazinou | Cele mai bune cote, jocuri, bonusuri\",\"isPartOf\":{\"@id\":\"https:\/\/22bet.team\/ro\/#website\"},\"primaryImageOfPage\":{\"@id\":\"https:\/\/22bet.team\/ro\/#primaryimage\"},\"image\":{\"@id\":\"https:\/\/22bet.team\/ro\/#primaryimage\"},\"thumbnailUrl\":\"https:\/\/22bet.team\/ro\/wp-content\/uploads\/sites\/37\/22bet-team-001-1-1.webp\",\"datePublished\":\"2025-08-22T11:28:47+00:00\",\"dateModified\":\"2026-03-25T17:36:09+00:00\",\"description\":\"22Bet \u2013 o platform\u0103 de pariuri online de top, care ofer\u0103 o gam\u0103 larg\u0103 de op\u021biuni de pariuri sportive \u0219i o experien\u021b\u0103 de cazinou excep\u021bional\u0103. Descoper\u0103 bonusuri generoase, func\u021bii de pariuri live \u0219i cote competitive, at\u00e2t pentru juc\u0103torii noi, c\u00e2t \u0219i pentru cei experimenta\u021bi.\",\"breadcrumb\":{\"@id\":\"https:\/\/22bet.team\/ro\/#breadcrumb\"},\"inLanguage\":\"ro-RO\",\"potentialAction\":[{\"@type\":\"ReadAction\",\"target\":[\"https:\/\/22bet.team\/ro\/\"]}]},{\"@type\":\"ImageObject\",\"inLanguage\":\"ro-RO\",\"@id\":\"https:\/\/22bet.team\/ro\/#primaryimage\",\"url\":\"https:\/\/22bet.team\/ro\/wp-content\/uploads\/sites\/37\/22bet-team-001-1-1.webp\",\"contentUrl\":\"https:\/\/22bet.team\/ro\/wp-content\/uploads\/sites\/37\/22bet-team-001-1-1.webp\",\"width\":600,\"height\":420},{\"@type\":\"BreadcrumbList\",\"@id\":\"https:\/\/22bet.team\/ro\/#breadcrumb\",\"itemListElement\":[{\"@type\":\"ListItem\",\"position\":1,\"name\":\"Home\",\"item\":\"https:\/\/22bet.team\/ro\/\"},{\"@type\":\"ListItem\",\"position\":2,\"name\":\"Acas\u0103\"}]},{\"@type\":\"WebSite\",\"@id\":\"https:\/\/22bet.team\/ro\/#website\",\"url\":\"https:\/\/22bet.team\/ro\/\",\"name\":\"22Bet Team ro\",\"description\":\"\",\"potentialAction\":[{\"@type\":\"SearchAction\",\"target\":{\"@type\":\"EntryPoint\",\"urlTemplate\":\"https:\/\/22bet.team\/ro\/?s={search_term_string}\"},\"query-input\":{\"@type\":\"PropertyValueSpecification\",\"valueRequired\":true,\"valueName\":\"search_term_string\"}}],\"inLanguage\":\"ro-RO\"}]}<\/script>\n<!-- \/ Yoast SEO plugin. -->","yoast_head_json":{"title":"22Bet Pariuri \u0219i Cazinou | Cele mai bune cote, jocuri, bonusuri","description":"22Bet \u2013 o platform\u0103 de pariuri online de top, care ofer\u0103 o gam\u0103 larg\u0103 de op\u021biuni de pariuri sportive \u0219i o experien\u021b\u0103 de cazinou excep\u021bional\u0103. Descoper\u0103 bonusuri generoase, func\u021bii de pariuri live \u0219i cote competitive, at\u00e2t pentru juc\u0103torii noi, c\u00e2t \u0219i pentru cei experimenta\u021bi.","robots":{"index":"index","follow":"follow","max-snippet":"max-snippet:-1","max-image-preview":"max-image-preview:large","max-video-preview":"max-video-preview:-1"},"canonical":"https:\/\/22bet.team\/ro\/","og_locale":"ro_RO","og_type":"article","og_title":"22Bet Pariuri \u0219i Cazinou | Cele mai bune cote, jocuri, bonusuri","og_description":"22Bet \u2013 o platform\u0103 de pariuri online de top, care ofer\u0103 o gam\u0103 larg\u0103 de op\u021biuni de pariuri sportive \u0219i o experien\u021b\u0103 de cazinou excep\u021bional\u0103. Descoper\u0103 bonusuri generoase, func\u021bii de pariuri live \u0219i cote competitive, at\u00e2t pentru juc\u0103torii noi, c\u00e2t \u0219i pentru cei experimenta\u021bi.","og_url":"https:\/\/22bet.team\/ro\/","og_site_name":"22Bet Team ro","article_modified_time":"2026-03-25T17:36:09+00:00","og_image":[{"width":600,"height":420,"url":"https:\/\/22bet.team\/ro\/wp-content\/uploads\/sites\/37\/22bet-team-001-1-1.webp","type":"image\/webp"}],"twitter_card":"summary_large_image","twitter_misc":{"Timp estimat pentru citire":"1 minut"},"schema":{"@context":"https:\/\/schema.org","@graph":[{"@type":"WebPage","@id":"https:\/\/22bet.team\/ro\/","url":"https:\/\/22bet.team\/ro\/","name":"22Bet Pariuri \u0219i Cazinou | Cele mai bune cote, jocuri, bonusuri","isPartOf":{"@id":"https:\/\/22bet.team\/ro\/#website"},"primaryImageOfPage":{"@id":"https:\/\/22bet.team\/ro\/#primaryimage"},"image":{"@id":"https:\/\/22bet.team\/ro\/#primaryimage"},"thumbnailUrl":"https:\/\/22bet.team\/ro\/wp-content\/uploads\/sites\/37\/22bet-team-001-1-1.webp","datePublished":"2025-08-22T11:28:47+00:00","dateModified":"2026-03-25T17:36:09+00:00","description":"22Bet \u2013 o platform\u0103 de pariuri online de top, care ofer\u0103 o gam\u0103 larg\u0103 de op\u021biuni de pariuri sportive \u0219i o experien\u021b\u0103 de cazinou excep\u021bional\u0103. Descoper\u0103 bonusuri generoase, func\u021bii de pariuri live \u0219i cote competitive, at\u00e2t pentru juc\u0103torii noi, c\u00e2t \u0219i pentru cei experimenta\u021bi.","breadcrumb":{"@id":"https:\/\/22bet.team\/ro\/#breadcrumb"},"inLanguage":"ro-RO","potentialAction":[{"@type":"ReadAction","target":["https:\/\/22bet.team\/ro\/"]}]},{"@type":"ImageObject","inLanguage":"ro-RO","@id":"https:\/\/22bet.team\/ro\/#primaryimage","url":"https:\/\/22bet.team\/ro\/wp-content\/uploads\/sites\/37\/22bet-team-001-1-1.webp","contentUrl":"https:\/\/22bet.team\/ro\/wp-content\/uploads\/sites\/37\/22bet-team-001-1-1.webp","width":600,"height":420},{"@type":"BreadcrumbList","@id":"https:\/\/22bet.team\/ro\/#breadcrumb","itemListElement":[{"@type":"ListItem","position":1,"name":"Home","item":"https:\/\/22bet.team\/ro\/"},{"@type":"ListItem","position":2,"name":"Acas\u0103"}]},{"@type":"WebSite","@id":"https:\/\/22bet.team\/ro\/#website","url":"https:\/\/22bet.team\/ro\/","name":"22Bet Team ro","description":"","potentialAction":[{"@type":"SearchAction","target":{"@type":"EntryPoint","urlTemplate":"https:\/\/22bet.team\/ro\/?s={search_term_string}"},"query-input":{"@type":"PropertyValueSpecification","valueRequired":true,"valueName":"search_term_string"}}],"inLanguage":"ro-RO"}]}},"_links":{"self":[{"href":"https:\/\/22bet.team\/ro\/wp-json\/wp\/v2\/pages\/2","targetHints":{"allow":["GET"]}}],"collection":[{"href":"https:\/\/22bet.team\/ro\/wp-json\/wp\/v2\/pages"}],"about":[{"href":"https:\/\/22bet.team\/ro\/wp-json\/wp\/v2\/types\/page"}],"author":[{"embeddable":true,"href":"https:\/\/22bet.team\/ro\/wp-json\/wp\/v2\/users\/1"}],"replies":[{"embeddable":true,"href":"https:\/\/22bet.team\/ro\/wp-json\/wp\/v2\/comments?post=2"}],"version-history":[{"count":5,"href":"https:\/\/22bet.team\/ro\/wp-json\/wp\/v2\/pages\/2\/revisions"}],"predecessor-version":[{"id":1261,"href":"https:\/\/22bet.team\/ro\/wp-json\/wp\/v2\/pages\/2\/revisions\/1261"}],"wp:featuredmedia":[{"embeddable":true,"href":"https:\/\/22bet.team\/ro\/wp-json\/wp\/v2\/media\/1156"}],"wp:attachment":[{"href":"https:\/\/22bet.team\/ro\/wp-json\/wp\/v2\/media?parent=2"}],"curies":[{"name":"wp","href":"https:\/\/api.w.org\/{rel}","templated":true}]}}