{"id":830,"date":"2025-11-14T09:42:58","date_gmt":"2025-11-14T06:42:58","guid":{"rendered":"https:\/\/22bet.team\/ro\/?page_id=830"},"modified":"2026-03-24T21:45:49","modified_gmt":"2026-03-24T18:45:49","slug":"app","status":"publish","type":"page","link":"https:\/\/22bet.team\/ro\/app\/","title":{"rendered":"Aplica\u021bie"},"content":{"rendered":"","protected":false},"excerpt":{"rendered":"","protected":false},"author":1,"featured_media":0,"parent":0,"menu_order":0,"comment_status":"closed","ping_status":"closed","template":"","meta":{"_acf_changed":false,"footnotes":""},"class_list":["post-830","page","type-page","status-publish","hentry"],"acf":[],"yoast_head":"<!-- This site is optimized with the Yoast SEO plugin v26.1.1 - https:\/\/yoast.com\/wordpress\/plugins\/seo\/ -->\n<title>Aplica\u021bia 22Bet \u2b07\ufe0f Caracteristici \u0219i avantaje pentru pariuri \u0219i cazinou<\/title>\n<meta name=\"description\" content=\"Aplica\u021bia 22Bet \u2014 descarc-o pe Android \u0219i iOS \u0219i beneficiaz\u0103 de acces instantaneu la pariuri live, cazinou, bonusuri \u0219i pl\u0103\u021bi rapide. Interfa\u021b\u0103 mobil\u0103 modern\u0103, comod\u0103 \u0219i sigur\u0103.\" \/>\n<meta name=\"robots\" content=\"index, follow, max-snippet:-1, max-image-preview:large, max-video-preview:-1\" \/>\n<link rel=\"canonical\" href=\"http:\/\/22bet.team\/ro\/app\/\" \/>\n<meta property=\"og:locale\" content=\"ro_RO\" \/>\n<meta property=\"og:type\" content=\"article\" \/>\n<meta property=\"og:title\" content=\"Aplica\u021bia 22Bet \u2b07\ufe0f Caracteristici \u0219i avantaje pentru pariuri \u0219i cazinou\" \/>\n<meta property=\"og:description\" content=\"Aplica\u021bia 22Bet \u2014 descarc-o pe Android \u0219i iOS \u0219i beneficiaz\u0103 de acces instantaneu la pariuri live, cazinou, bonusuri \u0219i pl\u0103\u021bi rapide. Interfa\u021b\u0103 mobil\u0103 modern\u0103, comod\u0103 \u0219i sigur\u0103.\" \/>\n<meta property=\"og:url\" content=\"http:\/\/22bet.team\/ro\/app\/\" \/>\n<meta property=\"og:site_name\" content=\"22Bet Team ro\" \/>\n<meta property=\"article:modified_time\" content=\"2026-03-24T18:45:49+00:00\" \/>\n<meta name=\"twitter:card\" content=\"summary_large_image\" \/>\n<script type=\"application\/ld+json\" class=\"yoast-schema-graph\">{\"@context\":\"https:\/\/schema.org\",\"@graph\":[{\"@type\":\"WebPage\",\"@id\":\"http:\/\/22bet.team\/ro\/app\/\",\"url\":\"http:\/\/22bet.team\/ro\/app\/\",\"name\":\"Aplica\u021bia 22Bet \u2b07\ufe0f Caracteristici \u0219i avantaje pentru pariuri \u0219i cazinou\",\"isPartOf\":{\"@id\":\"http:\/\/22bet.team\/ro\/#website\"},\"datePublished\":\"2025-11-14T06:42:58+00:00\",\"dateModified\":\"2026-03-24T18:45:49+00:00\",\"description\":\"Aplica\u021bia 22Bet \u2014 descarc-o pe Android \u0219i iOS \u0219i beneficiaz\u0103 de acces instantaneu la pariuri live, cazinou, bonusuri \u0219i pl\u0103\u021bi rapide. Interfa\u021b\u0103 mobil\u0103 modern\u0103, comod\u0103 \u0219i sigur\u0103.\",\"breadcrumb\":{\"@id\":\"http:\/\/22bet.team\/ro\/app\/#breadcrumb\"},\"inLanguage\":\"ro-RO\",\"potentialAction\":[{\"@type\":\"ReadAction\",\"target\":[\"http:\/\/22bet.team\/ro\/app\/\"]}]},{\"@type\":\"BreadcrumbList\",\"@id\":\"http:\/\/22bet.team\/ro\/app\/#breadcrumb\",\"itemListElement\":[{\"@type\":\"ListItem\",\"position\":1,\"name\":\"Home\",\"item\":\"http:\/\/22bet.team\/ro\/\"},{\"@type\":\"ListItem\",\"position\":2,\"name\":\"Aplica\u021bie\"}]},{\"@type\":\"WebSite\",\"@id\":\"http:\/\/22bet.team\/ro\/#website\",\"url\":\"http:\/\/22bet.team\/ro\/\",\"name\":\"22Bet Team ro\",\"description\":\"\",\"potentialAction\":[{\"@type\":\"SearchAction\",\"target\":{\"@type\":\"EntryPoint\",\"urlTemplate\":\"http:\/\/22bet.team\/ro\/?s={search_term_string}\"},\"query-input\":{\"@type\":\"PropertyValueSpecification\",\"valueRequired\":true,\"valueName\":\"search_term_string\"}}],\"inLanguage\":\"ro-RO\"}]}<\/script>\n<!-- \/ Yoast SEO plugin. -->","yoast_head_json":{"title":"Aplica\u021bia 22Bet \u2b07\ufe0f Caracteristici \u0219i avantaje pentru pariuri \u0219i cazinou","description":"Aplica\u021bia 22Bet \u2014 descarc-o pe Android \u0219i iOS \u0219i beneficiaz\u0103 de acces instantaneu la pariuri live, cazinou, bonusuri \u0219i pl\u0103\u021bi rapide. Interfa\u021b\u0103 mobil\u0103 modern\u0103, comod\u0103 \u0219i sigur\u0103.","robots":{"index":"index","follow":"follow","max-snippet":"max-snippet:-1","max-image-preview":"max-image-preview:large","max-video-preview":"max-video-preview:-1"},"canonical":"http:\/\/22bet.team\/ro\/app\/","og_locale":"ro_RO","og_type":"article","og_title":"Aplica\u021bia 22Bet \u2b07\ufe0f Caracteristici \u0219i avantaje pentru pariuri \u0219i cazinou","og_description":"Aplica\u021bia 22Bet \u2014 descarc-o pe Android \u0219i iOS \u0219i beneficiaz\u0103 de acces instantaneu la pariuri live, cazinou, bonusuri \u0219i pl\u0103\u021bi rapide. Interfa\u021b\u0103 mobil\u0103 modern\u0103, comod\u0103 \u0219i sigur\u0103.","og_url":"http:\/\/22bet.team\/ro\/app\/","og_site_name":"22Bet Team ro","article_modified_time":"2026-03-24T18:45:49+00:00","twitter_card":"summary_large_image","schema":{"@context":"https:\/\/schema.org","@graph":[{"@type":"WebPage","@id":"http:\/\/22bet.team\/ro\/app\/","url":"http:\/\/22bet.team\/ro\/app\/","name":"Aplica\u021bia 22Bet \u2b07\ufe0f Caracteristici \u0219i avantaje pentru pariuri \u0219i cazinou","isPartOf":{"@id":"http:\/\/22bet.team\/ro\/#website"},"datePublished":"2025-11-14T06:42:58+00:00","dateModified":"2026-03-24T18:45:49+00:00","description":"Aplica\u021bia 22Bet \u2014 descarc-o pe Android \u0219i iOS \u0219i beneficiaz\u0103 de acces instantaneu la pariuri live, cazinou, bonusuri \u0219i pl\u0103\u021bi rapide. Interfa\u021b\u0103 mobil\u0103 modern\u0103, comod\u0103 \u0219i sigur\u0103.","breadcrumb":{"@id":"http:\/\/22bet.team\/ro\/app\/#breadcrumb"},"inLanguage":"ro-RO","potentialAction":[{"@type":"ReadAction","target":["http:\/\/22bet.team\/ro\/app\/"]}]},{"@type":"BreadcrumbList","@id":"http:\/\/22bet.team\/ro\/app\/#breadcrumb","itemListElement":[{"@type":"ListItem","position":1,"name":"Home","item":"http:\/\/22bet.team\/ro\/"},{"@type":"ListItem","position":2,"name":"Aplica\u021bie"}]},{"@type":"WebSite","@id":"http:\/\/22bet.team\/ro\/#website","url":"http:\/\/22bet.team\/ro\/","name":"22Bet Team ro","description":"","potentialAction":[{"@type":"SearchAction","target":{"@type":"EntryPoint","urlTemplate":"http:\/\/22bet.team\/ro\/?s={search_term_string}"},"query-input":{"@type":"PropertyValueSpecification","valueRequired":true,"valueName":"search_term_string"}}],"inLanguage":"ro-RO"}]}},"_links":{"self":[{"href":"https:\/\/22bet.team\/ro\/wp-json\/wp\/v2\/pages\/830","targetHints":{"allow":["GET"]}}],"collection":[{"href":"https:\/\/22bet.team\/ro\/wp-json\/wp\/v2\/pages"}],"about":[{"href":"https:\/\/22bet.team\/ro\/wp-json\/wp\/v2\/types\/page"}],"author":[{"embeddable":true,"href":"https:\/\/22bet.team\/ro\/wp-json\/wp\/v2\/users\/1"}],"replies":[{"embeddable":true,"href":"https:\/\/22bet.team\/ro\/wp-json\/wp\/v2\/comments?post=830"}],"version-history":[{"count":5,"href":"https:\/\/22bet.team\/ro\/wp-json\/wp\/v2\/pages\/830\/revisions"}],"predecessor-version":[{"id":1235,"href":"https:\/\/22bet.team\/ro\/wp-json\/wp\/v2\/pages\/830\/revisions\/1235"}],"wp:attachment":[{"href":"https:\/\/22bet.team\/ro\/wp-json\/wp\/v2\/media?parent=830"}],"curies":[{"name":"wp","href":"https:\/\/api.w.org\/{rel}","templated":true}]}}