{"id":987,"date":"2025-11-20T10:37:40","date_gmt":"2025-11-20T07:37:40","guid":{"rendered":"https:\/\/22bet.team\/ro\/?page_id=987"},"modified":"2026-03-24T21:45:36","modified_gmt":"2026-03-24T18:45:36","slug":"casino","status":"publish","type":"page","link":"https:\/\/22bet.team\/ro\/casino\/","title":{"rendered":"Cazinou"},"content":{"rendered":"","protected":false},"excerpt":{"rendered":"","protected":false},"author":1,"featured_media":0,"parent":0,"menu_order":0,"comment_status":"closed","ping_status":"closed","template":"","meta":{"_acf_changed":false,"footnotes":""},"class_list":["post-987","page","type-page","status-publish","hentry"],"acf":[],"yoast_head":"<!-- This site is optimized with the Yoast SEO plugin v26.1.1 - https:\/\/yoast.com\/wordpress\/plugins\/seo\/ -->\n<title>22Bet Casino | Cele mai bune jocuri, bonusuri, jocuri live<\/title>\n<meta name=\"description\" content=\"Intra\u021bi \u00een lumea jocurilor de noroc cu 22Bet Casino! Bucura\u021bi-v\u0103 de sloturi captivante, jocuri live extraordinare \u0219i bonusuri generoase de p\u00e2n\u0103 la 7 000 RON. Al\u0103tura\u021bi-v\u0103 22Bet \u0219i bucura\u021bi-v\u0103 de o experien\u021b\u0103 de joc de neegalat \u00eentr-un mediu sigur \u0219i autorizat.\" \/>\n<meta name=\"robots\" content=\"index, follow, max-snippet:-1, max-image-preview:large, max-video-preview:-1\" \/>\n<link rel=\"canonical\" href=\"http:\/\/22bet.team\/ro\/casino\/\" \/>\n<meta property=\"og:locale\" content=\"ro_RO\" \/>\n<meta property=\"og:type\" content=\"article\" \/>\n<meta property=\"og:title\" content=\"22Bet Casino | Cele mai bune jocuri, bonusuri, jocuri live\" \/>\n<meta property=\"og:description\" content=\"Intra\u021bi \u00een lumea jocurilor de noroc cu 22Bet Casino! Bucura\u021bi-v\u0103 de sloturi captivante, jocuri live extraordinare \u0219i bonusuri generoase de p\u00e2n\u0103 la 7 000 RON. Al\u0103tura\u021bi-v\u0103 22Bet \u0219i bucura\u021bi-v\u0103 de o experien\u021b\u0103 de joc de neegalat \u00eentr-un mediu sigur \u0219i autorizat.\" \/>\n<meta property=\"og:url\" content=\"http:\/\/22bet.team\/ro\/casino\/\" \/>\n<meta property=\"og:site_name\" content=\"22Bet Team ro\" \/>\n<meta property=\"article:modified_time\" content=\"2026-03-24T18:45:36+00:00\" \/>\n<meta name=\"twitter:card\" content=\"summary_large_image\" \/>\n<script type=\"application\/ld+json\" class=\"yoast-schema-graph\">{\"@context\":\"https:\/\/schema.org\",\"@graph\":[{\"@type\":\"WebPage\",\"@id\":\"http:\/\/22bet.team\/ro\/casino\/\",\"url\":\"http:\/\/22bet.team\/ro\/casino\/\",\"name\":\"22Bet Casino | Cele mai bune jocuri, bonusuri, jocuri live\",\"isPartOf\":{\"@id\":\"http:\/\/22bet.team\/ro\/#website\"},\"datePublished\":\"2025-11-20T07:37:40+00:00\",\"dateModified\":\"2026-03-24T18:45:36+00:00\",\"description\":\"Intra\u021bi \u00een lumea jocurilor de noroc cu 22Bet Casino! Bucura\u021bi-v\u0103 de sloturi captivante, jocuri live extraordinare \u0219i bonusuri generoase de p\u00e2n\u0103 la 7 000 RON. Al\u0103tura\u021bi-v\u0103 22Bet \u0219i bucura\u021bi-v\u0103 de o experien\u021b\u0103 de joc de neegalat \u00eentr-un mediu sigur \u0219i autorizat.\",\"breadcrumb\":{\"@id\":\"http:\/\/22bet.team\/ro\/casino\/#breadcrumb\"},\"inLanguage\":\"ro-RO\",\"potentialAction\":[{\"@type\":\"ReadAction\",\"target\":[\"http:\/\/22bet.team\/ro\/casino\/\"]}]},{\"@type\":\"BreadcrumbList\",\"@id\":\"http:\/\/22bet.team\/ro\/casino\/#breadcrumb\",\"itemListElement\":[{\"@type\":\"ListItem\",\"position\":1,\"name\":\"Home\",\"item\":\"http:\/\/22bet.team\/ro\/\"},{\"@type\":\"ListItem\",\"position\":2,\"name\":\"Cazinou\"}]},{\"@type\":\"WebSite\",\"@id\":\"http:\/\/22bet.team\/ro\/#website\",\"url\":\"http:\/\/22bet.team\/ro\/\",\"name\":\"22Bet Team ro\",\"description\":\"\",\"potentialAction\":[{\"@type\":\"SearchAction\",\"target\":{\"@type\":\"EntryPoint\",\"urlTemplate\":\"http:\/\/22bet.team\/ro\/?s={search_term_string}\"},\"query-input\":{\"@type\":\"PropertyValueSpecification\",\"valueRequired\":true,\"valueName\":\"search_term_string\"}}],\"inLanguage\":\"ro-RO\"}]}<\/script>\n<!-- \/ Yoast SEO plugin. -->","yoast_head_json":{"title":"22Bet Casino | Cele mai bune jocuri, bonusuri, jocuri live","description":"Intra\u021bi \u00een lumea jocurilor de noroc cu 22Bet Casino! Bucura\u021bi-v\u0103 de sloturi captivante, jocuri live extraordinare \u0219i bonusuri generoase de p\u00e2n\u0103 la 7 000 RON. Al\u0103tura\u021bi-v\u0103 22Bet \u0219i bucura\u021bi-v\u0103 de o experien\u021b\u0103 de joc de neegalat \u00eentr-un mediu sigur \u0219i autorizat.","robots":{"index":"index","follow":"follow","max-snippet":"max-snippet:-1","max-image-preview":"max-image-preview:large","max-video-preview":"max-video-preview:-1"},"canonical":"http:\/\/22bet.team\/ro\/casino\/","og_locale":"ro_RO","og_type":"article","og_title":"22Bet Casino | Cele mai bune jocuri, bonusuri, jocuri live","og_description":"Intra\u021bi \u00een lumea jocurilor de noroc cu 22Bet Casino! Bucura\u021bi-v\u0103 de sloturi captivante, jocuri live extraordinare \u0219i bonusuri generoase de p\u00e2n\u0103 la 7 000 RON. Al\u0103tura\u021bi-v\u0103 22Bet \u0219i bucura\u021bi-v\u0103 de o experien\u021b\u0103 de joc de neegalat \u00eentr-un mediu sigur \u0219i autorizat.","og_url":"http:\/\/22bet.team\/ro\/casino\/","og_site_name":"22Bet Team ro","article_modified_time":"2026-03-24T18:45:36+00:00","twitter_card":"summary_large_image","schema":{"@context":"https:\/\/schema.org","@graph":[{"@type":"WebPage","@id":"http:\/\/22bet.team\/ro\/casino\/","url":"http:\/\/22bet.team\/ro\/casino\/","name":"22Bet Casino | Cele mai bune jocuri, bonusuri, jocuri live","isPartOf":{"@id":"http:\/\/22bet.team\/ro\/#website"},"datePublished":"2025-11-20T07:37:40+00:00","dateModified":"2026-03-24T18:45:36+00:00","description":"Intra\u021bi \u00een lumea jocurilor de noroc cu 22Bet Casino! Bucura\u021bi-v\u0103 de sloturi captivante, jocuri live extraordinare \u0219i bonusuri generoase de p\u00e2n\u0103 la 7 000 RON. Al\u0103tura\u021bi-v\u0103 22Bet \u0219i bucura\u021bi-v\u0103 de o experien\u021b\u0103 de joc de neegalat \u00eentr-un mediu sigur \u0219i autorizat.","breadcrumb":{"@id":"http:\/\/22bet.team\/ro\/casino\/#breadcrumb"},"inLanguage":"ro-RO","potentialAction":[{"@type":"ReadAction","target":["http:\/\/22bet.team\/ro\/casino\/"]}]},{"@type":"BreadcrumbList","@id":"http:\/\/22bet.team\/ro\/casino\/#breadcrumb","itemListElement":[{"@type":"ListItem","position":1,"name":"Home","item":"http:\/\/22bet.team\/ro\/"},{"@type":"ListItem","position":2,"name":"Cazinou"}]},{"@type":"WebSite","@id":"http:\/\/22bet.team\/ro\/#website","url":"http:\/\/22bet.team\/ro\/","name":"22Bet Team ro","description":"","potentialAction":[{"@type":"SearchAction","target":{"@type":"EntryPoint","urlTemplate":"http:\/\/22bet.team\/ro\/?s={search_term_string}"},"query-input":{"@type":"PropertyValueSpecification","valueRequired":true,"valueName":"search_term_string"}}],"inLanguage":"ro-RO"}]}},"_links":{"self":[{"href":"https:\/\/22bet.team\/ro\/wp-json\/wp\/v2\/pages\/987","targetHints":{"allow":["GET"]}}],"collection":[{"href":"https:\/\/22bet.team\/ro\/wp-json\/wp\/v2\/pages"}],"about":[{"href":"https:\/\/22bet.team\/ro\/wp-json\/wp\/v2\/types\/page"}],"author":[{"embeddable":true,"href":"https:\/\/22bet.team\/ro\/wp-json\/wp\/v2\/users\/1"}],"replies":[{"embeddable":true,"href":"https:\/\/22bet.team\/ro\/wp-json\/wp\/v2\/comments?post=987"}],"version-history":[{"count":5,"href":"https:\/\/22bet.team\/ro\/wp-json\/wp\/v2\/pages\/987\/revisions"}],"predecessor-version":[{"id":1259,"href":"https:\/\/22bet.team\/ro\/wp-json\/wp\/v2\/pages\/987\/revisions\/1259"}],"wp:attachment":[{"href":"https:\/\/22bet.team\/ro\/wp-json\/wp\/v2\/media?parent=987"}],"curies":[{"name":"wp","href":"https:\/\/api.w.org\/{rel}","templated":true}]}}