{"id":1021,"date":"2025-11-24T16:18:29","date_gmt":"2025-11-24T13:18:29","guid":{"rendered":"https:\/\/22bet.team\/sk\/?page_id=1021"},"modified":"2025-12-27T16:39:27","modified_gmt":"2025-12-27T13:39:27","slug":"bonus","status":"publish","type":"page","link":"https:\/\/22bet.team\/sk\/bonus\/","title":{"rendered":"Bonus"},"content":{"rendered":"","protected":false},"excerpt":{"rendered":"","protected":false},"author":1,"featured_media":0,"parent":0,"menu_order":0,"comment_status":"closed","ping_status":"closed","template":"","meta":{"_acf_changed":false,"footnotes":""},"class_list":["post-1021","page","type-page","status-publish","hentry"],"acf":[],"yoast_head":"<!-- This site is optimized with the Yoast SEO plugin v26.1.1 - https:\/\/yoast.com\/wordpress\/plugins\/seo\/ -->\n<title>Bonusy 22Bet \u1409 Uv\u00edtacie ponuky 122 \u20ac a \u0161peci\u00e1lne akcie<\/title>\n<meta name=\"description\" content=\"Bonusy 22Bet \u2013 uv\u00edtac\u00ed bonus a\u017e do v\u00fd\u0161ky 122 \u20ac na st\u00e1vky a a\u017e do v\u00fd\u0161ky 300 \u20ac na kas\u00edno, piatkov\u00e9 dobitie, cashback, bonus za s\u00e9riu ne\u00faspe\u0161n\u00fdch st\u00e1vok a mnoho \u010fal\u0161ieho. Analyzujeme pravidl\u00e1, st\u00e1vky a podmienky st\u00e1vkovania.\" \/>\n<meta name=\"robots\" content=\"index, follow, max-snippet:-1, max-image-preview:large, max-video-preview:-1\" \/>\n<link rel=\"canonical\" href=\"http:\/\/22bet.team\/sk\/bonus\/\" \/>\n<meta property=\"og:locale\" content=\"sk_SK\" \/>\n<meta property=\"og:type\" content=\"article\" \/>\n<meta property=\"og:title\" content=\"Bonusy 22Bet \u1409 Uv\u00edtacie ponuky 122 \u20ac a \u0161peci\u00e1lne akcie\" \/>\n<meta property=\"og:description\" content=\"Bonusy 22Bet \u2013 uv\u00edtac\u00ed bonus a\u017e do v\u00fd\u0161ky 122 \u20ac na st\u00e1vky a a\u017e do v\u00fd\u0161ky 300 \u20ac na kas\u00edno, piatkov\u00e9 dobitie, cashback, bonus za s\u00e9riu ne\u00faspe\u0161n\u00fdch st\u00e1vok a mnoho \u010fal\u0161ieho. Analyzujeme pravidl\u00e1, st\u00e1vky a podmienky st\u00e1vkovania.\" \/>\n<meta property=\"og:url\" content=\"http:\/\/22bet.team\/sk\/bonus\/\" \/>\n<meta property=\"og:site_name\" content=\"22bet Team sk\" \/>\n<meta property=\"article:modified_time\" content=\"2025-12-27T13:39:27+00:00\" \/>\n<meta name=\"twitter:card\" content=\"summary_large_image\" \/>\n<script type=\"application\/ld+json\" class=\"yoast-schema-graph\">{\"@context\":\"https:\/\/schema.org\",\"@graph\":[{\"@type\":\"WebPage\",\"@id\":\"http:\/\/22bet.team\/sk\/bonus\/\",\"url\":\"http:\/\/22bet.team\/sk\/bonus\/\",\"name\":\"Bonusy 22Bet \u1409 Uv\u00edtacie ponuky 122 \u20ac a \u0161peci\u00e1lne akcie\",\"isPartOf\":{\"@id\":\"http:\/\/22bet.team\/sk\/#website\"},\"datePublished\":\"2025-11-24T13:18:29+00:00\",\"dateModified\":\"2025-12-27T13:39:27+00:00\",\"description\":\"Bonusy 22Bet \u2013 uv\u00edtac\u00ed bonus a\u017e do v\u00fd\u0161ky 122 \u20ac na st\u00e1vky a a\u017e do v\u00fd\u0161ky 300 \u20ac na kas\u00edno, piatkov\u00e9 dobitie, cashback, bonus za s\u00e9riu ne\u00faspe\u0161n\u00fdch st\u00e1vok a mnoho \u010fal\u0161ieho. Analyzujeme pravidl\u00e1, st\u00e1vky a podmienky st\u00e1vkovania.\",\"breadcrumb\":{\"@id\":\"http:\/\/22bet.team\/sk\/bonus\/#breadcrumb\"},\"inLanguage\":\"sk-SK\",\"potentialAction\":[{\"@type\":\"ReadAction\",\"target\":[\"http:\/\/22bet.team\/sk\/bonus\/\"]}]},{\"@type\":\"BreadcrumbList\",\"@id\":\"http:\/\/22bet.team\/sk\/bonus\/#breadcrumb\",\"itemListElement\":[{\"@type\":\"ListItem\",\"position\":1,\"name\":\"Home\",\"item\":\"http:\/\/22bet.team\/sk\/\"},{\"@type\":\"ListItem\",\"position\":2,\"name\":\"Bonus\"}]},{\"@type\":\"WebSite\",\"@id\":\"http:\/\/22bet.team\/sk\/#website\",\"url\":\"http:\/\/22bet.team\/sk\/\",\"name\":\"22bet Team sk\",\"description\":\"\",\"potentialAction\":[{\"@type\":\"SearchAction\",\"target\":{\"@type\":\"EntryPoint\",\"urlTemplate\":\"http:\/\/22bet.team\/sk\/?s={search_term_string}\"},\"query-input\":{\"@type\":\"PropertyValueSpecification\",\"valueRequired\":true,\"valueName\":\"search_term_string\"}}],\"inLanguage\":\"sk-SK\"}]}<\/script>\n<!-- \/ Yoast SEO plugin. -->","yoast_head_json":{"title":"Bonusy 22Bet \u1409 Uv\u00edtacie ponuky 122 \u20ac a \u0161peci\u00e1lne akcie","description":"Bonusy 22Bet \u2013 uv\u00edtac\u00ed bonus a\u017e do v\u00fd\u0161ky 122 \u20ac na st\u00e1vky a a\u017e do v\u00fd\u0161ky 300 \u20ac na kas\u00edno, piatkov\u00e9 dobitie, cashback, bonus za s\u00e9riu ne\u00faspe\u0161n\u00fdch st\u00e1vok a mnoho \u010fal\u0161ieho. Analyzujeme pravidl\u00e1, st\u00e1vky a podmienky st\u00e1vkovania.","robots":{"index":"index","follow":"follow","max-snippet":"max-snippet:-1","max-image-preview":"max-image-preview:large","max-video-preview":"max-video-preview:-1"},"canonical":"http:\/\/22bet.team\/sk\/bonus\/","og_locale":"sk_SK","og_type":"article","og_title":"Bonusy 22Bet \u1409 Uv\u00edtacie ponuky 122 \u20ac a \u0161peci\u00e1lne akcie","og_description":"Bonusy 22Bet \u2013 uv\u00edtac\u00ed bonus a\u017e do v\u00fd\u0161ky 122 \u20ac na st\u00e1vky a a\u017e do v\u00fd\u0161ky 300 \u20ac na kas\u00edno, piatkov\u00e9 dobitie, cashback, bonus za s\u00e9riu ne\u00faspe\u0161n\u00fdch st\u00e1vok a mnoho \u010fal\u0161ieho. Analyzujeme pravidl\u00e1, st\u00e1vky a podmienky st\u00e1vkovania.","og_url":"http:\/\/22bet.team\/sk\/bonus\/","og_site_name":"22bet Team sk","article_modified_time":"2025-12-27T13:39:27+00:00","twitter_card":"summary_large_image","schema":{"@context":"https:\/\/schema.org","@graph":[{"@type":"WebPage","@id":"http:\/\/22bet.team\/sk\/bonus\/","url":"http:\/\/22bet.team\/sk\/bonus\/","name":"Bonusy 22Bet \u1409 Uv\u00edtacie ponuky 122 \u20ac a \u0161peci\u00e1lne akcie","isPartOf":{"@id":"http:\/\/22bet.team\/sk\/#website"},"datePublished":"2025-11-24T13:18:29+00:00","dateModified":"2025-12-27T13:39:27+00:00","description":"Bonusy 22Bet \u2013 uv\u00edtac\u00ed bonus a\u017e do v\u00fd\u0161ky 122 \u20ac na st\u00e1vky a a\u017e do v\u00fd\u0161ky 300 \u20ac na kas\u00edno, piatkov\u00e9 dobitie, cashback, bonus za s\u00e9riu ne\u00faspe\u0161n\u00fdch st\u00e1vok a mnoho \u010fal\u0161ieho. Analyzujeme pravidl\u00e1, st\u00e1vky a podmienky st\u00e1vkovania.","breadcrumb":{"@id":"http:\/\/22bet.team\/sk\/bonus\/#breadcrumb"},"inLanguage":"sk-SK","potentialAction":[{"@type":"ReadAction","target":["http:\/\/22bet.team\/sk\/bonus\/"]}]},{"@type":"BreadcrumbList","@id":"http:\/\/22bet.team\/sk\/bonus\/#breadcrumb","itemListElement":[{"@type":"ListItem","position":1,"name":"Home","item":"http:\/\/22bet.team\/sk\/"},{"@type":"ListItem","position":2,"name":"Bonus"}]},{"@type":"WebSite","@id":"http:\/\/22bet.team\/sk\/#website","url":"http:\/\/22bet.team\/sk\/","name":"22bet Team sk","description":"","potentialAction":[{"@type":"SearchAction","target":{"@type":"EntryPoint","urlTemplate":"http:\/\/22bet.team\/sk\/?s={search_term_string}"},"query-input":{"@type":"PropertyValueSpecification","valueRequired":true,"valueName":"search_term_string"}}],"inLanguage":"sk-SK"}]}},"_links":{"self":[{"href":"https:\/\/22bet.team\/sk\/wp-json\/wp\/v2\/pages\/1021","targetHints":{"allow":["GET"]}}],"collection":[{"href":"https:\/\/22bet.team\/sk\/wp-json\/wp\/v2\/pages"}],"about":[{"href":"https:\/\/22bet.team\/sk\/wp-json\/wp\/v2\/types\/page"}],"author":[{"embeddable":true,"href":"https:\/\/22bet.team\/sk\/wp-json\/wp\/v2\/users\/1"}],"replies":[{"embeddable":true,"href":"https:\/\/22bet.team\/sk\/wp-json\/wp\/v2\/comments?post=1021"}],"version-history":[{"count":8,"href":"https:\/\/22bet.team\/sk\/wp-json\/wp\/v2\/pages\/1021\/revisions"}],"predecessor-version":[{"id":1171,"href":"https:\/\/22bet.team\/sk\/wp-json\/wp\/v2\/pages\/1021\/revisions\/1171"}],"wp:attachment":[{"href":"https:\/\/22bet.team\/sk\/wp-json\/wp\/v2\/media?parent=1021"}],"curies":[{"name":"wp","href":"https:\/\/api.w.org\/{rel}","templated":true}]}}