{"id":1063,"date":"2025-12-01T12:37:13","date_gmt":"2025-12-01T09:37:13","guid":{"rendered":"https:\/\/22bet.team\/sk\/?page_id=1063"},"modified":"2025-12-27T17:02:45","modified_gmt":"2025-12-27T14:02:45","slug":"login","status":"publish","type":"page","link":"https:\/\/22bet.team\/sk\/login\/","title":{"rendered":"Prihl\u00e1senie"},"content":{"rendered":"","protected":false},"excerpt":{"rendered":"","protected":false},"author":1,"featured_media":0,"parent":0,"menu_order":0,"comment_status":"closed","ping_status":"closed","template":"","meta":{"_acf_changed":false,"footnotes":""},"class_list":["post-1063","page","type-page","status-publish","hentry"],"acf":[],"yoast_head":"<!-- This site is optimized with the Yoast SEO plugin v26.1.1 - https:\/\/yoast.com\/wordpress\/plugins\/seo\/ -->\n<title>22Bet Prihl\u00e1senie \u1409 \u00da\u010det, ofici\u00e1lna webov\u00e1 str\u00e1nka a registr\u00e1cia<\/title>\n<meta name=\"description\" content=\"Prihl\u00e1senie do v\u00e1\u0161ho osobn\u00e9ho \u00fa\u010dtu 22Bet: pr\u00edstup k v\u00e1\u0161mu \u00fa\u010dtu cez ofici\u00e1lnu webov\u00fa str\u00e1nku a funguj\u00face zrkadlo. Podrobn\u00e9 pokyny pre autoriz\u00e1ciu, obnovenie hesla a registr\u00e1ciu so 100% bonusom. Zistite, ako sa prihl\u00e1si\u0165 cez mobiln\u00fa aplik\u00e1ciu.\" \/>\n<meta name=\"robots\" content=\"index, follow, max-snippet:-1, max-image-preview:large, max-video-preview:-1\" \/>\n<link rel=\"canonical\" href=\"https:\/\/22bet.team\/sk\/login\/\" \/>\n<meta property=\"og:locale\" content=\"sk_SK\" \/>\n<meta property=\"og:type\" content=\"article\" \/>\n<meta property=\"og:title\" content=\"22Bet Prihl\u00e1senie \u1409 \u00da\u010det, ofici\u00e1lna webov\u00e1 str\u00e1nka a registr\u00e1cia\" \/>\n<meta property=\"og:description\" content=\"Prihl\u00e1senie do v\u00e1\u0161ho osobn\u00e9ho \u00fa\u010dtu 22Bet: pr\u00edstup k v\u00e1\u0161mu \u00fa\u010dtu cez ofici\u00e1lnu webov\u00fa str\u00e1nku a funguj\u00face zrkadlo. Podrobn\u00e9 pokyny pre autoriz\u00e1ciu, obnovenie hesla a registr\u00e1ciu so 100% bonusom. Zistite, ako sa prihl\u00e1si\u0165 cez mobiln\u00fa aplik\u00e1ciu.\" \/>\n<meta property=\"og:url\" content=\"https:\/\/22bet.team\/sk\/login\/\" \/>\n<meta property=\"og:site_name\" content=\"22bet Team sk\" \/>\n<meta property=\"article:modified_time\" content=\"2025-12-27T14:02:45+00:00\" \/>\n<meta name=\"twitter:card\" content=\"summary_large_image\" \/>\n<script type=\"application\/ld+json\" class=\"yoast-schema-graph\">{\"@context\":\"https:\/\/schema.org\",\"@graph\":[{\"@type\":\"WebPage\",\"@id\":\"https:\/\/22bet.team\/sk\/login\/\",\"url\":\"https:\/\/22bet.team\/sk\/login\/\",\"name\":\"22Bet Prihl\u00e1senie \u1409 \u00da\u010det, ofici\u00e1lna webov\u00e1 str\u00e1nka a registr\u00e1cia\",\"isPartOf\":{\"@id\":\"http:\/\/22bet.team\/sk\/#website\"},\"datePublished\":\"2025-12-01T09:37:13+00:00\",\"dateModified\":\"2025-12-27T14:02:45+00:00\",\"description\":\"Prihl\u00e1senie do v\u00e1\u0161ho osobn\u00e9ho \u00fa\u010dtu 22Bet: pr\u00edstup k v\u00e1\u0161mu \u00fa\u010dtu cez ofici\u00e1lnu webov\u00fa str\u00e1nku a funguj\u00face zrkadlo. Podrobn\u00e9 pokyny pre autoriz\u00e1ciu, obnovenie hesla a registr\u00e1ciu so 100% bonusom. Zistite, ako sa prihl\u00e1si\u0165 cez mobiln\u00fa aplik\u00e1ciu.\",\"breadcrumb\":{\"@id\":\"https:\/\/22bet.team\/sk\/login\/#breadcrumb\"},\"inLanguage\":\"sk-SK\",\"potentialAction\":[{\"@type\":\"ReadAction\",\"target\":[\"https:\/\/22bet.team\/sk\/login\/\"]}]},{\"@type\":\"BreadcrumbList\",\"@id\":\"https:\/\/22bet.team\/sk\/login\/#breadcrumb\",\"itemListElement\":[{\"@type\":\"ListItem\",\"position\":1,\"name\":\"Home\",\"item\":\"http:\/\/22bet.team\/sk\/\"},{\"@type\":\"ListItem\",\"position\":2,\"name\":\"Prihl\u00e1senie\"}]},{\"@type\":\"WebSite\",\"@id\":\"http:\/\/22bet.team\/sk\/#website\",\"url\":\"http:\/\/22bet.team\/sk\/\",\"name\":\"22bet Team sk\",\"description\":\"\",\"potentialAction\":[{\"@type\":\"SearchAction\",\"target\":{\"@type\":\"EntryPoint\",\"urlTemplate\":\"http:\/\/22bet.team\/sk\/?s={search_term_string}\"},\"query-input\":{\"@type\":\"PropertyValueSpecification\",\"valueRequired\":true,\"valueName\":\"search_term_string\"}}],\"inLanguage\":\"sk-SK\"}]}<\/script>\n<!-- \/ Yoast SEO plugin. -->","yoast_head_json":{"title":"22Bet Prihl\u00e1senie \u1409 \u00da\u010det, ofici\u00e1lna webov\u00e1 str\u00e1nka a registr\u00e1cia","description":"Prihl\u00e1senie do v\u00e1\u0161ho osobn\u00e9ho \u00fa\u010dtu 22Bet: pr\u00edstup k v\u00e1\u0161mu \u00fa\u010dtu cez ofici\u00e1lnu webov\u00fa str\u00e1nku a funguj\u00face zrkadlo. Podrobn\u00e9 pokyny pre autoriz\u00e1ciu, obnovenie hesla a registr\u00e1ciu so 100% bonusom. Zistite, ako sa prihl\u00e1si\u0165 cez mobiln\u00fa aplik\u00e1ciu.","robots":{"index":"index","follow":"follow","max-snippet":"max-snippet:-1","max-image-preview":"max-image-preview:large","max-video-preview":"max-video-preview:-1"},"canonical":"https:\/\/22bet.team\/sk\/login\/","og_locale":"sk_SK","og_type":"article","og_title":"22Bet Prihl\u00e1senie \u1409 \u00da\u010det, ofici\u00e1lna webov\u00e1 str\u00e1nka a registr\u00e1cia","og_description":"Prihl\u00e1senie do v\u00e1\u0161ho osobn\u00e9ho \u00fa\u010dtu 22Bet: pr\u00edstup k v\u00e1\u0161mu \u00fa\u010dtu cez ofici\u00e1lnu webov\u00fa str\u00e1nku a funguj\u00face zrkadlo. Podrobn\u00e9 pokyny pre autoriz\u00e1ciu, obnovenie hesla a registr\u00e1ciu so 100% bonusom. Zistite, ako sa prihl\u00e1si\u0165 cez mobiln\u00fa aplik\u00e1ciu.","og_url":"https:\/\/22bet.team\/sk\/login\/","og_site_name":"22bet Team sk","article_modified_time":"2025-12-27T14:02:45+00:00","twitter_card":"summary_large_image","schema":{"@context":"https:\/\/schema.org","@graph":[{"@type":"WebPage","@id":"https:\/\/22bet.team\/sk\/login\/","url":"https:\/\/22bet.team\/sk\/login\/","name":"22Bet Prihl\u00e1senie \u1409 \u00da\u010det, ofici\u00e1lna webov\u00e1 str\u00e1nka a registr\u00e1cia","isPartOf":{"@id":"http:\/\/22bet.team\/sk\/#website"},"datePublished":"2025-12-01T09:37:13+00:00","dateModified":"2025-12-27T14:02:45+00:00","description":"Prihl\u00e1senie do v\u00e1\u0161ho osobn\u00e9ho \u00fa\u010dtu 22Bet: pr\u00edstup k v\u00e1\u0161mu \u00fa\u010dtu cez ofici\u00e1lnu webov\u00fa str\u00e1nku a funguj\u00face zrkadlo. Podrobn\u00e9 pokyny pre autoriz\u00e1ciu, obnovenie hesla a registr\u00e1ciu so 100% bonusom. Zistite, ako sa prihl\u00e1si\u0165 cez mobiln\u00fa aplik\u00e1ciu.","breadcrumb":{"@id":"https:\/\/22bet.team\/sk\/login\/#breadcrumb"},"inLanguage":"sk-SK","potentialAction":[{"@type":"ReadAction","target":["https:\/\/22bet.team\/sk\/login\/"]}]},{"@type":"BreadcrumbList","@id":"https:\/\/22bet.team\/sk\/login\/#breadcrumb","itemListElement":[{"@type":"ListItem","position":1,"name":"Home","item":"http:\/\/22bet.team\/sk\/"},{"@type":"ListItem","position":2,"name":"Prihl\u00e1senie"}]},{"@type":"WebSite","@id":"http:\/\/22bet.team\/sk\/#website","url":"http:\/\/22bet.team\/sk\/","name":"22bet Team sk","description":"","potentialAction":[{"@type":"SearchAction","target":{"@type":"EntryPoint","urlTemplate":"http:\/\/22bet.team\/sk\/?s={search_term_string}"},"query-input":{"@type":"PropertyValueSpecification","valueRequired":true,"valueName":"search_term_string"}}],"inLanguage":"sk-SK"}]}},"_links":{"self":[{"href":"https:\/\/22bet.team\/sk\/wp-json\/wp\/v2\/pages\/1063","targetHints":{"allow":["GET"]}}],"collection":[{"href":"https:\/\/22bet.team\/sk\/wp-json\/wp\/v2\/pages"}],"about":[{"href":"https:\/\/22bet.team\/sk\/wp-json\/wp\/v2\/types\/page"}],"author":[{"embeddable":true,"href":"https:\/\/22bet.team\/sk\/wp-json\/wp\/v2\/users\/1"}],"replies":[{"embeddable":true,"href":"https:\/\/22bet.team\/sk\/wp-json\/wp\/v2\/comments?post=1063"}],"version-history":[{"count":11,"href":"https:\/\/22bet.team\/sk\/wp-json\/wp\/v2\/pages\/1063\/revisions"}],"predecessor-version":[{"id":1177,"href":"https:\/\/22bet.team\/sk\/wp-json\/wp\/v2\/pages\/1063\/revisions\/1177"}],"wp:attachment":[{"href":"https:\/\/22bet.team\/sk\/wp-json\/wp\/v2\/media?parent=1063"}],"curies":[{"name":"wp","href":"https:\/\/api.w.org\/{rel}","templated":true}]}}