{"id":830,"date":"2025-11-14T09:42:58","date_gmt":"2025-11-14T06:42:58","guid":{"rendered":"https:\/\/22bet.team\/sk\/?page_id=830"},"modified":"2025-12-27T16:35:17","modified_gmt":"2025-12-27T13:35:17","slug":"app","status":"publish","type":"page","link":"https:\/\/22bet.team\/sk\/app\/","title":{"rendered":"Aplik\u00e1cia"},"content":{"rendered":"","protected":false},"excerpt":{"rendered":"","protected":false},"author":1,"featured_media":0,"parent":0,"menu_order":0,"comment_status":"closed","ping_status":"closed","template":"","meta":{"_acf_changed":false,"footnotes":""},"class_list":["post-830","page","type-page","status-publish","hentry"],"acf":[],"yoast_head":"<!-- This site is optimized with the Yoast SEO plugin v26.1.1 - https:\/\/yoast.com\/wordpress\/plugins\/seo\/ -->\n<title>Aplik\u00e1cia 22Bet \u2b07\ufe0f Funkcie a v\u00fdhody pre st\u00e1vkovanie a kas\u00edno<\/title>\n<meta name=\"description\" content=\"Aplik\u00e1cia 22Bet \u2013 stiahnite si ju na Android a iOS a z\u00edskajte okam\u017eit\u00fd pr\u00edstup k live st\u00e1vkovaniu, kas\u00ednu, bonusom a r\u00fdchlym platb\u00e1m. Modern\u00e9, pohodln\u00e9 a bezpe\u010dn\u00e9 mobiln\u00e9 rozhranie.\" \/>\n<meta name=\"robots\" content=\"index, follow, max-snippet:-1, max-image-preview:large, max-video-preview:-1\" \/>\n<link rel=\"canonical\" href=\"https:\/\/22bet.team\/sk\/app\/\" \/>\n<meta property=\"og:locale\" content=\"sk_SK\" \/>\n<meta property=\"og:type\" content=\"article\" \/>\n<meta property=\"og:title\" content=\"Aplik\u00e1cia 22Bet \u2b07\ufe0f Funkcie a v\u00fdhody pre st\u00e1vkovanie a kas\u00edno\" \/>\n<meta property=\"og:description\" content=\"Aplik\u00e1cia 22Bet \u2013 stiahnite si ju na Android a iOS a z\u00edskajte okam\u017eit\u00fd pr\u00edstup k live st\u00e1vkovaniu, kas\u00ednu, bonusom a r\u00fdchlym platb\u00e1m. Modern\u00e9, pohodln\u00e9 a bezpe\u010dn\u00e9 mobiln\u00e9 rozhranie.\" \/>\n<meta property=\"og:url\" content=\"https:\/\/22bet.team\/sk\/app\/\" \/>\n<meta property=\"og:site_name\" content=\"22bet Team sk\" \/>\n<meta property=\"article:modified_time\" content=\"2025-12-27T13:35:17+00:00\" \/>\n<meta name=\"twitter:card\" content=\"summary_large_image\" \/>\n<script type=\"application\/ld+json\" class=\"yoast-schema-graph\">{\"@context\":\"https:\/\/schema.org\",\"@graph\":[{\"@type\":\"WebPage\",\"@id\":\"https:\/\/22bet.team\/sk\/app\/\",\"url\":\"https:\/\/22bet.team\/sk\/app\/\",\"name\":\"Aplik\u00e1cia 22Bet \u2b07\ufe0f Funkcie a v\u00fdhody pre st\u00e1vkovanie a kas\u00edno\",\"isPartOf\":{\"@id\":\"http:\/\/22bet.team\/sk\/#website\"},\"datePublished\":\"2025-11-14T06:42:58+00:00\",\"dateModified\":\"2025-12-27T13:35:17+00:00\",\"description\":\"Aplik\u00e1cia 22Bet \u2013 stiahnite si ju na Android a iOS a z\u00edskajte okam\u017eit\u00fd pr\u00edstup k live st\u00e1vkovaniu, kas\u00ednu, bonusom a r\u00fdchlym platb\u00e1m. Modern\u00e9, pohodln\u00e9 a bezpe\u010dn\u00e9 mobiln\u00e9 rozhranie.\",\"breadcrumb\":{\"@id\":\"https:\/\/22bet.team\/sk\/app\/#breadcrumb\"},\"inLanguage\":\"sk-SK\",\"potentialAction\":[{\"@type\":\"ReadAction\",\"target\":[\"https:\/\/22bet.team\/sk\/app\/\"]}]},{\"@type\":\"BreadcrumbList\",\"@id\":\"https:\/\/22bet.team\/sk\/app\/#breadcrumb\",\"itemListElement\":[{\"@type\":\"ListItem\",\"position\":1,\"name\":\"Home\",\"item\":\"http:\/\/22bet.team\/sk\/\"},{\"@type\":\"ListItem\",\"position\":2,\"name\":\"Aplik\u00e1cia\"}]},{\"@type\":\"WebSite\",\"@id\":\"http:\/\/22bet.team\/sk\/#website\",\"url\":\"http:\/\/22bet.team\/sk\/\",\"name\":\"22bet Team sk\",\"description\":\"\",\"potentialAction\":[{\"@type\":\"SearchAction\",\"target\":{\"@type\":\"EntryPoint\",\"urlTemplate\":\"http:\/\/22bet.team\/sk\/?s={search_term_string}\"},\"query-input\":{\"@type\":\"PropertyValueSpecification\",\"valueRequired\":true,\"valueName\":\"search_term_string\"}}],\"inLanguage\":\"sk-SK\"}]}<\/script>\n<!-- \/ Yoast SEO plugin. -->","yoast_head_json":{"title":"Aplik\u00e1cia 22Bet \u2b07\ufe0f Funkcie a v\u00fdhody pre st\u00e1vkovanie a kas\u00edno","description":"Aplik\u00e1cia 22Bet \u2013 stiahnite si ju na Android a iOS a z\u00edskajte okam\u017eit\u00fd pr\u00edstup k live st\u00e1vkovaniu, kas\u00ednu, bonusom a r\u00fdchlym platb\u00e1m. Modern\u00e9, pohodln\u00e9 a bezpe\u010dn\u00e9 mobiln\u00e9 rozhranie.","robots":{"index":"index","follow":"follow","max-snippet":"max-snippet:-1","max-image-preview":"max-image-preview:large","max-video-preview":"max-video-preview:-1"},"canonical":"https:\/\/22bet.team\/sk\/app\/","og_locale":"sk_SK","og_type":"article","og_title":"Aplik\u00e1cia 22Bet \u2b07\ufe0f Funkcie a v\u00fdhody pre st\u00e1vkovanie a kas\u00edno","og_description":"Aplik\u00e1cia 22Bet \u2013 stiahnite si ju na Android a iOS a z\u00edskajte okam\u017eit\u00fd pr\u00edstup k live st\u00e1vkovaniu, kas\u00ednu, bonusom a r\u00fdchlym platb\u00e1m. Modern\u00e9, pohodln\u00e9 a bezpe\u010dn\u00e9 mobiln\u00e9 rozhranie.","og_url":"https:\/\/22bet.team\/sk\/app\/","og_site_name":"22bet Team sk","article_modified_time":"2025-12-27T13:35:17+00:00","twitter_card":"summary_large_image","schema":{"@context":"https:\/\/schema.org","@graph":[{"@type":"WebPage","@id":"https:\/\/22bet.team\/sk\/app\/","url":"https:\/\/22bet.team\/sk\/app\/","name":"Aplik\u00e1cia 22Bet \u2b07\ufe0f Funkcie a v\u00fdhody pre st\u00e1vkovanie a kas\u00edno","isPartOf":{"@id":"http:\/\/22bet.team\/sk\/#website"},"datePublished":"2025-11-14T06:42:58+00:00","dateModified":"2025-12-27T13:35:17+00:00","description":"Aplik\u00e1cia 22Bet \u2013 stiahnite si ju na Android a iOS a z\u00edskajte okam\u017eit\u00fd pr\u00edstup k live st\u00e1vkovaniu, kas\u00ednu, bonusom a r\u00fdchlym platb\u00e1m. Modern\u00e9, pohodln\u00e9 a bezpe\u010dn\u00e9 mobiln\u00e9 rozhranie.","breadcrumb":{"@id":"https:\/\/22bet.team\/sk\/app\/#breadcrumb"},"inLanguage":"sk-SK","potentialAction":[{"@type":"ReadAction","target":["https:\/\/22bet.team\/sk\/app\/"]}]},{"@type":"BreadcrumbList","@id":"https:\/\/22bet.team\/sk\/app\/#breadcrumb","itemListElement":[{"@type":"ListItem","position":1,"name":"Home","item":"http:\/\/22bet.team\/sk\/"},{"@type":"ListItem","position":2,"name":"Aplik\u00e1cia"}]},{"@type":"WebSite","@id":"http:\/\/22bet.team\/sk\/#website","url":"http:\/\/22bet.team\/sk\/","name":"22bet Team sk","description":"","potentialAction":[{"@type":"SearchAction","target":{"@type":"EntryPoint","urlTemplate":"http:\/\/22bet.team\/sk\/?s={search_term_string}"},"query-input":{"@type":"PropertyValueSpecification","valueRequired":true,"valueName":"search_term_string"}}],"inLanguage":"sk-SK"}]}},"_links":{"self":[{"href":"https:\/\/22bet.team\/sk\/wp-json\/wp\/v2\/pages\/830","targetHints":{"allow":["GET"]}}],"collection":[{"href":"https:\/\/22bet.team\/sk\/wp-json\/wp\/v2\/pages"}],"about":[{"href":"https:\/\/22bet.team\/sk\/wp-json\/wp\/v2\/types\/page"}],"author":[{"embeddable":true,"href":"https:\/\/22bet.team\/sk\/wp-json\/wp\/v2\/users\/1"}],"replies":[{"embeddable":true,"href":"https:\/\/22bet.team\/sk\/wp-json\/wp\/v2\/comments?post=830"}],"version-history":[{"count":16,"href":"https:\/\/22bet.team\/sk\/wp-json\/wp\/v2\/pages\/830\/revisions"}],"predecessor-version":[{"id":1170,"href":"https:\/\/22bet.team\/sk\/wp-json\/wp\/v2\/pages\/830\/revisions\/1170"}],"wp:attachment":[{"href":"https:\/\/22bet.team\/sk\/wp-json\/wp\/v2\/media?parent=830"}],"curies":[{"name":"wp","href":"https:\/\/api.w.org\/{rel}","templated":true}]}}