{"id":1021,"date":"2025-11-24T16:18:29","date_gmt":"2025-11-24T13:18:29","guid":{"rendered":"https:\/\/22bet.team\/sl\/?page_id=1021"},"modified":"2025-12-18T20:27:38","modified_gmt":"2025-12-18T17:27:38","slug":"bonus","status":"publish","type":"page","link":"https:\/\/22bet.team\/sl\/bonus\/","title":{"rendered":"Bonus"},"content":{"rendered":"","protected":false},"excerpt":{"rendered":"","protected":false},"author":1,"featured_media":0,"parent":0,"menu_order":0,"comment_status":"closed","ping_status":"closed","template":"","meta":{"_acf_changed":false,"footnotes":""},"class_list":["post-1021","page","type-page","status-publish","hentry"],"acf":[],"yoast_head":"<!-- This site is optimized with the Yoast SEO plugin v26.1.1 - https:\/\/yoast.com\/wordpress\/plugins\/seo\/ -->\n<title>22Bet bonusi \u1409 Dobrodo\u0161lne ponudbe 122 \u20ac in posebne promocije<\/title>\n<meta name=\"description\" content=\"Bonusi 22Bet \u2013 dobrodo\u0161el bonus do 122 \u20ac za stave in do 300 \u20ac za igralnico, petkovo ponovno polnjenje, cashback, bonus za serijo neuspe\u0161nih stav in \u0161e veliko ve\u010d. Analiziramo pravila, pogoje za stave in pogoje za izpla\u010dilo.\" \/>\n<meta name=\"robots\" content=\"index, follow, max-snippet:-1, max-image-preview:large, max-video-preview:-1\" \/>\n<link rel=\"canonical\" href=\"https:\/\/22bet.team\/sl\/bonus\/\" \/>\n<meta property=\"og:locale\" content=\"sl_SI\" \/>\n<meta property=\"og:type\" content=\"article\" \/>\n<meta property=\"og:title\" content=\"22Bet bonusi \u1409 Dobrodo\u0161lne ponudbe 122 \u20ac in posebne promocije\" \/>\n<meta property=\"og:description\" content=\"Bonusi 22Bet \u2013 dobrodo\u0161el bonus do 122 \u20ac za stave in do 300 \u20ac za igralnico, petkovo ponovno polnjenje, cashback, bonus za serijo neuspe\u0161nih stav in \u0161e veliko ve\u010d. Analiziramo pravila, pogoje za stave in pogoje za izpla\u010dilo.\" \/>\n<meta property=\"og:url\" content=\"https:\/\/22bet.team\/sl\/bonus\/\" \/>\n<meta property=\"og:site_name\" content=\"22bet Team SL\" \/>\n<meta property=\"article:modified_time\" content=\"2025-12-18T17:27:38+00:00\" \/>\n<meta name=\"twitter:card\" content=\"summary_large_image\" \/>\n<script type=\"application\/ld+json\" class=\"yoast-schema-graph\">{\"@context\":\"https:\/\/schema.org\",\"@graph\":[{\"@type\":\"WebPage\",\"@id\":\"https:\/\/22bet.team\/sl\/bonus\/\",\"url\":\"https:\/\/22bet.team\/sl\/bonus\/\",\"name\":\"22Bet bonusi \u1409 Dobrodo\u0161lne ponudbe 122 \u20ac in posebne promocije\",\"isPartOf\":{\"@id\":\"https:\/\/22bet.team\/sl\/#website\"},\"datePublished\":\"2025-11-24T13:18:29+00:00\",\"dateModified\":\"2025-12-18T17:27:38+00:00\",\"description\":\"Bonusi 22Bet \u2013 dobrodo\u0161el bonus do 122 \u20ac za stave in do 300 \u20ac za igralnico, petkovo ponovno polnjenje, cashback, bonus za serijo neuspe\u0161nih stav in \u0161e veliko ve\u010d. Analiziramo pravila, pogoje za stave in pogoje za izpla\u010dilo.\",\"breadcrumb\":{\"@id\":\"https:\/\/22bet.team\/sl\/bonus\/#breadcrumb\"},\"inLanguage\":\"sl-SI\",\"potentialAction\":[{\"@type\":\"ReadAction\",\"target\":[\"https:\/\/22bet.team\/sl\/bonus\/\"]}]},{\"@type\":\"BreadcrumbList\",\"@id\":\"https:\/\/22bet.team\/sl\/bonus\/#breadcrumb\",\"itemListElement\":[{\"@type\":\"ListItem\",\"position\":1,\"name\":\"Home\",\"item\":\"https:\/\/22bet.team\/sl\/\"},{\"@type\":\"ListItem\",\"position\":2,\"name\":\"Bonus\"}]},{\"@type\":\"WebSite\",\"@id\":\"https:\/\/22bet.team\/sl\/#website\",\"url\":\"https:\/\/22bet.team\/sl\/\",\"name\":\"22bet Team SL\",\"description\":\"\",\"potentialAction\":[{\"@type\":\"SearchAction\",\"target\":{\"@type\":\"EntryPoint\",\"urlTemplate\":\"https:\/\/22bet.team\/sl\/?s={search_term_string}\"},\"query-input\":{\"@type\":\"PropertyValueSpecification\",\"valueRequired\":true,\"valueName\":\"search_term_string\"}}],\"inLanguage\":\"sl-SI\"}]}<\/script>\n<!-- \/ Yoast SEO plugin. -->","yoast_head_json":{"title":"22Bet bonusi \u1409 Dobrodo\u0161lne ponudbe 122 \u20ac in posebne promocije","description":"Bonusi 22Bet \u2013 dobrodo\u0161el bonus do 122 \u20ac za stave in do 300 \u20ac za igralnico, petkovo ponovno polnjenje, cashback, bonus za serijo neuspe\u0161nih stav in \u0161e veliko ve\u010d. Analiziramo pravila, pogoje za stave in pogoje za izpla\u010dilo.","robots":{"index":"index","follow":"follow","max-snippet":"max-snippet:-1","max-image-preview":"max-image-preview:large","max-video-preview":"max-video-preview:-1"},"canonical":"https:\/\/22bet.team\/sl\/bonus\/","og_locale":"sl_SI","og_type":"article","og_title":"22Bet bonusi \u1409 Dobrodo\u0161lne ponudbe 122 \u20ac in posebne promocije","og_description":"Bonusi 22Bet \u2013 dobrodo\u0161el bonus do 122 \u20ac za stave in do 300 \u20ac za igralnico, petkovo ponovno polnjenje, cashback, bonus za serijo neuspe\u0161nih stav in \u0161e veliko ve\u010d. Analiziramo pravila, pogoje za stave in pogoje za izpla\u010dilo.","og_url":"https:\/\/22bet.team\/sl\/bonus\/","og_site_name":"22bet Team SL","article_modified_time":"2025-12-18T17:27:38+00:00","twitter_card":"summary_large_image","schema":{"@context":"https:\/\/schema.org","@graph":[{"@type":"WebPage","@id":"https:\/\/22bet.team\/sl\/bonus\/","url":"https:\/\/22bet.team\/sl\/bonus\/","name":"22Bet bonusi \u1409 Dobrodo\u0161lne ponudbe 122 \u20ac in posebne promocije","isPartOf":{"@id":"https:\/\/22bet.team\/sl\/#website"},"datePublished":"2025-11-24T13:18:29+00:00","dateModified":"2025-12-18T17:27:38+00:00","description":"Bonusi 22Bet \u2013 dobrodo\u0161el bonus do 122 \u20ac za stave in do 300 \u20ac za igralnico, petkovo ponovno polnjenje, cashback, bonus za serijo neuspe\u0161nih stav in \u0161e veliko ve\u010d. Analiziramo pravila, pogoje za stave in pogoje za izpla\u010dilo.","breadcrumb":{"@id":"https:\/\/22bet.team\/sl\/bonus\/#breadcrumb"},"inLanguage":"sl-SI","potentialAction":[{"@type":"ReadAction","target":["https:\/\/22bet.team\/sl\/bonus\/"]}]},{"@type":"BreadcrumbList","@id":"https:\/\/22bet.team\/sl\/bonus\/#breadcrumb","itemListElement":[{"@type":"ListItem","position":1,"name":"Home","item":"https:\/\/22bet.team\/sl\/"},{"@type":"ListItem","position":2,"name":"Bonus"}]},{"@type":"WebSite","@id":"https:\/\/22bet.team\/sl\/#website","url":"https:\/\/22bet.team\/sl\/","name":"22bet Team SL","description":"","potentialAction":[{"@type":"SearchAction","target":{"@type":"EntryPoint","urlTemplate":"https:\/\/22bet.team\/sl\/?s={search_term_string}"},"query-input":{"@type":"PropertyValueSpecification","valueRequired":true,"valueName":"search_term_string"}}],"inLanguage":"sl-SI"}]}},"_links":{"self":[{"href":"https:\/\/22bet.team\/sl\/wp-json\/wp\/v2\/pages\/1021","targetHints":{"allow":["GET"]}}],"collection":[{"href":"https:\/\/22bet.team\/sl\/wp-json\/wp\/v2\/pages"}],"about":[{"href":"https:\/\/22bet.team\/sl\/wp-json\/wp\/v2\/types\/page"}],"author":[{"embeddable":true,"href":"https:\/\/22bet.team\/sl\/wp-json\/wp\/v2\/users\/1"}],"replies":[{"embeddable":true,"href":"https:\/\/22bet.team\/sl\/wp-json\/wp\/v2\/comments?post=1021"}],"version-history":[{"count":8,"href":"https:\/\/22bet.team\/sl\/wp-json\/wp\/v2\/pages\/1021\/revisions"}],"predecessor-version":[{"id":1162,"href":"https:\/\/22bet.team\/sl\/wp-json\/wp\/v2\/pages\/1021\/revisions\/1162"}],"wp:attachment":[{"href":"https:\/\/22bet.team\/sl\/wp-json\/wp\/v2\/media?parent=1021"}],"curies":[{"name":"wp","href":"https:\/\/api.w.org\/{rel}","templated":true}]}}