{"id":961,"date":"2025-11-19T09:25:55","date_gmt":"2025-11-19T06:25:55","guid":{"rendered":"https:\/\/22bet.team\/sl\/?page_id=961"},"modified":"2025-12-18T19:55:19","modified_gmt":"2025-12-18T16:55:19","slug":"apk","status":"publish","type":"page","link":"https:\/\/22bet.team\/sl\/apk\/","title":{"rendered":"Apk"},"content":{"rendered":"","protected":false},"excerpt":{"rendered":"","protected":false},"author":1,"featured_media":0,"parent":0,"menu_order":0,"comment_status":"closed","ping_status":"closed","template":"","meta":{"_acf_changed":false,"footnotes":""},"class_list":["post-961","page","type-page","status-publish","hentry"],"acf":[],"yoast_head":"<!-- This site is optimized with the Yoast SEO plugin v26.1.1 - https:\/\/yoast.com\/wordpress\/plugins\/seo\/ -->\n<title>Prenesi APK 22Bet \u1409 Hitra aplikacija za \u0161portne stave in igralnico<\/title>\n<meta name=\"description\" content=\"Prenesite aplikacijo 22Bet APK za \u0161portne stave in igre na sre\u010do. Pridobite dostop do ve\u010d kot 20 \u0161portov, visokih kvot in edinstvenih bonusov za nove uporabnike. Igrajte in zmagujte kar na svojem Androidu!\" \/>\n<meta name=\"robots\" content=\"index, follow, max-snippet:-1, max-image-preview:large, max-video-preview:-1\" \/>\n<link rel=\"canonical\" href=\"https:\/\/22bet.team\/sl\/apk\/\" \/>\n<meta property=\"og:locale\" content=\"sl_SI\" \/>\n<meta property=\"og:type\" content=\"article\" \/>\n<meta property=\"og:title\" content=\"Prenesi APK 22Bet \u1409 Hitra aplikacija za \u0161portne stave in igralnico\" \/>\n<meta property=\"og:description\" content=\"Prenesite aplikacijo 22Bet APK za \u0161portne stave in igre na sre\u010do. Pridobite dostop do ve\u010d kot 20 \u0161portov, visokih kvot in edinstvenih bonusov za nove uporabnike. Igrajte in zmagujte kar na svojem Androidu!\" \/>\n<meta property=\"og:url\" content=\"https:\/\/22bet.team\/sl\/apk\/\" \/>\n<meta property=\"og:site_name\" content=\"22bet Team SL\" \/>\n<meta property=\"article:modified_time\" content=\"2025-12-18T16:55:19+00:00\" \/>\n<meta name=\"twitter:card\" content=\"summary_large_image\" \/>\n<script type=\"application\/ld+json\" class=\"yoast-schema-graph\">{\"@context\":\"https:\/\/schema.org\",\"@graph\":[{\"@type\":\"WebPage\",\"@id\":\"https:\/\/22bet.team\/sl\/apk\/\",\"url\":\"https:\/\/22bet.team\/sl\/apk\/\",\"name\":\"Prenesi APK 22Bet \u1409 Hitra aplikacija za \u0161portne stave in igralnico\",\"isPartOf\":{\"@id\":\"https:\/\/22bet.team\/sl\/#website\"},\"datePublished\":\"2025-11-19T06:25:55+00:00\",\"dateModified\":\"2025-12-18T16:55:19+00:00\",\"description\":\"Prenesite aplikacijo 22Bet APK za \u0161portne stave in igre na sre\u010do. Pridobite dostop do ve\u010d kot 20 \u0161portov, visokih kvot in edinstvenih bonusov za nove uporabnike. Igrajte in zmagujte kar na svojem Androidu!\",\"breadcrumb\":{\"@id\":\"https:\/\/22bet.team\/sl\/apk\/#breadcrumb\"},\"inLanguage\":\"sl-SI\",\"potentialAction\":[{\"@type\":\"ReadAction\",\"target\":[\"https:\/\/22bet.team\/sl\/apk\/\"]}]},{\"@type\":\"BreadcrumbList\",\"@id\":\"https:\/\/22bet.team\/sl\/apk\/#breadcrumb\",\"itemListElement\":[{\"@type\":\"ListItem\",\"position\":1,\"name\":\"Home\",\"item\":\"https:\/\/22bet.team\/sl\/\"},{\"@type\":\"ListItem\",\"position\":2,\"name\":\"Apk\"}]},{\"@type\":\"WebSite\",\"@id\":\"https:\/\/22bet.team\/sl\/#website\",\"url\":\"https:\/\/22bet.team\/sl\/\",\"name\":\"22bet Team SL\",\"description\":\"\",\"potentialAction\":[{\"@type\":\"SearchAction\",\"target\":{\"@type\":\"EntryPoint\",\"urlTemplate\":\"https:\/\/22bet.team\/sl\/?s={search_term_string}\"},\"query-input\":{\"@type\":\"PropertyValueSpecification\",\"valueRequired\":true,\"valueName\":\"search_term_string\"}}],\"inLanguage\":\"sl-SI\"}]}<\/script>\n<!-- \/ Yoast SEO plugin. -->","yoast_head_json":{"title":"Prenesi APK 22Bet \u1409 Hitra aplikacija za \u0161portne stave in igralnico","description":"Prenesite aplikacijo 22Bet APK za \u0161portne stave in igre na sre\u010do. Pridobite dostop do ve\u010d kot 20 \u0161portov, visokih kvot in edinstvenih bonusov za nove uporabnike. Igrajte in zmagujte kar na svojem Androidu!","robots":{"index":"index","follow":"follow","max-snippet":"max-snippet:-1","max-image-preview":"max-image-preview:large","max-video-preview":"max-video-preview:-1"},"canonical":"https:\/\/22bet.team\/sl\/apk\/","og_locale":"sl_SI","og_type":"article","og_title":"Prenesi APK 22Bet \u1409 Hitra aplikacija za \u0161portne stave in igralnico","og_description":"Prenesite aplikacijo 22Bet APK za \u0161portne stave in igre na sre\u010do. Pridobite dostop do ve\u010d kot 20 \u0161portov, visokih kvot in edinstvenih bonusov za nove uporabnike. Igrajte in zmagujte kar na svojem Androidu!","og_url":"https:\/\/22bet.team\/sl\/apk\/","og_site_name":"22bet Team SL","article_modified_time":"2025-12-18T16:55:19+00:00","twitter_card":"summary_large_image","schema":{"@context":"https:\/\/schema.org","@graph":[{"@type":"WebPage","@id":"https:\/\/22bet.team\/sl\/apk\/","url":"https:\/\/22bet.team\/sl\/apk\/","name":"Prenesi APK 22Bet \u1409 Hitra aplikacija za \u0161portne stave in igralnico","isPartOf":{"@id":"https:\/\/22bet.team\/sl\/#website"},"datePublished":"2025-11-19T06:25:55+00:00","dateModified":"2025-12-18T16:55:19+00:00","description":"Prenesite aplikacijo 22Bet APK za \u0161portne stave in igre na sre\u010do. Pridobite dostop do ve\u010d kot 20 \u0161portov, visokih kvot in edinstvenih bonusov za nove uporabnike. Igrajte in zmagujte kar na svojem Androidu!","breadcrumb":{"@id":"https:\/\/22bet.team\/sl\/apk\/#breadcrumb"},"inLanguage":"sl-SI","potentialAction":[{"@type":"ReadAction","target":["https:\/\/22bet.team\/sl\/apk\/"]}]},{"@type":"BreadcrumbList","@id":"https:\/\/22bet.team\/sl\/apk\/#breadcrumb","itemListElement":[{"@type":"ListItem","position":1,"name":"Home","item":"https:\/\/22bet.team\/sl\/"},{"@type":"ListItem","position":2,"name":"Apk"}]},{"@type":"WebSite","@id":"https:\/\/22bet.team\/sl\/#website","url":"https:\/\/22bet.team\/sl\/","name":"22bet Team SL","description":"","potentialAction":[{"@type":"SearchAction","target":{"@type":"EntryPoint","urlTemplate":"https:\/\/22bet.team\/sl\/?s={search_term_string}"},"query-input":{"@type":"PropertyValueSpecification","valueRequired":true,"valueName":"search_term_string"}}],"inLanguage":"sl-SI"}]}},"_links":{"self":[{"href":"https:\/\/22bet.team\/sl\/wp-json\/wp\/v2\/pages\/961","targetHints":{"allow":["GET"]}}],"collection":[{"href":"https:\/\/22bet.team\/sl\/wp-json\/wp\/v2\/pages"}],"about":[{"href":"https:\/\/22bet.team\/sl\/wp-json\/wp\/v2\/types\/page"}],"author":[{"embeddable":true,"href":"https:\/\/22bet.team\/sl\/wp-json\/wp\/v2\/users\/1"}],"replies":[{"embeddable":true,"href":"https:\/\/22bet.team\/sl\/wp-json\/wp\/v2\/comments?post=961"}],"version-history":[{"count":10,"href":"https:\/\/22bet.team\/sl\/wp-json\/wp\/v2\/pages\/961\/revisions"}],"predecessor-version":[{"id":1175,"href":"https:\/\/22bet.team\/sl\/wp-json\/wp\/v2\/pages\/961\/revisions\/1175"}],"wp:attachment":[{"href":"https:\/\/22bet.team\/sl\/wp-json\/wp\/v2\/media?parent=961"}],"curies":[{"name":"wp","href":"https:\/\/api.w.org\/{rel}","templated":true}]}}