{"id":1021,"date":"2025-11-24T16:18:29","date_gmt":"2025-11-24T13:18:29","guid":{"rendered":"https:\/\/22bet.team\/sq\/?page_id=1021"},"modified":"2026-04-17T16:48:27","modified_gmt":"2026-04-17T13:48:27","slug":"bonus","status":"publish","type":"page","link":"https:\/\/22bet.team\/sq\/bonus\/","title":{"rendered":"Bonus"},"content":{"rendered":"","protected":false},"excerpt":{"rendered":"","protected":false},"author":1,"featured_media":0,"parent":0,"menu_order":0,"comment_status":"closed","ping_status":"closed","template":"","meta":{"_acf_changed":false,"footnotes":""},"class_list":["post-1021","page","type-page","status-publish","hentry"],"acf":[],"yoast_head":"<!-- This site is optimized with the Yoast SEO plugin v26.1.1 - https:\/\/yoast.com\/wordpress\/plugins\/seo\/ -->\n<title>Bonuse 22Bet \u1409 Oferta 12.000 lek\u00eb dhe Promocione Speciale<\/title>\n<meta name=\"description\" content=\"Bonuse 22Bet \u2014 bonus mir\u00ebseardhjeje deri n\u00eb 12.000 lek\u00eb p\u00ebr baste dhe deri n\u00eb 30.000 lek\u00eb p\u00ebr kazinon\u00eb, rimbushje t\u00eb premten, kthim parash, bonus p\u00ebr nj\u00eb seri bastesh t\u00eb pasuksesshme dhe shum\u00eb m\u00eb tep\u00ebr. Ne analizojm\u00eb rregullat, bastet dhe kushtet e basteve.\" \/>\n<meta name=\"robots\" content=\"index, follow, max-snippet:-1, max-image-preview:large, max-video-preview:-1\" \/>\n<link rel=\"canonical\" href=\"https:\/\/22bet.team\/sq\/bonus\/\" \/>\n<meta property=\"og:locale\" content=\"sq_AL\" \/>\n<meta property=\"og:type\" content=\"article\" \/>\n<meta property=\"og:title\" content=\"Bonuse 22Bet \u1409 Oferta 12.000 lek\u00eb dhe Promocione Speciale\" \/>\n<meta property=\"og:description\" content=\"Bonuse 22Bet \u2014 bonus mir\u00ebseardhjeje deri n\u00eb 12.000 lek\u00eb p\u00ebr baste dhe deri n\u00eb 30.000 lek\u00eb p\u00ebr kazinon\u00eb, rimbushje t\u00eb premten, kthim parash, bonus p\u00ebr nj\u00eb seri bastesh t\u00eb pasuksesshme dhe shum\u00eb m\u00eb tep\u00ebr. Ne analizojm\u00eb rregullat, bastet dhe kushtet e basteve.\" \/>\n<meta property=\"og:url\" content=\"https:\/\/22bet.team\/sq\/bonus\/\" \/>\n<meta property=\"og:site_name\" content=\"22bet Team sq\" \/>\n<meta property=\"article:modified_time\" content=\"2026-04-17T13:48:27+00:00\" \/>\n<meta name=\"twitter:card\" content=\"summary_large_image\" \/>\n<script type=\"application\/ld+json\" class=\"yoast-schema-graph\">{\"@context\":\"https:\/\/schema.org\",\"@graph\":[{\"@type\":\"WebPage\",\"@id\":\"https:\/\/22bet.team\/sq\/bonus\/\",\"url\":\"https:\/\/22bet.team\/sq\/bonus\/\",\"name\":\"Bonuse 22Bet \u1409 Oferta 12.000 lek\u00eb dhe Promocione Speciale\",\"isPartOf\":{\"@id\":\"https:\/\/22bet.team\/sq\/#website\"},\"datePublished\":\"2025-11-24T13:18:29+00:00\",\"dateModified\":\"2026-04-17T13:48:27+00:00\",\"description\":\"Bonuse 22Bet \u2014 bonus mir\u00ebseardhjeje deri n\u00eb 12.000 lek\u00eb p\u00ebr baste dhe deri n\u00eb 30.000 lek\u00eb p\u00ebr kazinon\u00eb, rimbushje t\u00eb premten, kthim parash, bonus p\u00ebr nj\u00eb seri bastesh t\u00eb pasuksesshme dhe shum\u00eb m\u00eb tep\u00ebr. Ne analizojm\u00eb rregullat, bastet dhe kushtet e basteve.\",\"breadcrumb\":{\"@id\":\"https:\/\/22bet.team\/sq\/bonus\/#breadcrumb\"},\"inLanguage\":\"sq\",\"potentialAction\":[{\"@type\":\"ReadAction\",\"target\":[\"https:\/\/22bet.team\/sq\/bonus\/\"]}]},{\"@type\":\"BreadcrumbList\",\"@id\":\"https:\/\/22bet.team\/sq\/bonus\/#breadcrumb\",\"itemListElement\":[{\"@type\":\"ListItem\",\"position\":1,\"name\":\"Home\",\"item\":\"https:\/\/22bet.team\/sq\/\"},{\"@type\":\"ListItem\",\"position\":2,\"name\":\"Bonus\"}]},{\"@type\":\"WebSite\",\"@id\":\"https:\/\/22bet.team\/sq\/#website\",\"url\":\"https:\/\/22bet.team\/sq\/\",\"name\":\"22bet Team sq\",\"description\":\"\",\"potentialAction\":[{\"@type\":\"SearchAction\",\"target\":{\"@type\":\"EntryPoint\",\"urlTemplate\":\"https:\/\/22bet.team\/sq\/?s={search_term_string}\"},\"query-input\":{\"@type\":\"PropertyValueSpecification\",\"valueRequired\":true,\"valueName\":\"search_term_string\"}}],\"inLanguage\":\"sq\"}]}<\/script>\n<!-- \/ Yoast SEO plugin. -->","yoast_head_json":{"title":"Bonuse 22Bet \u1409 Oferta 12.000 lek\u00eb dhe Promocione Speciale","description":"Bonuse 22Bet \u2014 bonus mir\u00ebseardhjeje deri n\u00eb 12.000 lek\u00eb p\u00ebr baste dhe deri n\u00eb 30.000 lek\u00eb p\u00ebr kazinon\u00eb, rimbushje t\u00eb premten, kthim parash, bonus p\u00ebr nj\u00eb seri bastesh t\u00eb pasuksesshme dhe shum\u00eb m\u00eb tep\u00ebr. Ne analizojm\u00eb rregullat, bastet dhe kushtet e basteve.","robots":{"index":"index","follow":"follow","max-snippet":"max-snippet:-1","max-image-preview":"max-image-preview:large","max-video-preview":"max-video-preview:-1"},"canonical":"https:\/\/22bet.team\/sq\/bonus\/","og_locale":"sq_AL","og_type":"article","og_title":"Bonuse 22Bet \u1409 Oferta 12.000 lek\u00eb dhe Promocione Speciale","og_description":"Bonuse 22Bet \u2014 bonus mir\u00ebseardhjeje deri n\u00eb 12.000 lek\u00eb p\u00ebr baste dhe deri n\u00eb 30.000 lek\u00eb p\u00ebr kazinon\u00eb, rimbushje t\u00eb premten, kthim parash, bonus p\u00ebr nj\u00eb seri bastesh t\u00eb pasuksesshme dhe shum\u00eb m\u00eb tep\u00ebr. Ne analizojm\u00eb rregullat, bastet dhe kushtet e basteve.","og_url":"https:\/\/22bet.team\/sq\/bonus\/","og_site_name":"22bet Team sq","article_modified_time":"2026-04-17T13:48:27+00:00","twitter_card":"summary_large_image","schema":{"@context":"https:\/\/schema.org","@graph":[{"@type":"WebPage","@id":"https:\/\/22bet.team\/sq\/bonus\/","url":"https:\/\/22bet.team\/sq\/bonus\/","name":"Bonuse 22Bet \u1409 Oferta 12.000 lek\u00eb dhe Promocione Speciale","isPartOf":{"@id":"https:\/\/22bet.team\/sq\/#website"},"datePublished":"2025-11-24T13:18:29+00:00","dateModified":"2026-04-17T13:48:27+00:00","description":"Bonuse 22Bet \u2014 bonus mir\u00ebseardhjeje deri n\u00eb 12.000 lek\u00eb p\u00ebr baste dhe deri n\u00eb 30.000 lek\u00eb p\u00ebr kazinon\u00eb, rimbushje t\u00eb premten, kthim parash, bonus p\u00ebr nj\u00eb seri bastesh t\u00eb pasuksesshme dhe shum\u00eb m\u00eb tep\u00ebr. Ne analizojm\u00eb rregullat, bastet dhe kushtet e basteve.","breadcrumb":{"@id":"https:\/\/22bet.team\/sq\/bonus\/#breadcrumb"},"inLanguage":"sq","potentialAction":[{"@type":"ReadAction","target":["https:\/\/22bet.team\/sq\/bonus\/"]}]},{"@type":"BreadcrumbList","@id":"https:\/\/22bet.team\/sq\/bonus\/#breadcrumb","itemListElement":[{"@type":"ListItem","position":1,"name":"Home","item":"https:\/\/22bet.team\/sq\/"},{"@type":"ListItem","position":2,"name":"Bonus"}]},{"@type":"WebSite","@id":"https:\/\/22bet.team\/sq\/#website","url":"https:\/\/22bet.team\/sq\/","name":"22bet Team sq","description":"","potentialAction":[{"@type":"SearchAction","target":{"@type":"EntryPoint","urlTemplate":"https:\/\/22bet.team\/sq\/?s={search_term_string}"},"query-input":{"@type":"PropertyValueSpecification","valueRequired":true,"valueName":"search_term_string"}}],"inLanguage":"sq"}]}},"_links":{"self":[{"href":"https:\/\/22bet.team\/sq\/wp-json\/wp\/v2\/pages\/1021","targetHints":{"allow":["GET"]}}],"collection":[{"href":"https:\/\/22bet.team\/sq\/wp-json\/wp\/v2\/pages"}],"about":[{"href":"https:\/\/22bet.team\/sq\/wp-json\/wp\/v2\/types\/page"}],"author":[{"embeddable":true,"href":"https:\/\/22bet.team\/sq\/wp-json\/wp\/v2\/users\/1"}],"replies":[{"embeddable":true,"href":"https:\/\/22bet.team\/sq\/wp-json\/wp\/v2\/comments?post=1021"}],"version-history":[{"count":5,"href":"https:\/\/22bet.team\/sq\/wp-json\/wp\/v2\/pages\/1021\/revisions"}],"predecessor-version":[{"id":1244,"href":"https:\/\/22bet.team\/sq\/wp-json\/wp\/v2\/pages\/1021\/revisions\/1244"}],"wp:attachment":[{"href":"https:\/\/22bet.team\/sq\/wp-json\/wp\/v2\/media?parent=1021"}],"curies":[{"name":"wp","href":"https:\/\/api.w.org\/{rel}","templated":true}]}}