{"id":1169,"date":"2026-01-28T17:52:34","date_gmt":"2026-01-28T14:52:34","guid":{"rendered":"https:\/\/22bet.team\/sq\/?page_id=1169"},"modified":"2026-04-17T17:15:45","modified_gmt":"2026-04-17T14:15:45","slug":"football","status":"publish","type":"page","link":"https:\/\/22bet.team\/sq\/football\/","title":{"rendered":"Futboll"},"content":{"rendered":"","protected":false},"excerpt":{"rendered":"","protected":false},"author":1,"featured_media":0,"parent":0,"menu_order":0,"comment_status":"closed","ping_status":"closed","template":"","meta":{"_acf_changed":false,"footnotes":""},"class_list":["post-1169","page","type-page","status-publish","hentry"],"acf":[],"yoast_head":"<!-- This site is optimized with the Yoast SEO plugin v26.1.1 - https:\/\/yoast.com\/wordpress\/plugins\/seo\/ -->\n<title>Baste Futbolli 22Bet \u1409 Kuotat dhe Bonuset m\u00eb t\u00eb Mira<\/title>\n<meta name=\"description\" content=\"Bast futbolli me 22Bet! Ne ofrojm\u00eb shanset m\u00eb t\u00eb mira, nj\u00eb p\u00ebrzgjedhje t\u00eb gjer\u00eb ndeshjesh dhe bonuse bujare p\u00ebr lojtar\u00ebt e rinj. Filloni t\u00eb fitoni sot!\" \/>\n<meta name=\"robots\" content=\"index, follow, max-snippet:-1, max-image-preview:large, max-video-preview:-1\" \/>\n<link rel=\"canonical\" href=\"https:\/\/22bet.team\/sq\/football\/\" \/>\n<meta property=\"og:locale\" content=\"sq_AL\" \/>\n<meta property=\"og:type\" content=\"article\" \/>\n<meta property=\"og:title\" content=\"Baste Futbolli 22Bet \u1409 Kuotat dhe Bonuset m\u00eb t\u00eb Mira\" \/>\n<meta property=\"og:description\" content=\"Bast futbolli me 22Bet! Ne ofrojm\u00eb shanset m\u00eb t\u00eb mira, nj\u00eb p\u00ebrzgjedhje t\u00eb gjer\u00eb ndeshjesh dhe bonuse bujare p\u00ebr lojtar\u00ebt e rinj. Filloni t\u00eb fitoni sot!\" \/>\n<meta property=\"og:url\" content=\"https:\/\/22bet.team\/sq\/football\/\" \/>\n<meta property=\"og:site_name\" content=\"22bet Team sq\" \/>\n<meta property=\"article:modified_time\" content=\"2026-04-17T14:15:45+00:00\" \/>\n<meta name=\"twitter:card\" content=\"summary_large_image\" \/>\n<script type=\"application\/ld+json\" class=\"yoast-schema-graph\">{\"@context\":\"https:\/\/schema.org\",\"@graph\":[{\"@type\":\"WebPage\",\"@id\":\"https:\/\/22bet.team\/sq\/football\/\",\"url\":\"https:\/\/22bet.team\/sq\/football\/\",\"name\":\"Baste Futbolli 22Bet \u1409 Kuotat dhe Bonuset m\u00eb t\u00eb Mira\",\"isPartOf\":{\"@id\":\"https:\/\/22bet.team\/sq\/#website\"},\"datePublished\":\"2026-01-28T14:52:34+00:00\",\"dateModified\":\"2026-04-17T14:15:45+00:00\",\"description\":\"Bast futbolli me 22Bet! Ne ofrojm\u00eb shanset m\u00eb t\u00eb mira, nj\u00eb p\u00ebrzgjedhje t\u00eb gjer\u00eb ndeshjesh dhe bonuse bujare p\u00ebr lojtar\u00ebt e rinj. Filloni t\u00eb fitoni sot!\",\"breadcrumb\":{\"@id\":\"https:\/\/22bet.team\/sq\/football\/#breadcrumb\"},\"inLanguage\":\"sq\",\"potentialAction\":[{\"@type\":\"ReadAction\",\"target\":[\"https:\/\/22bet.team\/sq\/football\/\"]}]},{\"@type\":\"BreadcrumbList\",\"@id\":\"https:\/\/22bet.team\/sq\/football\/#breadcrumb\",\"itemListElement\":[{\"@type\":\"ListItem\",\"position\":1,\"name\":\"Home\",\"item\":\"https:\/\/22bet.team\/sq\/\"},{\"@type\":\"ListItem\",\"position\":2,\"name\":\"Futboll\"}]},{\"@type\":\"WebSite\",\"@id\":\"https:\/\/22bet.team\/sq\/#website\",\"url\":\"https:\/\/22bet.team\/sq\/\",\"name\":\"22bet Team sq\",\"description\":\"\",\"potentialAction\":[{\"@type\":\"SearchAction\",\"target\":{\"@type\":\"EntryPoint\",\"urlTemplate\":\"https:\/\/22bet.team\/sq\/?s={search_term_string}\"},\"query-input\":{\"@type\":\"PropertyValueSpecification\",\"valueRequired\":true,\"valueName\":\"search_term_string\"}}],\"inLanguage\":\"sq\"}]}<\/script>\n<!-- \/ Yoast SEO plugin. -->","yoast_head_json":{"title":"Baste Futbolli 22Bet \u1409 Kuotat dhe Bonuset m\u00eb t\u00eb Mira","description":"Bast futbolli me 22Bet! Ne ofrojm\u00eb shanset m\u00eb t\u00eb mira, nj\u00eb p\u00ebrzgjedhje t\u00eb gjer\u00eb ndeshjesh dhe bonuse bujare p\u00ebr lojtar\u00ebt e rinj. Filloni t\u00eb fitoni sot!","robots":{"index":"index","follow":"follow","max-snippet":"max-snippet:-1","max-image-preview":"max-image-preview:large","max-video-preview":"max-video-preview:-1"},"canonical":"https:\/\/22bet.team\/sq\/football\/","og_locale":"sq_AL","og_type":"article","og_title":"Baste Futbolli 22Bet \u1409 Kuotat dhe Bonuset m\u00eb t\u00eb Mira","og_description":"Bast futbolli me 22Bet! Ne ofrojm\u00eb shanset m\u00eb t\u00eb mira, nj\u00eb p\u00ebrzgjedhje t\u00eb gjer\u00eb ndeshjesh dhe bonuse bujare p\u00ebr lojtar\u00ebt e rinj. Filloni t\u00eb fitoni sot!","og_url":"https:\/\/22bet.team\/sq\/football\/","og_site_name":"22bet Team sq","article_modified_time":"2026-04-17T14:15:45+00:00","twitter_card":"summary_large_image","schema":{"@context":"https:\/\/schema.org","@graph":[{"@type":"WebPage","@id":"https:\/\/22bet.team\/sq\/football\/","url":"https:\/\/22bet.team\/sq\/football\/","name":"Baste Futbolli 22Bet \u1409 Kuotat dhe Bonuset m\u00eb t\u00eb Mira","isPartOf":{"@id":"https:\/\/22bet.team\/sq\/#website"},"datePublished":"2026-01-28T14:52:34+00:00","dateModified":"2026-04-17T14:15:45+00:00","description":"Bast futbolli me 22Bet! Ne ofrojm\u00eb shanset m\u00eb t\u00eb mira, nj\u00eb p\u00ebrzgjedhje t\u00eb gjer\u00eb ndeshjesh dhe bonuse bujare p\u00ebr lojtar\u00ebt e rinj. Filloni t\u00eb fitoni sot!","breadcrumb":{"@id":"https:\/\/22bet.team\/sq\/football\/#breadcrumb"},"inLanguage":"sq","potentialAction":[{"@type":"ReadAction","target":["https:\/\/22bet.team\/sq\/football\/"]}]},{"@type":"BreadcrumbList","@id":"https:\/\/22bet.team\/sq\/football\/#breadcrumb","itemListElement":[{"@type":"ListItem","position":1,"name":"Home","item":"https:\/\/22bet.team\/sq\/"},{"@type":"ListItem","position":2,"name":"Futboll"}]},{"@type":"WebSite","@id":"https:\/\/22bet.team\/sq\/#website","url":"https:\/\/22bet.team\/sq\/","name":"22bet Team sq","description":"","potentialAction":[{"@type":"SearchAction","target":{"@type":"EntryPoint","urlTemplate":"https:\/\/22bet.team\/sq\/?s={search_term_string}"},"query-input":{"@type":"PropertyValueSpecification","valueRequired":true,"valueName":"search_term_string"}}],"inLanguage":"sq"}]}},"_links":{"self":[{"href":"https:\/\/22bet.team\/sq\/wp-json\/wp\/v2\/pages\/1169","targetHints":{"allow":["GET"]}}],"collection":[{"href":"https:\/\/22bet.team\/sq\/wp-json\/wp\/v2\/pages"}],"about":[{"href":"https:\/\/22bet.team\/sq\/wp-json\/wp\/v2\/types\/page"}],"author":[{"embeddable":true,"href":"https:\/\/22bet.team\/sq\/wp-json\/wp\/v2\/users\/1"}],"replies":[{"embeddable":true,"href":"https:\/\/22bet.team\/sq\/wp-json\/wp\/v2\/comments?post=1169"}],"version-history":[{"count":5,"href":"https:\/\/22bet.team\/sq\/wp-json\/wp\/v2\/pages\/1169\/revisions"}],"predecessor-version":[{"id":1251,"href":"https:\/\/22bet.team\/sq\/wp-json\/wp\/v2\/pages\/1169\/revisions\/1251"}],"wp:attachment":[{"href":"https:\/\/22bet.team\/sq\/wp-json\/wp\/v2\/media?parent=1169"}],"curies":[{"name":"wp","href":"https:\/\/api.w.org\/{rel}","templated":true}]}}