{"id":1173,"date":"2026-01-28T18:10:39","date_gmt":"2026-01-28T15:10:39","guid":{"rendered":"https:\/\/22bet.team\/sq\/?page_id=1173"},"modified":"2026-04-18T14:55:15","modified_gmt":"2026-04-18T11:55:15","slug":"volleyball","status":"publish","type":"page","link":"https:\/\/22bet.team\/sq\/volleyball\/","title":{"rendered":"Volejboll"},"content":{"rendered":"","protected":false},"excerpt":{"rendered":"","protected":false},"author":1,"featured_media":0,"parent":0,"menu_order":0,"comment_status":"closed","ping_status":"closed","template":"","meta":{"_acf_changed":false,"footnotes":""},"class_list":["post-1173","page","type-page","status-publish","hentry"],"acf":[],"yoast_head":"<!-- This site is optimized with the Yoast SEO plugin v26.1.1 - https:\/\/yoast.com\/wordpress\/plugins\/seo\/ -->\n<title>Baste Volejbolli 22Bet \u1409 Koeficient\u00eb t\u00eb Lart\u00eb dhe Bonuse Unike<\/title>\n<meta name=\"description\" content=\"Vini bast n\u00eb volejboll me 22Bet! Kuota t\u00eb larta, nj\u00eb shum\u00ebllojshm\u00ebri ligash dhe turnesh, si dhe bonuse unike garantojn\u00eb nj\u00eb p\u00ebrvoj\u00eb emocionuese bastesh. Bashkohuni me ne dhe filloni t\u00eb fitoni sot!\" \/>\n<meta name=\"robots\" content=\"index, follow, max-snippet:-1, max-image-preview:large, max-video-preview:-1\" \/>\n<link rel=\"canonical\" href=\"https:\/\/22bet.team\/sq\/volleyball\/\" \/>\n<meta property=\"og:locale\" content=\"sq_AL\" \/>\n<meta property=\"og:type\" content=\"article\" \/>\n<meta property=\"og:title\" content=\"Baste Volejbolli 22Bet \u1409 Koeficient\u00eb t\u00eb Lart\u00eb dhe Bonuse Unike\" \/>\n<meta property=\"og:description\" content=\"Vini bast n\u00eb volejboll me 22Bet! Kuota t\u00eb larta, nj\u00eb shum\u00ebllojshm\u00ebri ligash dhe turnesh, si dhe bonuse unike garantojn\u00eb nj\u00eb p\u00ebrvoj\u00eb emocionuese bastesh. Bashkohuni me ne dhe filloni t\u00eb fitoni sot!\" \/>\n<meta property=\"og:url\" content=\"https:\/\/22bet.team\/sq\/volleyball\/\" \/>\n<meta property=\"og:site_name\" content=\"22bet Team sq\" \/>\n<meta property=\"article:modified_time\" content=\"2026-04-18T11:55:15+00:00\" \/>\n<meta name=\"twitter:card\" content=\"summary_large_image\" \/>\n<script type=\"application\/ld+json\" class=\"yoast-schema-graph\">{\"@context\":\"https:\/\/schema.org\",\"@graph\":[{\"@type\":\"WebPage\",\"@id\":\"https:\/\/22bet.team\/sq\/volleyball\/\",\"url\":\"https:\/\/22bet.team\/sq\/volleyball\/\",\"name\":\"Baste Volejbolli 22Bet \u1409 Koeficient\u00eb t\u00eb Lart\u00eb dhe Bonuse Unike\",\"isPartOf\":{\"@id\":\"https:\/\/22bet.team\/sq\/#website\"},\"datePublished\":\"2026-01-28T15:10:39+00:00\",\"dateModified\":\"2026-04-18T11:55:15+00:00\",\"description\":\"Vini bast n\u00eb volejboll me 22Bet! Kuota t\u00eb larta, nj\u00eb shum\u00ebllojshm\u00ebri ligash dhe turnesh, si dhe bonuse unike garantojn\u00eb nj\u00eb p\u00ebrvoj\u00eb emocionuese bastesh. Bashkohuni me ne dhe filloni t\u00eb fitoni sot!\",\"breadcrumb\":{\"@id\":\"https:\/\/22bet.team\/sq\/volleyball\/#breadcrumb\"},\"inLanguage\":\"sq\",\"potentialAction\":[{\"@type\":\"ReadAction\",\"target\":[\"https:\/\/22bet.team\/sq\/volleyball\/\"]}]},{\"@type\":\"BreadcrumbList\",\"@id\":\"https:\/\/22bet.team\/sq\/volleyball\/#breadcrumb\",\"itemListElement\":[{\"@type\":\"ListItem\",\"position\":1,\"name\":\"Home\",\"item\":\"https:\/\/22bet.team\/sq\/\"},{\"@type\":\"ListItem\",\"position\":2,\"name\":\"Volejboll\"}]},{\"@type\":\"WebSite\",\"@id\":\"https:\/\/22bet.team\/sq\/#website\",\"url\":\"https:\/\/22bet.team\/sq\/\",\"name\":\"22bet Team sq\",\"description\":\"\",\"potentialAction\":[{\"@type\":\"SearchAction\",\"target\":{\"@type\":\"EntryPoint\",\"urlTemplate\":\"https:\/\/22bet.team\/sq\/?s={search_term_string}\"},\"query-input\":{\"@type\":\"PropertyValueSpecification\",\"valueRequired\":true,\"valueName\":\"search_term_string\"}}],\"inLanguage\":\"sq\"}]}<\/script>\n<!-- \/ Yoast SEO plugin. -->","yoast_head_json":{"title":"Baste Volejbolli 22Bet \u1409 Koeficient\u00eb t\u00eb Lart\u00eb dhe Bonuse Unike","description":"Vini bast n\u00eb volejboll me 22Bet! Kuota t\u00eb larta, nj\u00eb shum\u00ebllojshm\u00ebri ligash dhe turnesh, si dhe bonuse unike garantojn\u00eb nj\u00eb p\u00ebrvoj\u00eb emocionuese bastesh. Bashkohuni me ne dhe filloni t\u00eb fitoni sot!","robots":{"index":"index","follow":"follow","max-snippet":"max-snippet:-1","max-image-preview":"max-image-preview:large","max-video-preview":"max-video-preview:-1"},"canonical":"https:\/\/22bet.team\/sq\/volleyball\/","og_locale":"sq_AL","og_type":"article","og_title":"Baste Volejbolli 22Bet \u1409 Koeficient\u00eb t\u00eb Lart\u00eb dhe Bonuse Unike","og_description":"Vini bast n\u00eb volejboll me 22Bet! Kuota t\u00eb larta, nj\u00eb shum\u00ebllojshm\u00ebri ligash dhe turnesh, si dhe bonuse unike garantojn\u00eb nj\u00eb p\u00ebrvoj\u00eb emocionuese bastesh. Bashkohuni me ne dhe filloni t\u00eb fitoni sot!","og_url":"https:\/\/22bet.team\/sq\/volleyball\/","og_site_name":"22bet Team sq","article_modified_time":"2026-04-18T11:55:15+00:00","twitter_card":"summary_large_image","schema":{"@context":"https:\/\/schema.org","@graph":[{"@type":"WebPage","@id":"https:\/\/22bet.team\/sq\/volleyball\/","url":"https:\/\/22bet.team\/sq\/volleyball\/","name":"Baste Volejbolli 22Bet \u1409 Koeficient\u00eb t\u00eb Lart\u00eb dhe Bonuse Unike","isPartOf":{"@id":"https:\/\/22bet.team\/sq\/#website"},"datePublished":"2026-01-28T15:10:39+00:00","dateModified":"2026-04-18T11:55:15+00:00","description":"Vini bast n\u00eb volejboll me 22Bet! Kuota t\u00eb larta, nj\u00eb shum\u00ebllojshm\u00ebri ligash dhe turnesh, si dhe bonuse unike garantojn\u00eb nj\u00eb p\u00ebrvoj\u00eb emocionuese bastesh. Bashkohuni me ne dhe filloni t\u00eb fitoni sot!","breadcrumb":{"@id":"https:\/\/22bet.team\/sq\/volleyball\/#breadcrumb"},"inLanguage":"sq","potentialAction":[{"@type":"ReadAction","target":["https:\/\/22bet.team\/sq\/volleyball\/"]}]},{"@type":"BreadcrumbList","@id":"https:\/\/22bet.team\/sq\/volleyball\/#breadcrumb","itemListElement":[{"@type":"ListItem","position":1,"name":"Home","item":"https:\/\/22bet.team\/sq\/"},{"@type":"ListItem","position":2,"name":"Volejboll"}]},{"@type":"WebSite","@id":"https:\/\/22bet.team\/sq\/#website","url":"https:\/\/22bet.team\/sq\/","name":"22bet Team sq","description":"","potentialAction":[{"@type":"SearchAction","target":{"@type":"EntryPoint","urlTemplate":"https:\/\/22bet.team\/sq\/?s={search_term_string}"},"query-input":{"@type":"PropertyValueSpecification","valueRequired":true,"valueName":"search_term_string"}}],"inLanguage":"sq"}]}},"_links":{"self":[{"href":"https:\/\/22bet.team\/sq\/wp-json\/wp\/v2\/pages\/1173","targetHints":{"allow":["GET"]}}],"collection":[{"href":"https:\/\/22bet.team\/sq\/wp-json\/wp\/v2\/pages"}],"about":[{"href":"https:\/\/22bet.team\/sq\/wp-json\/wp\/v2\/types\/page"}],"author":[{"embeddable":true,"href":"https:\/\/22bet.team\/sq\/wp-json\/wp\/v2\/users\/1"}],"replies":[{"embeddable":true,"href":"https:\/\/22bet.team\/sq\/wp-json\/wp\/v2\/comments?post=1173"}],"version-history":[{"count":5,"href":"https:\/\/22bet.team\/sq\/wp-json\/wp\/v2\/pages\/1173\/revisions"}],"predecessor-version":[{"id":1265,"href":"https:\/\/22bet.team\/sq\/wp-json\/wp\/v2\/pages\/1173\/revisions\/1265"}],"wp:attachment":[{"href":"https:\/\/22bet.team\/sq\/wp-json\/wp\/v2\/media?parent=1173"}],"curies":[{"name":"wp","href":"https:\/\/api.w.org\/{rel}","templated":true}]}}