{"id":1177,"date":"2026-01-28T18:35:04","date_gmt":"2026-01-28T15:35:04","guid":{"rendered":"https:\/\/22bet.team\/sq\/?page_id=1177"},"modified":"2026-04-17T17:24:22","modified_gmt":"2026-04-17T14:24:22","slug":"hockey","status":"publish","type":"page","link":"https:\/\/22bet.team\/sq\/hockey\/","title":{"rendered":"Hokej"},"content":{"rendered":"","protected":false},"excerpt":{"rendered":"","protected":false},"author":1,"featured_media":0,"parent":0,"menu_order":0,"comment_status":"closed","ping_status":"closed","template":"","meta":{"_acf_changed":false,"footnotes":""},"class_list":["post-1177","page","type-page","status-publish","hentry"],"acf":[],"yoast_head":"<!-- This site is optimized with the Yoast SEO plugin v26.1.1 - https:\/\/yoast.com\/wordpress\/plugins\/seo\/ -->\n<title>Bastet n\u00eb Hokej mbi Akull 22Bet \u1409 Kuotat m\u00eb t\u00eb Mira dhe Bastet Live<\/title>\n<meta name=\"description\" content=\"Baste n\u00eb hokej me 22Bet! Nj\u00eb organizator bastesh i licencuar q\u00eb ofron nj\u00eb gam\u00eb t\u00eb gjer\u00eb sportesh, shanse t\u00eb larta dhe bonuse fitimprur\u00ebse. Bashkohuni me ne p\u00ebr nj\u00eb p\u00ebrzgjedhje t\u00eb gjer\u00eb bastesh dhe pagesash t\u00eb sigurta, duke p\u00ebrfshir\u00eb edhe kriptomonedhat.\" \/>\n<meta name=\"robots\" content=\"index, follow, max-snippet:-1, max-image-preview:large, max-video-preview:-1\" \/>\n<link rel=\"canonical\" href=\"https:\/\/22bet.team\/sq\/hockey\/\" \/>\n<meta property=\"og:locale\" content=\"sq_AL\" \/>\n<meta property=\"og:type\" content=\"article\" \/>\n<meta property=\"og:title\" content=\"Bastet n\u00eb Hokej mbi Akull 22Bet \u1409 Kuotat m\u00eb t\u00eb Mira dhe Bastet Live\" \/>\n<meta property=\"og:description\" content=\"Baste n\u00eb hokej me 22Bet! Nj\u00eb organizator bastesh i licencuar q\u00eb ofron nj\u00eb gam\u00eb t\u00eb gjer\u00eb sportesh, shanse t\u00eb larta dhe bonuse fitimprur\u00ebse. Bashkohuni me ne p\u00ebr nj\u00eb p\u00ebrzgjedhje t\u00eb gjer\u00eb bastesh dhe pagesash t\u00eb sigurta, duke p\u00ebrfshir\u00eb edhe kriptomonedhat.\" \/>\n<meta property=\"og:url\" content=\"https:\/\/22bet.team\/sq\/hockey\/\" \/>\n<meta property=\"og:site_name\" content=\"22bet Team sq\" \/>\n<meta property=\"article:modified_time\" content=\"2026-04-17T14:24:22+00:00\" \/>\n<meta name=\"twitter:card\" content=\"summary_large_image\" \/>\n<script type=\"application\/ld+json\" class=\"yoast-schema-graph\">{\"@context\":\"https:\/\/schema.org\",\"@graph\":[{\"@type\":\"WebPage\",\"@id\":\"https:\/\/22bet.team\/sq\/hockey\/\",\"url\":\"https:\/\/22bet.team\/sq\/hockey\/\",\"name\":\"Bastet n\u00eb Hokej mbi Akull 22Bet \u1409 Kuotat m\u00eb t\u00eb Mira dhe Bastet Live\",\"isPartOf\":{\"@id\":\"https:\/\/22bet.team\/sq\/#website\"},\"datePublished\":\"2026-01-28T15:35:04+00:00\",\"dateModified\":\"2026-04-17T14:24:22+00:00\",\"description\":\"Baste n\u00eb hokej me 22Bet! Nj\u00eb organizator bastesh i licencuar q\u00eb ofron nj\u00eb gam\u00eb t\u00eb gjer\u00eb sportesh, shanse t\u00eb larta dhe bonuse fitimprur\u00ebse. Bashkohuni me ne p\u00ebr nj\u00eb p\u00ebrzgjedhje t\u00eb gjer\u00eb bastesh dhe pagesash t\u00eb sigurta, duke p\u00ebrfshir\u00eb edhe kriptomonedhat.\",\"breadcrumb\":{\"@id\":\"https:\/\/22bet.team\/sq\/hockey\/#breadcrumb\"},\"inLanguage\":\"sq\",\"potentialAction\":[{\"@type\":\"ReadAction\",\"target\":[\"https:\/\/22bet.team\/sq\/hockey\/\"]}]},{\"@type\":\"BreadcrumbList\",\"@id\":\"https:\/\/22bet.team\/sq\/hockey\/#breadcrumb\",\"itemListElement\":[{\"@type\":\"ListItem\",\"position\":1,\"name\":\"Home\",\"item\":\"https:\/\/22bet.team\/sq\/\"},{\"@type\":\"ListItem\",\"position\":2,\"name\":\"Hokej\"}]},{\"@type\":\"WebSite\",\"@id\":\"https:\/\/22bet.team\/sq\/#website\",\"url\":\"https:\/\/22bet.team\/sq\/\",\"name\":\"22bet Team sq\",\"description\":\"\",\"potentialAction\":[{\"@type\":\"SearchAction\",\"target\":{\"@type\":\"EntryPoint\",\"urlTemplate\":\"https:\/\/22bet.team\/sq\/?s={search_term_string}\"},\"query-input\":{\"@type\":\"PropertyValueSpecification\",\"valueRequired\":true,\"valueName\":\"search_term_string\"}}],\"inLanguage\":\"sq\"}]}<\/script>\n<!-- \/ Yoast SEO plugin. -->","yoast_head_json":{"title":"Bastet n\u00eb Hokej mbi Akull 22Bet \u1409 Kuotat m\u00eb t\u00eb Mira dhe Bastet Live","description":"Baste n\u00eb hokej me 22Bet! Nj\u00eb organizator bastesh i licencuar q\u00eb ofron nj\u00eb gam\u00eb t\u00eb gjer\u00eb sportesh, shanse t\u00eb larta dhe bonuse fitimprur\u00ebse. Bashkohuni me ne p\u00ebr nj\u00eb p\u00ebrzgjedhje t\u00eb gjer\u00eb bastesh dhe pagesash t\u00eb sigurta, duke p\u00ebrfshir\u00eb edhe kriptomonedhat.","robots":{"index":"index","follow":"follow","max-snippet":"max-snippet:-1","max-image-preview":"max-image-preview:large","max-video-preview":"max-video-preview:-1"},"canonical":"https:\/\/22bet.team\/sq\/hockey\/","og_locale":"sq_AL","og_type":"article","og_title":"Bastet n\u00eb Hokej mbi Akull 22Bet \u1409 Kuotat m\u00eb t\u00eb Mira dhe Bastet Live","og_description":"Baste n\u00eb hokej me 22Bet! Nj\u00eb organizator bastesh i licencuar q\u00eb ofron nj\u00eb gam\u00eb t\u00eb gjer\u00eb sportesh, shanse t\u00eb larta dhe bonuse fitimprur\u00ebse. Bashkohuni me ne p\u00ebr nj\u00eb p\u00ebrzgjedhje t\u00eb gjer\u00eb bastesh dhe pagesash t\u00eb sigurta, duke p\u00ebrfshir\u00eb edhe kriptomonedhat.","og_url":"https:\/\/22bet.team\/sq\/hockey\/","og_site_name":"22bet Team sq","article_modified_time":"2026-04-17T14:24:22+00:00","twitter_card":"summary_large_image","schema":{"@context":"https:\/\/schema.org","@graph":[{"@type":"WebPage","@id":"https:\/\/22bet.team\/sq\/hockey\/","url":"https:\/\/22bet.team\/sq\/hockey\/","name":"Bastet n\u00eb Hokej mbi Akull 22Bet \u1409 Kuotat m\u00eb t\u00eb Mira dhe Bastet Live","isPartOf":{"@id":"https:\/\/22bet.team\/sq\/#website"},"datePublished":"2026-01-28T15:35:04+00:00","dateModified":"2026-04-17T14:24:22+00:00","description":"Baste n\u00eb hokej me 22Bet! Nj\u00eb organizator bastesh i licencuar q\u00eb ofron nj\u00eb gam\u00eb t\u00eb gjer\u00eb sportesh, shanse t\u00eb larta dhe bonuse fitimprur\u00ebse. Bashkohuni me ne p\u00ebr nj\u00eb p\u00ebrzgjedhje t\u00eb gjer\u00eb bastesh dhe pagesash t\u00eb sigurta, duke p\u00ebrfshir\u00eb edhe kriptomonedhat.","breadcrumb":{"@id":"https:\/\/22bet.team\/sq\/hockey\/#breadcrumb"},"inLanguage":"sq","potentialAction":[{"@type":"ReadAction","target":["https:\/\/22bet.team\/sq\/hockey\/"]}]},{"@type":"BreadcrumbList","@id":"https:\/\/22bet.team\/sq\/hockey\/#breadcrumb","itemListElement":[{"@type":"ListItem","position":1,"name":"Home","item":"https:\/\/22bet.team\/sq\/"},{"@type":"ListItem","position":2,"name":"Hokej"}]},{"@type":"WebSite","@id":"https:\/\/22bet.team\/sq\/#website","url":"https:\/\/22bet.team\/sq\/","name":"22bet Team sq","description":"","potentialAction":[{"@type":"SearchAction","target":{"@type":"EntryPoint","urlTemplate":"https:\/\/22bet.team\/sq\/?s={search_term_string}"},"query-input":{"@type":"PropertyValueSpecification","valueRequired":true,"valueName":"search_term_string"}}],"inLanguage":"sq"}]}},"_links":{"self":[{"href":"https:\/\/22bet.team\/sq\/wp-json\/wp\/v2\/pages\/1177","targetHints":{"allow":["GET"]}}],"collection":[{"href":"https:\/\/22bet.team\/sq\/wp-json\/wp\/v2\/pages"}],"about":[{"href":"https:\/\/22bet.team\/sq\/wp-json\/wp\/v2\/types\/page"}],"author":[{"embeddable":true,"href":"https:\/\/22bet.team\/sq\/wp-json\/wp\/v2\/users\/1"}],"replies":[{"embeddable":true,"href":"https:\/\/22bet.team\/sq\/wp-json\/wp\/v2\/comments?post=1177"}],"version-history":[{"count":5,"href":"https:\/\/22bet.team\/sq\/wp-json\/wp\/v2\/pages\/1177\/revisions"}],"predecessor-version":[{"id":1253,"href":"https:\/\/22bet.team\/sq\/wp-json\/wp\/v2\/pages\/1177\/revisions\/1253"}],"wp:attachment":[{"href":"https:\/\/22bet.team\/sq\/wp-json\/wp\/v2\/media?parent=1177"}],"curies":[{"name":"wp","href":"https:\/\/api.w.org\/{rel}","templated":true}]}}