{"id":1186,"date":"2026-01-28T20:35:39","date_gmt":"2026-01-28T17:35:39","guid":{"rendered":"https:\/\/22bet.team\/sq\/?page_id=1186"},"modified":"2026-04-17T17:12:32","modified_gmt":"2026-04-17T14:12:32","slug":"esports","status":"publish","type":"page","link":"https:\/\/22bet.team\/sq\/esports\/","title":{"rendered":"eSports"},"content":{"rendered":"","protected":false},"excerpt":{"rendered":"","protected":false},"author":1,"featured_media":0,"parent":0,"menu_order":0,"comment_status":"closed","ping_status":"closed","template":"","meta":{"_acf_changed":false,"footnotes":""},"class_list":["post-1186","page","type-page","status-publish","hentry"],"acf":[],"yoast_head":"<!-- This site is optimized with the Yoast SEO plugin v26.1.1 - https:\/\/yoast.com\/wordpress\/plugins\/seo\/ -->\n<title>Esports 22bet \u2714\ufe0f Baste, parashikime p\u00ebr turnet\u00eb m\u00eb t\u00eb mir\u00eb<\/title>\n<meta name=\"description\" content=\"Vini baste n\u00eb esports n\u00eb 22bet! B\u00ebni parashikime p\u00ebr turnet\u00eb Dota 2, CS2 dhe LoL, merrni kuota t\u00eb larta dhe fitoni. Nj\u00eb agjenci bastesh e plot\u00eb p\u00ebr esports ju pret.\" \/>\n<meta name=\"robots\" content=\"index, follow, max-snippet:-1, max-image-preview:large, max-video-preview:-1\" \/>\n<link rel=\"canonical\" href=\"https:\/\/22bet.team\/sq\/esports\/\" \/>\n<meta property=\"og:locale\" content=\"sq_AL\" \/>\n<meta property=\"og:type\" content=\"article\" \/>\n<meta property=\"og:title\" content=\"Esports 22bet \u2714\ufe0f Baste, parashikime p\u00ebr turnet\u00eb m\u00eb t\u00eb mir\u00eb\" \/>\n<meta property=\"og:description\" content=\"Vini baste n\u00eb esports n\u00eb 22bet! B\u00ebni parashikime p\u00ebr turnet\u00eb Dota 2, CS2 dhe LoL, merrni kuota t\u00eb larta dhe fitoni. Nj\u00eb agjenci bastesh e plot\u00eb p\u00ebr esports ju pret.\" \/>\n<meta property=\"og:url\" content=\"https:\/\/22bet.team\/sq\/esports\/\" \/>\n<meta property=\"og:site_name\" content=\"22bet Team sq\" \/>\n<meta property=\"article:modified_time\" content=\"2026-04-17T14:12:32+00:00\" \/>\n<meta name=\"twitter:card\" content=\"summary_large_image\" \/>\n<script type=\"application\/ld+json\" class=\"yoast-schema-graph\">{\"@context\":\"https:\/\/schema.org\",\"@graph\":[{\"@type\":\"WebPage\",\"@id\":\"https:\/\/22bet.team\/sq\/esports\/\",\"url\":\"https:\/\/22bet.team\/sq\/esports\/\",\"name\":\"Esports 22bet \u2714\ufe0f Baste, parashikime p\u00ebr turnet\u00eb m\u00eb t\u00eb mir\u00eb\",\"isPartOf\":{\"@id\":\"https:\/\/22bet.team\/sq\/#website\"},\"datePublished\":\"2026-01-28T17:35:39+00:00\",\"dateModified\":\"2026-04-17T14:12:32+00:00\",\"description\":\"Vini baste n\u00eb esports n\u00eb 22bet! B\u00ebni parashikime p\u00ebr turnet\u00eb Dota 2, CS2 dhe LoL, merrni kuota t\u00eb larta dhe fitoni. Nj\u00eb agjenci bastesh e plot\u00eb p\u00ebr esports ju pret.\",\"breadcrumb\":{\"@id\":\"https:\/\/22bet.team\/sq\/esports\/#breadcrumb\"},\"inLanguage\":\"sq\",\"potentialAction\":[{\"@type\":\"ReadAction\",\"target\":[\"https:\/\/22bet.team\/sq\/esports\/\"]}]},{\"@type\":\"BreadcrumbList\",\"@id\":\"https:\/\/22bet.team\/sq\/esports\/#breadcrumb\",\"itemListElement\":[{\"@type\":\"ListItem\",\"position\":1,\"name\":\"Home\",\"item\":\"https:\/\/22bet.team\/sq\/\"},{\"@type\":\"ListItem\",\"position\":2,\"name\":\"eSports\"}]},{\"@type\":\"WebSite\",\"@id\":\"https:\/\/22bet.team\/sq\/#website\",\"url\":\"https:\/\/22bet.team\/sq\/\",\"name\":\"22bet Team sq\",\"description\":\"\",\"potentialAction\":[{\"@type\":\"SearchAction\",\"target\":{\"@type\":\"EntryPoint\",\"urlTemplate\":\"https:\/\/22bet.team\/sq\/?s={search_term_string}\"},\"query-input\":{\"@type\":\"PropertyValueSpecification\",\"valueRequired\":true,\"valueName\":\"search_term_string\"}}],\"inLanguage\":\"sq\"}]}<\/script>\n<!-- \/ Yoast SEO plugin. -->","yoast_head_json":{"title":"Esports 22bet \u2714\ufe0f Baste, parashikime p\u00ebr turnet\u00eb m\u00eb t\u00eb mir\u00eb","description":"Vini baste n\u00eb esports n\u00eb 22bet! B\u00ebni parashikime p\u00ebr turnet\u00eb Dota 2, CS2 dhe LoL, merrni kuota t\u00eb larta dhe fitoni. Nj\u00eb agjenci bastesh e plot\u00eb p\u00ebr esports ju pret.","robots":{"index":"index","follow":"follow","max-snippet":"max-snippet:-1","max-image-preview":"max-image-preview:large","max-video-preview":"max-video-preview:-1"},"canonical":"https:\/\/22bet.team\/sq\/esports\/","og_locale":"sq_AL","og_type":"article","og_title":"Esports 22bet \u2714\ufe0f Baste, parashikime p\u00ebr turnet\u00eb m\u00eb t\u00eb mir\u00eb","og_description":"Vini baste n\u00eb esports n\u00eb 22bet! B\u00ebni parashikime p\u00ebr turnet\u00eb Dota 2, CS2 dhe LoL, merrni kuota t\u00eb larta dhe fitoni. Nj\u00eb agjenci bastesh e plot\u00eb p\u00ebr esports ju pret.","og_url":"https:\/\/22bet.team\/sq\/esports\/","og_site_name":"22bet Team sq","article_modified_time":"2026-04-17T14:12:32+00:00","twitter_card":"summary_large_image","schema":{"@context":"https:\/\/schema.org","@graph":[{"@type":"WebPage","@id":"https:\/\/22bet.team\/sq\/esports\/","url":"https:\/\/22bet.team\/sq\/esports\/","name":"Esports 22bet \u2714\ufe0f Baste, parashikime p\u00ebr turnet\u00eb m\u00eb t\u00eb mir\u00eb","isPartOf":{"@id":"https:\/\/22bet.team\/sq\/#website"},"datePublished":"2026-01-28T17:35:39+00:00","dateModified":"2026-04-17T14:12:32+00:00","description":"Vini baste n\u00eb esports n\u00eb 22bet! B\u00ebni parashikime p\u00ebr turnet\u00eb Dota 2, CS2 dhe LoL, merrni kuota t\u00eb larta dhe fitoni. Nj\u00eb agjenci bastesh e plot\u00eb p\u00ebr esports ju pret.","breadcrumb":{"@id":"https:\/\/22bet.team\/sq\/esports\/#breadcrumb"},"inLanguage":"sq","potentialAction":[{"@type":"ReadAction","target":["https:\/\/22bet.team\/sq\/esports\/"]}]},{"@type":"BreadcrumbList","@id":"https:\/\/22bet.team\/sq\/esports\/#breadcrumb","itemListElement":[{"@type":"ListItem","position":1,"name":"Home","item":"https:\/\/22bet.team\/sq\/"},{"@type":"ListItem","position":2,"name":"eSports"}]},{"@type":"WebSite","@id":"https:\/\/22bet.team\/sq\/#website","url":"https:\/\/22bet.team\/sq\/","name":"22bet Team sq","description":"","potentialAction":[{"@type":"SearchAction","target":{"@type":"EntryPoint","urlTemplate":"https:\/\/22bet.team\/sq\/?s={search_term_string}"},"query-input":{"@type":"PropertyValueSpecification","valueRequired":true,"valueName":"search_term_string"}}],"inLanguage":"sq"}]}},"_links":{"self":[{"href":"https:\/\/22bet.team\/sq\/wp-json\/wp\/v2\/pages\/1186","targetHints":{"allow":["GET"]}}],"collection":[{"href":"https:\/\/22bet.team\/sq\/wp-json\/wp\/v2\/pages"}],"about":[{"href":"https:\/\/22bet.team\/sq\/wp-json\/wp\/v2\/types\/page"}],"author":[{"embeddable":true,"href":"https:\/\/22bet.team\/sq\/wp-json\/wp\/v2\/users\/1"}],"replies":[{"embeddable":true,"href":"https:\/\/22bet.team\/sq\/wp-json\/wp\/v2\/comments?post=1186"}],"version-history":[{"count":3,"href":"https:\/\/22bet.team\/sq\/wp-json\/wp\/v2\/pages\/1186\/revisions"}],"predecessor-version":[{"id":1249,"href":"https:\/\/22bet.team\/sq\/wp-json\/wp\/v2\/pages\/1186\/revisions\/1249"}],"wp:attachment":[{"href":"https:\/\/22bet.team\/sq\/wp-json\/wp\/v2\/media?parent=1186"}],"curies":[{"name":"wp","href":"https:\/\/api.w.org\/{rel}","templated":true}]}}