{"id":2,"date":"2025-08-22T14:28:47","date_gmt":"2025-08-22T11:28:47","guid":{"rendered":"https:\/\/22bet.team\/sq\/?page_id=2"},"modified":"2026-04-17T17:37:40","modified_gmt":"2026-04-17T14:37:40","slug":"home","status":"publish","type":"page","link":"https:\/\/22bet.team\/sq\/","title":{"rendered":"Sht\u00ebpi"},"content":{"rendered":"","protected":false},"excerpt":{"rendered":"","protected":false},"author":1,"featured_media":1156,"parent":0,"menu_order":0,"comment_status":"closed","ping_status":"closed","template":"","meta":{"_acf_changed":false,"footnotes":""},"class_list":["post-2","page","type-page","status-publish","has-post-thumbnail","hentry"],"acf":[],"yoast_head":"<!-- This site is optimized with the Yoast SEO plugin v26.1.1 - https:\/\/yoast.com\/wordpress\/plugins\/seo\/ -->\n<title>Baste dhe Kazino 22Bet | Kuotat, Loj\u00ebrat dhe Bonuset m\u00eb t\u00eb Mira Sportive<\/title>\n<meta name=\"description\" content=\"22Bet - platforma kryesore e basteve online q\u00eb ofron nj\u00eb gam\u00eb t\u00eb gjer\u00eb opsionesh p\u00ebr baste sportive dhe nj\u00eb p\u00ebrvoj\u00eb t\u00eb jasht\u00ebzakonshme kazinoje. Zbuloni bonuse bujare, ve\u00e7ori t\u00eb basteve live dhe shanse konkurruese si p\u00ebr lojtar\u00eb t\u00eb rinj ashtu edhe p\u00ebr lojtar\u00eb me p\u00ebrvoj\u00eb.\" \/>\n<meta name=\"robots\" content=\"index, follow, max-snippet:-1, max-image-preview:large, max-video-preview:-1\" \/>\n<link rel=\"canonical\" href=\"https:\/\/22bet.team\/sq\/\" \/>\n<meta property=\"og:locale\" content=\"sq_AL\" \/>\n<meta property=\"og:type\" content=\"article\" \/>\n<meta property=\"og:title\" content=\"Baste dhe Kazino 22Bet | Kuotat, Loj\u00ebrat dhe Bonuset m\u00eb t\u00eb Mira Sportive\" \/>\n<meta property=\"og:description\" content=\"22Bet - platforma kryesore e basteve online q\u00eb ofron nj\u00eb gam\u00eb t\u00eb gjer\u00eb opsionesh p\u00ebr baste sportive dhe nj\u00eb p\u00ebrvoj\u00eb t\u00eb jasht\u00ebzakonshme kazinoje. Zbuloni bonuse bujare, ve\u00e7ori t\u00eb basteve live dhe shanse konkurruese si p\u00ebr lojtar\u00eb t\u00eb rinj ashtu edhe p\u00ebr lojtar\u00eb me p\u00ebrvoj\u00eb.\" \/>\n<meta property=\"og:url\" content=\"https:\/\/22bet.team\/sq\/\" \/>\n<meta property=\"og:site_name\" content=\"22bet Team sq\" \/>\n<meta property=\"article:modified_time\" content=\"2026-04-17T14:37:40+00:00\" \/>\n<meta property=\"og:image\" content=\"https:\/\/22bet.team\/sq\/wp-content\/uploads\/sites\/47\/22bet-team-001-1-1.webp\" \/>\n\t<meta property=\"og:image:width\" content=\"600\" \/>\n\t<meta property=\"og:image:height\" content=\"420\" \/>\n\t<meta property=\"og:image:type\" content=\"image\/webp\" \/>\n<meta name=\"twitter:card\" content=\"summary_large_image\" \/>\n<meta name=\"twitter:label1\" content=\"Est. reading time\" \/>\n\t<meta name=\"twitter:data1\" content=\"1 minut\u00eb\" \/>\n<script type=\"application\/ld+json\" class=\"yoast-schema-graph\">{\"@context\":\"https:\/\/schema.org\",\"@graph\":[{\"@type\":\"WebPage\",\"@id\":\"https:\/\/22bet.team\/sq\/\",\"url\":\"https:\/\/22bet.team\/sq\/\",\"name\":\"Baste dhe Kazino 22Bet | Kuotat, Loj\u00ebrat dhe Bonuset m\u00eb t\u00eb Mira Sportive\",\"isPartOf\":{\"@id\":\"https:\/\/22bet.team\/sq\/#website\"},\"primaryImageOfPage\":{\"@id\":\"https:\/\/22bet.team\/sq\/#primaryimage\"},\"image\":{\"@id\":\"https:\/\/22bet.team\/sq\/#primaryimage\"},\"thumbnailUrl\":\"https:\/\/22bet.team\/sq\/wp-content\/uploads\/sites\/47\/22bet-team-001-1-1.webp\",\"datePublished\":\"2025-08-22T11:28:47+00:00\",\"dateModified\":\"2026-04-17T14:37:40+00:00\",\"description\":\"22Bet - platforma kryesore e basteve online q\u00eb ofron nj\u00eb gam\u00eb t\u00eb gjer\u00eb opsionesh p\u00ebr baste sportive dhe nj\u00eb p\u00ebrvoj\u00eb t\u00eb jasht\u00ebzakonshme kazinoje. Zbuloni bonuse bujare, ve\u00e7ori t\u00eb basteve live dhe shanse konkurruese si p\u00ebr lojtar\u00eb t\u00eb rinj ashtu edhe p\u00ebr lojtar\u00eb me p\u00ebrvoj\u00eb.\",\"breadcrumb\":{\"@id\":\"https:\/\/22bet.team\/sq\/#breadcrumb\"},\"inLanguage\":\"sq\",\"potentialAction\":[{\"@type\":\"ReadAction\",\"target\":[\"https:\/\/22bet.team\/sq\/\"]}]},{\"@type\":\"ImageObject\",\"inLanguage\":\"sq\",\"@id\":\"https:\/\/22bet.team\/sq\/#primaryimage\",\"url\":\"https:\/\/22bet.team\/sq\/wp-content\/uploads\/sites\/47\/22bet-team-001-1-1.webp\",\"contentUrl\":\"https:\/\/22bet.team\/sq\/wp-content\/uploads\/sites\/47\/22bet-team-001-1-1.webp\",\"width\":600,\"height\":420},{\"@type\":\"BreadcrumbList\",\"@id\":\"https:\/\/22bet.team\/sq\/#breadcrumb\",\"itemListElement\":[{\"@type\":\"ListItem\",\"position\":1,\"name\":\"Home\",\"item\":\"https:\/\/22bet.team\/sq\/\"},{\"@type\":\"ListItem\",\"position\":2,\"name\":\"Sht\u00ebpi\"}]},{\"@type\":\"WebSite\",\"@id\":\"https:\/\/22bet.team\/sq\/#website\",\"url\":\"https:\/\/22bet.team\/sq\/\",\"name\":\"22bet Team sq\",\"description\":\"\",\"potentialAction\":[{\"@type\":\"SearchAction\",\"target\":{\"@type\":\"EntryPoint\",\"urlTemplate\":\"https:\/\/22bet.team\/sq\/?s={search_term_string}\"},\"query-input\":{\"@type\":\"PropertyValueSpecification\",\"valueRequired\":true,\"valueName\":\"search_term_string\"}}],\"inLanguage\":\"sq\"}]}<\/script>\n<!-- \/ Yoast SEO plugin. -->","yoast_head_json":{"title":"Baste dhe Kazino 22Bet | Kuotat, Loj\u00ebrat dhe Bonuset m\u00eb t\u00eb Mira Sportive","description":"22Bet - platforma kryesore e basteve online q\u00eb ofron nj\u00eb gam\u00eb t\u00eb gjer\u00eb opsionesh p\u00ebr baste sportive dhe nj\u00eb p\u00ebrvoj\u00eb t\u00eb jasht\u00ebzakonshme kazinoje. Zbuloni bonuse bujare, ve\u00e7ori t\u00eb basteve live dhe shanse konkurruese si p\u00ebr lojtar\u00eb t\u00eb rinj ashtu edhe p\u00ebr lojtar\u00eb me p\u00ebrvoj\u00eb.","robots":{"index":"index","follow":"follow","max-snippet":"max-snippet:-1","max-image-preview":"max-image-preview:large","max-video-preview":"max-video-preview:-1"},"canonical":"https:\/\/22bet.team\/sq\/","og_locale":"sq_AL","og_type":"article","og_title":"Baste dhe Kazino 22Bet | Kuotat, Loj\u00ebrat dhe Bonuset m\u00eb t\u00eb Mira Sportive","og_description":"22Bet - platforma kryesore e basteve online q\u00eb ofron nj\u00eb gam\u00eb t\u00eb gjer\u00eb opsionesh p\u00ebr baste sportive dhe nj\u00eb p\u00ebrvoj\u00eb t\u00eb jasht\u00ebzakonshme kazinoje. Zbuloni bonuse bujare, ve\u00e7ori t\u00eb basteve live dhe shanse konkurruese si p\u00ebr lojtar\u00eb t\u00eb rinj ashtu edhe p\u00ebr lojtar\u00eb me p\u00ebrvoj\u00eb.","og_url":"https:\/\/22bet.team\/sq\/","og_site_name":"22bet Team sq","article_modified_time":"2026-04-17T14:37:40+00:00","og_image":[{"width":600,"height":420,"url":"https:\/\/22bet.team\/sq\/wp-content\/uploads\/sites\/47\/22bet-team-001-1-1.webp","type":"image\/webp"}],"twitter_card":"summary_large_image","twitter_misc":{"Est. reading time":"1 minut\u00eb"},"schema":{"@context":"https:\/\/schema.org","@graph":[{"@type":"WebPage","@id":"https:\/\/22bet.team\/sq\/","url":"https:\/\/22bet.team\/sq\/","name":"Baste dhe Kazino 22Bet | Kuotat, Loj\u00ebrat dhe Bonuset m\u00eb t\u00eb Mira Sportive","isPartOf":{"@id":"https:\/\/22bet.team\/sq\/#website"},"primaryImageOfPage":{"@id":"https:\/\/22bet.team\/sq\/#primaryimage"},"image":{"@id":"https:\/\/22bet.team\/sq\/#primaryimage"},"thumbnailUrl":"https:\/\/22bet.team\/sq\/wp-content\/uploads\/sites\/47\/22bet-team-001-1-1.webp","datePublished":"2025-08-22T11:28:47+00:00","dateModified":"2026-04-17T14:37:40+00:00","description":"22Bet - platforma kryesore e basteve online q\u00eb ofron nj\u00eb gam\u00eb t\u00eb gjer\u00eb opsionesh p\u00ebr baste sportive dhe nj\u00eb p\u00ebrvoj\u00eb t\u00eb jasht\u00ebzakonshme kazinoje. Zbuloni bonuse bujare, ve\u00e7ori t\u00eb basteve live dhe shanse konkurruese si p\u00ebr lojtar\u00eb t\u00eb rinj ashtu edhe p\u00ebr lojtar\u00eb me p\u00ebrvoj\u00eb.","breadcrumb":{"@id":"https:\/\/22bet.team\/sq\/#breadcrumb"},"inLanguage":"sq","potentialAction":[{"@type":"ReadAction","target":["https:\/\/22bet.team\/sq\/"]}]},{"@type":"ImageObject","inLanguage":"sq","@id":"https:\/\/22bet.team\/sq\/#primaryimage","url":"https:\/\/22bet.team\/sq\/wp-content\/uploads\/sites\/47\/22bet-team-001-1-1.webp","contentUrl":"https:\/\/22bet.team\/sq\/wp-content\/uploads\/sites\/47\/22bet-team-001-1-1.webp","width":600,"height":420},{"@type":"BreadcrumbList","@id":"https:\/\/22bet.team\/sq\/#breadcrumb","itemListElement":[{"@type":"ListItem","position":1,"name":"Home","item":"https:\/\/22bet.team\/sq\/"},{"@type":"ListItem","position":2,"name":"Sht\u00ebpi"}]},{"@type":"WebSite","@id":"https:\/\/22bet.team\/sq\/#website","url":"https:\/\/22bet.team\/sq\/","name":"22bet Team sq","description":"","potentialAction":[{"@type":"SearchAction","target":{"@type":"EntryPoint","urlTemplate":"https:\/\/22bet.team\/sq\/?s={search_term_string}"},"query-input":{"@type":"PropertyValueSpecification","valueRequired":true,"valueName":"search_term_string"}}],"inLanguage":"sq"}]}},"_links":{"self":[{"href":"https:\/\/22bet.team\/sq\/wp-json\/wp\/v2\/pages\/2","targetHints":{"allow":["GET"]}}],"collection":[{"href":"https:\/\/22bet.team\/sq\/wp-json\/wp\/v2\/pages"}],"about":[{"href":"https:\/\/22bet.team\/sq\/wp-json\/wp\/v2\/types\/page"}],"author":[{"embeddable":true,"href":"https:\/\/22bet.team\/sq\/wp-json\/wp\/v2\/users\/1"}],"replies":[{"embeddable":true,"href":"https:\/\/22bet.team\/sq\/wp-json\/wp\/v2\/comments?post=2"}],"version-history":[{"count":5,"href":"https:\/\/22bet.team\/sq\/wp-json\/wp\/v2\/pages\/2\/revisions"}],"predecessor-version":[{"id":1255,"href":"https:\/\/22bet.team\/sq\/wp-json\/wp\/v2\/pages\/2\/revisions\/1255"}],"wp:featuredmedia":[{"embeddable":true,"href":"https:\/\/22bet.team\/sq\/wp-json\/wp\/v2\/media\/1156"}],"wp:attachment":[{"href":"https:\/\/22bet.team\/sq\/wp-json\/wp\/v2\/media?parent=2"}],"curies":[{"name":"wp","href":"https:\/\/api.w.org\/{rel}","templated":true}]}}