{"id":961,"date":"2025-11-19T09:25:55","date_gmt":"2025-11-19T06:25:55","guid":{"rendered":"https:\/\/22bet.team\/sq\/?page_id=961"},"modified":"2026-04-17T16:33:27","modified_gmt":"2026-04-17T13:33:27","slug":"apk","status":"publish","type":"page","link":"https:\/\/22bet.team\/sq\/apk\/","title":{"rendered":"Apk"},"content":{"rendered":"","protected":false},"excerpt":{"rendered":"","protected":false},"author":1,"featured_media":0,"parent":0,"menu_order":0,"comment_status":"closed","ping_status":"closed","template":"","meta":{"_acf_changed":false,"footnotes":""},"class_list":["post-961","page","type-page","status-publish","hentry"],"acf":[],"yoast_head":"<!-- This site is optimized with the Yoast SEO plugin v26.1.1 - https:\/\/yoast.com\/wordpress\/plugins\/seo\/ -->\n<title>Shkarkoni APK 22Bet \u1409 Aplikacion i Shpejt\u00eb p\u00ebr Baste Sportive dhe Kazino<\/title>\n<meta name=\"description\" content=\"Shkarkoni aplikacionin 22Bet APK p\u00ebr baste sportive dhe loj\u00ebra fati. Merrni akses n\u00eb mbi 20 sporte, shanse t\u00eb larta dhe bonuse unike p\u00ebr p\u00ebrdoruesit e rinj. Luaj dhe fito direkt n\u00eb Android-in t\u00ebnd!\" \/>\n<meta name=\"robots\" content=\"index, follow, max-snippet:-1, max-image-preview:large, max-video-preview:-1\" \/>\n<link rel=\"canonical\" href=\"https:\/\/22bet.team\/sq\/apk\/\" \/>\n<meta property=\"og:locale\" content=\"sq_AL\" \/>\n<meta property=\"og:type\" content=\"article\" \/>\n<meta property=\"og:title\" content=\"Shkarkoni APK 22Bet \u1409 Aplikacion i Shpejt\u00eb p\u00ebr Baste Sportive dhe Kazino\" \/>\n<meta property=\"og:description\" content=\"Shkarkoni aplikacionin 22Bet APK p\u00ebr baste sportive dhe loj\u00ebra fati. Merrni akses n\u00eb mbi 20 sporte, shanse t\u00eb larta dhe bonuse unike p\u00ebr p\u00ebrdoruesit e rinj. Luaj dhe fito direkt n\u00eb Android-in t\u00ebnd!\" \/>\n<meta property=\"og:url\" content=\"https:\/\/22bet.team\/sq\/apk\/\" \/>\n<meta property=\"og:site_name\" content=\"22bet Team sq\" \/>\n<meta property=\"article:modified_time\" content=\"2026-04-17T13:33:27+00:00\" \/>\n<meta name=\"twitter:card\" content=\"summary_large_image\" \/>\n<script type=\"application\/ld+json\" class=\"yoast-schema-graph\">{\"@context\":\"https:\/\/schema.org\",\"@graph\":[{\"@type\":\"WebPage\",\"@id\":\"https:\/\/22bet.team\/sq\/apk\/\",\"url\":\"https:\/\/22bet.team\/sq\/apk\/\",\"name\":\"Shkarkoni APK 22Bet \u1409 Aplikacion i Shpejt\u00eb p\u00ebr Baste Sportive dhe Kazino\",\"isPartOf\":{\"@id\":\"https:\/\/22bet.team\/sq\/#website\"},\"datePublished\":\"2025-11-19T06:25:55+00:00\",\"dateModified\":\"2026-04-17T13:33:27+00:00\",\"description\":\"Shkarkoni aplikacionin 22Bet APK p\u00ebr baste sportive dhe loj\u00ebra fati. Merrni akses n\u00eb mbi 20 sporte, shanse t\u00eb larta dhe bonuse unike p\u00ebr p\u00ebrdoruesit e rinj. Luaj dhe fito direkt n\u00eb Android-in t\u00ebnd!\",\"breadcrumb\":{\"@id\":\"https:\/\/22bet.team\/sq\/apk\/#breadcrumb\"},\"inLanguage\":\"sq\",\"potentialAction\":[{\"@type\":\"ReadAction\",\"target\":[\"https:\/\/22bet.team\/sq\/apk\/\"]}]},{\"@type\":\"BreadcrumbList\",\"@id\":\"https:\/\/22bet.team\/sq\/apk\/#breadcrumb\",\"itemListElement\":[{\"@type\":\"ListItem\",\"position\":1,\"name\":\"Home\",\"item\":\"https:\/\/22bet.team\/sq\/\"},{\"@type\":\"ListItem\",\"position\":2,\"name\":\"Apk\"}]},{\"@type\":\"WebSite\",\"@id\":\"https:\/\/22bet.team\/sq\/#website\",\"url\":\"https:\/\/22bet.team\/sq\/\",\"name\":\"22bet Team sq\",\"description\":\"\",\"potentialAction\":[{\"@type\":\"SearchAction\",\"target\":{\"@type\":\"EntryPoint\",\"urlTemplate\":\"https:\/\/22bet.team\/sq\/?s={search_term_string}\"},\"query-input\":{\"@type\":\"PropertyValueSpecification\",\"valueRequired\":true,\"valueName\":\"search_term_string\"}}],\"inLanguage\":\"sq\"}]}<\/script>\n<!-- \/ Yoast SEO plugin. -->","yoast_head_json":{"title":"Shkarkoni APK 22Bet \u1409 Aplikacion i Shpejt\u00eb p\u00ebr Baste Sportive dhe Kazino","description":"Shkarkoni aplikacionin 22Bet APK p\u00ebr baste sportive dhe loj\u00ebra fati. Merrni akses n\u00eb mbi 20 sporte, shanse t\u00eb larta dhe bonuse unike p\u00ebr p\u00ebrdoruesit e rinj. Luaj dhe fito direkt n\u00eb Android-in t\u00ebnd!","robots":{"index":"index","follow":"follow","max-snippet":"max-snippet:-1","max-image-preview":"max-image-preview:large","max-video-preview":"max-video-preview:-1"},"canonical":"https:\/\/22bet.team\/sq\/apk\/","og_locale":"sq_AL","og_type":"article","og_title":"Shkarkoni APK 22Bet \u1409 Aplikacion i Shpejt\u00eb p\u00ebr Baste Sportive dhe Kazino","og_description":"Shkarkoni aplikacionin 22Bet APK p\u00ebr baste sportive dhe loj\u00ebra fati. Merrni akses n\u00eb mbi 20 sporte, shanse t\u00eb larta dhe bonuse unike p\u00ebr p\u00ebrdoruesit e rinj. Luaj dhe fito direkt n\u00eb Android-in t\u00ebnd!","og_url":"https:\/\/22bet.team\/sq\/apk\/","og_site_name":"22bet Team sq","article_modified_time":"2026-04-17T13:33:27+00:00","twitter_card":"summary_large_image","schema":{"@context":"https:\/\/schema.org","@graph":[{"@type":"WebPage","@id":"https:\/\/22bet.team\/sq\/apk\/","url":"https:\/\/22bet.team\/sq\/apk\/","name":"Shkarkoni APK 22Bet \u1409 Aplikacion i Shpejt\u00eb p\u00ebr Baste Sportive dhe Kazino","isPartOf":{"@id":"https:\/\/22bet.team\/sq\/#website"},"datePublished":"2025-11-19T06:25:55+00:00","dateModified":"2026-04-17T13:33:27+00:00","description":"Shkarkoni aplikacionin 22Bet APK p\u00ebr baste sportive dhe loj\u00ebra fati. Merrni akses n\u00eb mbi 20 sporte, shanse t\u00eb larta dhe bonuse unike p\u00ebr p\u00ebrdoruesit e rinj. Luaj dhe fito direkt n\u00eb Android-in t\u00ebnd!","breadcrumb":{"@id":"https:\/\/22bet.team\/sq\/apk\/#breadcrumb"},"inLanguage":"sq","potentialAction":[{"@type":"ReadAction","target":["https:\/\/22bet.team\/sq\/apk\/"]}]},{"@type":"BreadcrumbList","@id":"https:\/\/22bet.team\/sq\/apk\/#breadcrumb","itemListElement":[{"@type":"ListItem","position":1,"name":"Home","item":"https:\/\/22bet.team\/sq\/"},{"@type":"ListItem","position":2,"name":"Apk"}]},{"@type":"WebSite","@id":"https:\/\/22bet.team\/sq\/#website","url":"https:\/\/22bet.team\/sq\/","name":"22bet Team sq","description":"","potentialAction":[{"@type":"SearchAction","target":{"@type":"EntryPoint","urlTemplate":"https:\/\/22bet.team\/sq\/?s={search_term_string}"},"query-input":{"@type":"PropertyValueSpecification","valueRequired":true,"valueName":"search_term_string"}}],"inLanguage":"sq"}]}},"_links":{"self":[{"href":"https:\/\/22bet.team\/sq\/wp-json\/wp\/v2\/pages\/961","targetHints":{"allow":["GET"]}}],"collection":[{"href":"https:\/\/22bet.team\/sq\/wp-json\/wp\/v2\/pages"}],"about":[{"href":"https:\/\/22bet.team\/sq\/wp-json\/wp\/v2\/types\/page"}],"author":[{"embeddable":true,"href":"https:\/\/22bet.team\/sq\/wp-json\/wp\/v2\/users\/1"}],"replies":[{"embeddable":true,"href":"https:\/\/22bet.team\/sq\/wp-json\/wp\/v2\/comments?post=961"}],"version-history":[{"count":5,"href":"https:\/\/22bet.team\/sq\/wp-json\/wp\/v2\/pages\/961\/revisions"}],"predecessor-version":[{"id":1242,"href":"https:\/\/22bet.team\/sq\/wp-json\/wp\/v2\/pages\/961\/revisions\/1242"}],"wp:attachment":[{"href":"https:\/\/22bet.team\/sq\/wp-json\/wp\/v2\/media?parent=961"}],"curies":[{"name":"wp","href":"https:\/\/api.w.org\/{rel}","templated":true}]}}