{"id":987,"date":"2025-11-20T10:37:40","date_gmt":"2025-11-20T07:37:40","guid":{"rendered":"https:\/\/22bet.team\/sq\/?page_id=987"},"modified":"2026-04-17T17:08:18","modified_gmt":"2026-04-17T14:08:18","slug":"casino","status":"publish","type":"page","link":"https:\/\/22bet.team\/sq\/casino\/","title":{"rendered":"Kazino"},"content":{"rendered":"","protected":false},"excerpt":{"rendered":"","protected":false},"author":1,"featured_media":0,"parent":0,"menu_order":0,"comment_status":"closed","ping_status":"closed","template":"","meta":{"_acf_changed":false,"footnotes":""},"class_list":["post-987","page","type-page","status-publish","hentry"],"acf":[],"yoast_head":"<!-- This site is optimized with the Yoast SEO plugin v26.1.1 - https:\/\/yoast.com\/wordpress\/plugins\/seo\/ -->\n<title>Kazinoja 22Bet | Loj\u00ebrat m\u00eb t\u00eb Mira, Bonuset, Loj\u00ebrat Live<\/title>\n<meta name=\"description\" content=\"Zhytuni n\u00eb bot\u00ebn e loj\u00ebrave t\u00eb fatit me Kazinon\u00eb 22Bet! Shijoni loj\u00ebra elektronike emocionuese, loj\u00ebra t\u00eb mrekullueshme live dhe bonuse bujare deri n\u00eb 150.000 lek\u00eb. Bashkohuni me 22Bet dhe shijoni nj\u00eb p\u00ebrvoj\u00eb t\u00eb pakrahasueshme loj\u00ebrash n\u00eb nj\u00eb mjedis t\u00eb sigurt dhe t\u00eb licencuar.\" \/>\n<meta name=\"robots\" content=\"index, follow, max-snippet:-1, max-image-preview:large, max-video-preview:-1\" \/>\n<link rel=\"canonical\" href=\"https:\/\/22bet.team\/sq\/casino\/\" \/>\n<meta property=\"og:locale\" content=\"sq_AL\" \/>\n<meta property=\"og:type\" content=\"article\" \/>\n<meta property=\"og:title\" content=\"Kazinoja 22Bet | Loj\u00ebrat m\u00eb t\u00eb Mira, Bonuset, Loj\u00ebrat Live\" \/>\n<meta property=\"og:description\" content=\"Zhytuni n\u00eb bot\u00ebn e loj\u00ebrave t\u00eb fatit me Kazinon\u00eb 22Bet! Shijoni loj\u00ebra elektronike emocionuese, loj\u00ebra t\u00eb mrekullueshme live dhe bonuse bujare deri n\u00eb 150.000 lek\u00eb. Bashkohuni me 22Bet dhe shijoni nj\u00eb p\u00ebrvoj\u00eb t\u00eb pakrahasueshme loj\u00ebrash n\u00eb nj\u00eb mjedis t\u00eb sigurt dhe t\u00eb licencuar.\" \/>\n<meta property=\"og:url\" content=\"https:\/\/22bet.team\/sq\/casino\/\" \/>\n<meta property=\"og:site_name\" content=\"22bet Team sq\" \/>\n<meta property=\"article:modified_time\" content=\"2026-04-17T14:08:18+00:00\" \/>\n<meta name=\"twitter:card\" content=\"summary_large_image\" \/>\n<script type=\"application\/ld+json\" class=\"yoast-schema-graph\">{\"@context\":\"https:\/\/schema.org\",\"@graph\":[{\"@type\":\"WebPage\",\"@id\":\"https:\/\/22bet.team\/sq\/casino\/\",\"url\":\"https:\/\/22bet.team\/sq\/casino\/\",\"name\":\"Kazinoja 22Bet | Loj\u00ebrat m\u00eb t\u00eb Mira, Bonuset, Loj\u00ebrat Live\",\"isPartOf\":{\"@id\":\"https:\/\/22bet.team\/sq\/#website\"},\"datePublished\":\"2025-11-20T07:37:40+00:00\",\"dateModified\":\"2026-04-17T14:08:18+00:00\",\"description\":\"Zhytuni n\u00eb bot\u00ebn e loj\u00ebrave t\u00eb fatit me Kazinon\u00eb 22Bet! Shijoni loj\u00ebra elektronike emocionuese, loj\u00ebra t\u00eb mrekullueshme live dhe bonuse bujare deri n\u00eb 150.000 lek\u00eb. Bashkohuni me 22Bet dhe shijoni nj\u00eb p\u00ebrvoj\u00eb t\u00eb pakrahasueshme loj\u00ebrash n\u00eb nj\u00eb mjedis t\u00eb sigurt dhe t\u00eb licencuar.\",\"breadcrumb\":{\"@id\":\"https:\/\/22bet.team\/sq\/casino\/#breadcrumb\"},\"inLanguage\":\"sq\",\"potentialAction\":[{\"@type\":\"ReadAction\",\"target\":[\"https:\/\/22bet.team\/sq\/casino\/\"]}]},{\"@type\":\"BreadcrumbList\",\"@id\":\"https:\/\/22bet.team\/sq\/casino\/#breadcrumb\",\"itemListElement\":[{\"@type\":\"ListItem\",\"position\":1,\"name\":\"Home\",\"item\":\"https:\/\/22bet.team\/sq\/\"},{\"@type\":\"ListItem\",\"position\":2,\"name\":\"Kazino\"}]},{\"@type\":\"WebSite\",\"@id\":\"https:\/\/22bet.team\/sq\/#website\",\"url\":\"https:\/\/22bet.team\/sq\/\",\"name\":\"22bet Team sq\",\"description\":\"\",\"potentialAction\":[{\"@type\":\"SearchAction\",\"target\":{\"@type\":\"EntryPoint\",\"urlTemplate\":\"https:\/\/22bet.team\/sq\/?s={search_term_string}\"},\"query-input\":{\"@type\":\"PropertyValueSpecification\",\"valueRequired\":true,\"valueName\":\"search_term_string\"}}],\"inLanguage\":\"sq\"}]}<\/script>\n<!-- \/ Yoast SEO plugin. -->","yoast_head_json":{"title":"Kazinoja 22Bet | Loj\u00ebrat m\u00eb t\u00eb Mira, Bonuset, Loj\u00ebrat Live","description":"Zhytuni n\u00eb bot\u00ebn e loj\u00ebrave t\u00eb fatit me Kazinon\u00eb 22Bet! Shijoni loj\u00ebra elektronike emocionuese, loj\u00ebra t\u00eb mrekullueshme live dhe bonuse bujare deri n\u00eb 150.000 lek\u00eb. Bashkohuni me 22Bet dhe shijoni nj\u00eb p\u00ebrvoj\u00eb t\u00eb pakrahasueshme loj\u00ebrash n\u00eb nj\u00eb mjedis t\u00eb sigurt dhe t\u00eb licencuar.","robots":{"index":"index","follow":"follow","max-snippet":"max-snippet:-1","max-image-preview":"max-image-preview:large","max-video-preview":"max-video-preview:-1"},"canonical":"https:\/\/22bet.team\/sq\/casino\/","og_locale":"sq_AL","og_type":"article","og_title":"Kazinoja 22Bet | Loj\u00ebrat m\u00eb t\u00eb Mira, Bonuset, Loj\u00ebrat Live","og_description":"Zhytuni n\u00eb bot\u00ebn e loj\u00ebrave t\u00eb fatit me Kazinon\u00eb 22Bet! Shijoni loj\u00ebra elektronike emocionuese, loj\u00ebra t\u00eb mrekullueshme live dhe bonuse bujare deri n\u00eb 150.000 lek\u00eb. Bashkohuni me 22Bet dhe shijoni nj\u00eb p\u00ebrvoj\u00eb t\u00eb pakrahasueshme loj\u00ebrash n\u00eb nj\u00eb mjedis t\u00eb sigurt dhe t\u00eb licencuar.","og_url":"https:\/\/22bet.team\/sq\/casino\/","og_site_name":"22bet Team sq","article_modified_time":"2026-04-17T14:08:18+00:00","twitter_card":"summary_large_image","schema":{"@context":"https:\/\/schema.org","@graph":[{"@type":"WebPage","@id":"https:\/\/22bet.team\/sq\/casino\/","url":"https:\/\/22bet.team\/sq\/casino\/","name":"Kazinoja 22Bet | Loj\u00ebrat m\u00eb t\u00eb Mira, Bonuset, Loj\u00ebrat Live","isPartOf":{"@id":"https:\/\/22bet.team\/sq\/#website"},"datePublished":"2025-11-20T07:37:40+00:00","dateModified":"2026-04-17T14:08:18+00:00","description":"Zhytuni n\u00eb bot\u00ebn e loj\u00ebrave t\u00eb fatit me Kazinon\u00eb 22Bet! Shijoni loj\u00ebra elektronike emocionuese, loj\u00ebra t\u00eb mrekullueshme live dhe bonuse bujare deri n\u00eb 150.000 lek\u00eb. Bashkohuni me 22Bet dhe shijoni nj\u00eb p\u00ebrvoj\u00eb t\u00eb pakrahasueshme loj\u00ebrash n\u00eb nj\u00eb mjedis t\u00eb sigurt dhe t\u00eb licencuar.","breadcrumb":{"@id":"https:\/\/22bet.team\/sq\/casino\/#breadcrumb"},"inLanguage":"sq","potentialAction":[{"@type":"ReadAction","target":["https:\/\/22bet.team\/sq\/casino\/"]}]},{"@type":"BreadcrumbList","@id":"https:\/\/22bet.team\/sq\/casino\/#breadcrumb","itemListElement":[{"@type":"ListItem","position":1,"name":"Home","item":"https:\/\/22bet.team\/sq\/"},{"@type":"ListItem","position":2,"name":"Kazino"}]},{"@type":"WebSite","@id":"https:\/\/22bet.team\/sq\/#website","url":"https:\/\/22bet.team\/sq\/","name":"22bet Team sq","description":"","potentialAction":[{"@type":"SearchAction","target":{"@type":"EntryPoint","urlTemplate":"https:\/\/22bet.team\/sq\/?s={search_term_string}"},"query-input":{"@type":"PropertyValueSpecification","valueRequired":true,"valueName":"search_term_string"}}],"inLanguage":"sq"}]}},"_links":{"self":[{"href":"https:\/\/22bet.team\/sq\/wp-json\/wp\/v2\/pages\/987","targetHints":{"allow":["GET"]}}],"collection":[{"href":"https:\/\/22bet.team\/sq\/wp-json\/wp\/v2\/pages"}],"about":[{"href":"https:\/\/22bet.team\/sq\/wp-json\/wp\/v2\/types\/page"}],"author":[{"embeddable":true,"href":"https:\/\/22bet.team\/sq\/wp-json\/wp\/v2\/users\/1"}],"replies":[{"embeddable":true,"href":"https:\/\/22bet.team\/sq\/wp-json\/wp\/v2\/comments?post=987"}],"version-history":[{"count":5,"href":"https:\/\/22bet.team\/sq\/wp-json\/wp\/v2\/pages\/987\/revisions"}],"predecessor-version":[{"id":1248,"href":"https:\/\/22bet.team\/sq\/wp-json\/wp\/v2\/pages\/987\/revisions\/1248"}],"wp:attachment":[{"href":"https:\/\/22bet.team\/sq\/wp-json\/wp\/v2\/media?parent=987"}],"curies":[{"name":"wp","href":"https:\/\/api.w.org\/{rel}","templated":true}]}}