{"id":1021,"date":"2025-11-24T16:18:29","date_gmt":"2025-11-24T13:18:29","guid":{"rendered":"https:\/\/22bet.team\/tr\/?page_id=1021"},"modified":"2026-03-24T21:19:22","modified_gmt":"2026-03-24T18:19:22","slug":"bonus","status":"publish","type":"page","link":"https:\/\/22bet.team\/tr\/bonus\/","title":{"rendered":"Bonus"},"content":{"rendered":"","protected":false},"excerpt":{"rendered":"","protected":false},"author":1,"featured_media":0,"parent":0,"menu_order":0,"comment_status":"closed","ping_status":"closed","template":"","meta":{"_acf_changed":false,"footnotes":""},"class_list":["post-1021","page","type-page","status-publish","hentry"],"acf":[],"yoast_head":"<!-- This site is optimized with the Yoast SEO plugin v26.1.1 - https:\/\/yoast.com\/wordpress\/plugins\/seo\/ -->\n<title>22Bet Bonuslar\u0131 \u1409 6000 TRY Ho\u015f Geldiniz Teklifi ve \u00d6zel Promosyonlar<\/title>\n<meta name=\"description\" content=\"22Bet bonuslar\u0131 \u2014 bahisler i\u00e7in 6000 TRY&#039;ya kadar ho\u015f geldin bonusu ve kumarhane i\u00e7in 15500 TRY&#039;ya kadar ho\u015f geldin bonusu, Cuma g\u00fcn\u00fc yeniden y\u00fckleme bonusu, geri \u00f6deme, bir dizi ba\u015far\u0131s\u0131z bahis i\u00e7in bonus ve \u00e7ok daha fazlas\u0131. Kurallar\u0131, bahis tutarlar\u0131n\u0131 ve \u00e7evrim \u015fartlar\u0131n\u0131 inceliyoruz.\" \/>\n<meta name=\"robots\" content=\"index, follow, max-snippet:-1, max-image-preview:large, max-video-preview:-1\" \/>\n<link rel=\"canonical\" href=\"https:\/\/22bet.team\/tr\/bonus\/\" \/>\n<meta property=\"og:locale\" content=\"tr_TR\" \/>\n<meta property=\"og:type\" content=\"article\" \/>\n<meta property=\"og:title\" content=\"22Bet Bonuslar\u0131 \u1409 6000 TRY Ho\u015f Geldiniz Teklifi ve \u00d6zel Promosyonlar\" \/>\n<meta property=\"og:description\" content=\"22Bet bonuslar\u0131 \u2014 bahisler i\u00e7in 6000 TRY&#039;ya kadar ho\u015f geldin bonusu ve kumarhane i\u00e7in 15500 TRY&#039;ya kadar ho\u015f geldin bonusu, Cuma g\u00fcn\u00fc yeniden y\u00fckleme bonusu, geri \u00f6deme, bir dizi ba\u015far\u0131s\u0131z bahis i\u00e7in bonus ve \u00e7ok daha fazlas\u0131. Kurallar\u0131, bahis tutarlar\u0131n\u0131 ve \u00e7evrim \u015fartlar\u0131n\u0131 inceliyoruz.\" \/>\n<meta property=\"og:url\" content=\"https:\/\/22bet.team\/tr\/bonus\/\" \/>\n<meta property=\"og:site_name\" content=\"22Bet Team tr\" \/>\n<meta property=\"article:modified_time\" content=\"2026-03-24T18:19:22+00:00\" \/>\n<meta name=\"twitter:card\" content=\"summary_large_image\" \/>\n<script type=\"application\/ld+json\" class=\"yoast-schema-graph\">{\"@context\":\"https:\/\/schema.org\",\"@graph\":[{\"@type\":\"WebPage\",\"@id\":\"https:\/\/22bet.team\/tr\/bonus\/\",\"url\":\"https:\/\/22bet.team\/tr\/bonus\/\",\"name\":\"22Bet Bonuslar\u0131 \u1409 6000 TRY Ho\u015f Geldiniz Teklifi ve \u00d6zel Promosyonlar\",\"isPartOf\":{\"@id\":\"https:\/\/22bet.team\/tr\/#website\"},\"datePublished\":\"2025-11-24T13:18:29+00:00\",\"dateModified\":\"2026-03-24T18:19:22+00:00\",\"description\":\"22Bet bonuslar\u0131 \u2014 bahisler i\u00e7in 6000 TRY'ya kadar ho\u015f geldin bonusu ve kumarhane i\u00e7in 15500 TRY'ya kadar ho\u015f geldin bonusu, Cuma g\u00fcn\u00fc yeniden y\u00fckleme bonusu, geri \u00f6deme, bir dizi ba\u015far\u0131s\u0131z bahis i\u00e7in bonus ve \u00e7ok daha fazlas\u0131. Kurallar\u0131, bahis tutarlar\u0131n\u0131 ve \u00e7evrim \u015fartlar\u0131n\u0131 inceliyoruz.\",\"breadcrumb\":{\"@id\":\"https:\/\/22bet.team\/tr\/bonus\/#breadcrumb\"},\"inLanguage\":\"tr\",\"potentialAction\":[{\"@type\":\"ReadAction\",\"target\":[\"https:\/\/22bet.team\/tr\/bonus\/\"]}]},{\"@type\":\"BreadcrumbList\",\"@id\":\"https:\/\/22bet.team\/tr\/bonus\/#breadcrumb\",\"itemListElement\":[{\"@type\":\"ListItem\",\"position\":1,\"name\":\"Home\",\"item\":\"http:\/\/22bet.team\/tr\/\"},{\"@type\":\"ListItem\",\"position\":2,\"name\":\"Bonus\"}]},{\"@type\":\"WebSite\",\"@id\":\"https:\/\/22bet.team\/tr\/#website\",\"url\":\"https:\/\/22bet.team\/tr\/\",\"name\":\"22Bet Team tr\",\"description\":\"\",\"potentialAction\":[{\"@type\":\"SearchAction\",\"target\":{\"@type\":\"EntryPoint\",\"urlTemplate\":\"https:\/\/22bet.team\/tr\/?s={search_term_string}\"},\"query-input\":{\"@type\":\"PropertyValueSpecification\",\"valueRequired\":true,\"valueName\":\"search_term_string\"}}],\"inLanguage\":\"tr\"}]}<\/script>\n<!-- \/ Yoast SEO plugin. -->","yoast_head_json":{"title":"22Bet Bonuslar\u0131 \u1409 6000 TRY Ho\u015f Geldiniz Teklifi ve \u00d6zel Promosyonlar","description":"22Bet bonuslar\u0131 \u2014 bahisler i\u00e7in 6000 TRY'ya kadar ho\u015f geldin bonusu ve kumarhane i\u00e7in 15500 TRY'ya kadar ho\u015f geldin bonusu, Cuma g\u00fcn\u00fc yeniden y\u00fckleme bonusu, geri \u00f6deme, bir dizi ba\u015far\u0131s\u0131z bahis i\u00e7in bonus ve \u00e7ok daha fazlas\u0131. Kurallar\u0131, bahis tutarlar\u0131n\u0131 ve \u00e7evrim \u015fartlar\u0131n\u0131 inceliyoruz.","robots":{"index":"index","follow":"follow","max-snippet":"max-snippet:-1","max-image-preview":"max-image-preview:large","max-video-preview":"max-video-preview:-1"},"canonical":"https:\/\/22bet.team\/tr\/bonus\/","og_locale":"tr_TR","og_type":"article","og_title":"22Bet Bonuslar\u0131 \u1409 6000 TRY Ho\u015f Geldiniz Teklifi ve \u00d6zel Promosyonlar","og_description":"22Bet bonuslar\u0131 \u2014 bahisler i\u00e7in 6000 TRY'ya kadar ho\u015f geldin bonusu ve kumarhane i\u00e7in 15500 TRY'ya kadar ho\u015f geldin bonusu, Cuma g\u00fcn\u00fc yeniden y\u00fckleme bonusu, geri \u00f6deme, bir dizi ba\u015far\u0131s\u0131z bahis i\u00e7in bonus ve \u00e7ok daha fazlas\u0131. Kurallar\u0131, bahis tutarlar\u0131n\u0131 ve \u00e7evrim \u015fartlar\u0131n\u0131 inceliyoruz.","og_url":"https:\/\/22bet.team\/tr\/bonus\/","og_site_name":"22Bet Team tr","article_modified_time":"2026-03-24T18:19:22+00:00","twitter_card":"summary_large_image","schema":{"@context":"https:\/\/schema.org","@graph":[{"@type":"WebPage","@id":"https:\/\/22bet.team\/tr\/bonus\/","url":"https:\/\/22bet.team\/tr\/bonus\/","name":"22Bet Bonuslar\u0131 \u1409 6000 TRY Ho\u015f Geldiniz Teklifi ve \u00d6zel Promosyonlar","isPartOf":{"@id":"https:\/\/22bet.team\/tr\/#website"},"datePublished":"2025-11-24T13:18:29+00:00","dateModified":"2026-03-24T18:19:22+00:00","description":"22Bet bonuslar\u0131 \u2014 bahisler i\u00e7in 6000 TRY'ya kadar ho\u015f geldin bonusu ve kumarhane i\u00e7in 15500 TRY'ya kadar ho\u015f geldin bonusu, Cuma g\u00fcn\u00fc yeniden y\u00fckleme bonusu, geri \u00f6deme, bir dizi ba\u015far\u0131s\u0131z bahis i\u00e7in bonus ve \u00e7ok daha fazlas\u0131. Kurallar\u0131, bahis tutarlar\u0131n\u0131 ve \u00e7evrim \u015fartlar\u0131n\u0131 inceliyoruz.","breadcrumb":{"@id":"https:\/\/22bet.team\/tr\/bonus\/#breadcrumb"},"inLanguage":"tr","potentialAction":[{"@type":"ReadAction","target":["https:\/\/22bet.team\/tr\/bonus\/"]}]},{"@type":"BreadcrumbList","@id":"https:\/\/22bet.team\/tr\/bonus\/#breadcrumb","itemListElement":[{"@type":"ListItem","position":1,"name":"Home","item":"http:\/\/22bet.team\/tr\/"},{"@type":"ListItem","position":2,"name":"Bonus"}]},{"@type":"WebSite","@id":"https:\/\/22bet.team\/tr\/#website","url":"https:\/\/22bet.team\/tr\/","name":"22Bet Team tr","description":"","potentialAction":[{"@type":"SearchAction","target":{"@type":"EntryPoint","urlTemplate":"https:\/\/22bet.team\/tr\/?s={search_term_string}"},"query-input":{"@type":"PropertyValueSpecification","valueRequired":true,"valueName":"search_term_string"}}],"inLanguage":"tr"}]}},"_links":{"self":[{"href":"https:\/\/22bet.team\/tr\/wp-json\/wp\/v2\/pages\/1021","targetHints":{"allow":["GET"]}}],"collection":[{"href":"https:\/\/22bet.team\/tr\/wp-json\/wp\/v2\/pages"}],"about":[{"href":"https:\/\/22bet.team\/tr\/wp-json\/wp\/v2\/types\/page"}],"author":[{"embeddable":true,"href":"https:\/\/22bet.team\/tr\/wp-json\/wp\/v2\/users\/1"}],"replies":[{"embeddable":true,"href":"https:\/\/22bet.team\/tr\/wp-json\/wp\/v2\/comments?post=1021"}],"version-history":[{"count":5,"href":"https:\/\/22bet.team\/tr\/wp-json\/wp\/v2\/pages\/1021\/revisions"}],"predecessor-version":[{"id":1235,"href":"https:\/\/22bet.team\/tr\/wp-json\/wp\/v2\/pages\/1021\/revisions\/1235"}],"wp:attachment":[{"href":"https:\/\/22bet.team\/tr\/wp-json\/wp\/v2\/media?parent=1021"}],"curies":[{"name":"wp","href":"https:\/\/api.w.org\/{rel}","templated":true}]}}