{"id":1044,"date":"2025-11-25T09:38:51","date_gmt":"2025-11-25T06:38:51","guid":{"rendered":"https:\/\/22bet.team\/tr\/?page_id=1044"},"modified":"2026-03-24T21:40:33","modified_gmt":"2026-03-24T18:40:33","slug":"promo-code","status":"publish","type":"page","link":"https:\/\/22bet.team\/tr\/promo-code\/","title":{"rendered":"\u0130ndirim Kodu"},"content":{"rendered":"","protected":false},"excerpt":{"rendered":"","protected":false},"author":1,"featured_media":0,"parent":0,"menu_order":0,"comment_status":"closed","ping_status":"closed","template":"","meta":{"_acf_changed":false,"footnotes":""},"class_list":["post-1044","page","type-page","status-publish","hentry"],"acf":[],"yoast_head":"<!-- This site is optimized with the Yoast SEO plugin v26.1.1 - https:\/\/yoast.com\/wordpress\/plugins\/seo\/ -->\n<title>22Bet Promosyon Kodu \u1409 80.000 TRY&#039;ye kadar bonus nas\u0131l al\u0131n\u0131r<\/title>\n<meta name=\"description\" content=\"22Bet promosyon koduyla 80 000 TRY&#039;ya kadar bonus kazan\u0131n! Yeni \u00fcye misiniz? Para yat\u0131rmaya gerek kalmadan 30 \u00fccretsiz d\u00f6n\u00fc\u015f kazan\u0131n ve \u00f6zel tekliflerden yararlan\u0131n. Nas\u0131l kay\u0131t olaca\u011f\u0131n\u0131z\u0131 ve bonuslar\u0131n\u0131z\u0131 nas\u0131l etkinle\u015ftirece\u011finizi \u00f6\u011frenin.\" \/>\n<meta name=\"robots\" content=\"index, follow, max-snippet:-1, max-image-preview:large, max-video-preview:-1\" \/>\n<link rel=\"canonical\" href=\"https:\/\/22bet.team\/tr\/promo-code\/\" \/>\n<meta property=\"og:locale\" content=\"tr_TR\" \/>\n<meta property=\"og:type\" content=\"article\" \/>\n<meta property=\"og:title\" content=\"22Bet Promosyon Kodu \u1409 80.000 TRY&#039;ye kadar bonus nas\u0131l al\u0131n\u0131r\" \/>\n<meta property=\"og:description\" content=\"22Bet promosyon koduyla 80 000 TRY&#039;ya kadar bonus kazan\u0131n! Yeni \u00fcye misiniz? Para yat\u0131rmaya gerek kalmadan 30 \u00fccretsiz d\u00f6n\u00fc\u015f kazan\u0131n ve \u00f6zel tekliflerden yararlan\u0131n. Nas\u0131l kay\u0131t olaca\u011f\u0131n\u0131z\u0131 ve bonuslar\u0131n\u0131z\u0131 nas\u0131l etkinle\u015ftirece\u011finizi \u00f6\u011frenin.\" \/>\n<meta property=\"og:url\" content=\"https:\/\/22bet.team\/tr\/promo-code\/\" \/>\n<meta property=\"og:site_name\" content=\"22Bet Team tr\" \/>\n<meta property=\"article:modified_time\" content=\"2026-03-24T18:40:33+00:00\" \/>\n<meta name=\"twitter:card\" content=\"summary_large_image\" \/>\n<script type=\"application\/ld+json\" class=\"yoast-schema-graph\">{\"@context\":\"https:\/\/schema.org\",\"@graph\":[{\"@type\":\"WebPage\",\"@id\":\"https:\/\/22bet.team\/tr\/promo-code\/\",\"url\":\"https:\/\/22bet.team\/tr\/promo-code\/\",\"name\":\"22Bet Promosyon Kodu \u1409 80.000 TRY'ye kadar bonus nas\u0131l al\u0131n\u0131r\",\"isPartOf\":{\"@id\":\"https:\/\/22bet.team\/tr\/#website\"},\"datePublished\":\"2025-11-25T06:38:51+00:00\",\"dateModified\":\"2026-03-24T18:40:33+00:00\",\"description\":\"22Bet promosyon koduyla 80 000 TRY'ya kadar bonus kazan\u0131n! Yeni \u00fcye misiniz? Para yat\u0131rmaya gerek kalmadan 30 \u00fccretsiz d\u00f6n\u00fc\u015f kazan\u0131n ve \u00f6zel tekliflerden yararlan\u0131n. Nas\u0131l kay\u0131t olaca\u011f\u0131n\u0131z\u0131 ve bonuslar\u0131n\u0131z\u0131 nas\u0131l etkinle\u015ftirece\u011finizi \u00f6\u011frenin.\",\"breadcrumb\":{\"@id\":\"https:\/\/22bet.team\/tr\/promo-code\/#breadcrumb\"},\"inLanguage\":\"tr\",\"potentialAction\":[{\"@type\":\"ReadAction\",\"target\":[\"https:\/\/22bet.team\/tr\/promo-code\/\"]}]},{\"@type\":\"BreadcrumbList\",\"@id\":\"https:\/\/22bet.team\/tr\/promo-code\/#breadcrumb\",\"itemListElement\":[{\"@type\":\"ListItem\",\"position\":1,\"name\":\"Home\",\"item\":\"http:\/\/22bet.team\/tr\/\"},{\"@type\":\"ListItem\",\"position\":2,\"name\":\"\u0130ndirim Kodu\"}]},{\"@type\":\"WebSite\",\"@id\":\"https:\/\/22bet.team\/tr\/#website\",\"url\":\"https:\/\/22bet.team\/tr\/\",\"name\":\"22Bet Team tr\",\"description\":\"\",\"potentialAction\":[{\"@type\":\"SearchAction\",\"target\":{\"@type\":\"EntryPoint\",\"urlTemplate\":\"https:\/\/22bet.team\/tr\/?s={search_term_string}\"},\"query-input\":{\"@type\":\"PropertyValueSpecification\",\"valueRequired\":true,\"valueName\":\"search_term_string\"}}],\"inLanguage\":\"tr\"}]}<\/script>\n<!-- \/ Yoast SEO plugin. -->","yoast_head_json":{"title":"22Bet Promosyon Kodu \u1409 80.000 TRY'ye kadar bonus nas\u0131l al\u0131n\u0131r","description":"22Bet promosyon koduyla 80 000 TRY'ya kadar bonus kazan\u0131n! Yeni \u00fcye misiniz? Para yat\u0131rmaya gerek kalmadan 30 \u00fccretsiz d\u00f6n\u00fc\u015f kazan\u0131n ve \u00f6zel tekliflerden yararlan\u0131n. Nas\u0131l kay\u0131t olaca\u011f\u0131n\u0131z\u0131 ve bonuslar\u0131n\u0131z\u0131 nas\u0131l etkinle\u015ftirece\u011finizi \u00f6\u011frenin.","robots":{"index":"index","follow":"follow","max-snippet":"max-snippet:-1","max-image-preview":"max-image-preview:large","max-video-preview":"max-video-preview:-1"},"canonical":"https:\/\/22bet.team\/tr\/promo-code\/","og_locale":"tr_TR","og_type":"article","og_title":"22Bet Promosyon Kodu \u1409 80.000 TRY'ye kadar bonus nas\u0131l al\u0131n\u0131r","og_description":"22Bet promosyon koduyla 80 000 TRY'ya kadar bonus kazan\u0131n! Yeni \u00fcye misiniz? Para yat\u0131rmaya gerek kalmadan 30 \u00fccretsiz d\u00f6n\u00fc\u015f kazan\u0131n ve \u00f6zel tekliflerden yararlan\u0131n. Nas\u0131l kay\u0131t olaca\u011f\u0131n\u0131z\u0131 ve bonuslar\u0131n\u0131z\u0131 nas\u0131l etkinle\u015ftirece\u011finizi \u00f6\u011frenin.","og_url":"https:\/\/22bet.team\/tr\/promo-code\/","og_site_name":"22Bet Team tr","article_modified_time":"2026-03-24T18:40:33+00:00","twitter_card":"summary_large_image","schema":{"@context":"https:\/\/schema.org","@graph":[{"@type":"WebPage","@id":"https:\/\/22bet.team\/tr\/promo-code\/","url":"https:\/\/22bet.team\/tr\/promo-code\/","name":"22Bet Promosyon Kodu \u1409 80.000 TRY'ye kadar bonus nas\u0131l al\u0131n\u0131r","isPartOf":{"@id":"https:\/\/22bet.team\/tr\/#website"},"datePublished":"2025-11-25T06:38:51+00:00","dateModified":"2026-03-24T18:40:33+00:00","description":"22Bet promosyon koduyla 80 000 TRY'ya kadar bonus kazan\u0131n! Yeni \u00fcye misiniz? Para yat\u0131rmaya gerek kalmadan 30 \u00fccretsiz d\u00f6n\u00fc\u015f kazan\u0131n ve \u00f6zel tekliflerden yararlan\u0131n. Nas\u0131l kay\u0131t olaca\u011f\u0131n\u0131z\u0131 ve bonuslar\u0131n\u0131z\u0131 nas\u0131l etkinle\u015ftirece\u011finizi \u00f6\u011frenin.","breadcrumb":{"@id":"https:\/\/22bet.team\/tr\/promo-code\/#breadcrumb"},"inLanguage":"tr","potentialAction":[{"@type":"ReadAction","target":["https:\/\/22bet.team\/tr\/promo-code\/"]}]},{"@type":"BreadcrumbList","@id":"https:\/\/22bet.team\/tr\/promo-code\/#breadcrumb","itemListElement":[{"@type":"ListItem","position":1,"name":"Home","item":"http:\/\/22bet.team\/tr\/"},{"@type":"ListItem","position":2,"name":"\u0130ndirim Kodu"}]},{"@type":"WebSite","@id":"https:\/\/22bet.team\/tr\/#website","url":"https:\/\/22bet.team\/tr\/","name":"22Bet Team tr","description":"","potentialAction":[{"@type":"SearchAction","target":{"@type":"EntryPoint","urlTemplate":"https:\/\/22bet.team\/tr\/?s={search_term_string}"},"query-input":{"@type":"PropertyValueSpecification","valueRequired":true,"valueName":"search_term_string"}}],"inLanguage":"tr"}]}},"_links":{"self":[{"href":"https:\/\/22bet.team\/tr\/wp-json\/wp\/v2\/pages\/1044","targetHints":{"allow":["GET"]}}],"collection":[{"href":"https:\/\/22bet.team\/tr\/wp-json\/wp\/v2\/pages"}],"about":[{"href":"https:\/\/22bet.team\/tr\/wp-json\/wp\/v2\/types\/page"}],"author":[{"embeddable":true,"href":"https:\/\/22bet.team\/tr\/wp-json\/wp\/v2\/users\/1"}],"replies":[{"embeddable":true,"href":"https:\/\/22bet.team\/tr\/wp-json\/wp\/v2\/comments?post=1044"}],"version-history":[{"count":5,"href":"https:\/\/22bet.team\/tr\/wp-json\/wp\/v2\/pages\/1044\/revisions"}],"predecessor-version":[{"id":1271,"href":"https:\/\/22bet.team\/tr\/wp-json\/wp\/v2\/pages\/1044\/revisions\/1271"}],"wp:attachment":[{"href":"https:\/\/22bet.team\/tr\/wp-json\/wp\/v2\/media?parent=1044"}],"curies":[{"name":"wp","href":"https:\/\/api.w.org\/{rel}","templated":true}]}}