{"id":1063,"date":"2025-12-01T12:37:13","date_gmt":"2025-12-01T09:37:13","guid":{"rendered":"https:\/\/22bet.team\/tr\/?page_id=1063"},"modified":"2026-03-24T21:19:02","modified_gmt":"2026-03-24T18:19:02","slug":"login","status":"publish","type":"page","link":"https:\/\/22bet.team\/tr\/login\/","title":{"rendered":"Giri\u015f"},"content":{"rendered":"","protected":false},"excerpt":{"rendered":"","protected":false},"author":1,"featured_media":0,"parent":0,"menu_order":0,"comment_status":"closed","ping_status":"closed","template":"","meta":{"_acf_changed":false,"footnotes":""},"class_list":["post-1063","page","type-page","status-publish","hentry"],"acf":[],"yoast_head":"<!-- This site is optimized with the Yoast SEO plugin v26.1.1 - https:\/\/yoast.com\/wordpress\/plugins\/seo\/ -->\n<title>22Bet Giri\u015f \u1409 Ki\u015fisel Hesap, Resmi Web Sitesi ve Kay\u0131t<\/title>\n<meta name=\"description\" content=\"22Bet ki\u015fisel hesab\u0131n\u0131za giri\u015f yapma: Resmi web sitesi ve aktif yedek site \u00fczerinden hesab\u0131n\u0131za eri\u015fin. Oturum a\u00e7ma, \u015fifre kurtarma ve 0 bonuslu kay\u0131t i\u015flemleri i\u00e7in ad\u0131m ad\u0131m talimatlar. Mobil uygulama \u00fczerinden nas\u0131l giri\u015f yap\u0131laca\u011f\u0131n\u0131 \u00f6\u011frenin.\" \/>\n<meta name=\"robots\" content=\"index, follow, max-snippet:-1, max-image-preview:large, max-video-preview:-1\" \/>\n<link rel=\"canonical\" href=\"https:\/\/22bet.team\/tr\/login\/\" \/>\n<meta property=\"og:locale\" content=\"tr_TR\" \/>\n<meta property=\"og:type\" content=\"article\" \/>\n<meta property=\"og:title\" content=\"22Bet Giri\u015f \u1409 Ki\u015fisel Hesap, Resmi Web Sitesi ve Kay\u0131t\" \/>\n<meta property=\"og:description\" content=\"22Bet ki\u015fisel hesab\u0131n\u0131za giri\u015f yapma: Resmi web sitesi ve aktif yedek site \u00fczerinden hesab\u0131n\u0131za eri\u015fin. Oturum a\u00e7ma, \u015fifre kurtarma ve 0 bonuslu kay\u0131t i\u015flemleri i\u00e7in ad\u0131m ad\u0131m talimatlar. Mobil uygulama \u00fczerinden nas\u0131l giri\u015f yap\u0131laca\u011f\u0131n\u0131 \u00f6\u011frenin.\" \/>\n<meta property=\"og:url\" content=\"https:\/\/22bet.team\/tr\/login\/\" \/>\n<meta property=\"og:site_name\" content=\"22Bet Team tr\" \/>\n<meta property=\"article:modified_time\" content=\"2026-03-24T18:19:02+00:00\" \/>\n<meta name=\"twitter:card\" content=\"summary_large_image\" \/>\n<script type=\"application\/ld+json\" class=\"yoast-schema-graph\">{\"@context\":\"https:\/\/schema.org\",\"@graph\":[{\"@type\":\"WebPage\",\"@id\":\"https:\/\/22bet.team\/tr\/login\/\",\"url\":\"https:\/\/22bet.team\/tr\/login\/\",\"name\":\"22Bet Giri\u015f \u1409 Ki\u015fisel Hesap, Resmi Web Sitesi ve Kay\u0131t\",\"isPartOf\":{\"@id\":\"https:\/\/22bet.team\/tr\/#website\"},\"datePublished\":\"2025-12-01T09:37:13+00:00\",\"dateModified\":\"2026-03-24T18:19:02+00:00\",\"description\":\"22Bet ki\u015fisel hesab\u0131n\u0131za giri\u015f yapma: Resmi web sitesi ve aktif yedek site \u00fczerinden hesab\u0131n\u0131za eri\u015fin. Oturum a\u00e7ma, \u015fifre kurtarma ve 0 bonuslu kay\u0131t i\u015flemleri i\u00e7in ad\u0131m ad\u0131m talimatlar. Mobil uygulama \u00fczerinden nas\u0131l giri\u015f yap\u0131laca\u011f\u0131n\u0131 \u00f6\u011frenin.\",\"breadcrumb\":{\"@id\":\"https:\/\/22bet.team\/tr\/login\/#breadcrumb\"},\"inLanguage\":\"tr\",\"potentialAction\":[{\"@type\":\"ReadAction\",\"target\":[\"https:\/\/22bet.team\/tr\/login\/\"]}]},{\"@type\":\"BreadcrumbList\",\"@id\":\"https:\/\/22bet.team\/tr\/login\/#breadcrumb\",\"itemListElement\":[{\"@type\":\"ListItem\",\"position\":1,\"name\":\"Home\",\"item\":\"https:\/\/22bet.team\/tr\/\"},{\"@type\":\"ListItem\",\"position\":2,\"name\":\"Giri\u015f\"}]},{\"@type\":\"WebSite\",\"@id\":\"https:\/\/22bet.team\/tr\/#website\",\"url\":\"https:\/\/22bet.team\/tr\/\",\"name\":\"22Bet Team tr\",\"description\":\"\",\"potentialAction\":[{\"@type\":\"SearchAction\",\"target\":{\"@type\":\"EntryPoint\",\"urlTemplate\":\"https:\/\/22bet.team\/tr\/?s={search_term_string}\"},\"query-input\":{\"@type\":\"PropertyValueSpecification\",\"valueRequired\":true,\"valueName\":\"search_term_string\"}}],\"inLanguage\":\"tr\"}]}<\/script>\n<!-- \/ Yoast SEO plugin. -->","yoast_head_json":{"title":"22Bet Giri\u015f \u1409 Ki\u015fisel Hesap, Resmi Web Sitesi ve Kay\u0131t","description":"22Bet ki\u015fisel hesab\u0131n\u0131za giri\u015f yapma: Resmi web sitesi ve aktif yedek site \u00fczerinden hesab\u0131n\u0131za eri\u015fin. Oturum a\u00e7ma, \u015fifre kurtarma ve 0 bonuslu kay\u0131t i\u015flemleri i\u00e7in ad\u0131m ad\u0131m talimatlar. Mobil uygulama \u00fczerinden nas\u0131l giri\u015f yap\u0131laca\u011f\u0131n\u0131 \u00f6\u011frenin.","robots":{"index":"index","follow":"follow","max-snippet":"max-snippet:-1","max-image-preview":"max-image-preview:large","max-video-preview":"max-video-preview:-1"},"canonical":"https:\/\/22bet.team\/tr\/login\/","og_locale":"tr_TR","og_type":"article","og_title":"22Bet Giri\u015f \u1409 Ki\u015fisel Hesap, Resmi Web Sitesi ve Kay\u0131t","og_description":"22Bet ki\u015fisel hesab\u0131n\u0131za giri\u015f yapma: Resmi web sitesi ve aktif yedek site \u00fczerinden hesab\u0131n\u0131za eri\u015fin. Oturum a\u00e7ma, \u015fifre kurtarma ve 0 bonuslu kay\u0131t i\u015flemleri i\u00e7in ad\u0131m ad\u0131m talimatlar. Mobil uygulama \u00fczerinden nas\u0131l giri\u015f yap\u0131laca\u011f\u0131n\u0131 \u00f6\u011frenin.","og_url":"https:\/\/22bet.team\/tr\/login\/","og_site_name":"22Bet Team tr","article_modified_time":"2026-03-24T18:19:02+00:00","twitter_card":"summary_large_image","schema":{"@context":"https:\/\/schema.org","@graph":[{"@type":"WebPage","@id":"https:\/\/22bet.team\/tr\/login\/","url":"https:\/\/22bet.team\/tr\/login\/","name":"22Bet Giri\u015f \u1409 Ki\u015fisel Hesap, Resmi Web Sitesi ve Kay\u0131t","isPartOf":{"@id":"https:\/\/22bet.team\/tr\/#website"},"datePublished":"2025-12-01T09:37:13+00:00","dateModified":"2026-03-24T18:19:02+00:00","description":"22Bet ki\u015fisel hesab\u0131n\u0131za giri\u015f yapma: Resmi web sitesi ve aktif yedek site \u00fczerinden hesab\u0131n\u0131za eri\u015fin. Oturum a\u00e7ma, \u015fifre kurtarma ve 0 bonuslu kay\u0131t i\u015flemleri i\u00e7in ad\u0131m ad\u0131m talimatlar. Mobil uygulama \u00fczerinden nas\u0131l giri\u015f yap\u0131laca\u011f\u0131n\u0131 \u00f6\u011frenin.","breadcrumb":{"@id":"https:\/\/22bet.team\/tr\/login\/#breadcrumb"},"inLanguage":"tr","potentialAction":[{"@type":"ReadAction","target":["https:\/\/22bet.team\/tr\/login\/"]}]},{"@type":"BreadcrumbList","@id":"https:\/\/22bet.team\/tr\/login\/#breadcrumb","itemListElement":[{"@type":"ListItem","position":1,"name":"Home","item":"https:\/\/22bet.team\/tr\/"},{"@type":"ListItem","position":2,"name":"Giri\u015f"}]},{"@type":"WebSite","@id":"https:\/\/22bet.team\/tr\/#website","url":"https:\/\/22bet.team\/tr\/","name":"22Bet Team tr","description":"","potentialAction":[{"@type":"SearchAction","target":{"@type":"EntryPoint","urlTemplate":"https:\/\/22bet.team\/tr\/?s={search_term_string}"},"query-input":{"@type":"PropertyValueSpecification","valueRequired":true,"valueName":"search_term_string"}}],"inLanguage":"tr"}]}},"_links":{"self":[{"href":"https:\/\/22bet.team\/tr\/wp-json\/wp\/v2\/pages\/1063","targetHints":{"allow":["GET"]}}],"collection":[{"href":"https:\/\/22bet.team\/tr\/wp-json\/wp\/v2\/pages"}],"about":[{"href":"https:\/\/22bet.team\/tr\/wp-json\/wp\/v2\/types\/page"}],"author":[{"embeddable":true,"href":"https:\/\/22bet.team\/tr\/wp-json\/wp\/v2\/users\/1"}],"replies":[{"embeddable":true,"href":"https:\/\/22bet.team\/tr\/wp-json\/wp\/v2\/comments?post=1063"}],"version-history":[{"count":5,"href":"https:\/\/22bet.team\/tr\/wp-json\/wp\/v2\/pages\/1063\/revisions"}],"predecessor-version":[{"id":1252,"href":"https:\/\/22bet.team\/tr\/wp-json\/wp\/v2\/pages\/1063\/revisions\/1252"}],"wp:attachment":[{"href":"https:\/\/22bet.team\/tr\/wp-json\/wp\/v2\/media?parent=1063"}],"curies":[{"name":"wp","href":"https:\/\/api.w.org\/{rel}","templated":true}]}}