{"id":1094,"date":"2025-12-02T17:34:13","date_gmt":"2025-12-02T14:34:13","guid":{"rendered":"https:\/\/22bet.team\/tr\/?page_id=1094"},"modified":"2026-03-24T21:18:53","modified_gmt":"2026-03-24T18:18:53","slug":"registration","status":"publish","type":"page","link":"https:\/\/22bet.team\/tr\/registration\/","title":{"rendered":"Kay\u0131t"},"content":{"rendered":"","protected":false},"excerpt":{"rendered":"","protected":false},"author":1,"featured_media":0,"parent":0,"menu_order":0,"comment_status":"closed","ping_status":"closed","template":"","meta":{"_acf_changed":false,"footnotes":""},"class_list":["post-1094","page","type-page","status-publish","hentry"],"acf":[],"yoast_head":"<!-- This site is optimized with the Yoast SEO plugin v26.1.1 - https:\/\/yoast.com\/wordpress\/plugins\/seo\/ -->\n<title>22Bet&#039;e kaydolun \u1409 \u0130lk para yat\u0131rma i\u015fleminizde 5 500 TRY&#039;a kadar 0 bonus<\/title>\n<meta name=\"description\" content=\"22Bet&#039;e nas\u0131l \u00fcye olunur ve ho\u015f geldin bonusu nas\u0131l al\u0131n\u0131r? Ad\u0131m ad\u0131m k\u0131lavuz: telefon numaras\u0131, sosyal medya veya e-posta yoluyla h\u0131zl\u0131 kay\u0131t. Ki\u015fisel hesab\u0131n\u0131za giri\u015f, hesap do\u011frulama ve bonus \u015fartlar\u0131 ve ko\u015fullar\u0131 Bu y\u0131l.\" \/>\n<meta name=\"robots\" content=\"index, follow, max-snippet:-1, max-image-preview:large, max-video-preview:-1\" \/>\n<link rel=\"canonical\" href=\"https:\/\/22bet.team\/tr\/registration\/\" \/>\n<meta property=\"og:locale\" content=\"tr_TR\" \/>\n<meta property=\"og:type\" content=\"article\" \/>\n<meta property=\"og:title\" content=\"22Bet&#039;e kaydolun \u1409 \u0130lk para yat\u0131rma i\u015fleminizde 5 500 TRY&#039;a kadar 0 bonus\" \/>\n<meta property=\"og:description\" content=\"22Bet&#039;e nas\u0131l \u00fcye olunur ve ho\u015f geldin bonusu nas\u0131l al\u0131n\u0131r? Ad\u0131m ad\u0131m k\u0131lavuz: telefon numaras\u0131, sosyal medya veya e-posta yoluyla h\u0131zl\u0131 kay\u0131t. Ki\u015fisel hesab\u0131n\u0131za giri\u015f, hesap do\u011frulama ve bonus \u015fartlar\u0131 ve ko\u015fullar\u0131 Bu y\u0131l.\" \/>\n<meta property=\"og:url\" content=\"https:\/\/22bet.team\/tr\/registration\/\" \/>\n<meta property=\"og:site_name\" content=\"22Bet Team tr\" \/>\n<meta property=\"article:modified_time\" content=\"2026-03-24T18:18:53+00:00\" \/>\n<meta name=\"twitter:card\" content=\"summary_large_image\" \/>\n<script type=\"application\/ld+json\" class=\"yoast-schema-graph\">{\"@context\":\"https:\/\/schema.org\",\"@graph\":[{\"@type\":\"WebPage\",\"@id\":\"https:\/\/22bet.team\/tr\/registration\/\",\"url\":\"https:\/\/22bet.team\/tr\/registration\/\",\"name\":\"22Bet'e kaydolun \u1409 \u0130lk para yat\u0131rma i\u015fleminizde 5 500 TRY'a kadar 0 bonus\",\"isPartOf\":{\"@id\":\"http:\/\/22bet.team\/tr\/#website\"},\"datePublished\":\"2025-12-02T14:34:13+00:00\",\"dateModified\":\"2026-03-24T18:18:53+00:00\",\"description\":\"22Bet'e nas\u0131l \u00fcye olunur ve ho\u015f geldin bonusu nas\u0131l al\u0131n\u0131r? Ad\u0131m ad\u0131m k\u0131lavuz: telefon numaras\u0131, sosyal medya veya e-posta yoluyla h\u0131zl\u0131 kay\u0131t. Ki\u015fisel hesab\u0131n\u0131za giri\u015f, hesap do\u011frulama ve bonus \u015fartlar\u0131 ve ko\u015fullar\u0131 Bu y\u0131l.\",\"breadcrumb\":{\"@id\":\"https:\/\/22bet.team\/tr\/registration\/#breadcrumb\"},\"inLanguage\":\"tr\",\"potentialAction\":[{\"@type\":\"ReadAction\",\"target\":[\"https:\/\/22bet.team\/tr\/registration\/\"]}]},{\"@type\":\"BreadcrumbList\",\"@id\":\"https:\/\/22bet.team\/tr\/registration\/#breadcrumb\",\"itemListElement\":[{\"@type\":\"ListItem\",\"position\":1,\"name\":\"Home\",\"item\":\"http:\/\/22bet.team\/tr\/\"},{\"@type\":\"ListItem\",\"position\":2,\"name\":\"Kay\u0131t\"}]},{\"@type\":\"WebSite\",\"@id\":\"http:\/\/22bet.team\/tr\/#website\",\"url\":\"http:\/\/22bet.team\/tr\/\",\"name\":\"22Bet Team tr\",\"description\":\"\",\"potentialAction\":[{\"@type\":\"SearchAction\",\"target\":{\"@type\":\"EntryPoint\",\"urlTemplate\":\"http:\/\/22bet.team\/tr\/?s={search_term_string}\"},\"query-input\":{\"@type\":\"PropertyValueSpecification\",\"valueRequired\":true,\"valueName\":\"search_term_string\"}}],\"inLanguage\":\"tr\"}]}<\/script>\n<!-- \/ Yoast SEO plugin. -->","yoast_head_json":{"title":"22Bet'e kaydolun \u1409 \u0130lk para yat\u0131rma i\u015fleminizde 5 500 TRY'a kadar 0 bonus","description":"22Bet'e nas\u0131l \u00fcye olunur ve ho\u015f geldin bonusu nas\u0131l al\u0131n\u0131r? Ad\u0131m ad\u0131m k\u0131lavuz: telefon numaras\u0131, sosyal medya veya e-posta yoluyla h\u0131zl\u0131 kay\u0131t. Ki\u015fisel hesab\u0131n\u0131za giri\u015f, hesap do\u011frulama ve bonus \u015fartlar\u0131 ve ko\u015fullar\u0131 Bu y\u0131l.","robots":{"index":"index","follow":"follow","max-snippet":"max-snippet:-1","max-image-preview":"max-image-preview:large","max-video-preview":"max-video-preview:-1"},"canonical":"https:\/\/22bet.team\/tr\/registration\/","og_locale":"tr_TR","og_type":"article","og_title":"22Bet'e kaydolun \u1409 \u0130lk para yat\u0131rma i\u015fleminizde 5 500 TRY'a kadar 0 bonus","og_description":"22Bet'e nas\u0131l \u00fcye olunur ve ho\u015f geldin bonusu nas\u0131l al\u0131n\u0131r? Ad\u0131m ad\u0131m k\u0131lavuz: telefon numaras\u0131, sosyal medya veya e-posta yoluyla h\u0131zl\u0131 kay\u0131t. Ki\u015fisel hesab\u0131n\u0131za giri\u015f, hesap do\u011frulama ve bonus \u015fartlar\u0131 ve ko\u015fullar\u0131 Bu y\u0131l.","og_url":"https:\/\/22bet.team\/tr\/registration\/","og_site_name":"22Bet Team tr","article_modified_time":"2026-03-24T18:18:53+00:00","twitter_card":"summary_large_image","schema":{"@context":"https:\/\/schema.org","@graph":[{"@type":"WebPage","@id":"https:\/\/22bet.team\/tr\/registration\/","url":"https:\/\/22bet.team\/tr\/registration\/","name":"22Bet'e kaydolun \u1409 \u0130lk para yat\u0131rma i\u015fleminizde 5 500 TRY'a kadar 0 bonus","isPartOf":{"@id":"http:\/\/22bet.team\/tr\/#website"},"datePublished":"2025-12-02T14:34:13+00:00","dateModified":"2026-03-24T18:18:53+00:00","description":"22Bet'e nas\u0131l \u00fcye olunur ve ho\u015f geldin bonusu nas\u0131l al\u0131n\u0131r? Ad\u0131m ad\u0131m k\u0131lavuz: telefon numaras\u0131, sosyal medya veya e-posta yoluyla h\u0131zl\u0131 kay\u0131t. Ki\u015fisel hesab\u0131n\u0131za giri\u015f, hesap do\u011frulama ve bonus \u015fartlar\u0131 ve ko\u015fullar\u0131 Bu y\u0131l.","breadcrumb":{"@id":"https:\/\/22bet.team\/tr\/registration\/#breadcrumb"},"inLanguage":"tr","potentialAction":[{"@type":"ReadAction","target":["https:\/\/22bet.team\/tr\/registration\/"]}]},{"@type":"BreadcrumbList","@id":"https:\/\/22bet.team\/tr\/registration\/#breadcrumb","itemListElement":[{"@type":"ListItem","position":1,"name":"Home","item":"http:\/\/22bet.team\/tr\/"},{"@type":"ListItem","position":2,"name":"Kay\u0131t"}]},{"@type":"WebSite","@id":"http:\/\/22bet.team\/tr\/#website","url":"http:\/\/22bet.team\/tr\/","name":"22Bet Team tr","description":"","potentialAction":[{"@type":"SearchAction","target":{"@type":"EntryPoint","urlTemplate":"http:\/\/22bet.team\/tr\/?s={search_term_string}"},"query-input":{"@type":"PropertyValueSpecification","valueRequired":true,"valueName":"search_term_string"}}],"inLanguage":"tr"}]}},"_links":{"self":[{"href":"https:\/\/22bet.team\/tr\/wp-json\/wp\/v2\/pages\/1094","targetHints":{"allow":["GET"]}}],"collection":[{"href":"https:\/\/22bet.team\/tr\/wp-json\/wp\/v2\/pages"}],"about":[{"href":"https:\/\/22bet.team\/tr\/wp-json\/wp\/v2\/types\/page"}],"author":[{"embeddable":true,"href":"https:\/\/22bet.team\/tr\/wp-json\/wp\/v2\/users\/1"}],"replies":[{"embeddable":true,"href":"https:\/\/22bet.team\/tr\/wp-json\/wp\/v2\/comments?post=1094"}],"version-history":[{"count":5,"href":"https:\/\/22bet.team\/tr\/wp-json\/wp\/v2\/pages\/1094\/revisions"}],"predecessor-version":[{"id":1255,"href":"https:\/\/22bet.team\/tr\/wp-json\/wp\/v2\/pages\/1094\/revisions\/1255"}],"wp:attachment":[{"href":"https:\/\/22bet.team\/tr\/wp-json\/wp\/v2\/media?parent=1094"}],"curies":[{"name":"wp","href":"https:\/\/api.w.org\/{rel}","templated":true}]}}