{"id":1122,"date":"2025-12-03T16:37:12","date_gmt":"2025-12-03T13:37:12","guid":{"rendered":"https:\/\/22bet.team\/tr\/?page_id=1122"},"modified":"2026-03-24T21:18:43","modified_gmt":"2026-03-24T18:18:43","slug":"affiliate","status":"publish","type":"page","link":"https:\/\/22bet.team\/tr\/affiliate\/","title":{"rendered":"Ortakl\u0131k"},"content":{"rendered":"","protected":false},"excerpt":{"rendered":"","protected":false},"author":1,"featured_media":0,"parent":0,"menu_order":0,"comment_status":"closed","ping_status":"closed","template":"","meta":{"_acf_changed":false,"footnotes":""},"class_list":["post-1122","page","type-page","status-publish","hentry"],"acf":[],"yoast_head":"<!-- This site is optimized with the Yoast SEO plugin v26.1.1 - https:\/\/yoast.com\/wordpress\/plugins\/seo\/ -->\n<title>22Bet Ortakl\u0131k Program\u0131 \u1409 &#039;ye varan gelir pay\u0131 ve CPA kazan\u0131n<\/title>\n<meta name=\"description\" content=\"22Bet orta\u011f\u0131 olun ve &#039;ye varan gelir payla\u015f\u0131m\u0131 veya y\u00fcksek CPA \u00f6demeleri kazan\u0131n. Resmi 22Bet Ortaklar\u0131 ortakl\u0131k program\u0131: ayl\u0131k 5000 TRY&#039;dan ba\u015flayan \u00f6demeler, size \u00f6zel ko\u015fullar. Hemen kaydolun!\" \/>\n<meta name=\"robots\" content=\"index, follow, max-snippet:-1, max-image-preview:large, max-video-preview:-1\" \/>\n<link rel=\"canonical\" href=\"https:\/\/22bet.team\/tr\/affiliate\/\" \/>\n<meta property=\"og:locale\" content=\"tr_TR\" \/>\n<meta property=\"og:type\" content=\"article\" \/>\n<meta property=\"og:title\" content=\"22Bet Ortakl\u0131k Program\u0131 \u1409 &#039;ye varan gelir pay\u0131 ve CPA kazan\u0131n\" \/>\n<meta property=\"og:description\" content=\"22Bet orta\u011f\u0131 olun ve &#039;ye varan gelir payla\u015f\u0131m\u0131 veya y\u00fcksek CPA \u00f6demeleri kazan\u0131n. Resmi 22Bet Ortaklar\u0131 ortakl\u0131k program\u0131: ayl\u0131k 5000 TRY&#039;dan ba\u015flayan \u00f6demeler, size \u00f6zel ko\u015fullar. Hemen kaydolun!\" \/>\n<meta property=\"og:url\" content=\"https:\/\/22bet.team\/tr\/affiliate\/\" \/>\n<meta property=\"og:site_name\" content=\"22Bet Team tr\" \/>\n<meta property=\"article:modified_time\" content=\"2026-03-24T18:18:43+00:00\" \/>\n<meta name=\"twitter:card\" content=\"summary_large_image\" \/>\n<script type=\"application\/ld+json\" class=\"yoast-schema-graph\">{\"@context\":\"https:\/\/schema.org\",\"@graph\":[{\"@type\":\"WebPage\",\"@id\":\"https:\/\/22bet.team\/tr\/affiliate\/\",\"url\":\"https:\/\/22bet.team\/tr\/affiliate\/\",\"name\":\"22Bet Ortakl\u0131k Program\u0131 \u1409 'ye varan gelir pay\u0131 ve CPA kazan\u0131n\",\"isPartOf\":{\"@id\":\"https:\/\/22bet.team\/tr\/#website\"},\"datePublished\":\"2025-12-03T13:37:12+00:00\",\"dateModified\":\"2026-03-24T18:18:43+00:00\",\"description\":\"22Bet orta\u011f\u0131 olun ve 'ye varan gelir payla\u015f\u0131m\u0131 veya y\u00fcksek CPA \u00f6demeleri kazan\u0131n. Resmi 22Bet Ortaklar\u0131 ortakl\u0131k program\u0131: ayl\u0131k 5000 TRY'dan ba\u015flayan \u00f6demeler, size \u00f6zel ko\u015fullar. Hemen kaydolun!\",\"breadcrumb\":{\"@id\":\"https:\/\/22bet.team\/tr\/affiliate\/#breadcrumb\"},\"inLanguage\":\"tr\",\"potentialAction\":[{\"@type\":\"ReadAction\",\"target\":[\"https:\/\/22bet.team\/tr\/affiliate\/\"]}]},{\"@type\":\"BreadcrumbList\",\"@id\":\"https:\/\/22bet.team\/tr\/affiliate\/#breadcrumb\",\"itemListElement\":[{\"@type\":\"ListItem\",\"position\":1,\"name\":\"Home\",\"item\":\"https:\/\/22bet.team\/tr\/\"},{\"@type\":\"ListItem\",\"position\":2,\"name\":\"Ortakl\u0131k\"}]},{\"@type\":\"WebSite\",\"@id\":\"https:\/\/22bet.team\/tr\/#website\",\"url\":\"https:\/\/22bet.team\/tr\/\",\"name\":\"22Bet Team tr\",\"description\":\"\",\"potentialAction\":[{\"@type\":\"SearchAction\",\"target\":{\"@type\":\"EntryPoint\",\"urlTemplate\":\"https:\/\/22bet.team\/tr\/?s={search_term_string}\"},\"query-input\":{\"@type\":\"PropertyValueSpecification\",\"valueRequired\":true,\"valueName\":\"search_term_string\"}}],\"inLanguage\":\"tr\"}]}<\/script>\n<!-- \/ Yoast SEO plugin. -->","yoast_head_json":{"title":"22Bet Ortakl\u0131k Program\u0131 \u1409 'ye varan gelir pay\u0131 ve CPA kazan\u0131n","description":"22Bet orta\u011f\u0131 olun ve 'ye varan gelir payla\u015f\u0131m\u0131 veya y\u00fcksek CPA \u00f6demeleri kazan\u0131n. Resmi 22Bet Ortaklar\u0131 ortakl\u0131k program\u0131: ayl\u0131k 5000 TRY'dan ba\u015flayan \u00f6demeler, size \u00f6zel ko\u015fullar. Hemen kaydolun!","robots":{"index":"index","follow":"follow","max-snippet":"max-snippet:-1","max-image-preview":"max-image-preview:large","max-video-preview":"max-video-preview:-1"},"canonical":"https:\/\/22bet.team\/tr\/affiliate\/","og_locale":"tr_TR","og_type":"article","og_title":"22Bet Ortakl\u0131k Program\u0131 \u1409 'ye varan gelir pay\u0131 ve CPA kazan\u0131n","og_description":"22Bet orta\u011f\u0131 olun ve 'ye varan gelir payla\u015f\u0131m\u0131 veya y\u00fcksek CPA \u00f6demeleri kazan\u0131n. Resmi 22Bet Ortaklar\u0131 ortakl\u0131k program\u0131: ayl\u0131k 5000 TRY'dan ba\u015flayan \u00f6demeler, size \u00f6zel ko\u015fullar. Hemen kaydolun!","og_url":"https:\/\/22bet.team\/tr\/affiliate\/","og_site_name":"22Bet Team tr","article_modified_time":"2026-03-24T18:18:43+00:00","twitter_card":"summary_large_image","schema":{"@context":"https:\/\/schema.org","@graph":[{"@type":"WebPage","@id":"https:\/\/22bet.team\/tr\/affiliate\/","url":"https:\/\/22bet.team\/tr\/affiliate\/","name":"22Bet Ortakl\u0131k Program\u0131 \u1409 'ye varan gelir pay\u0131 ve CPA kazan\u0131n","isPartOf":{"@id":"https:\/\/22bet.team\/tr\/#website"},"datePublished":"2025-12-03T13:37:12+00:00","dateModified":"2026-03-24T18:18:43+00:00","description":"22Bet orta\u011f\u0131 olun ve 'ye varan gelir payla\u015f\u0131m\u0131 veya y\u00fcksek CPA \u00f6demeleri kazan\u0131n. Resmi 22Bet Ortaklar\u0131 ortakl\u0131k program\u0131: ayl\u0131k 5000 TRY'dan ba\u015flayan \u00f6demeler, size \u00f6zel ko\u015fullar. Hemen kaydolun!","breadcrumb":{"@id":"https:\/\/22bet.team\/tr\/affiliate\/#breadcrumb"},"inLanguage":"tr","potentialAction":[{"@type":"ReadAction","target":["https:\/\/22bet.team\/tr\/affiliate\/"]}]},{"@type":"BreadcrumbList","@id":"https:\/\/22bet.team\/tr\/affiliate\/#breadcrumb","itemListElement":[{"@type":"ListItem","position":1,"name":"Home","item":"https:\/\/22bet.team\/tr\/"},{"@type":"ListItem","position":2,"name":"Ortakl\u0131k"}]},{"@type":"WebSite","@id":"https:\/\/22bet.team\/tr\/#website","url":"https:\/\/22bet.team\/tr\/","name":"22Bet Team tr","description":"","potentialAction":[{"@type":"SearchAction","target":{"@type":"EntryPoint","urlTemplate":"https:\/\/22bet.team\/tr\/?s={search_term_string}"},"query-input":{"@type":"PropertyValueSpecification","valueRequired":true,"valueName":"search_term_string"}}],"inLanguage":"tr"}]}},"_links":{"self":[{"href":"https:\/\/22bet.team\/tr\/wp-json\/wp\/v2\/pages\/1122","targetHints":{"allow":["GET"]}}],"collection":[{"href":"https:\/\/22bet.team\/tr\/wp-json\/wp\/v2\/pages"}],"about":[{"href":"https:\/\/22bet.team\/tr\/wp-json\/wp\/v2\/types\/page"}],"author":[{"embeddable":true,"href":"https:\/\/22bet.team\/tr\/wp-json\/wp\/v2\/users\/1"}],"replies":[{"embeddable":true,"href":"https:\/\/22bet.team\/tr\/wp-json\/wp\/v2\/comments?post=1122"}],"version-history":[{"count":5,"href":"https:\/\/22bet.team\/tr\/wp-json\/wp\/v2\/pages\/1122\/revisions"}],"predecessor-version":[{"id":1232,"href":"https:\/\/22bet.team\/tr\/wp-json\/wp\/v2\/pages\/1122\/revisions\/1232"}],"wp:attachment":[{"href":"https:\/\/22bet.team\/tr\/wp-json\/wp\/v2\/media?parent=1122"}],"curies":[{"name":"wp","href":"https:\/\/api.w.org\/{rel}","templated":true}]}}