{"id":1169,"date":"2026-01-28T17:52:34","date_gmt":"2026-01-28T14:52:34","guid":{"rendered":"https:\/\/22bet.team\/tr\/?page_id=1169"},"modified":"2026-03-24T21:18:24","modified_gmt":"2026-03-24T18:18:24","slug":"football","status":"publish","type":"page","link":"https:\/\/22bet.team\/tr\/football\/","title":{"rendered":"Futbol"},"content":{"rendered":"","protected":false},"excerpt":{"rendered":"","protected":false},"author":1,"featured_media":0,"parent":0,"menu_order":0,"comment_status":"closed","ping_status":"closed","template":"","meta":{"_acf_changed":false,"footnotes":""},"class_list":["post-1169","page","type-page","status-publish","hentry"],"acf":[],"yoast_head":"<!-- This site is optimized with the Yoast SEO plugin v26.1.1 - https:\/\/yoast.com\/wordpress\/plugins\/seo\/ -->\n<title>22Bet Futbol Bahisleri \u1409 En \u0130yi Oranlar ve Bonuslar<\/title>\n<meta name=\"description\" content=\"22Bet ile futbol bahisleri! En iyi oranlar\u0131, geni\u015f ma\u00e7 yelpazesini ve yeni oyunculara c\u00f6mert bonuslar sunuyoruz. Hemen kazanmaya ba\u015flay\u0131n!\" \/>\n<meta name=\"robots\" content=\"index, follow, max-snippet:-1, max-image-preview:large, max-video-preview:-1\" \/>\n<link rel=\"canonical\" href=\"http:\/\/22bet.team\/tr\/football\/\" \/>\n<meta property=\"og:locale\" content=\"tr_TR\" \/>\n<meta property=\"og:type\" content=\"article\" \/>\n<meta property=\"og:title\" content=\"22Bet Futbol Bahisleri \u1409 En \u0130yi Oranlar ve Bonuslar\" \/>\n<meta property=\"og:description\" content=\"22Bet ile futbol bahisleri! En iyi oranlar\u0131, geni\u015f ma\u00e7 yelpazesini ve yeni oyunculara c\u00f6mert bonuslar sunuyoruz. Hemen kazanmaya ba\u015flay\u0131n!\" \/>\n<meta property=\"og:url\" content=\"http:\/\/22bet.team\/tr\/football\/\" \/>\n<meta property=\"og:site_name\" content=\"22Bet Team tr\" \/>\n<meta property=\"article:modified_time\" content=\"2026-03-24T18:18:24+00:00\" \/>\n<meta name=\"twitter:card\" content=\"summary_large_image\" \/>\n<script type=\"application\/ld+json\" class=\"yoast-schema-graph\">{\"@context\":\"https:\/\/schema.org\",\"@graph\":[{\"@type\":\"WebPage\",\"@id\":\"http:\/\/22bet.team\/tr\/football\/\",\"url\":\"http:\/\/22bet.team\/tr\/football\/\",\"name\":\"22Bet Futbol Bahisleri \u1409 En \u0130yi Oranlar ve Bonuslar\",\"isPartOf\":{\"@id\":\"https:\/\/22bet.team\/tr\/#website\"},\"datePublished\":\"2026-01-28T14:52:34+00:00\",\"dateModified\":\"2026-03-24T18:18:24+00:00\",\"description\":\"22Bet ile futbol bahisleri! En iyi oranlar\u0131, geni\u015f ma\u00e7 yelpazesini ve yeni oyunculara c\u00f6mert bonuslar sunuyoruz. Hemen kazanmaya ba\u015flay\u0131n!\",\"breadcrumb\":{\"@id\":\"http:\/\/22bet.team\/tr\/football\/#breadcrumb\"},\"inLanguage\":\"tr\",\"potentialAction\":[{\"@type\":\"ReadAction\",\"target\":[\"http:\/\/22bet.team\/tr\/football\/\"]}]},{\"@type\":\"BreadcrumbList\",\"@id\":\"http:\/\/22bet.team\/tr\/football\/#breadcrumb\",\"itemListElement\":[{\"@type\":\"ListItem\",\"position\":1,\"name\":\"Home\",\"item\":\"https:\/\/22bet.team\/tr\/\"},{\"@type\":\"ListItem\",\"position\":2,\"name\":\"Futbol\"}]},{\"@type\":\"WebSite\",\"@id\":\"https:\/\/22bet.team\/tr\/#website\",\"url\":\"https:\/\/22bet.team\/tr\/\",\"name\":\"22Bet Team tr\",\"description\":\"\",\"potentialAction\":[{\"@type\":\"SearchAction\",\"target\":{\"@type\":\"EntryPoint\",\"urlTemplate\":\"https:\/\/22bet.team\/tr\/?s={search_term_string}\"},\"query-input\":{\"@type\":\"PropertyValueSpecification\",\"valueRequired\":true,\"valueName\":\"search_term_string\"}}],\"inLanguage\":\"tr\"}]}<\/script>\n<!-- \/ Yoast SEO plugin. -->","yoast_head_json":{"title":"22Bet Futbol Bahisleri \u1409 En \u0130yi Oranlar ve Bonuslar","description":"22Bet ile futbol bahisleri! En iyi oranlar\u0131, geni\u015f ma\u00e7 yelpazesini ve yeni oyunculara c\u00f6mert bonuslar sunuyoruz. Hemen kazanmaya ba\u015flay\u0131n!","robots":{"index":"index","follow":"follow","max-snippet":"max-snippet:-1","max-image-preview":"max-image-preview:large","max-video-preview":"max-video-preview:-1"},"canonical":"http:\/\/22bet.team\/tr\/football\/","og_locale":"tr_TR","og_type":"article","og_title":"22Bet Futbol Bahisleri \u1409 En \u0130yi Oranlar ve Bonuslar","og_description":"22Bet ile futbol bahisleri! En iyi oranlar\u0131, geni\u015f ma\u00e7 yelpazesini ve yeni oyunculara c\u00f6mert bonuslar sunuyoruz. Hemen kazanmaya ba\u015flay\u0131n!","og_url":"http:\/\/22bet.team\/tr\/football\/","og_site_name":"22Bet Team tr","article_modified_time":"2026-03-24T18:18:24+00:00","twitter_card":"summary_large_image","schema":{"@context":"https:\/\/schema.org","@graph":[{"@type":"WebPage","@id":"http:\/\/22bet.team\/tr\/football\/","url":"http:\/\/22bet.team\/tr\/football\/","name":"22Bet Futbol Bahisleri \u1409 En \u0130yi Oranlar ve Bonuslar","isPartOf":{"@id":"https:\/\/22bet.team\/tr\/#website"},"datePublished":"2026-01-28T14:52:34+00:00","dateModified":"2026-03-24T18:18:24+00:00","description":"22Bet ile futbol bahisleri! En iyi oranlar\u0131, geni\u015f ma\u00e7 yelpazesini ve yeni oyunculara c\u00f6mert bonuslar sunuyoruz. Hemen kazanmaya ba\u015flay\u0131n!","breadcrumb":{"@id":"http:\/\/22bet.team\/tr\/football\/#breadcrumb"},"inLanguage":"tr","potentialAction":[{"@type":"ReadAction","target":["http:\/\/22bet.team\/tr\/football\/"]}]},{"@type":"BreadcrumbList","@id":"http:\/\/22bet.team\/tr\/football\/#breadcrumb","itemListElement":[{"@type":"ListItem","position":1,"name":"Home","item":"https:\/\/22bet.team\/tr\/"},{"@type":"ListItem","position":2,"name":"Futbol"}]},{"@type":"WebSite","@id":"https:\/\/22bet.team\/tr\/#website","url":"https:\/\/22bet.team\/tr\/","name":"22Bet Team tr","description":"","potentialAction":[{"@type":"SearchAction","target":{"@type":"EntryPoint","urlTemplate":"https:\/\/22bet.team\/tr\/?s={search_term_string}"},"query-input":{"@type":"PropertyValueSpecification","valueRequired":true,"valueName":"search_term_string"}}],"inLanguage":"tr"}]}},"_links":{"self":[{"href":"https:\/\/22bet.team\/tr\/wp-json\/wp\/v2\/pages\/1169","targetHints":{"allow":["GET"]}}],"collection":[{"href":"https:\/\/22bet.team\/tr\/wp-json\/wp\/v2\/pages"}],"about":[{"href":"https:\/\/22bet.team\/tr\/wp-json\/wp\/v2\/types\/page"}],"author":[{"embeddable":true,"href":"https:\/\/22bet.team\/tr\/wp-json\/wp\/v2\/users\/1"}],"replies":[{"embeddable":true,"href":"https:\/\/22bet.team\/tr\/wp-json\/wp\/v2\/comments?post=1169"}],"version-history":[{"count":5,"href":"https:\/\/22bet.team\/tr\/wp-json\/wp\/v2\/pages\/1169\/revisions"}],"predecessor-version":[{"id":1246,"href":"https:\/\/22bet.team\/tr\/wp-json\/wp\/v2\/pages\/1169\/revisions\/1246"}],"wp:attachment":[{"href":"https:\/\/22bet.team\/tr\/wp-json\/wp\/v2\/media?parent=1169"}],"curies":[{"name":"wp","href":"https:\/\/api.w.org\/{rel}","templated":true}]}}