{"id":1177,"date":"2026-01-28T18:35:04","date_gmt":"2026-01-28T15:35:04","guid":{"rendered":"https:\/\/22bet.team\/tr\/?page_id=1177"},"modified":"2026-03-24T21:18:02","modified_gmt":"2026-03-24T18:18:02","slug":"hockey","status":"publish","type":"page","link":"https:\/\/22bet.team\/tr\/hockey\/","title":{"rendered":"Hokey"},"content":{"rendered":"","protected":false},"excerpt":{"rendered":"","protected":false},"author":1,"featured_media":0,"parent":0,"menu_order":0,"comment_status":"closed","ping_status":"closed","template":"","meta":{"_acf_changed":false,"footnotes":""},"class_list":["post-1177","page","type-page","status-publish","hentry"],"acf":[],"yoast_head":"<!-- This site is optimized with the Yoast SEO plugin v26.1.1 - https:\/\/yoast.com\/wordpress\/plugins\/seo\/ -->\n<title>22Bet Ice Hockey Betting \u1409 Best Odds and Live Betting<\/title>\n<meta name=\"description\" content=\"22Bet ile hokey bahisleri! Geni\u015f bir spor yelpazesi, y\u00fcksek oranlar ve cazip bonuslar sunan lisansl\u0131 bir bahis \u015firketi. Kripto para dahil olmak \u00fczere \u00e7ok \u00e7e\u015fitli bahis se\u00e7enekleri ve g\u00fcvenli \u00f6deme y\u00f6ntemleri i\u00e7in bize kat\u0131l\u0131n.\" \/>\n<meta name=\"robots\" content=\"index, follow, max-snippet:-1, max-image-preview:large, max-video-preview:-1\" \/>\n<link rel=\"canonical\" href=\"https:\/\/22bet.team\/tr\/hockey\/\" \/>\n<meta property=\"og:locale\" content=\"tr_TR\" \/>\n<meta property=\"og:type\" content=\"article\" \/>\n<meta property=\"og:title\" content=\"22Bet Ice Hockey Betting \u1409 Best Odds and Live Betting\" \/>\n<meta property=\"og:description\" content=\"22Bet ile hokey bahisleri! Geni\u015f bir spor yelpazesi, y\u00fcksek oranlar ve cazip bonuslar sunan lisansl\u0131 bir bahis \u015firketi. Kripto para dahil olmak \u00fczere \u00e7ok \u00e7e\u015fitli bahis se\u00e7enekleri ve g\u00fcvenli \u00f6deme y\u00f6ntemleri i\u00e7in bize kat\u0131l\u0131n.\" \/>\n<meta property=\"og:url\" content=\"https:\/\/22bet.team\/tr\/hockey\/\" \/>\n<meta property=\"og:site_name\" content=\"22Bet Team tr\" \/>\n<meta property=\"article:modified_time\" content=\"2026-03-24T18:18:02+00:00\" \/>\n<meta name=\"twitter:card\" content=\"summary_large_image\" \/>\n<script type=\"application\/ld+json\" class=\"yoast-schema-graph\">{\"@context\":\"https:\/\/schema.org\",\"@graph\":[{\"@type\":\"WebPage\",\"@id\":\"https:\/\/22bet.team\/tr\/hockey\/\",\"url\":\"https:\/\/22bet.team\/tr\/hockey\/\",\"name\":\"22Bet Ice Hockey Betting \u1409 Best Odds and Live Betting\",\"isPartOf\":{\"@id\":\"https:\/\/22bet.team\/tr\/#website\"},\"datePublished\":\"2026-01-28T15:35:04+00:00\",\"dateModified\":\"2026-03-24T18:18:02+00:00\",\"description\":\"22Bet ile hokey bahisleri! Geni\u015f bir spor yelpazesi, y\u00fcksek oranlar ve cazip bonuslar sunan lisansl\u0131 bir bahis \u015firketi. Kripto para dahil olmak \u00fczere \u00e7ok \u00e7e\u015fitli bahis se\u00e7enekleri ve g\u00fcvenli \u00f6deme y\u00f6ntemleri i\u00e7in bize kat\u0131l\u0131n.\",\"breadcrumb\":{\"@id\":\"https:\/\/22bet.team\/tr\/hockey\/#breadcrumb\"},\"inLanguage\":\"tr\",\"potentialAction\":[{\"@type\":\"ReadAction\",\"target\":[\"https:\/\/22bet.team\/tr\/hockey\/\"]}]},{\"@type\":\"BreadcrumbList\",\"@id\":\"https:\/\/22bet.team\/tr\/hockey\/#breadcrumb\",\"itemListElement\":[{\"@type\":\"ListItem\",\"position\":1,\"name\":\"Home\",\"item\":\"https:\/\/22bet.team\/tr\/\"},{\"@type\":\"ListItem\",\"position\":2,\"name\":\"Hokey\"}]},{\"@type\":\"WebSite\",\"@id\":\"https:\/\/22bet.team\/tr\/#website\",\"url\":\"https:\/\/22bet.team\/tr\/\",\"name\":\"22Bet Team tr\",\"description\":\"\",\"potentialAction\":[{\"@type\":\"SearchAction\",\"target\":{\"@type\":\"EntryPoint\",\"urlTemplate\":\"https:\/\/22bet.team\/tr\/?s={search_term_string}\"},\"query-input\":{\"@type\":\"PropertyValueSpecification\",\"valueRequired\":true,\"valueName\":\"search_term_string\"}}],\"inLanguage\":\"tr\"}]}<\/script>\n<!-- \/ Yoast SEO plugin. -->","yoast_head_json":{"title":"22Bet Ice Hockey Betting \u1409 Best Odds and Live Betting","description":"22Bet ile hokey bahisleri! Geni\u015f bir spor yelpazesi, y\u00fcksek oranlar ve cazip bonuslar sunan lisansl\u0131 bir bahis \u015firketi. Kripto para dahil olmak \u00fczere \u00e7ok \u00e7e\u015fitli bahis se\u00e7enekleri ve g\u00fcvenli \u00f6deme y\u00f6ntemleri i\u00e7in bize kat\u0131l\u0131n.","robots":{"index":"index","follow":"follow","max-snippet":"max-snippet:-1","max-image-preview":"max-image-preview:large","max-video-preview":"max-video-preview:-1"},"canonical":"https:\/\/22bet.team\/tr\/hockey\/","og_locale":"tr_TR","og_type":"article","og_title":"22Bet Ice Hockey Betting \u1409 Best Odds and Live Betting","og_description":"22Bet ile hokey bahisleri! Geni\u015f bir spor yelpazesi, y\u00fcksek oranlar ve cazip bonuslar sunan lisansl\u0131 bir bahis \u015firketi. Kripto para dahil olmak \u00fczere \u00e7ok \u00e7e\u015fitli bahis se\u00e7enekleri ve g\u00fcvenli \u00f6deme y\u00f6ntemleri i\u00e7in bize kat\u0131l\u0131n.","og_url":"https:\/\/22bet.team\/tr\/hockey\/","og_site_name":"22Bet Team tr","article_modified_time":"2026-03-24T18:18:02+00:00","twitter_card":"summary_large_image","schema":{"@context":"https:\/\/schema.org","@graph":[{"@type":"WebPage","@id":"https:\/\/22bet.team\/tr\/hockey\/","url":"https:\/\/22bet.team\/tr\/hockey\/","name":"22Bet Ice Hockey Betting \u1409 Best Odds and Live Betting","isPartOf":{"@id":"https:\/\/22bet.team\/tr\/#website"},"datePublished":"2026-01-28T15:35:04+00:00","dateModified":"2026-03-24T18:18:02+00:00","description":"22Bet ile hokey bahisleri! Geni\u015f bir spor yelpazesi, y\u00fcksek oranlar ve cazip bonuslar sunan lisansl\u0131 bir bahis \u015firketi. Kripto para dahil olmak \u00fczere \u00e7ok \u00e7e\u015fitli bahis se\u00e7enekleri ve g\u00fcvenli \u00f6deme y\u00f6ntemleri i\u00e7in bize kat\u0131l\u0131n.","breadcrumb":{"@id":"https:\/\/22bet.team\/tr\/hockey\/#breadcrumb"},"inLanguage":"tr","potentialAction":[{"@type":"ReadAction","target":["https:\/\/22bet.team\/tr\/hockey\/"]}]},{"@type":"BreadcrumbList","@id":"https:\/\/22bet.team\/tr\/hockey\/#breadcrumb","itemListElement":[{"@type":"ListItem","position":1,"name":"Home","item":"https:\/\/22bet.team\/tr\/"},{"@type":"ListItem","position":2,"name":"Hokey"}]},{"@type":"WebSite","@id":"https:\/\/22bet.team\/tr\/#website","url":"https:\/\/22bet.team\/tr\/","name":"22Bet Team tr","description":"","potentialAction":[{"@type":"SearchAction","target":{"@type":"EntryPoint","urlTemplate":"https:\/\/22bet.team\/tr\/?s={search_term_string}"},"query-input":{"@type":"PropertyValueSpecification","valueRequired":true,"valueName":"search_term_string"}}],"inLanguage":"tr"}]}},"_links":{"self":[{"href":"https:\/\/22bet.team\/tr\/wp-json\/wp\/v2\/pages\/1177","targetHints":{"allow":["GET"]}}],"collection":[{"href":"https:\/\/22bet.team\/tr\/wp-json\/wp\/v2\/pages"}],"about":[{"href":"https:\/\/22bet.team\/tr\/wp-json\/wp\/v2\/types\/page"}],"author":[{"embeddable":true,"href":"https:\/\/22bet.team\/tr\/wp-json\/wp\/v2\/users\/1"}],"replies":[{"embeddable":true,"href":"https:\/\/22bet.team\/tr\/wp-json\/wp\/v2\/comments?post=1177"}],"version-history":[{"count":5,"href":"https:\/\/22bet.team\/tr\/wp-json\/wp\/v2\/pages\/1177\/revisions"}],"predecessor-version":[{"id":1248,"href":"https:\/\/22bet.team\/tr\/wp-json\/wp\/v2\/pages\/1177\/revisions\/1248"}],"wp:attachment":[{"href":"https:\/\/22bet.team\/tr\/wp-json\/wp\/v2\/media?parent=1177"}],"curies":[{"name":"wp","href":"https:\/\/api.w.org\/{rel}","templated":true}]}}