{"id":1190,"date":"2026-01-28T20:59:12","date_gmt":"2026-01-28T17:59:12","guid":{"rendered":"https:\/\/22bet.team\/tr\/?page_id=1190"},"modified":"2026-03-24T21:15:26","modified_gmt":"2026-03-24T18:15:26","slug":"boxing","status":"publish","type":"page","link":"https:\/\/22bet.team\/tr\/boxing\/","title":{"rendered":"Boks"},"content":{"rendered":"","protected":false},"excerpt":{"rendered":"","protected":false},"author":1,"featured_media":0,"parent":0,"menu_order":0,"comment_status":"closed","ping_status":"closed","template":"","meta":{"_acf_changed":false,"footnotes":""},"class_list":["post-1190","page","type-page","status-publish","hentry"],"acf":[],"yoast_head":"<!-- This site is optimized with the Yoast SEO plugin v26.1.1 - https:\/\/yoast.com\/wordpress\/plugins\/seo\/ -->\n<title>22Bet&#039;te Y\u00fcksek Oranl\u0131 ve Bonuslu Boks Bahisleri<\/title>\n<meta name=\"description\" content=\"22Bet ile boks bahisleri yap\u0131n! Y\u00fcksek oranlar\u0131, en iyi turnuvalar\u0131 ve benzersiz bonuslar\u0131 ke\u015ffedin. Bize kat\u0131l\u0131n ve boks bahislerinde kazanmaya ba\u015flay\u0131n!\" \/>\n<meta name=\"robots\" content=\"index, follow, max-snippet:-1, max-image-preview:large, max-video-preview:-1\" \/>\n<link rel=\"canonical\" href=\"https:\/\/22bet.team\/tr\/boxing\/\" \/>\n<meta property=\"og:locale\" content=\"tr_TR\" \/>\n<meta property=\"og:type\" content=\"article\" \/>\n<meta property=\"og:title\" content=\"22Bet&#039;te Y\u00fcksek Oranl\u0131 ve Bonuslu Boks Bahisleri\" \/>\n<meta property=\"og:description\" content=\"22Bet ile boks bahisleri yap\u0131n! Y\u00fcksek oranlar\u0131, en iyi turnuvalar\u0131 ve benzersiz bonuslar\u0131 ke\u015ffedin. Bize kat\u0131l\u0131n ve boks bahislerinde kazanmaya ba\u015flay\u0131n!\" \/>\n<meta property=\"og:url\" content=\"https:\/\/22bet.team\/tr\/boxing\/\" \/>\n<meta property=\"og:site_name\" content=\"22Bet Team tr\" \/>\n<meta property=\"article:modified_time\" content=\"2026-03-24T18:15:26+00:00\" \/>\n<meta name=\"twitter:card\" content=\"summary_large_image\" \/>\n<script type=\"application\/ld+json\" class=\"yoast-schema-graph\">{\"@context\":\"https:\/\/schema.org\",\"@graph\":[{\"@type\":\"WebPage\",\"@id\":\"https:\/\/22bet.team\/tr\/boxing\/\",\"url\":\"https:\/\/22bet.team\/tr\/boxing\/\",\"name\":\"22Bet'te Y\u00fcksek Oranl\u0131 ve Bonuslu Boks Bahisleri\",\"isPartOf\":{\"@id\":\"https:\/\/22bet.team\/tr\/#website\"},\"datePublished\":\"2026-01-28T17:59:12+00:00\",\"dateModified\":\"2026-03-24T18:15:26+00:00\",\"description\":\"22Bet ile boks bahisleri yap\u0131n! Y\u00fcksek oranlar\u0131, en iyi turnuvalar\u0131 ve benzersiz bonuslar\u0131 ke\u015ffedin. Bize kat\u0131l\u0131n ve boks bahislerinde kazanmaya ba\u015flay\u0131n!\",\"breadcrumb\":{\"@id\":\"https:\/\/22bet.team\/tr\/boxing\/#breadcrumb\"},\"inLanguage\":\"tr\",\"potentialAction\":[{\"@type\":\"ReadAction\",\"target\":[\"https:\/\/22bet.team\/tr\/boxing\/\"]}]},{\"@type\":\"BreadcrumbList\",\"@id\":\"https:\/\/22bet.team\/tr\/boxing\/#breadcrumb\",\"itemListElement\":[{\"@type\":\"ListItem\",\"position\":1,\"name\":\"Home\",\"item\":\"http:\/\/22bet.team\/tr\/\"},{\"@type\":\"ListItem\",\"position\":2,\"name\":\"Boks\"}]},{\"@type\":\"WebSite\",\"@id\":\"https:\/\/22bet.team\/tr\/#website\",\"url\":\"https:\/\/22bet.team\/tr\/\",\"name\":\"22Bet Team tr\",\"description\":\"\",\"potentialAction\":[{\"@type\":\"SearchAction\",\"target\":{\"@type\":\"EntryPoint\",\"urlTemplate\":\"https:\/\/22bet.team\/tr\/?s={search_term_string}\"},\"query-input\":{\"@type\":\"PropertyValueSpecification\",\"valueRequired\":true,\"valueName\":\"search_term_string\"}}],\"inLanguage\":\"tr\"}]}<\/script>\n<!-- \/ Yoast SEO plugin. -->","yoast_head_json":{"title":"22Bet'te Y\u00fcksek Oranl\u0131 ve Bonuslu Boks Bahisleri","description":"22Bet ile boks bahisleri yap\u0131n! Y\u00fcksek oranlar\u0131, en iyi turnuvalar\u0131 ve benzersiz bonuslar\u0131 ke\u015ffedin. Bize kat\u0131l\u0131n ve boks bahislerinde kazanmaya ba\u015flay\u0131n!","robots":{"index":"index","follow":"follow","max-snippet":"max-snippet:-1","max-image-preview":"max-image-preview:large","max-video-preview":"max-video-preview:-1"},"canonical":"https:\/\/22bet.team\/tr\/boxing\/","og_locale":"tr_TR","og_type":"article","og_title":"22Bet'te Y\u00fcksek Oranl\u0131 ve Bonuslu Boks Bahisleri","og_description":"22Bet ile boks bahisleri yap\u0131n! Y\u00fcksek oranlar\u0131, en iyi turnuvalar\u0131 ve benzersiz bonuslar\u0131 ke\u015ffedin. Bize kat\u0131l\u0131n ve boks bahislerinde kazanmaya ba\u015flay\u0131n!","og_url":"https:\/\/22bet.team\/tr\/boxing\/","og_site_name":"22Bet Team tr","article_modified_time":"2026-03-24T18:15:26+00:00","twitter_card":"summary_large_image","schema":{"@context":"https:\/\/schema.org","@graph":[{"@type":"WebPage","@id":"https:\/\/22bet.team\/tr\/boxing\/","url":"https:\/\/22bet.team\/tr\/boxing\/","name":"22Bet'te Y\u00fcksek Oranl\u0131 ve Bonuslu Boks Bahisleri","isPartOf":{"@id":"https:\/\/22bet.team\/tr\/#website"},"datePublished":"2026-01-28T17:59:12+00:00","dateModified":"2026-03-24T18:15:26+00:00","description":"22Bet ile boks bahisleri yap\u0131n! Y\u00fcksek oranlar\u0131, en iyi turnuvalar\u0131 ve benzersiz bonuslar\u0131 ke\u015ffedin. Bize kat\u0131l\u0131n ve boks bahislerinde kazanmaya ba\u015flay\u0131n!","breadcrumb":{"@id":"https:\/\/22bet.team\/tr\/boxing\/#breadcrumb"},"inLanguage":"tr","potentialAction":[{"@type":"ReadAction","target":["https:\/\/22bet.team\/tr\/boxing\/"]}]},{"@type":"BreadcrumbList","@id":"https:\/\/22bet.team\/tr\/boxing\/#breadcrumb","itemListElement":[{"@type":"ListItem","position":1,"name":"Home","item":"http:\/\/22bet.team\/tr\/"},{"@type":"ListItem","position":2,"name":"Boks"}]},{"@type":"WebSite","@id":"https:\/\/22bet.team\/tr\/#website","url":"https:\/\/22bet.team\/tr\/","name":"22Bet Team tr","description":"","potentialAction":[{"@type":"SearchAction","target":{"@type":"EntryPoint","urlTemplate":"https:\/\/22bet.team\/tr\/?s={search_term_string}"},"query-input":{"@type":"PropertyValueSpecification","valueRequired":true,"valueName":"search_term_string"}}],"inLanguage":"tr"}]}},"_links":{"self":[{"href":"https:\/\/22bet.team\/tr\/wp-json\/wp\/v2\/pages\/1190","targetHints":{"allow":["GET"]}}],"collection":[{"href":"https:\/\/22bet.team\/tr\/wp-json\/wp\/v2\/pages"}],"about":[{"href":"https:\/\/22bet.team\/tr\/wp-json\/wp\/v2\/types\/page"}],"author":[{"embeddable":true,"href":"https:\/\/22bet.team\/tr\/wp-json\/wp\/v2\/users\/1"}],"replies":[{"embeddable":true,"href":"https:\/\/22bet.team\/tr\/wp-json\/wp\/v2\/comments?post=1190"}],"version-history":[{"count":4,"href":"https:\/\/22bet.team\/tr\/wp-json\/wp\/v2\/pages\/1190\/revisions"}],"predecessor-version":[{"id":1239,"href":"https:\/\/22bet.team\/tr\/wp-json\/wp\/v2\/pages\/1190\/revisions\/1239"}],"wp:attachment":[{"href":"https:\/\/22bet.team\/tr\/wp-json\/wp\/v2\/media?parent=1190"}],"curies":[{"name":"wp","href":"https:\/\/api.w.org\/{rel}","templated":true}]}}